{"id":93562,"date":"2024-01-26T04:01:47","date_gmt":"2024-01-26T03:01:47","guid":{"rendered":"https:\/\/www.dynavin.de\/non%20class\u00e9\/dynavin-cinch-fakra-adapter-kabel-fuer-mercedes-comand-blaupunkt-nx-video-rueckfahr-kamera\/"},"modified":"2026-03-09T15:16:11","modified_gmt":"2026-03-09T14:16:11","slug":"dynavin-cinch-fakra-adapter-kabel-fuer-mercedes-comand-blaupunkt-nx-video-rueckfahr-kamera","status":"publish","type":"product","link":"https:\/\/www.dynavin.de\/fr\/produits\/produits\/carhifi\/accessoires-pour-carhifi\/dynavin-cinch-fakra-adapter-kabel-fuer-mercedes-comand-blaupunkt-nx-video-rueckfahr-kamera\/","title":{"rendered":"Dynavin C\u00e2ble adaptateur Cinch Fakra pour cam\u00e9ra de recul vid\u00e9o Mercedes Comand Blaupunkt NX"},"content":{"rendered":"\n<style type=\"text\/css\" data-created_by=\"avia_inline_auto\" id=\"style-css-av-2lu5dfz-e23e3a901d55f9a1dd2d74c56982f893\">\n.flex_column.av-2lu5dfz-e23e3a901d55f9a1dd2d74c56982f893{\nborder-radius:0px 0px 0px 0px;\n-webkit-border-radius:0px 0px 0px 0px;\n-moz-border-radius:0px 0px 0px 0px;\n}\n<\/style>\n<div class='flex_column av-2lu5dfz-e23e3a901d55f9a1dd2d74c56982f893 av_one_half  avia-builder-el-0  el_before_av_one_half  avia-builder-el-first  first flex_column_div av-zero-column-padding '   ><style type=\"text\/css\" data-created_by=\"avia_inline_auto\" id=\"style-css-av-lru1bkiz-26fb5c25274155f73c3db0287b2e2e5d\">\n#top .avia-gallery.av-lru1bkiz-26fb5c25274155f73c3db0287b2e2e5d .avia-gallery-thumb a{\nwidth:10%;\n}\n<\/style>\n<div  id=\"productsGallery\"  class='avia-gallery av-lru1bkiz-26fb5c25274155f73c3db0287b2e2e5d avia_animate_when_visible  avia-builder-el-1  avia-builder-el-no-sibling  animations_off avia-gallery-1'  itemprop=\"image\" itemscope=\"itemscope\" itemtype=\"https:\/\/schema.org\/ImageObject\" ><meta itemprop=\"contentURL\" content=\"https:\/\/www.dynavin.de\/fr\/produits\/produits\/carhifi\/accessoires-pour-carhifi\/dynavin-cinch-fakra-adapter-kabel-fuer-mercedes-comand-blaupunkt-nx-video-rueckfahr-kamera\/\"><a class='avia-gallery-big fakeLightbox lightbox avia-gallery-big-crop-thumb ' href=\"https:\/\/www.dynavin.de\/wp-content\/uploads\/1706237307-DVN-MBCR-1.jpg\"  data-onclick='1' title='1706237307-DVN-MBCR-1' ><span class='avia-gallery-big-inner'  itemprop=\"thumbnailUrl\" ><img class=\"wp-image-93554 avia-img-lazy-loading-not-93554\"  width=\"1000\" height=\"750\" src=\"https:\/\/www.dynavin.de\/wp-content\/uploads\/1706237307-DVN-MBCR-1.jpg\" title='1706237307-DVN-MBCR-1' alt='' \/><\/span><\/a><div class='avia-gallery-thumb'><a href=\"https:\/\/www.dynavin.de\/wp-content\/uploads\/1706237307-DVN-MBCR-1.jpg\" data-rel='gallery-1' data-prev-img='https:\/\/www.dynavin.de\/wp-content\/uploads\/1706237307-DVN-MBCR-1.jpg' class='first_thumb lightbox ' data-onclick='1' title='1706237307-DVN-MBCR-1'  itemprop=\"thumbnailUrl\"  ><img class=\"wp-image-93554 avia-img-lazy-loading-not-93554\"   src=\"https:\/\/www.dynavin.de\/wp-content\/uploads\/1706237307-DVN-MBCR-1.jpg\" width=\"1000\" height=\"750\"  title='1706237307-DVN-MBCR-1' alt='' \/><div class='big-prev-fake'><img loading=\"lazy\" class=\"wp-image-93554 avia-img-lazy-loading-93554\"  width=\"1000\" height=\"750\" src=\"https:\/\/www.dynavin.de\/wp-content\/uploads\/1706237307-DVN-MBCR-1.jpg\" title='1706237307-DVN-MBCR-1' alt='' \/><\/div><\/a><\/div><\/div><\/div>\n\n<style type=\"text\/css\" data-created_by=\"avia_inline_auto\" id=\"style-css-av-2075tjj-407b7fd06a736247b5279360e283ce52\">\n.flex_column.av-2075tjj-407b7fd06a736247b5279360e283ce52{\nborder-radius:0px 0px 0px 0px;\n-webkit-border-radius:0px 0px 0px 0px;\n-moz-border-radius:0px 0px 0px 0px;\n}\n<\/style>\n<div class='flex_column av-2075tjj-407b7fd06a736247b5279360e283ce52 av_one_half  avia-builder-el-2  el_after_av_one_half  el_before_av_hr  flex_column_div av-zero-column-padding '   ><section  id=\"mainTitleRightPic\"  class='av_textblock_section av-lru1dnwd-57adab56fa9d634c5f62b039e4f7043b'  itemscope=\"itemscope\" itemtype=\"https:\/\/schema.org\/CreativeWork\" ><div class='avia_textblock'  itemprop=\"text\" ><h4>C\u00e2ble adaptateur Cinch Fakra pour cam\u00e9ra de recul vid\u00e9o Mercedes Comand Blaupunkt NX<\/h4>\n<h4>DVN-MBCR-1<\/h4>\n<hr \/>\n<\/div><\/section><br \/>\n<section  id=\"parts-descriptionBlock\"  class='av_textblock_section av-lru1l1xw-f05cff9f44826ba4ad45f14674d30f28'  itemscope=\"itemscope\" itemtype=\"https:\/\/schema.org\/CreativeWork\" ><div class='avia_textblock'  itemprop=\"text\" ><ul>\n<li>L&#8217;adaptateur RCA vers Fakra d&#8217;Adapter-Universe vous permet de connecter un signal vid\u00e9o via la prise FAKRA \u00e0 un appareil de navigation avec entr\u00e9e vid\u00e9o.<\/li>\n<li>D\u00e9tails techniques:Longueur totale : env. 18,5 cm<br \/>\nLongueur du c\u00e2ble : env. 11,5 cm<br \/>\nConnexion : Fakra (m) sur RCA (m)<\/li>\n<li>Compatible avec:Mercedes Comand PCM 2.1 \/ PCM 3.0 \/ NTG2.5 \/ NTG4<br \/>\nFord Blaupunkt NX radios d&#8217;usine \u00e0 partir de l&#8217;ann\u00e9e 10\/2009<br \/>\nJaguar \u00e0 partir de l&#8217;ann\u00e9e 2012<br \/>\nRange Rover \u00e0 partir de l&#8217;ann\u00e9e 2012 EVOQUE<\/li>\n<\/ul>\n<\/div><\/section><br \/>\n<div class='av-woo-purchase-button av-5pip1r-b4d513403c5ad6813e94ac520fcfe2ff  avia-builder-el-5  el_after_av_textblock  avia-builder-el-last '><p class=\"price\"><span class=\"woocommerce-Price-amount amount\"><bdi>9,90&nbsp;<span class=\"woocommerce-Price-currencySymbol\">&euro;<\/span><\/bdi><\/span><\/p><\/div><\/p><\/div>\n<style type=\"text\/css\" data-created_by=\"avia_inline_auto\" id=\"style-css-av-49pzf3-ec11270d85f3d52fd1953083b922dc70\">\n#top .hr.hr-invisible.av-49pzf3-ec11270d85f3d52fd1953083b922dc70{\nheight:50px;\n}\n<\/style>\n<div  class='hr av-49pzf3-ec11270d85f3d52fd1953083b922dc70 hr-invisible  avia-builder-el-6  el_after_av_one_half  el_before_av_product_review '><span class='hr-inner '><span class=\"hr-inner-style\"><\/span><\/span><\/div>\n<div class='av-woo-product-review av-v8w9e7-4a7c08093c26a22e18a1c461ae8f5a06  avia-builder-el-7  el_after_av_hr  avia-builder-el-last '><\/div>\n","protected":false},"excerpt":{"rendered":"","protected":false},"featured_media":93558,"comment_status":"open","ping_status":"closed","template":"","meta":[],"product_cat":[1660],"product_tag":[1682],"fahrzeughersteller":[],"product_status":[],"acf":[],"yoast_head":"<!-- This site is optimized with the Yoast SEO Premium plugin v16.9 (Yoast SEO v17.8) - https:\/\/yoast.com\/wordpress\/plugins\/seo\/ -->\n<title>Dynavin C\u00e2ble adaptateur Cinch Fakra pour cam\u00e9ra de recul vid\u00e9o Mercedes Comand Blaupunkt NX &ndash; Dynavin<\/title>\n<meta name=\"robots\" content=\"index, follow, max-snippet:-1, max-image-preview:large, max-video-preview:-1\" \/>\n<link rel=\"canonical\" href=\"https:\/\/www.dynavin.de\/fr\/produits\/produits\/carhifi\/accessoires-pour-carhifi\/dynavin-cinch-fakra-adapter-kabel-fuer-mercedes-comand-blaupunkt-nx-video-rueckfahr-kamera\/\" \/>\n<meta property=\"og:locale\" content=\"fr_FR\" \/>\n<meta property=\"og:type\" content=\"article\" \/>\n<meta property=\"og:title\" content=\"Dynavin C\u00e2ble adaptateur Cinch Fakra pour cam\u00e9ra de recul vid\u00e9o Mercedes Comand Blaupunkt NX\" \/>\n<meta property=\"og:url\" content=\"https:\/\/www.dynavin.de\/fr\/produits\/produits\/carhifi\/accessoires-pour-carhifi\/dynavin-cinch-fakra-adapter-kabel-fuer-mercedes-comand-blaupunkt-nx-video-rueckfahr-kamera\/\" \/>\n<meta property=\"og:site_name\" content=\"Dynavin\" \/>\n<meta property=\"article:publisher\" content=\"https:\/\/www.facebook.com\/dynavin.official\" \/>\n<meta property=\"article:modified_time\" content=\"2026-03-09T14:16:11+00:00\" \/>\n<meta property=\"og:image\" content=\"https:\/\/www.dynavin.de\/wp-content\/uploads\/1706238589-DVN-MBCR-300X300.jpg\" \/>\n\t<meta property=\"og:image:width\" content=\"300\" \/>\n\t<meta property=\"og:image:height\" content=\"300\" \/>\n<meta name=\"twitter:card\" content=\"summary_large_image\" \/>\n<script type=\"application\/ld+json\" class=\"yoast-schema-graph\">{\"@context\":\"https:\/\/schema.org\",\"@graph\":[{\"@type\":\"Organization\",\"@id\":\"https:\/\/www.dynavin.de\/#organization\",\"name\":\"Dynavin GmbH\",\"url\":\"https:\/\/www.dynavin.de\/\",\"sameAs\":[\"https:\/\/www.facebook.com\/dynavin.official\",\"https:\/\/www.instagram.com\/dynavin.official\/?hl=en\",\"https:\/\/www.youtube.com\/user\/dynavin1\"],\"logo\":{\"@type\":\"ImageObject\",\"@id\":\"https:\/\/www.dynavin.de\/#logo\",\"inLanguage\":\"fr-FR\",\"url\":\"https:\/\/www.dynavin.de\/wp-content\/uploads\/2018\/12\/dynavin-logo.png\",\"contentUrl\":\"https:\/\/www.dynavin.de\/wp-content\/uploads\/2018\/12\/dynavin-logo.png\",\"width\":340,\"height\":156,\"caption\":\"Dynavin GmbH\"},\"image\":{\"@id\":\"https:\/\/www.dynavin.de\/#logo\"}},{\"@type\":\"WebSite\",\"@id\":\"https:\/\/www.dynavin.de\/#website\",\"url\":\"https:\/\/www.dynavin.de\/\",\"name\":\"Dynavin\",\"description\":\"Navigation and Multimedia Solutions\",\"publisher\":{\"@id\":\"https:\/\/www.dynavin.de\/#organization\"},\"potentialAction\":[{\"@type\":\"SearchAction\",\"target\":{\"@type\":\"EntryPoint\",\"urlTemplate\":\"https:\/\/www.dynavin.de\/?s={search_term_string}\"},\"query-input\":\"required name=search_term_string\"}],\"inLanguage\":\"fr-FR\"},{\"@type\":\"ImageObject\",\"@id\":\"https:\/\/www.dynavin.de\/fr\/produits\/produits\/carhifi\/accessoires-pour-carhifi\/dynavin-cinch-fakra-adapter-kabel-fuer-mercedes-comand-blaupunkt-nx-video-rueckfahr-kamera\/#primaryimage\",\"inLanguage\":\"fr-FR\",\"url\":\"https:\/\/www.dynavin.de\/wp-content\/uploads\/1706238589-DVN-MBCR-300X300.jpg\",\"contentUrl\":\"https:\/\/www.dynavin.de\/wp-content\/uploads\/1706238589-DVN-MBCR-300X300.jpg\",\"width\":300,\"height\":300},{\"@type\":\"WebPage\",\"@id\":\"https:\/\/www.dynavin.de\/fr\/produits\/produits\/carhifi\/accessoires-pour-carhifi\/dynavin-cinch-fakra-adapter-kabel-fuer-mercedes-comand-blaupunkt-nx-video-rueckfahr-kamera\/#webpage\",\"url\":\"https:\/\/www.dynavin.de\/fr\/produits\/produits\/carhifi\/accessoires-pour-carhifi\/dynavin-cinch-fakra-adapter-kabel-fuer-mercedes-comand-blaupunkt-nx-video-rueckfahr-kamera\/\",\"name\":\"Dynavin C\\u00e2ble adaptateur Cinch Fakra pour cam\\u00e9ra de recul vid\\u00e9o Mercedes Comand Blaupunkt NX &ndash; Dynavin\",\"isPartOf\":{\"@id\":\"https:\/\/www.dynavin.de\/#website\"},\"primaryImageOfPage\":{\"@id\":\"https:\/\/www.dynavin.de\/fr\/produits\/produits\/carhifi\/accessoires-pour-carhifi\/dynavin-cinch-fakra-adapter-kabel-fuer-mercedes-comand-blaupunkt-nx-video-rueckfahr-kamera\/#primaryimage\"},\"datePublished\":\"2024-01-26T03:01:47+00:00\",\"dateModified\":\"2026-03-09T14:16:11+00:00\",\"breadcrumb\":{\"@id\":\"https:\/\/www.dynavin.de\/fr\/produits\/produits\/carhifi\/accessoires-pour-carhifi\/dynavin-cinch-fakra-adapter-kabel-fuer-mercedes-comand-blaupunkt-nx-video-rueckfahr-kamera\/#breadcrumb\"},\"inLanguage\":\"fr-FR\",\"potentialAction\":[{\"@type\":\"ReadAction\",\"target\":[\"https:\/\/www.dynavin.de\/fr\/produits\/produits\/carhifi\/accessoires-pour-carhifi\/dynavin-cinch-fakra-adapter-kabel-fuer-mercedes-comand-blaupunkt-nx-video-rueckfahr-kamera\/\"]}]},{\"@type\":\"BreadcrumbList\",\"@id\":\"https:\/\/www.dynavin.de\/fr\/produits\/produits\/carhifi\/accessoires-pour-carhifi\/dynavin-cinch-fakra-adapter-kabel-fuer-mercedes-comand-blaupunkt-nx-video-rueckfahr-kamera\/#breadcrumb\",\"itemListElement\":[{\"@type\":\"ListItem\",\"position\":1,\"name\":\"Startseite\",\"item\":\"https:\/\/www.dynavin.de\/fr\/\"},{\"@type\":\"ListItem\",\"position\":2,\"name\":\"Produits\",\"item\":\"https:\/\/www.dynavin.de\/fr\/shop\/\"},{\"@type\":\"ListItem\",\"position\":3,\"name\":\"Produits\",\"item\":\"https:\/\/www.dynavin.de\/fr\/categorie-produit\/produits\/\"},{\"@type\":\"ListItem\",\"position\":4,\"name\":\"Carhifi\",\"item\":\"https:\/\/www.dynavin.de\/fr\/categorie-produit\/produits\/carhifi\/\"},{\"@type\":\"ListItem\",\"position\":5,\"name\":\"Accessoires pour CarHifi\",\"item\":\"https:\/\/www.dynavin.de\/product-category\/produkte\/car-hifi\/zubehoer-car-hifi\/\"},{\"@type\":\"ListItem\",\"position\":6,\"name\":\"Dynavin C\\u00e2ble adaptateur Cinch Fakra pour cam\\u00e9ra de recul vid\\u00e9o Mercedes Comand Blaupunkt NX\"}]}]}<\/script>\n<!-- \/ Yoast SEO Premium plugin. -->","yoast_head_json":{"title":"Dynavin C\u00e2ble adaptateur Cinch Fakra pour cam\u00e9ra de recul vid\u00e9o Mercedes Comand Blaupunkt NX &ndash; Dynavin","robots":{"index":"index","follow":"follow","max-snippet":"max-snippet:-1","max-image-preview":"max-image-preview:large","max-video-preview":"max-video-preview:-1"},"canonical":"https:\/\/www.dynavin.de\/fr\/produits\/produits\/carhifi\/accessoires-pour-carhifi\/dynavin-cinch-fakra-adapter-kabel-fuer-mercedes-comand-blaupunkt-nx-video-rueckfahr-kamera\/","og_locale":"fr_FR","og_type":"article","og_title":"Dynavin C\u00e2ble adaptateur Cinch Fakra pour cam\u00e9ra de recul vid\u00e9o Mercedes Comand Blaupunkt NX","og_url":"https:\/\/www.dynavin.de\/fr\/produits\/produits\/carhifi\/accessoires-pour-carhifi\/dynavin-cinch-fakra-adapter-kabel-fuer-mercedes-comand-blaupunkt-nx-video-rueckfahr-kamera\/","og_site_name":"Dynavin","article_publisher":"https:\/\/www.facebook.com\/dynavin.official","article_modified_time":"2026-03-09T14:16:11+00:00","og_image":[{"width":300,"height":300,"url":"https:\/\/www.dynavin.de\/wp-content\/uploads\/1706238589-DVN-MBCR-300X300.jpg","type":"image\/jpeg"}],"twitter_card":"summary_large_image","schema":{"@context":"https:\/\/schema.org","@graph":[{"@type":"Organization","@id":"https:\/\/www.dynavin.de\/#organization","name":"Dynavin GmbH","url":"https:\/\/www.dynavin.de\/","sameAs":["https:\/\/www.facebook.com\/dynavin.official","https:\/\/www.instagram.com\/dynavin.official\/?hl=en","https:\/\/www.youtube.com\/user\/dynavin1"],"logo":{"@type":"ImageObject","@id":"https:\/\/www.dynavin.de\/#logo","inLanguage":"fr-FR","url":"https:\/\/www.dynavin.de\/wp-content\/uploads\/2018\/12\/dynavin-logo.png","contentUrl":"https:\/\/www.dynavin.de\/wp-content\/uploads\/2018\/12\/dynavin-logo.png","width":340,"height":156,"caption":"Dynavin GmbH"},"image":{"@id":"https:\/\/www.dynavin.de\/#logo"}},{"@type":"WebSite","@id":"https:\/\/www.dynavin.de\/#website","url":"https:\/\/www.dynavin.de\/","name":"Dynavin","description":"Navigation and Multimedia Solutions","publisher":{"@id":"https:\/\/www.dynavin.de\/#organization"},"potentialAction":[{"@type":"SearchAction","target":{"@type":"EntryPoint","urlTemplate":"https:\/\/www.dynavin.de\/?s={search_term_string}"},"query-input":"required name=search_term_string"}],"inLanguage":"fr-FR"},{"@type":"ImageObject","@id":"https:\/\/www.dynavin.de\/fr\/produits\/produits\/carhifi\/accessoires-pour-carhifi\/dynavin-cinch-fakra-adapter-kabel-fuer-mercedes-comand-blaupunkt-nx-video-rueckfahr-kamera\/#primaryimage","inLanguage":"fr-FR","url":"https:\/\/www.dynavin.de\/wp-content\/uploads\/1706238589-DVN-MBCR-300X300.jpg","contentUrl":"https:\/\/www.dynavin.de\/wp-content\/uploads\/1706238589-DVN-MBCR-300X300.jpg","width":300,"height":300},{"@type":"WebPage","@id":"https:\/\/www.dynavin.de\/fr\/produits\/produits\/carhifi\/accessoires-pour-carhifi\/dynavin-cinch-fakra-adapter-kabel-fuer-mercedes-comand-blaupunkt-nx-video-rueckfahr-kamera\/#webpage","url":"https:\/\/www.dynavin.de\/fr\/produits\/produits\/carhifi\/accessoires-pour-carhifi\/dynavin-cinch-fakra-adapter-kabel-fuer-mercedes-comand-blaupunkt-nx-video-rueckfahr-kamera\/","name":"Dynavin C\u00e2ble adaptateur Cinch Fakra pour cam\u00e9ra de recul vid\u00e9o Mercedes Comand Blaupunkt NX &ndash; Dynavin","isPartOf":{"@id":"https:\/\/www.dynavin.de\/#website"},"primaryImageOfPage":{"@id":"https:\/\/www.dynavin.de\/fr\/produits\/produits\/carhifi\/accessoires-pour-carhifi\/dynavin-cinch-fakra-adapter-kabel-fuer-mercedes-comand-blaupunkt-nx-video-rueckfahr-kamera\/#primaryimage"},"datePublished":"2024-01-26T03:01:47+00:00","dateModified":"2026-03-09T14:16:11+00:00","breadcrumb":{"@id":"https:\/\/www.dynavin.de\/fr\/produits\/produits\/carhifi\/accessoires-pour-carhifi\/dynavin-cinch-fakra-adapter-kabel-fuer-mercedes-comand-blaupunkt-nx-video-rueckfahr-kamera\/#breadcrumb"},"inLanguage":"fr-FR","potentialAction":[{"@type":"ReadAction","target":["https:\/\/www.dynavin.de\/fr\/produits\/produits\/carhifi\/accessoires-pour-carhifi\/dynavin-cinch-fakra-adapter-kabel-fuer-mercedes-comand-blaupunkt-nx-video-rueckfahr-kamera\/"]}]},{"@type":"BreadcrumbList","@id":"https:\/\/www.dynavin.de\/fr\/produits\/produits\/carhifi\/accessoires-pour-carhifi\/dynavin-cinch-fakra-adapter-kabel-fuer-mercedes-comand-blaupunkt-nx-video-rueckfahr-kamera\/#breadcrumb","itemListElement":[{"@type":"ListItem","position":1,"name":"Startseite","item":"https:\/\/www.dynavin.de\/fr\/"},{"@type":"ListItem","position":2,"name":"Produits","item":"https:\/\/www.dynavin.de\/fr\/shop\/"},{"@type":"ListItem","position":3,"name":"Produits","item":"https:\/\/www.dynavin.de\/fr\/categorie-produit\/produits\/"},{"@type":"ListItem","position":4,"name":"Carhifi","item":"https:\/\/www.dynavin.de\/fr\/categorie-produit\/produits\/carhifi\/"},{"@type":"ListItem","position":5,"name":"Accessoires pour CarHifi","item":"https:\/\/www.dynavin.de\/product-category\/produkte\/car-hifi\/zubehoer-car-hifi\/"},{"@type":"ListItem","position":6,"name":"Dynavin C\u00e2ble adaptateur Cinch Fakra pour cam\u00e9ra de recul vid\u00e9o Mercedes Comand Blaupunkt NX"}]}]}},"_links":{"self":[{"href":"https:\/\/www.dynavin.de\/fr\/wp-json\/wp\/v2\/product\/93562"}],"collection":[{"href":"https:\/\/www.dynavin.de\/fr\/wp-json\/wp\/v2\/product"}],"about":[{"href":"https:\/\/www.dynavin.de\/fr\/wp-json\/wp\/v2\/types\/product"}],"replies":[{"embeddable":true,"href":"https:\/\/www.dynavin.de\/fr\/wp-json\/wp\/v2\/comments?post=93562"}],"wp:featuredmedia":[{"embeddable":true,"href":"https:\/\/www.dynavin.de\/fr\/wp-json\/wp\/v2\/media\/93558"}],"wp:attachment":[{"href":"https:\/\/www.dynavin.de\/fr\/wp-json\/wp\/v2\/media?parent=93562"}],"wp:term":[{"taxonomy":"product_cat","embeddable":true,"href":"https:\/\/www.dynavin.de\/fr\/wp-json\/wp\/v2\/product_cat?post=93562"},{"taxonomy":"product_tag","embeddable":true,"href":"https:\/\/www.dynavin.de\/fr\/wp-json\/wp\/v2\/product_tag?post=93562"},{"taxonomy":"fahrzeughersteller","embeddable":true,"href":"https:\/\/www.dynavin.de\/fr\/wp-json\/wp\/v2\/fahrzeughersteller?post=93562"},{"taxonomy":"product_status","embeddable":true,"href":"https:\/\/www.dynavin.de\/fr\/wp-json\/wp\/v2\/product_status?post=93562"}],"curies":[{"name":"wp","href":"https:\/\/api.w.org\/{rel}","templated":true}]}}