{"id":69300,"date":"2022-08-18T09:12:18","date_gmt":"2022-08-18T07:33:56","guid":{"rendered":"https:\/\/www.dynavin.de\/?post_type=product&#038;p=69300"},"modified":"2024-10-19T05:11:09","modified_gmt":"2024-10-19T03:11:09","slug":"tuner-radio-numerique-dab-n7-dab","status":"publish","type":"product","link":"https:\/\/www.dynavin.de\/fr\/produits\/produits\/pieces-de-rechange\/tuner-radio-numerique-dab-n7-dab\/","title":{"rendered":"Tuner radio num\u00e9rique DAB+ N7-DAB+"},"content":{"rendered":"\n<style type=\"text\/css\" data-created_by=\"avia_inline_auto\" id=\"style-css-av-av_one_half-79ff81c021393065cee878051452f6a6\">\n.flex_column.av-av_one_half-79ff81c021393065cee878051452f6a6{\nborder-radius:0px 0px 0px 0px;\n-webkit-border-radius:0px 0px 0px 0px;\n-moz-border-radius:0px 0px 0px 0px;\n}\n<\/style>\n<div class='flex_column av-av_one_half-79ff81c021393065cee878051452f6a6 av_one_half  avia-builder-el-0  el_before_av_one_half  avia-builder-el-first  first flex_column_div av-zero-column-padding '   ><style type=\"text\/css\" data-created_by=\"avia_inline_auto\" id=\"style-css-av-l6yhi9cz-d53178e16f5717184bdab2d66f0594eb\">\n#top .avia-gallery.av-l6yhi9cz-d53178e16f5717184bdab2d66f0594eb .avia-gallery-thumb a{\nwidth:10%;\n}\n<\/style>\n<div  id=\"productsGallery\"  class='avia-gallery av-l6yhi9cz-d53178e16f5717184bdab2d66f0594eb avia_animate_when_visible  avia-builder-el-1  avia-builder-el-no-sibling  animations_off avia-gallery-1'  itemprop=\"image\" itemscope=\"itemscope\" itemtype=\"https:\/\/schema.org\/ImageObject\" ><meta itemprop=\"contentURL\" content=\"https:\/\/www.dynavin.de\/fr\/produits\/produits\/pieces-de-rechange\/tuner-radio-numerique-dab-n7-dab\/\"><a class='avia-gallery-big fakeLightbox lightbox avia-gallery-big-crop-thumb ' href=\"https:\/\/www.dynavin.de\/wp-content\/uploads\/1660792116-N7-DAB.jpg\"  data-onclick='1' title='1660792116-N7-DAB+' ><span class='avia-gallery-big-inner'  itemprop=\"thumbnailUrl\" ><img class=\"wp-image-69291 avia-img-lazy-loading-not-69291\"  width=\"1000\" height=\"750\" src=\"https:\/\/www.dynavin.de\/wp-content\/uploads\/1660792116-N7-DAB.jpg\" title='1660792116-N7-DAB+' alt='' \/><\/span><\/a><div class='avia-gallery-thumb'><a href=\"https:\/\/www.dynavin.de\/wp-content\/uploads\/1660792116-N7-DAB.jpg\" data-rel='gallery-1' data-prev-img='https:\/\/www.dynavin.de\/wp-content\/uploads\/1660792116-N7-DAB.jpg' class='first_thumb lightbox ' data-onclick='1' title='1660792116-N7-DAB+'  itemprop=\"thumbnailUrl\"  ><img class=\"wp-image-69291 avia-img-lazy-loading-not-69291\"   src=\"https:\/\/www.dynavin.de\/wp-content\/uploads\/1660792116-N7-DAB.jpg\" width=\"1000\" height=\"750\"  title='1660792116-N7-DAB+' alt='' \/><div class='big-prev-fake'><img loading=\"lazy\" class=\"wp-image-69291 avia-img-lazy-loading-69291\"  width=\"1000\" height=\"750\" src=\"https:\/\/www.dynavin.de\/wp-content\/uploads\/1660792116-N7-DAB.jpg\" title='1660792116-N7-DAB+' alt='' \/><\/div><\/a><\/div><\/div><\/div>\n\n<style type=\"text\/css\" data-created_by=\"avia_inline_auto\" id=\"style-css-av-av_one_half-49f6e875884219cf77c24341e550af53\">\n.flex_column.av-av_one_half-49f6e875884219cf77c24341e550af53{\nborder-radius:0px 0px 0px 0px;\n-webkit-border-radius:0px 0px 0px 0px;\n-moz-border-radius:0px 0px 0px 0px;\n}\n<\/style>\n<div class='flex_column av-av_one_half-49f6e875884219cf77c24341e550af53 av_one_half  avia-builder-el-2  el_after_av_one_half  avia-builder-el-last  flex_column_div av-zero-column-padding '   ><section  id=\"mainTitleRightPic\"  class='av_textblock_section av-l6yhjx7q-35a893a007f3d1ccaeefed6106733541'  itemscope=\"itemscope\" itemtype=\"https:\/\/schema.org\/CreativeWork\" ><div class='avia_textblock'  itemprop=\"text\" ><h4>Dynavin <strong>Tuner radio num\u00e9rique DAB+<\/strong><\/h4>\n<h4>N7-DAB+<\/h4>\n<hr \/>\n<\/div><\/section><br \/>\n<section  id=\"parts-descriptionBlock\"  class='av_textblock_section av-l6yhm2mm-662f5037a8ba4d990e138ef29ced63d0'  itemscope=\"itemscope\" itemtype=\"https:\/\/schema.org\/CreativeWork\" ><div class='avia_textblock'  itemprop=\"text\" ><ul>\n<li>La radio num\u00e9rique est recommand\u00e9e en raison de sa qualit\u00e9 sonore optimale et de sa grande facilit\u00e9 d&#8217;utilisation. C&#8217;est surtout dans la voiture que la radio num\u00e9rique peut jouer sur ses points forts, car le bruit ou les interf\u00e9rences font tout autant partie du pass\u00e9 que, par exemple, la recherche fastidieuse de fr\u00e9quences. La technologie de r\u00e9ception num\u00e9rique multidirectionnelle assure une qualit\u00e9 de transmission brillante, m\u00eame \u00e0 grande vitesse.<\/li>\n<li>Gr\u00e2ce \u00e0 la technologie seamless, une r\u00e9ception continue et sans interf\u00e9rences est garantie.<\/li>\n<li>Livr\u00e9 sans antenne.<\/li>\n<\/ul>\n<\/div><\/section><br \/>\n<div class='av-woo-purchase-button av-av_product_button-f73a11ccd29996a2a11249d534554c23  avia-builder-el-5  el_after_av_textblock  avia-builder-el-last '><p class=\"price\"><span class=\"woocommerce-Price-amount amount\"><bdi>99,00&nbsp;<span class=\"woocommerce-Price-currencySymbol\">&euro;<\/span><\/bdi><\/span><\/p><\/div><\/p><\/div>\n","protected":false},"excerpt":{"rendered":"","protected":false},"featured_media":69297,"comment_status":"open","ping_status":"closed","template":"","meta":[],"product_cat":[2033,1900],"product_tag":[],"fahrzeughersteller":[],"product_status":[],"acf":[],"yoast_head":"<!-- This site is optimized with the Yoast SEO Premium plugin v16.9 (Yoast SEO v17.8) - https:\/\/yoast.com\/wordpress\/plugins\/seo\/ -->\n<title>Tuner radio num\u00e9rique DAB+ N7-DAB+ &ndash; Dynavin<\/title>\n<meta name=\"robots\" content=\"index, follow, max-snippet:-1, max-image-preview:large, max-video-preview:-1\" \/>\n<link rel=\"canonical\" href=\"https:\/\/www.dynavin.de\/fr\/produits\/produits\/pieces-de-rechange\/tuner-radio-numerique-dab-n7-dab\/\" \/>\n<meta property=\"og:locale\" content=\"fr_FR\" \/>\n<meta property=\"og:type\" content=\"article\" \/>\n<meta property=\"og:title\" content=\"Tuner radio num\u00e9rique DAB+ N7-DAB+\" \/>\n<meta property=\"og:url\" content=\"https:\/\/www.dynavin.de\/fr\/produits\/produits\/pieces-de-rechange\/tuner-radio-numerique-dab-n7-dab\/\" \/>\n<meta property=\"og:site_name\" content=\"Dynavin\" \/>\n<meta property=\"article:publisher\" content=\"https:\/\/www.facebook.com\/dynavin.official\" \/>\n<meta property=\"article:modified_time\" content=\"2024-10-19T03:11:09+00:00\" \/>\n<meta property=\"og:image\" content=\"https:\/\/www.dynavin.de\/wp-content\/uploads\/1660792401-N7-DAB-300X300.png\" \/>\n\t<meta property=\"og:image:width\" content=\"300\" \/>\n\t<meta property=\"og:image:height\" content=\"300\" \/>\n<meta name=\"twitter:card\" content=\"summary_large_image\" \/>\n<script type=\"application\/ld+json\" class=\"yoast-schema-graph\">{\"@context\":\"https:\/\/schema.org\",\"@graph\":[{\"@type\":\"Organization\",\"@id\":\"https:\/\/www.dynavin.de\/#organization\",\"name\":\"Dynavin GmbH\",\"url\":\"https:\/\/www.dynavin.de\/\",\"sameAs\":[\"https:\/\/www.facebook.com\/dynavin.official\",\"https:\/\/www.instagram.com\/dynavin.official\/?hl=en\",\"https:\/\/www.youtube.com\/user\/dynavin1\"],\"logo\":{\"@type\":\"ImageObject\",\"@id\":\"https:\/\/www.dynavin.de\/#logo\",\"inLanguage\":\"fr-FR\",\"url\":\"https:\/\/www.dynavin.de\/wp-content\/uploads\/2018\/12\/dynavin-logo.png\",\"contentUrl\":\"https:\/\/www.dynavin.de\/wp-content\/uploads\/2018\/12\/dynavin-logo.png\",\"width\":340,\"height\":156,\"caption\":\"Dynavin GmbH\"},\"image\":{\"@id\":\"https:\/\/www.dynavin.de\/#logo\"}},{\"@type\":\"WebSite\",\"@id\":\"https:\/\/www.dynavin.de\/#website\",\"url\":\"https:\/\/www.dynavin.de\/\",\"name\":\"Dynavin\",\"description\":\"Navigation and Multimedia Solutions\",\"publisher\":{\"@id\":\"https:\/\/www.dynavin.de\/#organization\"},\"potentialAction\":[{\"@type\":\"SearchAction\",\"target\":{\"@type\":\"EntryPoint\",\"urlTemplate\":\"https:\/\/www.dynavin.de\/?s={search_term_string}\"},\"query-input\":\"required name=search_term_string\"}],\"inLanguage\":\"fr-FR\"},{\"@type\":\"ImageObject\",\"@id\":\"https:\/\/www.dynavin.de\/fr\/produits\/produits\/pieces-de-rechange\/tuner-radio-numerique-dab-n7-dab\/#primaryimage\",\"inLanguage\":\"fr-FR\",\"url\":\"https:\/\/www.dynavin.de\/wp-content\/uploads\/1660792401-N7-DAB-300X300.png\",\"contentUrl\":\"https:\/\/www.dynavin.de\/wp-content\/uploads\/1660792401-N7-DAB-300X300.png\",\"width\":300,\"height\":300},{\"@type\":\"WebPage\",\"@id\":\"https:\/\/www.dynavin.de\/fr\/produits\/produits\/pieces-de-rechange\/tuner-radio-numerique-dab-n7-dab\/#webpage\",\"url\":\"https:\/\/www.dynavin.de\/fr\/produits\/produits\/pieces-de-rechange\/tuner-radio-numerique-dab-n7-dab\/\",\"name\":\"Tuner radio num\\u00e9rique DAB+ N7-DAB+ &ndash; Dynavin\",\"isPartOf\":{\"@id\":\"https:\/\/www.dynavin.de\/#website\"},\"primaryImageOfPage\":{\"@id\":\"https:\/\/www.dynavin.de\/fr\/produits\/produits\/pieces-de-rechange\/tuner-radio-numerique-dab-n7-dab\/#primaryimage\"},\"datePublished\":\"2022-08-18T07:33:56+00:00\",\"dateModified\":\"2024-10-19T03:11:09+00:00\",\"breadcrumb\":{\"@id\":\"https:\/\/www.dynavin.de\/fr\/produits\/produits\/pieces-de-rechange\/tuner-radio-numerique-dab-n7-dab\/#breadcrumb\"},\"inLanguage\":\"fr-FR\",\"potentialAction\":[{\"@type\":\"ReadAction\",\"target\":[\"https:\/\/www.dynavin.de\/fr\/produits\/produits\/pieces-de-rechange\/tuner-radio-numerique-dab-n7-dab\/\"]}]},{\"@type\":\"BreadcrumbList\",\"@id\":\"https:\/\/www.dynavin.de\/fr\/produits\/produits\/pieces-de-rechange\/tuner-radio-numerique-dab-n7-dab\/#breadcrumb\",\"itemListElement\":[{\"@type\":\"ListItem\",\"position\":1,\"name\":\"Startseite\",\"item\":\"https:\/\/www.dynavin.de\/fr\/\"},{\"@type\":\"ListItem\",\"position\":2,\"name\":\"Produits\",\"item\":\"https:\/\/www.dynavin.de\/fr\/shop\/\"},{\"@type\":\"ListItem\",\"position\":3,\"name\":\"Produits\",\"item\":\"https:\/\/www.dynavin.de\/fr\/categorie-produit\/produits\/\"},{\"@type\":\"ListItem\",\"position\":4,\"name\":\"Pi\\u00e8ces de rechange\",\"item\":\"https:\/\/www.dynavin.de\/fr\/categorie-produit\/produits\/pieces-de-rechange\/\"},{\"@type\":\"ListItem\",\"position\":5,\"name\":\"N6-N7 Spare parts\",\"item\":\"https:\/\/www.dynavin.de\/product-category\/produkte\/ersatzteile\/n6-n7-spare-parts\/\"},{\"@type\":\"ListItem\",\"position\":6,\"name\":\"Tuner radio num\\u00e9rique DAB+ N7-DAB+\"}]}]}<\/script>\n<!-- \/ Yoast SEO Premium plugin. -->","yoast_head_json":{"title":"Tuner radio num\u00e9rique DAB+ N7-DAB+ &ndash; Dynavin","robots":{"index":"index","follow":"follow","max-snippet":"max-snippet:-1","max-image-preview":"max-image-preview:large","max-video-preview":"max-video-preview:-1"},"canonical":"https:\/\/www.dynavin.de\/fr\/produits\/produits\/pieces-de-rechange\/tuner-radio-numerique-dab-n7-dab\/","og_locale":"fr_FR","og_type":"article","og_title":"Tuner radio num\u00e9rique DAB+ N7-DAB+","og_url":"https:\/\/www.dynavin.de\/fr\/produits\/produits\/pieces-de-rechange\/tuner-radio-numerique-dab-n7-dab\/","og_site_name":"Dynavin","article_publisher":"https:\/\/www.facebook.com\/dynavin.official","article_modified_time":"2024-10-19T03:11:09+00:00","og_image":[{"width":300,"height":300,"url":"https:\/\/www.dynavin.de\/wp-content\/uploads\/1660792401-N7-DAB-300X300.png","type":"image\/png"}],"twitter_card":"summary_large_image","schema":{"@context":"https:\/\/schema.org","@graph":[{"@type":"Organization","@id":"https:\/\/www.dynavin.de\/#organization","name":"Dynavin GmbH","url":"https:\/\/www.dynavin.de\/","sameAs":["https:\/\/www.facebook.com\/dynavin.official","https:\/\/www.instagram.com\/dynavin.official\/?hl=en","https:\/\/www.youtube.com\/user\/dynavin1"],"logo":{"@type":"ImageObject","@id":"https:\/\/www.dynavin.de\/#logo","inLanguage":"fr-FR","url":"https:\/\/www.dynavin.de\/wp-content\/uploads\/2018\/12\/dynavin-logo.png","contentUrl":"https:\/\/www.dynavin.de\/wp-content\/uploads\/2018\/12\/dynavin-logo.png","width":340,"height":156,"caption":"Dynavin GmbH"},"image":{"@id":"https:\/\/www.dynavin.de\/#logo"}},{"@type":"WebSite","@id":"https:\/\/www.dynavin.de\/#website","url":"https:\/\/www.dynavin.de\/","name":"Dynavin","description":"Navigation and Multimedia Solutions","publisher":{"@id":"https:\/\/www.dynavin.de\/#organization"},"potentialAction":[{"@type":"SearchAction","target":{"@type":"EntryPoint","urlTemplate":"https:\/\/www.dynavin.de\/?s={search_term_string}"},"query-input":"required name=search_term_string"}],"inLanguage":"fr-FR"},{"@type":"ImageObject","@id":"https:\/\/www.dynavin.de\/fr\/produits\/produits\/pieces-de-rechange\/tuner-radio-numerique-dab-n7-dab\/#primaryimage","inLanguage":"fr-FR","url":"https:\/\/www.dynavin.de\/wp-content\/uploads\/1660792401-N7-DAB-300X300.png","contentUrl":"https:\/\/www.dynavin.de\/wp-content\/uploads\/1660792401-N7-DAB-300X300.png","width":300,"height":300},{"@type":"WebPage","@id":"https:\/\/www.dynavin.de\/fr\/produits\/produits\/pieces-de-rechange\/tuner-radio-numerique-dab-n7-dab\/#webpage","url":"https:\/\/www.dynavin.de\/fr\/produits\/produits\/pieces-de-rechange\/tuner-radio-numerique-dab-n7-dab\/","name":"Tuner radio num\u00e9rique DAB+ N7-DAB+ &ndash; Dynavin","isPartOf":{"@id":"https:\/\/www.dynavin.de\/#website"},"primaryImageOfPage":{"@id":"https:\/\/www.dynavin.de\/fr\/produits\/produits\/pieces-de-rechange\/tuner-radio-numerique-dab-n7-dab\/#primaryimage"},"datePublished":"2022-08-18T07:33:56+00:00","dateModified":"2024-10-19T03:11:09+00:00","breadcrumb":{"@id":"https:\/\/www.dynavin.de\/fr\/produits\/produits\/pieces-de-rechange\/tuner-radio-numerique-dab-n7-dab\/#breadcrumb"},"inLanguage":"fr-FR","potentialAction":[{"@type":"ReadAction","target":["https:\/\/www.dynavin.de\/fr\/produits\/produits\/pieces-de-rechange\/tuner-radio-numerique-dab-n7-dab\/"]}]},{"@type":"BreadcrumbList","@id":"https:\/\/www.dynavin.de\/fr\/produits\/produits\/pieces-de-rechange\/tuner-radio-numerique-dab-n7-dab\/#breadcrumb","itemListElement":[{"@type":"ListItem","position":1,"name":"Startseite","item":"https:\/\/www.dynavin.de\/fr\/"},{"@type":"ListItem","position":2,"name":"Produits","item":"https:\/\/www.dynavin.de\/fr\/shop\/"},{"@type":"ListItem","position":3,"name":"Produits","item":"https:\/\/www.dynavin.de\/fr\/categorie-produit\/produits\/"},{"@type":"ListItem","position":4,"name":"Pi\u00e8ces de rechange","item":"https:\/\/www.dynavin.de\/fr\/categorie-produit\/produits\/pieces-de-rechange\/"},{"@type":"ListItem","position":5,"name":"N6-N7 Spare parts","item":"https:\/\/www.dynavin.de\/product-category\/produkte\/ersatzteile\/n6-n7-spare-parts\/"},{"@type":"ListItem","position":6,"name":"Tuner radio num\u00e9rique DAB+ N7-DAB+"}]}]}},"_links":{"self":[{"href":"https:\/\/www.dynavin.de\/fr\/wp-json\/wp\/v2\/product\/69300"}],"collection":[{"href":"https:\/\/www.dynavin.de\/fr\/wp-json\/wp\/v2\/product"}],"about":[{"href":"https:\/\/www.dynavin.de\/fr\/wp-json\/wp\/v2\/types\/product"}],"replies":[{"embeddable":true,"href":"https:\/\/www.dynavin.de\/fr\/wp-json\/wp\/v2\/comments?post=69300"}],"wp:featuredmedia":[{"embeddable":true,"href":"https:\/\/www.dynavin.de\/fr\/wp-json\/wp\/v2\/media\/69297"}],"wp:attachment":[{"href":"https:\/\/www.dynavin.de\/fr\/wp-json\/wp\/v2\/media?parent=69300"}],"wp:term":[{"taxonomy":"product_cat","embeddable":true,"href":"https:\/\/www.dynavin.de\/fr\/wp-json\/wp\/v2\/product_cat?post=69300"},{"taxonomy":"product_tag","embeddable":true,"href":"https:\/\/www.dynavin.de\/fr\/wp-json\/wp\/v2\/product_tag?post=69300"},{"taxonomy":"fahrzeughersteller","embeddable":true,"href":"https:\/\/www.dynavin.de\/fr\/wp-json\/wp\/v2\/fahrzeughersteller?post=69300"},{"taxonomy":"product_status","embeddable":true,"href":"https:\/\/www.dynavin.de\/fr\/wp-json\/wp\/v2\/product_status?post=69300"}],"curies":[{"name":"wp","href":"https:\/\/api.w.org\/{rel}","templated":true}]}}