{"id":67040,"date":"2022-06-22T11:55:15","date_gmt":"2022-06-22T09:55:15","guid":{"rendered":"https:\/\/www.dynavin.de\/?post_type=product&#038;p=67040"},"modified":"2024-10-20T18:49:09","modified_gmt":"2024-10-20T16:49:09","slug":"glasklebeantenne-scheibenantenne-dvn-dabant-h","status":"publish","type":"product","link":"https:\/\/www.dynavin.de\/fr\/produits\/produits\/carhifi\/accessoires-pour-carhifi\/glasklebeantenne-scheibenantenne-dvn-dabant-h\/","title":{"rendered":"Antenne DAB Antenne adh\u00e9sive pour verre\/ Antenne pour vitre DVN-DABANT-H"},"content":{"rendered":"\n<style type=\"text\/css\" data-created_by=\"avia_inline_auto\" id=\"style-css-av-2j8pw4s-059a32b8e616dce4dbaf34c03e2f3990\">\n.flex_column.av-2j8pw4s-059a32b8e616dce4dbaf34c03e2f3990{\nborder-radius:0px 0px 0px 0px;\n-webkit-border-radius:0px 0px 0px 0px;\n-moz-border-radius:0px 0px 0px 0px;\n}\n<\/style>\n<div class='flex_column av-2j8pw4s-059a32b8e616dce4dbaf34c03e2f3990 av_one_half  avia-builder-el-0  el_before_av_one_half  avia-builder-el-first  first flex_column_div av-zero-column-padding '   ><style type=\"text\/css\" data-created_by=\"avia_inline_auto\" id=\"style-css-av-l4pdsakp-4f579b64487064b35a2613c92e36bb14\">\n#top .avia-gallery.av-l4pdsakp-4f579b64487064b35a2613c92e36bb14 .avia-gallery-thumb a{\nwidth:10%;\n}\n<\/style>\n<div  id=\"productsGallery\"  class='avia-gallery av-l4pdsakp-4f579b64487064b35a2613c92e36bb14 avia_animate_when_visible  avia-builder-el-1  avia-builder-el-no-sibling  animations_off avia-gallery-1'  itemprop=\"image\" itemscope=\"itemscope\" itemtype=\"https:\/\/schema.org\/ImageObject\" ><meta itemprop=\"contentURL\" content=\"https:\/\/www.dynavin.de\/fr\/produits\/produits\/carhifi\/accessoires-pour-carhifi\/glasklebeantenne-scheibenantenne-dvn-dabant-h\/\"><a class='avia-gallery-big fakeLightbox lightbox avia-gallery-big-crop-thumb ' href=\"https:\/\/www.dynavin.de\/wp-content\/uploads\/1655892345-DABANT-H-03.jpg\"  data-onclick='1' title='1655892345-DABANT-H-03' ><span class='avia-gallery-big-inner'  itemprop=\"thumbnailUrl\" ><img class=\"wp-image-67050 avia-img-lazy-loading-not-67050\"  width=\"1000\" height=\"750\" src=\"https:\/\/www.dynavin.de\/wp-content\/uploads\/1655892345-DABANT-H-03.jpg\" title='1655892345-DABANT-H-03' alt='' \/><\/span><\/a><div class='avia-gallery-thumb'><a href=\"https:\/\/www.dynavin.de\/wp-content\/uploads\/1655892345-DABANT-H-03.jpg\" data-rel='gallery-1' data-prev-img='https:\/\/www.dynavin.de\/wp-content\/uploads\/1655892345-DABANT-H-03.jpg' class='first_thumb lightbox ' data-onclick='1' title='1655892345-DABANT-H-03'  itemprop=\"thumbnailUrl\"  ><img class=\"wp-image-67050 avia-img-lazy-loading-not-67050\"   src=\"https:\/\/www.dynavin.de\/wp-content\/uploads\/1655892345-DABANT-H-03.jpg\" width=\"1000\" height=\"750\"  title='1655892345-DABANT-H-03' alt='' \/><div class='big-prev-fake'><img loading=\"lazy\" class=\"wp-image-67050 avia-img-lazy-loading-67050\"  width=\"1000\" height=\"750\" src=\"https:\/\/www.dynavin.de\/wp-content\/uploads\/1655892345-DABANT-H-03.jpg\" title='1655892345-DABANT-H-03' alt='' \/><\/div><\/a><a href=\"https:\/\/www.dynavin.de\/wp-content\/uploads\/1655889434-DABANT-H-01.jpg\" data-rel='gallery-1' data-prev-img='https:\/\/www.dynavin.de\/wp-content\/uploads\/1655889434-DABANT-H-01.jpg' class='lightbox ' data-onclick='2' title='1655889434-DABANT-H-01'  itemprop=\"thumbnailUrl\"  ><img class=\"wp-image-67028 avia-img-lazy-loading-not-67028\"   src=\"https:\/\/www.dynavin.de\/wp-content\/uploads\/1655889434-DABANT-H-01.jpg\" width=\"1000\" height=\"750\"  title='1655889434-DABANT-H-01' alt='' \/><div class='big-prev-fake'><img loading=\"lazy\" class=\"wp-image-67028 avia-img-lazy-loading-67028\"  width=\"1000\" height=\"750\" src=\"https:\/\/www.dynavin.de\/wp-content\/uploads\/1655889434-DABANT-H-01.jpg\" title='1655889434-DABANT-H-01' alt='' \/><\/div><\/a><a href=\"https:\/\/www.dynavin.de\/wp-content\/uploads\/1655889447-DABANT-H-04.jpg\" data-rel='gallery-1' data-prev-img='https:\/\/www.dynavin.de\/wp-content\/uploads\/1655889447-DABANT-H-04.jpg' class='lightbox ' data-onclick='3' title='1655889447-DABANT-H-04'  itemprop=\"thumbnailUrl\"  ><img class=\"wp-image-67037 avia-img-lazy-loading-not-67037\"   src=\"https:\/\/www.dynavin.de\/wp-content\/uploads\/1655889447-DABANT-H-04.jpg\" width=\"1000\" height=\"750\"  title='1655889447-DABANT-H-04' alt='' \/><div class='big-prev-fake'><img loading=\"lazy\" class=\"wp-image-67037 avia-img-lazy-loading-67037\"  width=\"1000\" height=\"750\" src=\"https:\/\/www.dynavin.de\/wp-content\/uploads\/1655889447-DABANT-H-04.jpg\" title='1655889447-DABANT-H-04' alt='' \/><\/div><\/a><a href=\"https:\/\/www.dynavin.de\/wp-content\/uploads\/1655889439-DABANT-H-02.jpg\" data-rel='gallery-1' data-prev-img='https:\/\/www.dynavin.de\/wp-content\/uploads\/1655889439-DABANT-H-02.jpg' class='lightbox ' data-onclick='4' title='1655889439-DABANT-H-02'  itemprop=\"thumbnailUrl\"  ><img class=\"wp-image-67031 avia-img-lazy-loading-not-67031\"   src=\"https:\/\/www.dynavin.de\/wp-content\/uploads\/1655889439-DABANT-H-02.jpg\" width=\"1000\" height=\"750\"  title='1655889439-DABANT-H-02' alt='' \/><div class='big-prev-fake'><img loading=\"lazy\" class=\"wp-image-67031 avia-img-lazy-loading-67031\"  width=\"1000\" height=\"750\" src=\"https:\/\/www.dynavin.de\/wp-content\/uploads\/1655889439-DABANT-H-02.jpg\" title='1655889439-DABANT-H-02' alt='' \/><\/div><\/a><\/div><\/div><\/div>\n<style type=\"text\/css\" data-created_by=\"avia_inline_auto\" id=\"style-css-av-27nwbik-c0685bb231ef7587469fc5e67bfa7c44\">\n.flex_column.av-27nwbik-c0685bb231ef7587469fc5e67bfa7c44{\nborder-radius:0px 0px 0px 0px;\n-webkit-border-radius:0px 0px 0px 0px;\n-moz-border-radius:0px 0px 0px 0px;\n}\n<\/style>\n<div class='flex_column av-27nwbik-c0685bb231ef7587469fc5e67bfa7c44 av_one_half  avia-builder-el-2  el_after_av_one_half  el_before_av_hr  flex_column_div av-zero-column-padding '   ><section  id=\"mainTitleRightPic\"  class='av_textblock_section av-l4pdwcev-b333a998dafc2c0b209f4081f40be8aa'  itemscope=\"itemscope\" itemtype=\"https:\/\/schema.org\/CreativeWork\" ><div class='avia_textblock'  itemprop=\"text\" ><h4>Dynavin Antenne DAB Antenne adh\u00e9sive pour verre\/ Antenne pour vitre<\/h4>\n<h4>DVN-DABANT-H<\/h4>\n<hr \/>\n<\/div><\/section><br \/>\n<section  id=\"parts-descriptionBlock\"  class='av_textblock_section av-l4pe3h1f-9daf02a71ad77153da860dd8229eb9cb'  itemscope=\"itemscope\" itemtype=\"https:\/\/schema.org\/CreativeWork\" ><div class='avia_textblock'  itemprop=\"text\" ><ul>\n<li>La DAB\/DAB+ est le plus haut niveau de qualit\u00e9 de transmission que vous pouvez obtenir de votre diffuseur, et avec des avantages tels que le son surround et le support multim\u00e9dia am\u00e9lior\u00e9, c&#8217;est vraiment une meilleure alternative par rapport \u00e0 la transmission FM.<br \/>\nLe r\u00e9cepteur DAB Dynavin et l&#8217;antenne DAB peuvent recevoir correctement les signaux DAB dans la plupart des r\u00e9gions europ\u00e9ennes et r\u00e9pondent aux exigences de la plupart des gens. Cependant, pour les r\u00e9gions o\u00f9 la couverture DAB n&#8217;est pas aussi bonne ou pour les consommateurs qui ont besoin d&#8217;une r\u00e9ception DAB de haute qualit\u00e9, nous recommandons cette antenne DAB \u00e0 haut gain, facile \u00e0 installer : DVN-DABANT-H<\/li>\n<li>Antenne adh\u00e9sive pour verre\/antenne de vitre avec les caract\u00e9ristiques suivantes :<br \/>\n&#8211; Montage int\u00e9rieur<br \/>\n&#8211; Tension de fonctionnement : 12 volts, 15 mA<br \/>\n&#8211; Gain : DAB+ : 9dB<br \/>\n&#8211; Amplification : bande L : 0dB (passive)<br \/>\n&#8211; Alimentation fant\u00f4me 12 volts &#8211; Largeur : 52,5 cm C\u00e2ble<\/li>\n<li>Antenne de la cha\u00eene :<br \/>\n&#8211; C\u00e2ble : RG 174, 2,5 m\u00e8tres avec SMB femelle<\/li>\n<li>Remarque : pour une r\u00e9ception optimale, l&#8217;antenne doit \u00eatre coll\u00e9e verticalement \u00e0 une distance minimale de 5 mm du m\u00e9tal.<\/li>\n<\/ul>\n<\/div><\/section><br \/>\n<div class='av-woo-purchase-button av-1qdfmjw-2ae933ebf47e8fbea6fc3eb354ca49fd  avia-builder-el-5  el_after_av_textblock  avia-builder-el-last '><p class=\"price\"><span class=\"woocommerce-Price-amount amount\"><bdi>59,00&nbsp;<span class=\"woocommerce-Price-currencySymbol\">&euro;<\/span><\/bdi><\/span><\/p><\/div><\/p><\/div><div  class='hr av-173tmss-803254502212a72e75cef3753d3c357c hr-default  avia-builder-el-6  el_after_av_one_half  el_before_av_product_review '><span class='hr-inner '><span class=\"hr-inner-style\"><\/span><\/span><\/div>\n<div class='av-woo-product-review av-vhmrho-bb358ab6d1b4bebf1a680dbc99d7e757  avia-builder-el-7  el_after_av_hr  avia-builder-el-last '><\/div>\n","protected":false},"excerpt":{"rendered":"","protected":false},"featured_media":67043,"comment_status":"open","ping_status":"closed","template":"","meta":[],"product_cat":[1660],"product_tag":[1684],"fahrzeughersteller":[],"product_status":[],"acf":[],"yoast_head":"<!-- This site is optimized with the Yoast SEO Premium plugin v16.9 (Yoast SEO v17.8) - https:\/\/yoast.com\/wordpress\/plugins\/seo\/ -->\n<title>Antenne DAB Antenne adh\u00e9sive pour verre\/ Antenne pour vitre DVN-DABANT-H &ndash; Dynavin<\/title>\n<meta name=\"robots\" content=\"index, follow, max-snippet:-1, max-image-preview:large, max-video-preview:-1\" \/>\n<link rel=\"canonical\" href=\"https:\/\/www.dynavin.de\/fr\/produits\/produits\/carhifi\/accessoires-pour-carhifi\/glasklebeantenne-scheibenantenne-dvn-dabant-h\/\" \/>\n<meta property=\"og:locale\" content=\"fr_FR\" \/>\n<meta property=\"og:type\" content=\"article\" \/>\n<meta property=\"og:title\" content=\"Antenne DAB Antenne adh\u00e9sive pour verre\/ Antenne pour vitre DVN-DABANT-H\" \/>\n<meta property=\"og:url\" content=\"https:\/\/www.dynavin.de\/fr\/produits\/produits\/carhifi\/accessoires-pour-carhifi\/glasklebeantenne-scheibenantenne-dvn-dabant-h\/\" \/>\n<meta property=\"og:site_name\" content=\"Dynavin\" \/>\n<meta property=\"article:publisher\" content=\"https:\/\/www.facebook.com\/dynavin.official\" \/>\n<meta property=\"article:modified_time\" content=\"2024-10-20T16:49:09+00:00\" \/>\n<meta property=\"og:image\" content=\"https:\/\/www.dynavin.de\/wp-content\/uploads\/1655891696-DABANT-H-300X300.png\" \/>\n\t<meta property=\"og:image:width\" content=\"300\" \/>\n\t<meta property=\"og:image:height\" content=\"300\" \/>\n<meta name=\"twitter:card\" content=\"summary_large_image\" \/>\n<script type=\"application\/ld+json\" class=\"yoast-schema-graph\">{\"@context\":\"https:\/\/schema.org\",\"@graph\":[{\"@type\":\"Organization\",\"@id\":\"https:\/\/www.dynavin.de\/#organization\",\"name\":\"Dynavin GmbH\",\"url\":\"https:\/\/www.dynavin.de\/\",\"sameAs\":[\"https:\/\/www.facebook.com\/dynavin.official\",\"https:\/\/www.instagram.com\/dynavin.official\/?hl=en\",\"https:\/\/www.youtube.com\/user\/dynavin1\"],\"logo\":{\"@type\":\"ImageObject\",\"@id\":\"https:\/\/www.dynavin.de\/#logo\",\"inLanguage\":\"fr-FR\",\"url\":\"https:\/\/www.dynavin.de\/wp-content\/uploads\/2018\/12\/dynavin-logo.png\",\"contentUrl\":\"https:\/\/www.dynavin.de\/wp-content\/uploads\/2018\/12\/dynavin-logo.png\",\"width\":340,\"height\":156,\"caption\":\"Dynavin GmbH\"},\"image\":{\"@id\":\"https:\/\/www.dynavin.de\/#logo\"}},{\"@type\":\"WebSite\",\"@id\":\"https:\/\/www.dynavin.de\/#website\",\"url\":\"https:\/\/www.dynavin.de\/\",\"name\":\"Dynavin\",\"description\":\"Navigation and Multimedia Solutions\",\"publisher\":{\"@id\":\"https:\/\/www.dynavin.de\/#organization\"},\"potentialAction\":[{\"@type\":\"SearchAction\",\"target\":{\"@type\":\"EntryPoint\",\"urlTemplate\":\"https:\/\/www.dynavin.de\/?s={search_term_string}\"},\"query-input\":\"required name=search_term_string\"}],\"inLanguage\":\"fr-FR\"},{\"@type\":\"ImageObject\",\"@id\":\"https:\/\/www.dynavin.de\/fr\/produits\/produits\/carhifi\/accessoires-pour-carhifi\/glasklebeantenne-scheibenantenne-dvn-dabant-h\/#primaryimage\",\"inLanguage\":\"fr-FR\",\"url\":\"https:\/\/www.dynavin.de\/wp-content\/uploads\/1655891696-DABANT-H-300X300.png\",\"contentUrl\":\"https:\/\/www.dynavin.de\/wp-content\/uploads\/1655891696-DABANT-H-300X300.png\",\"width\":300,\"height\":300},{\"@type\":\"WebPage\",\"@id\":\"https:\/\/www.dynavin.de\/fr\/produits\/produits\/carhifi\/accessoires-pour-carhifi\/glasklebeantenne-scheibenantenne-dvn-dabant-h\/#webpage\",\"url\":\"https:\/\/www.dynavin.de\/fr\/produits\/produits\/carhifi\/accessoires-pour-carhifi\/glasklebeantenne-scheibenantenne-dvn-dabant-h\/\",\"name\":\"Antenne DAB Antenne adh\\u00e9sive pour verre\/ Antenne pour vitre DVN-DABANT-H &ndash; Dynavin\",\"isPartOf\":{\"@id\":\"https:\/\/www.dynavin.de\/#website\"},\"primaryImageOfPage\":{\"@id\":\"https:\/\/www.dynavin.de\/fr\/produits\/produits\/carhifi\/accessoires-pour-carhifi\/glasklebeantenne-scheibenantenne-dvn-dabant-h\/#primaryimage\"},\"datePublished\":\"2022-06-22T09:55:15+00:00\",\"dateModified\":\"2024-10-20T16:49:09+00:00\",\"breadcrumb\":{\"@id\":\"https:\/\/www.dynavin.de\/fr\/produits\/produits\/carhifi\/accessoires-pour-carhifi\/glasklebeantenne-scheibenantenne-dvn-dabant-h\/#breadcrumb\"},\"inLanguage\":\"fr-FR\",\"potentialAction\":[{\"@type\":\"ReadAction\",\"target\":[\"https:\/\/www.dynavin.de\/fr\/produits\/produits\/carhifi\/accessoires-pour-carhifi\/glasklebeantenne-scheibenantenne-dvn-dabant-h\/\"]}]},{\"@type\":\"BreadcrumbList\",\"@id\":\"https:\/\/www.dynavin.de\/fr\/produits\/produits\/carhifi\/accessoires-pour-carhifi\/glasklebeantenne-scheibenantenne-dvn-dabant-h\/#breadcrumb\",\"itemListElement\":[{\"@type\":\"ListItem\",\"position\":1,\"name\":\"Startseite\",\"item\":\"https:\/\/www.dynavin.de\/fr\/\"},{\"@type\":\"ListItem\",\"position\":2,\"name\":\"Produits\",\"item\":\"https:\/\/www.dynavin.de\/fr\/shop\/\"},{\"@type\":\"ListItem\",\"position\":3,\"name\":\"Produits\",\"item\":\"https:\/\/www.dynavin.de\/fr\/categorie-produit\/produits\/\"},{\"@type\":\"ListItem\",\"position\":4,\"name\":\"Carhifi\",\"item\":\"https:\/\/www.dynavin.de\/fr\/categorie-produit\/produits\/carhifi\/\"},{\"@type\":\"ListItem\",\"position\":5,\"name\":\"Accessoires pour CarHifi\",\"item\":\"https:\/\/www.dynavin.de\/product-category\/produkte\/car-hifi\/zubehoer-car-hifi\/\"},{\"@type\":\"ListItem\",\"position\":6,\"name\":\"Antenne DAB Antenne adh\\u00e9sive pour verre\/ Antenne pour vitre DVN-DABANT-H\"}]}]}<\/script>\n<!-- \/ Yoast SEO Premium plugin. -->","yoast_head_json":{"title":"Antenne DAB Antenne adh\u00e9sive pour verre\/ Antenne pour vitre DVN-DABANT-H &ndash; Dynavin","robots":{"index":"index","follow":"follow","max-snippet":"max-snippet:-1","max-image-preview":"max-image-preview:large","max-video-preview":"max-video-preview:-1"},"canonical":"https:\/\/www.dynavin.de\/fr\/produits\/produits\/carhifi\/accessoires-pour-carhifi\/glasklebeantenne-scheibenantenne-dvn-dabant-h\/","og_locale":"fr_FR","og_type":"article","og_title":"Antenne DAB Antenne adh\u00e9sive pour verre\/ Antenne pour vitre DVN-DABANT-H","og_url":"https:\/\/www.dynavin.de\/fr\/produits\/produits\/carhifi\/accessoires-pour-carhifi\/glasklebeantenne-scheibenantenne-dvn-dabant-h\/","og_site_name":"Dynavin","article_publisher":"https:\/\/www.facebook.com\/dynavin.official","article_modified_time":"2024-10-20T16:49:09+00:00","og_image":[{"width":300,"height":300,"url":"https:\/\/www.dynavin.de\/wp-content\/uploads\/1655891696-DABANT-H-300X300.png","type":"image\/png"}],"twitter_card":"summary_large_image","schema":{"@context":"https:\/\/schema.org","@graph":[{"@type":"Organization","@id":"https:\/\/www.dynavin.de\/#organization","name":"Dynavin GmbH","url":"https:\/\/www.dynavin.de\/","sameAs":["https:\/\/www.facebook.com\/dynavin.official","https:\/\/www.instagram.com\/dynavin.official\/?hl=en","https:\/\/www.youtube.com\/user\/dynavin1"],"logo":{"@type":"ImageObject","@id":"https:\/\/www.dynavin.de\/#logo","inLanguage":"fr-FR","url":"https:\/\/www.dynavin.de\/wp-content\/uploads\/2018\/12\/dynavin-logo.png","contentUrl":"https:\/\/www.dynavin.de\/wp-content\/uploads\/2018\/12\/dynavin-logo.png","width":340,"height":156,"caption":"Dynavin GmbH"},"image":{"@id":"https:\/\/www.dynavin.de\/#logo"}},{"@type":"WebSite","@id":"https:\/\/www.dynavin.de\/#website","url":"https:\/\/www.dynavin.de\/","name":"Dynavin","description":"Navigation and Multimedia Solutions","publisher":{"@id":"https:\/\/www.dynavin.de\/#organization"},"potentialAction":[{"@type":"SearchAction","target":{"@type":"EntryPoint","urlTemplate":"https:\/\/www.dynavin.de\/?s={search_term_string}"},"query-input":"required name=search_term_string"}],"inLanguage":"fr-FR"},{"@type":"ImageObject","@id":"https:\/\/www.dynavin.de\/fr\/produits\/produits\/carhifi\/accessoires-pour-carhifi\/glasklebeantenne-scheibenantenne-dvn-dabant-h\/#primaryimage","inLanguage":"fr-FR","url":"https:\/\/www.dynavin.de\/wp-content\/uploads\/1655891696-DABANT-H-300X300.png","contentUrl":"https:\/\/www.dynavin.de\/wp-content\/uploads\/1655891696-DABANT-H-300X300.png","width":300,"height":300},{"@type":"WebPage","@id":"https:\/\/www.dynavin.de\/fr\/produits\/produits\/carhifi\/accessoires-pour-carhifi\/glasklebeantenne-scheibenantenne-dvn-dabant-h\/#webpage","url":"https:\/\/www.dynavin.de\/fr\/produits\/produits\/carhifi\/accessoires-pour-carhifi\/glasklebeantenne-scheibenantenne-dvn-dabant-h\/","name":"Antenne DAB Antenne adh\u00e9sive pour verre\/ Antenne pour vitre DVN-DABANT-H &ndash; Dynavin","isPartOf":{"@id":"https:\/\/www.dynavin.de\/#website"},"primaryImageOfPage":{"@id":"https:\/\/www.dynavin.de\/fr\/produits\/produits\/carhifi\/accessoires-pour-carhifi\/glasklebeantenne-scheibenantenne-dvn-dabant-h\/#primaryimage"},"datePublished":"2022-06-22T09:55:15+00:00","dateModified":"2024-10-20T16:49:09+00:00","breadcrumb":{"@id":"https:\/\/www.dynavin.de\/fr\/produits\/produits\/carhifi\/accessoires-pour-carhifi\/glasklebeantenne-scheibenantenne-dvn-dabant-h\/#breadcrumb"},"inLanguage":"fr-FR","potentialAction":[{"@type":"ReadAction","target":["https:\/\/www.dynavin.de\/fr\/produits\/produits\/carhifi\/accessoires-pour-carhifi\/glasklebeantenne-scheibenantenne-dvn-dabant-h\/"]}]},{"@type":"BreadcrumbList","@id":"https:\/\/www.dynavin.de\/fr\/produits\/produits\/carhifi\/accessoires-pour-carhifi\/glasklebeantenne-scheibenantenne-dvn-dabant-h\/#breadcrumb","itemListElement":[{"@type":"ListItem","position":1,"name":"Startseite","item":"https:\/\/www.dynavin.de\/fr\/"},{"@type":"ListItem","position":2,"name":"Produits","item":"https:\/\/www.dynavin.de\/fr\/shop\/"},{"@type":"ListItem","position":3,"name":"Produits","item":"https:\/\/www.dynavin.de\/fr\/categorie-produit\/produits\/"},{"@type":"ListItem","position":4,"name":"Carhifi","item":"https:\/\/www.dynavin.de\/fr\/categorie-produit\/produits\/carhifi\/"},{"@type":"ListItem","position":5,"name":"Accessoires pour CarHifi","item":"https:\/\/www.dynavin.de\/product-category\/produkte\/car-hifi\/zubehoer-car-hifi\/"},{"@type":"ListItem","position":6,"name":"Antenne DAB Antenne adh\u00e9sive pour verre\/ Antenne pour vitre DVN-DABANT-H"}]}]}},"_links":{"self":[{"href":"https:\/\/www.dynavin.de\/fr\/wp-json\/wp\/v2\/product\/67040"}],"collection":[{"href":"https:\/\/www.dynavin.de\/fr\/wp-json\/wp\/v2\/product"}],"about":[{"href":"https:\/\/www.dynavin.de\/fr\/wp-json\/wp\/v2\/types\/product"}],"replies":[{"embeddable":true,"href":"https:\/\/www.dynavin.de\/fr\/wp-json\/wp\/v2\/comments?post=67040"}],"wp:featuredmedia":[{"embeddable":true,"href":"https:\/\/www.dynavin.de\/fr\/wp-json\/wp\/v2\/media\/67043"}],"wp:attachment":[{"href":"https:\/\/www.dynavin.de\/fr\/wp-json\/wp\/v2\/media?parent=67040"}],"wp:term":[{"taxonomy":"product_cat","embeddable":true,"href":"https:\/\/www.dynavin.de\/fr\/wp-json\/wp\/v2\/product_cat?post=67040"},{"taxonomy":"product_tag","embeddable":true,"href":"https:\/\/www.dynavin.de\/fr\/wp-json\/wp\/v2\/product_tag?post=67040"},{"taxonomy":"fahrzeughersteller","embeddable":true,"href":"https:\/\/www.dynavin.de\/fr\/wp-json\/wp\/v2\/fahrzeughersteller?post=67040"},{"taxonomy":"product_status","embeddable":true,"href":"https:\/\/www.dynavin.de\/fr\/wp-json\/wp\/v2\/product_status?post=67040"}],"curies":[{"name":"wp","href":"https:\/\/api.w.org\/{rel}","templated":true}]}}