{"id":51506,"date":"2019-12-04T10:24:22","date_gmt":"2021-09-06T08:27:44","guid":{"rendered":"https:\/\/www.dynavin.de\/produits\/carhifi\/accessoires-pour-carhifi\/verlaengerungskabel-komplettset-5-m-iso-dvn-iso6m-fuer-bmw-e46-oder-e39\/"},"modified":"2026-03-19T11:58:36","modified_gmt":"2026-03-19T10:58:36","slug":"verlaengerungskabel-komplettset-5-m-iso-d8-ext6m-fuer-bmw-e46-e39-e53","status":"publish","type":"product","link":"https:\/\/www.dynavin.de\/fr\/produits\/produits\/carhifi\/accessoires-pour-carhifi\/verlaengerungskabel-komplettset-5-m-iso-d8-ext6m-fuer-bmw-e46-e39-e53\/","title":{"rendered":"DYNAVIN C\u00e2ble de connexion radio 6M C\u00e2ble d&#8217;extension Quadlock pour BMW E46 E39 E53"},"content":{"rendered":"\n<style type=\"text\/css\" data-created_by=\"avia_inline_auto\" id=\"style-css-av-av_one_half-79ff81c021393065cee878051452f6a6\">\n.flex_column.av-av_one_half-79ff81c021393065cee878051452f6a6{\nborder-radius:0px 0px 0px 0px;\n-webkit-border-radius:0px 0px 0px 0px;\n-moz-border-radius:0px 0px 0px 0px;\n}\n<\/style>\n<div class='flex_column av-av_one_half-79ff81c021393065cee878051452f6a6 av_one_half  avia-builder-el-0  el_before_av_one_half  avia-builder-el-first  first flex_column_div av-zero-column-padding '   ><style type=\"text\/css\" data-created_by=\"avia_inline_auto\" id=\"style-css-av-l2l90nfu-1b0bc0837f63cfce9bc53e884ea4a741\">\n#top .avia-gallery.av-l2l90nfu-1b0bc0837f63cfce9bc53e884ea4a741 .avia-gallery-thumb a{\nwidth:10%;\n}\n<\/style>\n<div  id=\"productsGallery\"  class='avia-gallery av-l2l90nfu-1b0bc0837f63cfce9bc53e884ea4a741 avia_animate_when_visible  avia-builder-el-1  avia-builder-el-no-sibling  animations_off avia-gallery-1'  itemprop=\"image\" itemscope=\"itemscope\" itemtype=\"https:\/\/schema.org\/ImageObject\" ><meta itemprop=\"contentURL\" content=\"https:\/\/www.dynavin.de\/fr\/produits\/produits\/carhifi\/accessoires-pour-carhifi\/verlaengerungskabel-komplettset-5-m-iso-d8-ext6m-fuer-bmw-e46-e39-e53\/\"><a class='avia-gallery-big fakeLightbox lightbox avia-gallery-big-crop-thumb ' href=\"https:\/\/www.dynavin.de\/wp-content\/uploads\/1651285235-D8-EXT6M-1.jpg\"  data-onclick='1' title='1651285235-D8 EXT6M-1' ><span class='avia-gallery-big-inner'  itemprop=\"thumbnailUrl\" ><img class=\"wp-image-65592 avia-img-lazy-loading-not-65592\"  width=\"1000\" height=\"750\" src=\"https:\/\/www.dynavin.de\/wp-content\/uploads\/1651285235-D8-EXT6M-1.jpg\" title='1651285235-D8 EXT6M-1' alt='' \/><\/span><\/a><div class='avia-gallery-thumb'><a href=\"https:\/\/www.dynavin.de\/wp-content\/uploads\/1651285235-D8-EXT6M-1.jpg\" data-rel='gallery-1' data-prev-img='https:\/\/www.dynavin.de\/wp-content\/uploads\/1651285235-D8-EXT6M-1.jpg' class='first_thumb lightbox ' data-onclick='1' title='1651285235-D8 EXT6M-1'  itemprop=\"thumbnailUrl\"  ><img class=\"wp-image-65592 avia-img-lazy-loading-not-65592\"   src=\"https:\/\/www.dynavin.de\/wp-content\/uploads\/1651285235-D8-EXT6M-1.jpg\" width=\"1000\" height=\"750\"  title='1651285235-D8 EXT6M-1' alt='' \/><div class='big-prev-fake'><img loading=\"lazy\" class=\"wp-image-65592 avia-img-lazy-loading-65592\"  width=\"1000\" height=\"750\" src=\"https:\/\/www.dynavin.de\/wp-content\/uploads\/1651285235-D8-EXT6M-1.jpg\" title='1651285235-D8 EXT6M-1' alt='' \/><\/div><\/a><a href=\"https:\/\/www.dynavin.de\/wp-content\/uploads\/1651284329-D8-EXT6M-2.jpg\" data-rel='gallery-1' data-prev-img='https:\/\/www.dynavin.de\/wp-content\/uploads\/1651284329-D8-EXT6M-2.jpg' class='lightbox ' data-onclick='2' title='1651284329-D8 EXT6M-2'  itemprop=\"thumbnailUrl\"  ><img class=\"wp-image-65575 avia-img-lazy-loading-not-65575\"   src=\"https:\/\/www.dynavin.de\/wp-content\/uploads\/1651284329-D8-EXT6M-2.jpg\" width=\"1000\" height=\"750\"  title='1651284329-D8 EXT6M-2' alt='' \/><div class='big-prev-fake'><img loading=\"lazy\" class=\"wp-image-65575 avia-img-lazy-loading-65575\"  width=\"1000\" height=\"750\" src=\"https:\/\/www.dynavin.de\/wp-content\/uploads\/1651284329-D8-EXT6M-2.jpg\" title='1651284329-D8 EXT6M-2' alt='' \/><\/div><\/a><a href=\"https:\/\/www.dynavin.de\/wp-content\/uploads\/1651284332-D8-EXT6M-3.jpg\" data-rel='gallery-1' data-prev-img='https:\/\/www.dynavin.de\/wp-content\/uploads\/1651284332-D8-EXT6M-3.jpg' class='lightbox ' data-onclick='3' title='1651284332-D8 EXT6M-3'  itemprop=\"thumbnailUrl\"  ><img class=\"wp-image-65578 avia-img-lazy-loading-not-65578\"   src=\"https:\/\/www.dynavin.de\/wp-content\/uploads\/1651284332-D8-EXT6M-3.jpg\" width=\"1000\" height=\"750\"  title='1651284332-D8 EXT6M-3' alt='' \/><div class='big-prev-fake'><img loading=\"lazy\" class=\"wp-image-65578 avia-img-lazy-loading-65578\"  width=\"1000\" height=\"750\" src=\"https:\/\/www.dynavin.de\/wp-content\/uploads\/1651284332-D8-EXT6M-3.jpg\" title='1651284332-D8 EXT6M-3' alt='' \/><\/div><\/a><\/div><\/div><\/div>\n<style type=\"text\/css\" data-created_by=\"avia_inline_auto\" id=\"style-css-av-av_one_half-49f6e875884219cf77c24341e550af53\">\n.flex_column.av-av_one_half-49f6e875884219cf77c24341e550af53{\nborder-radius:0px 0px 0px 0px;\n-webkit-border-radius:0px 0px 0px 0px;\n-moz-border-radius:0px 0px 0px 0px;\n}\n<\/style>\n<div class='flex_column av-av_one_half-49f6e875884219cf77c24341e550af53 av_one_half  avia-builder-el-2  el_after_av_one_half  el_before_av_hr  flex_column_div av-zero-column-padding '   ><section  id=\"mainTitleRightPic\"  class='av_textblock_section av-l2l94t3d-6ccc0395bebb58a63da54e9ffeafacff'  itemscope=\"itemscope\" itemtype=\"https:\/\/schema.org\/CreativeWork\" ><div class='avia_textblock'  itemprop=\"text\" ><h4>DYNAVIN C\u00e2ble de connexion radio 6M C\u00e2ble d&#8217;extension Quadlock pour BMW E46 E39 E53<\/h4>\n<h4>D8 EXT6M<\/h4>\n<hr \/>\n<\/div><\/section><br \/>\n<section  id=\"parts-descriptionBlock\"  class='av_textblock_section av-l2l96210-abec33159914348d63e9218d4a5882fe'  itemscope=\"itemscope\" itemtype=\"https:\/\/schema.org\/CreativeWork\" ><div class='avia_textblock'  itemprop=\"text\" ><ul>\n<li>Convient uniquement pour l&#8217;installation des syst\u00e8mes Dynavin 8 \/ Dynavin 9 dans les BMW E46 \/ E39 \/ E53 avec navigation OEM d&#8217;origine.<\/li>\n<li>La longueur du c\u00e2ble de rallonge est de 6 m\u00e8tres.<\/li>\n<li>Le c\u00e2ble de rallonge pour l&#8217;adaptateur d&#8217;antenne radio et le c\u00e2ble adaptateur Quadlock 40 broches vers Dynavin sont inclus.<\/li>\n<\/ul>\n<\/div><\/section><br \/>\n<div class='av-woo-purchase-button av-av_product_button-f73a11ccd29996a2a11249d534554c23  avia-builder-el-5  el_after_av_textblock  avia-builder-el-last '><p class=\"price\"><span class=\"woocommerce-Price-amount amount\"><bdi>50,00&nbsp;<span class=\"woocommerce-Price-currencySymbol\">&euro;<\/span><\/bdi><\/span><\/p><\/div><\/p><\/div><div  class='hr av-av_hr-4ccdf2dedb084c055e057e7e21dab92e hr-default  avia-builder-el-6  el_after_av_one_half  el_before_av_hr '><span class='hr-inner '><span class=\"hr-inner-style\"><\/span><\/span><\/div>\n\n<style type=\"text\/css\" data-created_by=\"avia_inline_auto\" id=\"style-css-av-av_hr-890a6e1196fc1c45c5ac9e4389f7e5dc\">\n#top .hr.hr-invisible.av-av_hr-890a6e1196fc1c45c5ac9e4389f7e5dc{\nheight:50px;\n}\n<\/style>\n<div  class='hr av-av_hr-890a6e1196fc1c45c5ac9e4389f7e5dc hr-invisible  avia-builder-el-7  el_after_av_hr  el_before_av_product_review '><span class='hr-inner '><span class=\"hr-inner-style\"><\/span><\/span><\/div>\n<div class='av-woo-product-review av-av_product_review-f73a11ccd29996a2a11249d534554c23  avia-builder-el-8  el_after_av_hr  avia-builder-el-last '><\/div>\n","protected":false},"excerpt":{"rendered":"<p>Jeu complet de c\u00e2bles d&#8217;extension<\/p>\n","protected":false},"featured_media":65582,"comment_status":"open","ping_status":"closed","template":"","meta":[],"product_cat":[1660],"product_tag":[1765],"fahrzeughersteller":[],"product_status":[],"acf":[],"yoast_head":"<!-- This site is optimized with the Yoast SEO Premium plugin v16.9 (Yoast SEO v17.8) - https:\/\/yoast.com\/wordpress\/plugins\/seo\/ -->\n<title>DYNAVIN C\u00e2ble de connexion radio 6M C\u00e2ble d&#039;extension Quadlock pour BMW E46 E39 E53 &ndash; Dynavin<\/title>\n<meta name=\"description\" content=\"Jeu complet de c\u00e2bles d&#039;extension\" \/>\n<meta name=\"robots\" content=\"index, follow, max-snippet:-1, max-image-preview:large, max-video-preview:-1\" \/>\n<link rel=\"canonical\" href=\"https:\/\/www.dynavin.de\/fr\/produits\/produits\/carhifi\/accessoires-pour-carhifi\/verlaengerungskabel-komplettset-5-m-iso-d8-ext6m-fuer-bmw-e46-e39-e53\/\" \/>\n<meta property=\"og:locale\" content=\"fr_FR\" \/>\n<meta property=\"og:type\" content=\"article\" \/>\n<meta property=\"og:title\" content=\"DYNAVIN C\u00e2ble de connexion radio 6M C\u00e2ble d&#039;extension Quadlock pour BMW E46 E39 E53\" \/>\n<meta property=\"og:description\" content=\"Jeu complet de c\u00e2bles d&#039;extension\" \/>\n<meta property=\"og:url\" content=\"https:\/\/www.dynavin.de\/fr\/produits\/produits\/carhifi\/accessoires-pour-carhifi\/verlaengerungskabel-komplettset-5-m-iso-d8-ext6m-fuer-bmw-e46-e39-e53\/\" \/>\n<meta property=\"og:site_name\" content=\"Dynavin\" \/>\n<meta property=\"article:publisher\" content=\"https:\/\/www.facebook.com\/dynavin.official\" \/>\n<meta property=\"article:modified_time\" content=\"2026-03-19T10:58:36+00:00\" \/>\n<meta property=\"og:image\" content=\"https:\/\/www.dynavin.de\/wp-content\/uploads\/1651284783-D8-EXT6M-300X300.png\" \/>\n\t<meta property=\"og:image:width\" content=\"300\" \/>\n\t<meta property=\"og:image:height\" content=\"300\" \/>\n<meta name=\"twitter:card\" content=\"summary_large_image\" \/>\n<script type=\"application\/ld+json\" class=\"yoast-schema-graph\">{\"@context\":\"https:\/\/schema.org\",\"@graph\":[{\"@type\":\"Organization\",\"@id\":\"https:\/\/www.dynavin.de\/#organization\",\"name\":\"Dynavin GmbH\",\"url\":\"https:\/\/www.dynavin.de\/\",\"sameAs\":[\"https:\/\/www.facebook.com\/dynavin.official\",\"https:\/\/www.instagram.com\/dynavin.official\/?hl=en\",\"https:\/\/www.youtube.com\/user\/dynavin1\"],\"logo\":{\"@type\":\"ImageObject\",\"@id\":\"https:\/\/www.dynavin.de\/#logo\",\"inLanguage\":\"fr-FR\",\"url\":\"https:\/\/www.dynavin.de\/wp-content\/uploads\/2018\/12\/dynavin-logo.png\",\"contentUrl\":\"https:\/\/www.dynavin.de\/wp-content\/uploads\/2018\/12\/dynavin-logo.png\",\"width\":340,\"height\":156,\"caption\":\"Dynavin GmbH\"},\"image\":{\"@id\":\"https:\/\/www.dynavin.de\/#logo\"}},{\"@type\":\"WebSite\",\"@id\":\"https:\/\/www.dynavin.de\/#website\",\"url\":\"https:\/\/www.dynavin.de\/\",\"name\":\"Dynavin\",\"description\":\"Navigation and Multimedia Solutions\",\"publisher\":{\"@id\":\"https:\/\/www.dynavin.de\/#organization\"},\"potentialAction\":[{\"@type\":\"SearchAction\",\"target\":{\"@type\":\"EntryPoint\",\"urlTemplate\":\"https:\/\/www.dynavin.de\/?s={search_term_string}\"},\"query-input\":\"required name=search_term_string\"}],\"inLanguage\":\"fr-FR\"},{\"@type\":\"ImageObject\",\"@id\":\"https:\/\/www.dynavin.de\/fr\/produits\/produits\/carhifi\/accessoires-pour-carhifi\/verlaengerungskabel-komplettset-5-m-iso-d8-ext6m-fuer-bmw-e46-e39-e53\/#primaryimage\",\"inLanguage\":\"fr-FR\",\"url\":\"https:\/\/www.dynavin.de\/wp-content\/uploads\/1651284783-D8-EXT6M-300X300.png\",\"contentUrl\":\"https:\/\/www.dynavin.de\/wp-content\/uploads\/1651284783-D8-EXT6M-300X300.png\",\"width\":300,\"height\":300},{\"@type\":\"WebPage\",\"@id\":\"https:\/\/www.dynavin.de\/fr\/produits\/produits\/carhifi\/accessoires-pour-carhifi\/verlaengerungskabel-komplettset-5-m-iso-d8-ext6m-fuer-bmw-e46-e39-e53\/#webpage\",\"url\":\"https:\/\/www.dynavin.de\/fr\/produits\/produits\/carhifi\/accessoires-pour-carhifi\/verlaengerungskabel-komplettset-5-m-iso-d8-ext6m-fuer-bmw-e46-e39-e53\/\",\"name\":\"DYNAVIN C\\u00e2ble de connexion radio 6M C\\u00e2ble d'extension Quadlock pour BMW E46 E39 E53 &ndash; Dynavin\",\"isPartOf\":{\"@id\":\"https:\/\/www.dynavin.de\/#website\"},\"primaryImageOfPage\":{\"@id\":\"https:\/\/www.dynavin.de\/fr\/produits\/produits\/carhifi\/accessoires-pour-carhifi\/verlaengerungskabel-komplettset-5-m-iso-d8-ext6m-fuer-bmw-e46-e39-e53\/#primaryimage\"},\"datePublished\":\"2021-09-06T08:27:44+00:00\",\"dateModified\":\"2026-03-19T10:58:36+00:00\",\"description\":\"Jeu complet de c\\u00e2bles d'extension\",\"breadcrumb\":{\"@id\":\"https:\/\/www.dynavin.de\/fr\/produits\/produits\/carhifi\/accessoires-pour-carhifi\/verlaengerungskabel-komplettset-5-m-iso-d8-ext6m-fuer-bmw-e46-e39-e53\/#breadcrumb\"},\"inLanguage\":\"fr-FR\",\"potentialAction\":[{\"@type\":\"ReadAction\",\"target\":[\"https:\/\/www.dynavin.de\/fr\/produits\/produits\/carhifi\/accessoires-pour-carhifi\/verlaengerungskabel-komplettset-5-m-iso-d8-ext6m-fuer-bmw-e46-e39-e53\/\"]}]},{\"@type\":\"BreadcrumbList\",\"@id\":\"https:\/\/www.dynavin.de\/fr\/produits\/produits\/carhifi\/accessoires-pour-carhifi\/verlaengerungskabel-komplettset-5-m-iso-d8-ext6m-fuer-bmw-e46-e39-e53\/#breadcrumb\",\"itemListElement\":[{\"@type\":\"ListItem\",\"position\":1,\"name\":\"Startseite\",\"item\":\"https:\/\/www.dynavin.de\/fr\/\"},{\"@type\":\"ListItem\",\"position\":2,\"name\":\"Produits\",\"item\":\"https:\/\/www.dynavin.de\/fr\/shop\/\"},{\"@type\":\"ListItem\",\"position\":3,\"name\":\"Produits\",\"item\":\"https:\/\/www.dynavin.de\/fr\/produit\/\"},{\"@type\":\"ListItem\",\"position\":4,\"name\":\"CarHifi\",\"item\":\"https:\/\/www.dynavin.de\/fr\/produit\/carhifi\/\"},{\"@type\":\"ListItem\",\"position\":5,\"name\":\"Accessoires pour CarHifi\",\"item\":\"https:\/\/www.dynavin.de\/fr\/produit\/carhifi\/accessoires-pour-carhifi\/\"},{\"@type\":\"ListItem\",\"position\":6,\"name\":\"DYNAVIN C\\u00e2ble de connexion radio 6M C\\u00e2ble d&#8217;extension Quadlock pour BMW E46 E39 E53\"}]}]}<\/script>\n<!-- \/ Yoast SEO Premium plugin. -->","yoast_head_json":{"title":"DYNAVIN C\u00e2ble de connexion radio 6M C\u00e2ble d'extension Quadlock pour BMW E46 E39 E53 &ndash; Dynavin","description":"Jeu complet de c\u00e2bles d'extension","robots":{"index":"index","follow":"follow","max-snippet":"max-snippet:-1","max-image-preview":"max-image-preview:large","max-video-preview":"max-video-preview:-1"},"canonical":"https:\/\/www.dynavin.de\/fr\/produits\/produits\/carhifi\/accessoires-pour-carhifi\/verlaengerungskabel-komplettset-5-m-iso-d8-ext6m-fuer-bmw-e46-e39-e53\/","og_locale":"fr_FR","og_type":"article","og_title":"DYNAVIN C\u00e2ble de connexion radio 6M C\u00e2ble d'extension Quadlock pour BMW E46 E39 E53","og_description":"Jeu complet de c\u00e2bles d'extension","og_url":"https:\/\/www.dynavin.de\/fr\/produits\/produits\/carhifi\/accessoires-pour-carhifi\/verlaengerungskabel-komplettset-5-m-iso-d8-ext6m-fuer-bmw-e46-e39-e53\/","og_site_name":"Dynavin","article_publisher":"https:\/\/www.facebook.com\/dynavin.official","article_modified_time":"2026-03-19T10:58:36+00:00","og_image":[{"width":300,"height":300,"url":"https:\/\/www.dynavin.de\/wp-content\/uploads\/1651284783-D8-EXT6M-300X300.png","type":"image\/png"}],"twitter_card":"summary_large_image","schema":{"@context":"https:\/\/schema.org","@graph":[{"@type":"Organization","@id":"https:\/\/www.dynavin.de\/#organization","name":"Dynavin GmbH","url":"https:\/\/www.dynavin.de\/","sameAs":["https:\/\/www.facebook.com\/dynavin.official","https:\/\/www.instagram.com\/dynavin.official\/?hl=en","https:\/\/www.youtube.com\/user\/dynavin1"],"logo":{"@type":"ImageObject","@id":"https:\/\/www.dynavin.de\/#logo","inLanguage":"fr-FR","url":"https:\/\/www.dynavin.de\/wp-content\/uploads\/2018\/12\/dynavin-logo.png","contentUrl":"https:\/\/www.dynavin.de\/wp-content\/uploads\/2018\/12\/dynavin-logo.png","width":340,"height":156,"caption":"Dynavin GmbH"},"image":{"@id":"https:\/\/www.dynavin.de\/#logo"}},{"@type":"WebSite","@id":"https:\/\/www.dynavin.de\/#website","url":"https:\/\/www.dynavin.de\/","name":"Dynavin","description":"Navigation and Multimedia Solutions","publisher":{"@id":"https:\/\/www.dynavin.de\/#organization"},"potentialAction":[{"@type":"SearchAction","target":{"@type":"EntryPoint","urlTemplate":"https:\/\/www.dynavin.de\/?s={search_term_string}"},"query-input":"required name=search_term_string"}],"inLanguage":"fr-FR"},{"@type":"ImageObject","@id":"https:\/\/www.dynavin.de\/fr\/produits\/produits\/carhifi\/accessoires-pour-carhifi\/verlaengerungskabel-komplettset-5-m-iso-d8-ext6m-fuer-bmw-e46-e39-e53\/#primaryimage","inLanguage":"fr-FR","url":"https:\/\/www.dynavin.de\/wp-content\/uploads\/1651284783-D8-EXT6M-300X300.png","contentUrl":"https:\/\/www.dynavin.de\/wp-content\/uploads\/1651284783-D8-EXT6M-300X300.png","width":300,"height":300},{"@type":"WebPage","@id":"https:\/\/www.dynavin.de\/fr\/produits\/produits\/carhifi\/accessoires-pour-carhifi\/verlaengerungskabel-komplettset-5-m-iso-d8-ext6m-fuer-bmw-e46-e39-e53\/#webpage","url":"https:\/\/www.dynavin.de\/fr\/produits\/produits\/carhifi\/accessoires-pour-carhifi\/verlaengerungskabel-komplettset-5-m-iso-d8-ext6m-fuer-bmw-e46-e39-e53\/","name":"DYNAVIN C\u00e2ble de connexion radio 6M C\u00e2ble d'extension Quadlock pour BMW E46 E39 E53 &ndash; Dynavin","isPartOf":{"@id":"https:\/\/www.dynavin.de\/#website"},"primaryImageOfPage":{"@id":"https:\/\/www.dynavin.de\/fr\/produits\/produits\/carhifi\/accessoires-pour-carhifi\/verlaengerungskabel-komplettset-5-m-iso-d8-ext6m-fuer-bmw-e46-e39-e53\/#primaryimage"},"datePublished":"2021-09-06T08:27:44+00:00","dateModified":"2026-03-19T10:58:36+00:00","description":"Jeu complet de c\u00e2bles d'extension","breadcrumb":{"@id":"https:\/\/www.dynavin.de\/fr\/produits\/produits\/carhifi\/accessoires-pour-carhifi\/verlaengerungskabel-komplettset-5-m-iso-d8-ext6m-fuer-bmw-e46-e39-e53\/#breadcrumb"},"inLanguage":"fr-FR","potentialAction":[{"@type":"ReadAction","target":["https:\/\/www.dynavin.de\/fr\/produits\/produits\/carhifi\/accessoires-pour-carhifi\/verlaengerungskabel-komplettset-5-m-iso-d8-ext6m-fuer-bmw-e46-e39-e53\/"]}]},{"@type":"BreadcrumbList","@id":"https:\/\/www.dynavin.de\/fr\/produits\/produits\/carhifi\/accessoires-pour-carhifi\/verlaengerungskabel-komplettset-5-m-iso-d8-ext6m-fuer-bmw-e46-e39-e53\/#breadcrumb","itemListElement":[{"@type":"ListItem","position":1,"name":"Startseite","item":"https:\/\/www.dynavin.de\/fr\/"},{"@type":"ListItem","position":2,"name":"Produits","item":"https:\/\/www.dynavin.de\/fr\/shop\/"},{"@type":"ListItem","position":3,"name":"Produits","item":"https:\/\/www.dynavin.de\/fr\/produit\/"},{"@type":"ListItem","position":4,"name":"CarHifi","item":"https:\/\/www.dynavin.de\/fr\/produit\/carhifi\/"},{"@type":"ListItem","position":5,"name":"Accessoires pour CarHifi","item":"https:\/\/www.dynavin.de\/fr\/produit\/carhifi\/accessoires-pour-carhifi\/"},{"@type":"ListItem","position":6,"name":"DYNAVIN C\u00e2ble de connexion radio 6M C\u00e2ble d&#8217;extension Quadlock pour BMW E46 E39 E53"}]}]}},"_links":{"self":[{"href":"https:\/\/www.dynavin.de\/fr\/wp-json\/wp\/v2\/product\/51506"}],"collection":[{"href":"https:\/\/www.dynavin.de\/fr\/wp-json\/wp\/v2\/product"}],"about":[{"href":"https:\/\/www.dynavin.de\/fr\/wp-json\/wp\/v2\/types\/product"}],"replies":[{"embeddable":true,"href":"https:\/\/www.dynavin.de\/fr\/wp-json\/wp\/v2\/comments?post=51506"}],"wp:featuredmedia":[{"embeddable":true,"href":"https:\/\/www.dynavin.de\/fr\/wp-json\/wp\/v2\/media\/65582"}],"wp:attachment":[{"href":"https:\/\/www.dynavin.de\/fr\/wp-json\/wp\/v2\/media?parent=51506"}],"wp:term":[{"taxonomy":"product_cat","embeddable":true,"href":"https:\/\/www.dynavin.de\/fr\/wp-json\/wp\/v2\/product_cat?post=51506"},{"taxonomy":"product_tag","embeddable":true,"href":"https:\/\/www.dynavin.de\/fr\/wp-json\/wp\/v2\/product_tag?post=51506"},{"taxonomy":"fahrzeughersteller","embeddable":true,"href":"https:\/\/www.dynavin.de\/fr\/wp-json\/wp\/v2\/fahrzeughersteller?post=51506"},{"taxonomy":"product_status","embeddable":true,"href":"https:\/\/www.dynavin.de\/fr\/wp-json\/wp\/v2\/product_status?post=51506"}],"curies":[{"name":"wp","href":"https:\/\/api.w.org\/{rel}","templated":true}]}}