{"id":51476,"date":"2019-05-02T08:51:40","date_gmt":"2021-09-06T07:00:33","guid":{"rendered":"https:\/\/www.dynavin.de\/produits\/camping-cars-et-vehicule-utilitaires\/accessoires-pour-camping-cars-et-vehicules-utilitaires\/digitalradio-tuner-n7-dab\/"},"modified":"2024-01-15T04:48:28","modified_gmt":"2024-01-15T03:48:28","slug":"digitalradio-tuner-n7-dab","status":"publish","type":"product","link":"https:\/\/www.dynavin.de\/fr\/produits\/produits\/carhifi\/accessoires-pour-carhifi\/digitalradio-tuner-n7-dab\/","title":{"rendered":"Tuner radio num\u00e9rique N7-DAB+"},"content":{"rendered":"\n<style type=\"text\/css\" data-created_by=\"avia_inline_auto\" id=\"style-css-av-4tr9lh-11f0703ef31890a5aadd20367e0871b0\">\n.flex_column.av-4tr9lh-11f0703ef31890a5aadd20367e0871b0{\nborder-radius:0px 0px 0px 0px;\n-webkit-border-radius:0px 0px 0px 0px;\n-moz-border-radius:0px 0px 0px 0px;\n}\n<\/style>\n<div class='flex_column av-4tr9lh-11f0703ef31890a5aadd20367e0871b0 av_one_half  avia-builder-el-0  el_before_av_one_half  avia-builder-el-first  first flex_column_div av-zero-column-padding '   ><style type=\"text\/css\" data-created_by=\"avia_inline_auto\" id=\"style-css-av-k3jwfen5-d4c2c4fda982bdf0ead78132ccb88880\">\n.avia-image-container.av-k3jwfen5-d4c2c4fda982bdf0ead78132ccb88880 .av-image-caption-overlay-center{\ncolor:#ffffff;\n}\n<\/style>\n<div  class='avia-image-container av-k3jwfen5-d4c2c4fda982bdf0ead78132ccb88880 av-styling- avia-align-center  avia-builder-el-1  avia-builder-el-no-sibling '  itemprop=\"image\" itemscope=\"itemscope\" itemtype=\"https:\/\/schema.org\/ImageObject\" ><div class=\"avia-image-container-inner\"><div class=\"avia-image-overlay-wrap\"><img class='avia-img-lazy-loading-not- avia_image' src=\"https:\/\/www.dynavin.de\/wp-content\/uploads\/ls-n7-dab-plus.png\" alt='' title=''   itemprop=\"thumbnailUrl\"  \/><\/div><\/div><\/div><\/div>\n\n<style type=\"text\/css\" data-created_by=\"avia_inline_auto\" id=\"style-css-av-23fj1h-c0ea7fa7dfdfad5d5a7ecece58c981ef\">\n.flex_column.av-23fj1h-c0ea7fa7dfdfad5d5a7ecece58c981ef{\nborder-radius:0px 0px 0px 0px;\n-webkit-border-radius:0px 0px 0px 0px;\n-moz-border-radius:0px 0px 0px 0px;\n}\n<\/style>\n<div class='flex_column av-23fj1h-c0ea7fa7dfdfad5d5a7ecece58c981ef av_one_half  avia-builder-el-2  el_after_av_one_half  el_before_av_tab_container  flex_column_div av-zero-column-padding '   ><section  class='av_textblock_section av-7jrn79-b0cbaecfbd162df1cd411458cf67ad94'  itemscope=\"itemscope\" itemtype=\"https:\/\/schema.org\/CreativeWork\" ><div class='avia_textblock'  itemprop=\"text\" ><h2>Tuner radio num\u00e9rique DAB+ adapt\u00e9 \u00e0 tous les appareils de navigation de la plateforme N7<\/h2>\n<p>Le tuner radio num\u00e9rique N7-DAB+ apporte la radio num\u00e9rique \u00e0 votre appareil de navigation N7 !<br \/>\nLa radio num\u00e9rique est recommand\u00e9e pour profiter d&#8217;une radio sans interf\u00e9rences, avec une qualit\u00e9 sonore optimale et une grande facilit\u00e9 d&#8217;utilisation. En particulier dans la voiture, la radio num\u00e9rique peut faire valoir ses atouts, car les bruits ou les interf\u00e9rences appartiennent au pass\u00e9, tout comme, par exemple, l&#8217;ennuyeuse recherche de fr\u00e9quences. La technologie de r\u00e9ception num\u00e9rique par trajets multiples assure une qualit\u00e9 de transmission brillante, m\u00eame \u00e0 grande vitesse.<br \/>\nGr\u00e2ce \u00e0 la technologie de mixage sans faille, une r\u00e9ception continue et sans interf\u00e9rence est garantie.<\/p>\n<p>Le tuner radio num\u00e9rique DAB+ peut \u00eatre command\u00e9 via l&#8217;\u00e9cran tactile.<\/p>\n<\/div><\/section><br \/>\n\n<style type=\"text\/css\" data-created_by=\"avia_inline_auto\" id=\"style-css-av-k8efwaa1-e1f943e9844b0b070245f345b1e35c63\">\n#top .hr.hr-invisible.av-k8efwaa1-e1f943e9844b0b070245f345b1e35c63{\nheight:20px;\n}\n<\/style>\n<div  class='hr av-k8efwaa1-e1f943e9844b0b070245f345b1e35c63 hr-invisible  avia-builder-el-4  el_after_av_textblock  el_before_av_product_button '><span class='hr-inner '><span class=\"hr-inner-style\"><\/span><\/span><\/div><br \/>\n<div class='av-woo-purchase-button av-av_product_button-f73a11ccd29996a2a11249d534554c23  avia-builder-el-5  el_after_av_hr  avia-builder-el-last '><p class=\"price\"><span class=\"woocommerce-Price-amount amount\"><bdi>99,00&nbsp;<span class=\"woocommerce-Price-currencySymbol\">&euro;<\/span><\/bdi><\/span><\/p><\/div><\/p><\/div><div  class='tabcontainer av-jqgge1g1-d1119378e871ac573a9dc0099d9a6be1 top_tab  avia-builder-el-6  el_after_av_one_half  el_before_av_section  avia-builder-el-last ' role='tablist'>\n<section class='av_tab_section av_tab_section av-av_tab-da049b9f3faed634a3d44cb12a289982'  itemscope=\"itemscope\" itemtype=\"https:\/\/schema.org\/CreativeWork\" ><div class='tab active_tab' role='tab' tabindex='0' data-fake-id='#tab-id-1' aria-controls='tab-id-1-content'  itemprop=\"headline\" >Informations pour la commande<\/div><div id='tab-id-1-content' class='tab_content active_tab_content' aria-hidden=\"false\"><div class='tab_inner_content invers-color'  itemprop=\"text\" ><h3>Num\u00e9ro d&#8217;article : N7-DAB+<\/h3>\n<\/div><\/div><\/section>\n<section class='av_tab_section av_tab_section av-av_tab-59f8fd57dbdca6bbc3b1cd17deee53ba'  itemscope=\"itemscope\" itemtype=\"https:\/\/schema.org\/CreativeWork\" ><div class='tab' role='tab' tabindex='0' data-fake-id='#tab-id-2' aria-controls='tab-id-2-content'  itemprop=\"headline\" >Donn\u00e9es techniques<\/div><div id='tab-id-2-content' class='tab_content' aria-hidden=\"true\"><div class='tab_inner_content invers-color'  itemprop=\"text\" ><p>Convient \u00e0 tous les appareils de navigation N7<\/p>\n<\/div><\/div><\/section>\n<\/div>\n<\/div><\/div><\/div><!-- close content main div --><\/div><\/div>\n<style type=\"text\/css\" data-created_by=\"avia_inline_auto\" id=\"style-css-av-ju9kegpf-57100ca9325de91a87da9ff8850117c7\">\n.avia-section.av-ju9kegpf-57100ca9325de91a87da9ff8850117c7{\nbackground-color:#f2f2f2;\nbackground-image:unset;\n}\n<\/style>\n<div id='av_section_1'  class='avia-section av-ju9kegpf-57100ca9325de91a87da9ff8850117c7 main_color avia-section-default avia-no-border-styling  avia-builder-el-7  el_after_av_tab_container  el_before_av_hr  avia-bg-style-scroll container_wrap fullsize'  ><div class='container av-section-cont-open' ><div class='template-page content  av-content-full alpha units'><div class='post-entry post-entry-type-page post-entry-51476'><div class='entry-content-wrapper clearfix'>\n\n<style type=\"text\/css\" data-created_by=\"avia_inline_auto\" id=\"style-css-av-4ck9n9-53a89b08fe2eacc9ddb95f53a1e36fe0\">\n.flex_column.av-4ck9n9-53a89b08fe2eacc9ddb95f53a1e36fe0{\nborder-radius:0px 0px 0px 0px;\n-webkit-border-radius:0px 0px 0px 0px;\n-moz-border-radius:0px 0px 0px 0px;\n}\n<\/style>\n<div class='flex_column av-4ck9n9-53a89b08fe2eacc9ddb95f53a1e36fe0 av_one_half  avia-builder-el-8  el_before_av_one_half  avia-builder-el-first  first flex_column_div av-zero-column-padding '   ><style type=\"text\/css\" data-created_by=\"avia_inline_auto\" id=\"style-css-av-ju9kb0ym-dcc40d26a7f71eb585568d98f1dd81db\">\n.avia-image-container.av-ju9kb0ym-dcc40d26a7f71eb585568d98f1dd81db .av-image-caption-overlay-center{\ncolor:#ffffff;\n}\n<\/style>\n<div  class='avia-image-container av-ju9kb0ym-dcc40d26a7f71eb585568d98f1dd81db av-styling- avia-align-center  avia-builder-el-9  avia-builder-el-no-sibling '  itemprop=\"image\" itemscope=\"itemscope\" itemtype=\"https:\/\/schema.org\/ImageObject\" ><div class=\"avia-image-container-inner\"><div class=\"avia-image-overlay-wrap\"><img class='wp-image-60969 avia-img-lazy-loading-not-60969 avia_image' src=\"https:\/\/www.dynavin.de\/wp-content\/uploads\/dynavin-n7-dab-plus-tipps-optimalen-radioempfang.png\" alt='' title='dynavin-n7-dab-plus-tipps-optimalen-radioempfang'  height=\"500\" width=\"900\"  itemprop=\"thumbnailUrl\"  \/><\/div><\/div><\/div><\/div>\n<style type=\"text\/css\" data-created_by=\"avia_inline_auto\" id=\"style-css-av-38yxx1-ca28d58f01ecb146dd54b7221ac76ebf\">\n.flex_column.av-38yxx1-ca28d58f01ecb146dd54b7221ac76ebf{\nborder-radius:0px 0px 0px 0px;\n-webkit-border-radius:0px 0px 0px 0px;\n-moz-border-radius:0px 0px 0px 0px;\n}\n<\/style>\n<div class='flex_column av-38yxx1-ca28d58f01ecb146dd54b7221ac76ebf av_one_half  avia-builder-el-10  el_after_av_one_half  avia-builder-el-last  flex_column_div av-zero-column-padding '   ><section  class='av_textblock_section av-ju9ke4z6-7da879c69c78d4052feba0d43d2cfe51'  itemscope=\"itemscope\" itemtype=\"https:\/\/schema.org\/CreativeWork\" ><div class='avia_textblock'  itemprop=\"text\" ><h2>Conseils pour une r\u00e9ception radio optimale<\/h2>\n<p>De nombreux facteurs jouent un r\u00f4le dans la bonne r\u00e9ception radio dans un camping-car ou un van. Tout d&#8217;abord, il vous faut un autoradio \u00e9quip\u00e9 d&#8217;un tuner radio num\u00e9rique DAB+ ou d&#8217;un adaptateur DAB+ tel que le <strong>N7-DAB+<\/strong> de Dynavin. Toutefois, pour recevoir les ondes radio de mani\u00e8re optimale \u00e0 tout moment, un syst\u00e8me d&#8217;antenne est \u00e9galement n\u00e9cessaire. Dans les camping-cars, l&#8217;antenne int\u00e9gr\u00e9e est souvent insuffisante et doit \u00eatre adapt\u00e9e. Toutes les solutions ne sont pas adapt\u00e9es \u00e0 tous les types de v\u00e9hicules.<br \/>\nDemandez \u00e0 votre revendeur sp\u00e9cialis\u00e9 et veillez \u00e0 faire installer le syst\u00e8me d&#8217;antenne par un atelier !<\/p>\n<p>Plus d&#8217;informations sur <a href=\"http:\/\/www.promobil.de\/werkstatt\/radioempfang-im-wohnmobil-optimieren-tipps\/\">www.promobil.de\/werkstatt\/radioempfang-im-wohnmobil-optimieren-tipps\/<\/a><\/p>\n<\/div><\/section><\/div>\n<\/div><\/div><\/div><!-- close content main div --><\/div><\/div><div id='after_section_1'  class='main_color av_default_container_wrap container_wrap fullsize'  ><div class='container av-section-cont-open' ><div class='template-page content  av-content-full alpha units'><div class='post-entry post-entry-type-page post-entry-51476'><div class='entry-content-wrapper clearfix'>\n\n<style type=\"text\/css\" data-created_by=\"avia_inline_auto\" id=\"style-css-av-kmkd6l60-0db76a8b73bb6b590629dab0b31faed4\">\n#top .hr.hr-invisible.av-kmkd6l60-0db76a8b73bb6b590629dab0b31faed4{\nheight:50px;\n}\n<\/style>\n<div  class='hr av-kmkd6l60-0db76a8b73bb6b590629dab0b31faed4 hr-invisible  avia-builder-el-12  el_after_av_section  el_before_av_product_review  avia-builder-el-first '><span class='hr-inner '><span class=\"hr-inner-style\"><\/span><\/span><\/div>\n<div class='av-woo-product-review av-av_product_review-f73a11ccd29996a2a11249d534554c23  avia-builder-el-13  el_after_av_hr  avia-builder-el-last '><\/div>\n","protected":false},"excerpt":{"rendered":"<p>Tuner radio num\u00e9rique<\/p>\n","protected":false},"featured_media":19397,"comment_status":"open","ping_status":"closed","template":"","meta":[],"product_cat":[1661,1660],"product_tag":[1753],"fahrzeughersteller":[],"product_status":[],"acf":[],"yoast_head":"<!-- This site is optimized with the Yoast SEO Premium plugin v16.9 (Yoast SEO v17.8) - https:\/\/yoast.com\/wordpress\/plugins\/seo\/ -->\n<title>Tuner radio num\u00e9rique N7-DAB+ &ndash; Dynavin<\/title>\n<meta name=\"description\" content=\"Tuner radio num\u00e9rique\" \/>\n<meta name=\"robots\" content=\"index, follow, max-snippet:-1, max-image-preview:large, max-video-preview:-1\" \/>\n<link rel=\"canonical\" href=\"https:\/\/www.dynavin.de\/fr\/produits\/produits\/carhifi\/accessoires-pour-carhifi\/digitalradio-tuner-n7-dab\/\" \/>\n<meta property=\"og:locale\" content=\"fr_FR\" \/>\n<meta property=\"og:type\" content=\"article\" \/>\n<meta property=\"og:title\" content=\"Tuner radio num\u00e9rique N7-DAB+\" \/>\n<meta property=\"og:description\" content=\"Tuner radio num\u00e9rique\" \/>\n<meta property=\"og:url\" content=\"https:\/\/www.dynavin.de\/fr\/produits\/produits\/carhifi\/accessoires-pour-carhifi\/digitalradio-tuner-n7-dab\/\" \/>\n<meta property=\"og:site_name\" content=\"Dynavin\" \/>\n<meta property=\"article:publisher\" content=\"https:\/\/www.facebook.com\/dynavin.official\" \/>\n<meta property=\"article:modified_time\" content=\"2024-01-15T03:48:28+00:00\" \/>\n<meta property=\"og:image\" content=\"https:\/\/www.dynavin.de\/wp-content\/uploads\/dab-plus_tn.png\" \/>\n\t<meta property=\"og:image:width\" content=\"300\" \/>\n\t<meta property=\"og:image:height\" content=\"300\" \/>\n<meta name=\"twitter:card\" content=\"summary_large_image\" \/>\n<script type=\"application\/ld+json\" class=\"yoast-schema-graph\">{\"@context\":\"https:\/\/schema.org\",\"@graph\":[{\"@type\":\"Organization\",\"@id\":\"https:\/\/www.dynavin.de\/#organization\",\"name\":\"Dynavin GmbH\",\"url\":\"https:\/\/www.dynavin.de\/\",\"sameAs\":[\"https:\/\/www.facebook.com\/dynavin.official\",\"https:\/\/www.instagram.com\/dynavin.official\/?hl=en\",\"https:\/\/www.youtube.com\/user\/dynavin1\"],\"logo\":{\"@type\":\"ImageObject\",\"@id\":\"https:\/\/www.dynavin.de\/#logo\",\"inLanguage\":\"fr-FR\",\"url\":\"https:\/\/www.dynavin.de\/wp-content\/uploads\/2018\/12\/dynavin-logo.png\",\"contentUrl\":\"https:\/\/www.dynavin.de\/wp-content\/uploads\/2018\/12\/dynavin-logo.png\",\"width\":340,\"height\":156,\"caption\":\"Dynavin GmbH\"},\"image\":{\"@id\":\"https:\/\/www.dynavin.de\/#logo\"}},{\"@type\":\"WebSite\",\"@id\":\"https:\/\/www.dynavin.de\/#website\",\"url\":\"https:\/\/www.dynavin.de\/\",\"name\":\"Dynavin\",\"description\":\"Navigation and Multimedia Solutions\",\"publisher\":{\"@id\":\"https:\/\/www.dynavin.de\/#organization\"},\"potentialAction\":[{\"@type\":\"SearchAction\",\"target\":{\"@type\":\"EntryPoint\",\"urlTemplate\":\"https:\/\/www.dynavin.de\/?s={search_term_string}\"},\"query-input\":\"required name=search_term_string\"}],\"inLanguage\":\"fr-FR\"},{\"@type\":\"ImageObject\",\"@id\":\"https:\/\/www.dynavin.de\/fr\/produits\/produits\/carhifi\/accessoires-pour-carhifi\/digitalradio-tuner-n7-dab\/#primaryimage\",\"inLanguage\":\"fr-FR\",\"url\":\"https:\/\/www.dynavin.de\/wp-content\/uploads\/dab-plus_tn.png\",\"contentUrl\":\"https:\/\/www.dynavin.de\/wp-content\/uploads\/dab-plus_tn.png\",\"width\":300,\"height\":300},{\"@type\":\"WebPage\",\"@id\":\"https:\/\/www.dynavin.de\/fr\/produits\/produits\/carhifi\/accessoires-pour-carhifi\/digitalradio-tuner-n7-dab\/#webpage\",\"url\":\"https:\/\/www.dynavin.de\/fr\/produits\/produits\/carhifi\/accessoires-pour-carhifi\/digitalradio-tuner-n7-dab\/\",\"name\":\"Tuner radio num\\u00e9rique N7-DAB+ &ndash; Dynavin\",\"isPartOf\":{\"@id\":\"https:\/\/www.dynavin.de\/#website\"},\"primaryImageOfPage\":{\"@id\":\"https:\/\/www.dynavin.de\/fr\/produits\/produits\/carhifi\/accessoires-pour-carhifi\/digitalradio-tuner-n7-dab\/#primaryimage\"},\"datePublished\":\"2021-09-06T07:00:33+00:00\",\"dateModified\":\"2024-01-15T03:48:28+00:00\",\"description\":\"Tuner radio num\\u00e9rique\",\"breadcrumb\":{\"@id\":\"https:\/\/www.dynavin.de\/fr\/produits\/produits\/carhifi\/accessoires-pour-carhifi\/digitalradio-tuner-n7-dab\/#breadcrumb\"},\"inLanguage\":\"fr-FR\",\"potentialAction\":[{\"@type\":\"ReadAction\",\"target\":[\"https:\/\/www.dynavin.de\/fr\/produits\/produits\/carhifi\/accessoires-pour-carhifi\/digitalradio-tuner-n7-dab\/\"]}]},{\"@type\":\"BreadcrumbList\",\"@id\":\"https:\/\/www.dynavin.de\/fr\/produits\/produits\/carhifi\/accessoires-pour-carhifi\/digitalradio-tuner-n7-dab\/#breadcrumb\",\"itemListElement\":[{\"@type\":\"ListItem\",\"position\":1,\"name\":\"Startseite\",\"item\":\"https:\/\/www.dynavin.de\/fr\/\"},{\"@type\":\"ListItem\",\"position\":2,\"name\":\"Produits\",\"item\":\"https:\/\/www.dynavin.de\/fr\/shop\/\"},{\"@type\":\"ListItem\",\"position\":3,\"name\":\"Produits\",\"item\":\"https:\/\/www.dynavin.de\/fr\/produit\/\"},{\"@type\":\"ListItem\",\"position\":4,\"name\":\"Camping-cars et v\\u00e9hicules utilitaires\",\"item\":\"https:\/\/www.dynavin.de\/fr\/produit\/camping-cars-et-vehicule-utilitaires\/\"},{\"@type\":\"ListItem\",\"position\":5,\"name\":\"Accessoires pour camping-cars et v\\u00e9hicules utilitaires\",\"item\":\"https:\/\/www.dynavin.de\/fr\/produit\/camping-cars-et-vehicule-utilitaires\/accessoires-pour-camping-cars-et-vehicules-utilitaires\/\"},{\"@type\":\"ListItem\",\"position\":6,\"name\":\"Tuner radio num\\u00e9rique N7-DAB+\"}]}]}<\/script>\n<!-- \/ Yoast SEO Premium plugin. -->","yoast_head_json":{"title":"Tuner radio num\u00e9rique N7-DAB+ &ndash; Dynavin","description":"Tuner radio num\u00e9rique","robots":{"index":"index","follow":"follow","max-snippet":"max-snippet:-1","max-image-preview":"max-image-preview:large","max-video-preview":"max-video-preview:-1"},"canonical":"https:\/\/www.dynavin.de\/fr\/produits\/produits\/carhifi\/accessoires-pour-carhifi\/digitalradio-tuner-n7-dab\/","og_locale":"fr_FR","og_type":"article","og_title":"Tuner radio num\u00e9rique N7-DAB+","og_description":"Tuner radio num\u00e9rique","og_url":"https:\/\/www.dynavin.de\/fr\/produits\/produits\/carhifi\/accessoires-pour-carhifi\/digitalradio-tuner-n7-dab\/","og_site_name":"Dynavin","article_publisher":"https:\/\/www.facebook.com\/dynavin.official","article_modified_time":"2024-01-15T03:48:28+00:00","og_image":[{"width":300,"height":300,"url":"https:\/\/www.dynavin.de\/wp-content\/uploads\/dab-plus_tn.png","type":"image\/png"}],"twitter_card":"summary_large_image","schema":{"@context":"https:\/\/schema.org","@graph":[{"@type":"Organization","@id":"https:\/\/www.dynavin.de\/#organization","name":"Dynavin GmbH","url":"https:\/\/www.dynavin.de\/","sameAs":["https:\/\/www.facebook.com\/dynavin.official","https:\/\/www.instagram.com\/dynavin.official\/?hl=en","https:\/\/www.youtube.com\/user\/dynavin1"],"logo":{"@type":"ImageObject","@id":"https:\/\/www.dynavin.de\/#logo","inLanguage":"fr-FR","url":"https:\/\/www.dynavin.de\/wp-content\/uploads\/2018\/12\/dynavin-logo.png","contentUrl":"https:\/\/www.dynavin.de\/wp-content\/uploads\/2018\/12\/dynavin-logo.png","width":340,"height":156,"caption":"Dynavin GmbH"},"image":{"@id":"https:\/\/www.dynavin.de\/#logo"}},{"@type":"WebSite","@id":"https:\/\/www.dynavin.de\/#website","url":"https:\/\/www.dynavin.de\/","name":"Dynavin","description":"Navigation and Multimedia Solutions","publisher":{"@id":"https:\/\/www.dynavin.de\/#organization"},"potentialAction":[{"@type":"SearchAction","target":{"@type":"EntryPoint","urlTemplate":"https:\/\/www.dynavin.de\/?s={search_term_string}"},"query-input":"required name=search_term_string"}],"inLanguage":"fr-FR"},{"@type":"ImageObject","@id":"https:\/\/www.dynavin.de\/fr\/produits\/produits\/carhifi\/accessoires-pour-carhifi\/digitalradio-tuner-n7-dab\/#primaryimage","inLanguage":"fr-FR","url":"https:\/\/www.dynavin.de\/wp-content\/uploads\/dab-plus_tn.png","contentUrl":"https:\/\/www.dynavin.de\/wp-content\/uploads\/dab-plus_tn.png","width":300,"height":300},{"@type":"WebPage","@id":"https:\/\/www.dynavin.de\/fr\/produits\/produits\/carhifi\/accessoires-pour-carhifi\/digitalradio-tuner-n7-dab\/#webpage","url":"https:\/\/www.dynavin.de\/fr\/produits\/produits\/carhifi\/accessoires-pour-carhifi\/digitalradio-tuner-n7-dab\/","name":"Tuner radio num\u00e9rique N7-DAB+ &ndash; Dynavin","isPartOf":{"@id":"https:\/\/www.dynavin.de\/#website"},"primaryImageOfPage":{"@id":"https:\/\/www.dynavin.de\/fr\/produits\/produits\/carhifi\/accessoires-pour-carhifi\/digitalradio-tuner-n7-dab\/#primaryimage"},"datePublished":"2021-09-06T07:00:33+00:00","dateModified":"2024-01-15T03:48:28+00:00","description":"Tuner radio num\u00e9rique","breadcrumb":{"@id":"https:\/\/www.dynavin.de\/fr\/produits\/produits\/carhifi\/accessoires-pour-carhifi\/digitalradio-tuner-n7-dab\/#breadcrumb"},"inLanguage":"fr-FR","potentialAction":[{"@type":"ReadAction","target":["https:\/\/www.dynavin.de\/fr\/produits\/produits\/carhifi\/accessoires-pour-carhifi\/digitalradio-tuner-n7-dab\/"]}]},{"@type":"BreadcrumbList","@id":"https:\/\/www.dynavin.de\/fr\/produits\/produits\/carhifi\/accessoires-pour-carhifi\/digitalradio-tuner-n7-dab\/#breadcrumb","itemListElement":[{"@type":"ListItem","position":1,"name":"Startseite","item":"https:\/\/www.dynavin.de\/fr\/"},{"@type":"ListItem","position":2,"name":"Produits","item":"https:\/\/www.dynavin.de\/fr\/shop\/"},{"@type":"ListItem","position":3,"name":"Produits","item":"https:\/\/www.dynavin.de\/fr\/produit\/"},{"@type":"ListItem","position":4,"name":"Camping-cars et v\u00e9hicules utilitaires","item":"https:\/\/www.dynavin.de\/fr\/produit\/camping-cars-et-vehicule-utilitaires\/"},{"@type":"ListItem","position":5,"name":"Accessoires pour camping-cars et v\u00e9hicules utilitaires","item":"https:\/\/www.dynavin.de\/fr\/produit\/camping-cars-et-vehicule-utilitaires\/accessoires-pour-camping-cars-et-vehicules-utilitaires\/"},{"@type":"ListItem","position":6,"name":"Tuner radio num\u00e9rique N7-DAB+"}]}]}},"_links":{"self":[{"href":"https:\/\/www.dynavin.de\/fr\/wp-json\/wp\/v2\/product\/51476"}],"collection":[{"href":"https:\/\/www.dynavin.de\/fr\/wp-json\/wp\/v2\/product"}],"about":[{"href":"https:\/\/www.dynavin.de\/fr\/wp-json\/wp\/v2\/types\/product"}],"replies":[{"embeddable":true,"href":"https:\/\/www.dynavin.de\/fr\/wp-json\/wp\/v2\/comments?post=51476"}],"wp:featuredmedia":[{"embeddable":true,"href":"https:\/\/www.dynavin.de\/fr\/wp-json\/wp\/v2\/media\/19397"}],"wp:attachment":[{"href":"https:\/\/www.dynavin.de\/fr\/wp-json\/wp\/v2\/media?parent=51476"}],"wp:term":[{"taxonomy":"product_cat","embeddable":true,"href":"https:\/\/www.dynavin.de\/fr\/wp-json\/wp\/v2\/product_cat?post=51476"},{"taxonomy":"product_tag","embeddable":true,"href":"https:\/\/www.dynavin.de\/fr\/wp-json\/wp\/v2\/product_tag?post=51476"},{"taxonomy":"fahrzeughersteller","embeddable":true,"href":"https:\/\/www.dynavin.de\/fr\/wp-json\/wp\/v2\/fahrzeughersteller?post=51476"},{"taxonomy":"product_status","embeddable":true,"href":"https:\/\/www.dynavin.de\/fr\/wp-json\/wp\/v2\/product_status?post=51476"}],"curies":[{"name":"wp","href":"https:\/\/api.w.org\/{rel}","templated":true}]}}