{"id":51468,"date":"2020-06-24T09:40:10","date_gmt":"2021-09-06T06:37:42","guid":{"rendered":"https:\/\/www.dynavin.de\/produits\/carhifi\/accessoires-pour-carhifi\/ecall-schnittstelle-fuer-vag-fahrzeuge-ab-2018-dvn-ecall-vag\/"},"modified":"2026-01-10T10:51:46","modified_gmt":"2026-01-10T09:51:46","slug":"ecall-schnittstelle-fuer-vag-fahrzeuge-ab-2018-dvn-ecall-vag","status":"publish","type":"product","link":"https:\/\/www.dynavin.de\/fr\/produits\/produits\/carhifi\/accessoires-pour-carhifi\/ecall-schnittstelle-fuer-vag-fahrzeuge-ab-2018-dvn-ecall-vag\/","title":{"rendered":"eCall Schnittstelle f\u00fcr VAG Fahrzeuge ab 2018 DVN ECALL VAG"},"content":{"rendered":"\n<style type=\"text\/css\" data-created_by=\"avia_inline_auto\" id=\"style-css-av-10dcq6n-41191b17f55adb20c0f40d89a7946563\">\n.flex_column.av-10dcq6n-41191b17f55adb20c0f40d89a7946563{\nborder-radius:0px 0px 0px 0px;\n-webkit-border-radius:0px 0px 0px 0px;\n-moz-border-radius:0px 0px 0px 0px;\n}\n<\/style>\n<div class='flex_column av-10dcq6n-41191b17f55adb20c0f40d89a7946563 av_one_half  avia-builder-el-0  el_before_av_one_half  avia-builder-el-first  first flex_column_div av-zero-column-padding '   ><style type=\"text\/css\" data-created_by=\"avia_inline_auto\" id=\"style-css-av-k3ssze2o-014a7a3148591d17effcd081456b607d\">\n#top .avia-gallery.av-k3ssze2o-014a7a3148591d17effcd081456b607d .avia-gallery-thumb a{\nwidth:20%;\n}\n<\/style>\n<div  class='avia-gallery av-k3ssze2o-014a7a3148591d17effcd081456b607d avia_animate_when_visible  avia-builder-el-1  avia-builder-el-no-sibling  avia_lazyload avia-gallery-animate avia-gallery-1'  itemprop=\"image\" itemscope=\"itemscope\" itemtype=\"https:\/\/schema.org\/ImageObject\" ><meta itemprop=\"contentURL\" content=\"https:\/\/www.dynavin.de\/fr\/produits\/produits\/carhifi\/accessoires-pour-carhifi\/ecall-schnittstelle-fuer-vag-fahrzeuge-ab-2018-dvn-ecall-vag\/\"><a class='avia-gallery-big fakeLightbox lightbox avia-gallery-big-crop-thumb ' href=\"https:\/\/www.dynavin.de\/wp-content\/uploads\/eCall-retention-interface_shop.jpg\"  data-onclick='1' title='eCall Schnittstelle' ><span class='avia-gallery-big-inner'  itemprop=\"thumbnailUrl\" ><img class=\"wp-image-20586 avia-img-lazy-loading-not-20586\"  width=\"449\" height=\"400\" src=\"https:\/\/www.dynavin.de\/wp-content\/uploads\/eCall-retention-interface_shop.jpg\" title='eCall-retention-interface_shop' alt='' \/><span class='avia-gallery-caption'>eCall Schnittstelle<\/span><\/span><\/a><div class='avia-gallery-thumb'><a href=\"https:\/\/www.dynavin.de\/wp-content\/uploads\/eCall-retention-interface_shop.jpg\" data-rel='gallery-1' data-prev-img='https:\/\/www.dynavin.de\/wp-content\/uploads\/eCall-retention-interface_shop.jpg' class='first_thumb lightbox ' data-onclick='1' title='eCall Schnittstelle'  itemprop=\"thumbnailUrl\"  ><img class=\"wp-image-20586 avia-img-lazy-loading-not-20586\"  data-avia-tooltip='eCall Schnittstelle' src=\"https:\/\/www.dynavin.de\/wp-content\/uploads\/eCall-retention-interface_shop.jpg\" width=\"449\" height=\"400\"  title='eCall-retention-interface_shop' alt='' \/><div class='big-prev-fake'><img loading=\"lazy\" class=\"wp-image-20586 avia-img-lazy-loading-20586\"  width=\"449\" height=\"400\" src=\"https:\/\/www.dynavin.de\/wp-content\/uploads\/eCall-retention-interface_shop.jpg\" title='eCall-retention-interface_shop' alt='' \/><\/div><\/a><a href=\"https:\/\/www.dynavin.de\/wp-content\/uploads\/eCall-retention-interface-harness.jpg\" data-rel='gallery-1' data-prev-img='https:\/\/www.dynavin.de\/wp-content\/uploads\/eCall-retention-interface-harness.jpg' class='lightbox ' data-onclick='2' title='eCall Kabelstrang'  itemprop=\"thumbnailUrl\"  ><img class=\"wp-image-20585 avia-img-lazy-loading-not-20585\"  data-avia-tooltip='eCall Kabelstrang' src=\"https:\/\/www.dynavin.de\/wp-content\/uploads\/eCall-retention-interface-harness.jpg\" width=\"495\" height=\"324\"  title='eCall-retention-interface-harness' alt='' \/><div class='big-prev-fake'><img loading=\"lazy\" class=\"wp-image-20585 avia-img-lazy-loading-20585\"  width=\"495\" height=\"324\" src=\"https:\/\/www.dynavin.de\/wp-content\/uploads\/eCall-retention-interface-harness.jpg\" title='eCall-retention-interface-harness' alt='' \/><\/div><\/a><a href=\"https:\/\/www.dynavin.de\/wp-content\/uploads\/eCall-Verpackung-shop.jpg\" data-rel='gallery-1' data-prev-img='https:\/\/www.dynavin.de\/wp-content\/uploads\/eCall-Verpackung-shop.jpg' class='lightbox ' data-onclick='3' title='eCall Schnittstelle Verpackung'  itemprop=\"thumbnailUrl\"  ><img class=\"wp-image-61072 avia-img-lazy-loading-not-61072\"  data-avia-tooltip='eCall Schnittstelle Verpackung' src=\"https:\/\/www.dynavin.de\/wp-content\/uploads\/eCall-Verpackung-shop.jpg\" width=\"495\" height=\"330\"  title='eCall Schnittstelle Verpackung' alt='' \/><div class='big-prev-fake'><img loading=\"lazy\" class=\"wp-image-61072 avia-img-lazy-loading-61072\"  width=\"495\" height=\"330\" src=\"https:\/\/www.dynavin.de\/wp-content\/uploads\/eCall-Verpackung-shop.jpg\" title='eCall Schnittstelle Verpackung' alt='' \/><\/div><\/a><\/div><\/div><\/div>\n\n<style type=\"text\/css\" data-created_by=\"avia_inline_auto\" id=\"style-css-av-imr6q7-6ac8d5315a4c6459fc25e9fc06589f81\">\n.flex_column.av-imr6q7-6ac8d5315a4c6459fc25e9fc06589f81{\nborder-radius:0px 0px 0px 0px;\n-webkit-border-radius:0px 0px 0px 0px;\n-moz-border-radius:0px 0px 0px 0px;\n}\n<\/style>\n<div class='flex_column av-imr6q7-6ac8d5315a4c6459fc25e9fc06589f81 av_one_half  avia-builder-el-2  el_after_av_one_half  el_before_av_tab_container  flex_column_div av-zero-column-padding '   ><p><section  class='av_textblock_section av-k3r47suo-30590e9739f9aef1c59d635d8ea51224'  itemscope=\"itemscope\" itemtype=\"https:\/\/schema.org\/CreativeWork\" ><div class='avia_textblock'  itemprop=\"text\" ><p>L&#8217;interface DVN ECALL VAG permet de conserver la fonction eCall lors de l&#8217;installation d&#8217;une radio de seconde monte dans les v\u00e9hicules VAG \u00e0 partir de 2018.<\/p>\n<p>Si notre interface eCall est connect\u00e9e, le message d&#8217;erreur ne s&#8217;affiche plus et le bouton eCall fonctionne correctement.<\/p>\n<p>Cette interface n&#8217;est pas n\u00e9cessaire pour les unit\u00e9s centrales Dynavin de la s\u00e9rie X pour les v\u00e9hicules VAG. Cette fonction est d\u00e9j\u00e0 int\u00e9gr\u00e9e dans les unit\u00e9s.<\/p>\n<\/div><\/section><br \/>\n\n<style type=\"text\/css\" data-created_by=\"avia_inline_auto\" id=\"style-css-av-k8ehl3vp-ffc9fc758ba15a51fa3ee3361567c382\">\n#top .hr.hr-invisible.av-k8ehl3vp-ffc9fc758ba15a51fa3ee3361567c382{\nheight:20px;\n}\n<\/style>\n<div  class='hr av-k8ehl3vp-ffc9fc758ba15a51fa3ee3361567c382 hr-invisible  avia-builder-el-4  el_after_av_textblock  el_before_av_product_button '><span class='hr-inner '><span class=\"hr-inner-style\"><\/span><\/span><\/div><br \/>\n<div class='av-woo-purchase-button av-av_product_button-f73a11ccd29996a2a11249d534554c23  avia-builder-el-5  el_after_av_hr  avia-builder-el-last '><p class=\"price\"><span class=\"woocommerce-Price-amount amount\"><bdi>198,00&nbsp;<span class=\"woocommerce-Price-currencySymbol\">&euro;<\/span><\/bdi><\/span><\/p><\/div><\/p><\/div><div  class='tabcontainer av-jqgge1g1-d1119378e871ac573a9dc0099d9a6be1 top_tab  avia-builder-el-6  el_after_av_one_half  el_before_av_hr ' role='tablist'>\n<section class='av_tab_section av_tab_section av-av_tab-da049b9f3faed634a3d44cb12a289982'  itemscope=\"itemscope\" itemtype=\"https:\/\/schema.org\/CreativeWork\" ><div class='tab active_tab' role='tab' tabindex='0' data-fake-id='#tab-id-1' aria-controls='tab-id-1-content'  itemprop=\"headline\" >Informations pour la commande<\/div><div id='tab-id-1-content' class='tab_content active_tab_content' aria-hidden=\"false\"><div class='tab_inner_content invers-color'  itemprop=\"text\" ><h3>Num\u00e9ro d&#8217;article :<\/h3>\n<p><strong>DVN ECALL VAG :<\/strong> Interface eCall pour les mod\u00e8les de v\u00e9hicules VAG \u00e0 partir de 2018<\/p>\n<\/div><\/div><\/section>\n<section class='av_tab_section av_tab_section av-av_tab-59f8fd57dbdca6bbc3b1cd17deee53ba'  itemscope=\"itemscope\" itemtype=\"https:\/\/schema.org\/CreativeWork\" ><div class='tab' role='tab' tabindex='0' data-fake-id='#tab-id-2' aria-controls='tab-id-2-content'  itemprop=\"headline\" >Donn\u00e9es techniques<\/div><div id='tab-id-2-content' class='tab_content' aria-hidden=\"true\"><div class='tab_inner_content invers-color'  itemprop=\"text\" ><p>L&#8217;interface vous permet de conserver la fonction eCall si vous installez une radio du march\u00e9 secondaire.<\/p>\n<p>L&#8217;interface est fournie avec un c\u00e2ble en T :<\/p>\n<p>&#8211; Connecteur m\u00e2le FAKRA \u00e0 52 broches sur un c\u00f4t\u00e9 (connexion \u00e0 la voiture)<\/p>\n<p>&#8211; Prise jack FAKRA \u00e0 52 broches de l&#8217;autre c\u00f4t\u00e9 (connexion \u00e0 la radio)<\/p>\n<p>&#8211; 2 Connecteur pour la connexion \u00e0 l&#8217;interface eCall<\/p>\n<p><a href=\"https:\/\/www.dynavin.de\/wp-content\/uploads\/Dynavin-eCall-Schnittstelle-Schaltplan.pdf\">Sch\u00e9ma de circuit pour DVN ECALL VAG<\/a><\/p>\n<\/div><\/div><\/section>\n<section class='av_tab_section av_tab_section av-av_tab-64b7c0dfd598f2553b21bd623e857e5f'  itemscope=\"itemscope\" itemtype=\"https:\/\/schema.org\/CreativeWork\" ><div class='tab' role='tab' tabindex='0' data-fake-id='#tab-id-3' aria-controls='tab-id-3-content'  itemprop=\"headline\" >Instructions<\/div><div id='tab-id-3-content' class='tab_content' aria-hidden=\"true\"><div class='tab_inner_content invers-color'  itemprop=\"text\" ><p><a href=\"https:\/\/www.dynavin.de\/wp-content\/uploads\/Dynavin-eCall-Schnittstelle-Schaltplan.pdf\">Sch\u00e9ma de circuit pour DVN ECALL VAG<\/a><\/p>\n<\/div><\/div><\/section>\n<\/div>\n\n<style type=\"text\/css\" data-created_by=\"avia_inline_auto\" id=\"style-css-av-kmkd6l60-0db76a8b73bb6b590629dab0b31faed4\">\n#top .hr.hr-invisible.av-kmkd6l60-0db76a8b73bb6b590629dab0b31faed4{\nheight:50px;\n}\n<\/style>\n<div  class='hr av-kmkd6l60-0db76a8b73bb6b590629dab0b31faed4 hr-invisible  avia-builder-el-7  el_after_av_tab_container  el_before_av_product_review '><span class='hr-inner '><span class=\"hr-inner-style\"><\/span><\/span><\/div>\n<div class='av-woo-product-review av-av_product_review-f73a11ccd29996a2a11249d534554c23  avia-builder-el-8  el_after_av_hr  avia-builder-el-last '><\/div>\n","protected":false},"excerpt":{"rendered":"<p>Adaptateur de r\u00e9tention du syst\u00e8me VW eCall<\/p>\n","protected":false},"featured_media":20584,"comment_status":"open","ping_status":"closed","template":"","meta":[],"product_cat":[1660],"product_tag":[1769],"fahrzeughersteller":[],"product_status":[],"acf":[],"yoast_head":"<!-- This site is optimized with the Yoast SEO Premium plugin v16.9 (Yoast SEO v17.8) - https:\/\/yoast.com\/wordpress\/plugins\/seo\/ -->\n<title>eCall Schnittstelle f\u00fcr VAG Fahrzeuge ab 2018 DVN ECALL VAG &ndash; Dynavin<\/title>\n<meta name=\"description\" content=\"Die DVN ECALL VAG Schnittstelle erlaubt die Beibehaltung der eCall-Funktion beim Installieren eines Aftermarket-Radios in VAG-Fahrzeugen ab 2018.\" \/>\n<meta name=\"robots\" content=\"index, follow, max-snippet:-1, max-image-preview:large, max-video-preview:-1\" \/>\n<link rel=\"canonical\" href=\"https:\/\/www.dynavin.de\/fr\/produits\/produits\/carhifi\/accessoires-pour-carhifi\/ecall-schnittstelle-fuer-vag-fahrzeuge-ab-2018-dvn-ecall-vag\/\" \/>\n<meta property=\"og:locale\" content=\"fr_FR\" \/>\n<meta property=\"og:type\" content=\"article\" \/>\n<meta property=\"og:title\" content=\"eCall Schnittstelle f\u00fcr VAG Fahrzeuge ab 2018 DVN ECALL VAG\" \/>\n<meta property=\"og:description\" content=\"Die DVN ECALL VAG Schnittstelle erlaubt die Beibehaltung der eCall-Funktion beim Installieren eines Aftermarket-Radios in VAG-Fahrzeugen ab 2018.\" \/>\n<meta property=\"og:url\" content=\"https:\/\/www.dynavin.de\/fr\/produits\/produits\/carhifi\/accessoires-pour-carhifi\/ecall-schnittstelle-fuer-vag-fahrzeuge-ab-2018-dvn-ecall-vag\/\" \/>\n<meta property=\"og:site_name\" content=\"Dynavin\" \/>\n<meta property=\"article:publisher\" content=\"https:\/\/www.facebook.com\/dynavin.official\" \/>\n<meta property=\"article:modified_time\" content=\"2026-01-10T09:51:46+00:00\" \/>\n<meta property=\"og:image\" content=\"https:\/\/www.dynavin.de\/wp-content\/uploads\/dynavin-e-call-vag-interface_tn.png\" \/>\n\t<meta property=\"og:image:width\" content=\"300\" \/>\n\t<meta property=\"og:image:height\" content=\"300\" \/>\n<meta name=\"twitter:card\" content=\"summary_large_image\" \/>\n<script type=\"application\/ld+json\" class=\"yoast-schema-graph\">{\"@context\":\"https:\/\/schema.org\",\"@graph\":[{\"@type\":\"Organization\",\"@id\":\"https:\/\/www.dynavin.de\/#organization\",\"name\":\"Dynavin GmbH\",\"url\":\"https:\/\/www.dynavin.de\/\",\"sameAs\":[\"https:\/\/www.facebook.com\/dynavin.official\",\"https:\/\/www.instagram.com\/dynavin.official\/?hl=en\",\"https:\/\/www.youtube.com\/user\/dynavin1\"],\"logo\":{\"@type\":\"ImageObject\",\"@id\":\"https:\/\/www.dynavin.de\/#logo\",\"inLanguage\":\"fr-FR\",\"url\":\"https:\/\/www.dynavin.de\/wp-content\/uploads\/2018\/12\/dynavin-logo.png\",\"contentUrl\":\"https:\/\/www.dynavin.de\/wp-content\/uploads\/2018\/12\/dynavin-logo.png\",\"width\":340,\"height\":156,\"caption\":\"Dynavin GmbH\"},\"image\":{\"@id\":\"https:\/\/www.dynavin.de\/#logo\"}},{\"@type\":\"WebSite\",\"@id\":\"https:\/\/www.dynavin.de\/#website\",\"url\":\"https:\/\/www.dynavin.de\/\",\"name\":\"Dynavin\",\"description\":\"Navigation and Multimedia Solutions\",\"publisher\":{\"@id\":\"https:\/\/www.dynavin.de\/#organization\"},\"potentialAction\":[{\"@type\":\"SearchAction\",\"target\":{\"@type\":\"EntryPoint\",\"urlTemplate\":\"https:\/\/www.dynavin.de\/?s={search_term_string}\"},\"query-input\":\"required name=search_term_string\"}],\"inLanguage\":\"fr-FR\"},{\"@type\":\"ImageObject\",\"@id\":\"https:\/\/www.dynavin.de\/fr\/produits\/produits\/carhifi\/accessoires-pour-carhifi\/ecall-schnittstelle-fuer-vag-fahrzeuge-ab-2018-dvn-ecall-vag\/#primaryimage\",\"inLanguage\":\"fr-FR\",\"url\":\"https:\/\/www.dynavin.de\/wp-content\/uploads\/dynavin-e-call-vag-interface_tn.png\",\"contentUrl\":\"https:\/\/www.dynavin.de\/wp-content\/uploads\/dynavin-e-call-vag-interface_tn.png\",\"width\":300,\"height\":300,\"caption\":\"Dynavin eCall VAG interface\"},{\"@type\":\"WebPage\",\"@id\":\"https:\/\/www.dynavin.de\/fr\/produits\/produits\/carhifi\/accessoires-pour-carhifi\/ecall-schnittstelle-fuer-vag-fahrzeuge-ab-2018-dvn-ecall-vag\/#webpage\",\"url\":\"https:\/\/www.dynavin.de\/fr\/produits\/produits\/carhifi\/accessoires-pour-carhifi\/ecall-schnittstelle-fuer-vag-fahrzeuge-ab-2018-dvn-ecall-vag\/\",\"name\":\"eCall Schnittstelle f\\u00fcr VAG Fahrzeuge ab 2018 DVN ECALL VAG &ndash; Dynavin\",\"isPartOf\":{\"@id\":\"https:\/\/www.dynavin.de\/#website\"},\"primaryImageOfPage\":{\"@id\":\"https:\/\/www.dynavin.de\/fr\/produits\/produits\/carhifi\/accessoires-pour-carhifi\/ecall-schnittstelle-fuer-vag-fahrzeuge-ab-2018-dvn-ecall-vag\/#primaryimage\"},\"datePublished\":\"2021-09-06T06:37:42+00:00\",\"dateModified\":\"2026-01-10T09:51:46+00:00\",\"description\":\"Die DVN ECALL VAG Schnittstelle erlaubt die Beibehaltung der eCall-Funktion beim Installieren eines Aftermarket-Radios in VAG-Fahrzeugen ab 2018.\",\"breadcrumb\":{\"@id\":\"https:\/\/www.dynavin.de\/fr\/produits\/produits\/carhifi\/accessoires-pour-carhifi\/ecall-schnittstelle-fuer-vag-fahrzeuge-ab-2018-dvn-ecall-vag\/#breadcrumb\"},\"inLanguage\":\"fr-FR\",\"potentialAction\":[{\"@type\":\"ReadAction\",\"target\":[\"https:\/\/www.dynavin.de\/fr\/produits\/produits\/carhifi\/accessoires-pour-carhifi\/ecall-schnittstelle-fuer-vag-fahrzeuge-ab-2018-dvn-ecall-vag\/\"]}]},{\"@type\":\"BreadcrumbList\",\"@id\":\"https:\/\/www.dynavin.de\/fr\/produits\/produits\/carhifi\/accessoires-pour-carhifi\/ecall-schnittstelle-fuer-vag-fahrzeuge-ab-2018-dvn-ecall-vag\/#breadcrumb\",\"itemListElement\":[{\"@type\":\"ListItem\",\"position\":1,\"name\":\"Startseite\",\"item\":\"https:\/\/www.dynavin.de\/fr\/\"},{\"@type\":\"ListItem\",\"position\":2,\"name\":\"Produits\",\"item\":\"https:\/\/www.dynavin.de\/fr\/shop\/\"},{\"@type\":\"ListItem\",\"position\":3,\"name\":\"Produits\",\"item\":\"https:\/\/www.dynavin.de\/fr\/produit\/\"},{\"@type\":\"ListItem\",\"position\":4,\"name\":\"CarHifi\",\"item\":\"https:\/\/www.dynavin.de\/fr\/produit\/carhifi\/\"},{\"@type\":\"ListItem\",\"position\":5,\"name\":\"Accessoires pour CarHifi\",\"item\":\"https:\/\/www.dynavin.de\/fr\/produit\/carhifi\/accessoires-pour-carhifi\/\"},{\"@type\":\"ListItem\",\"position\":6,\"name\":\"eCall Schnittstelle f\\u00fcr VAG Fahrzeuge ab 2018 DVN ECALL VAG\"}]}]}<\/script>\n<!-- \/ Yoast SEO Premium plugin. -->","yoast_head_json":{"title":"eCall Schnittstelle f\u00fcr VAG Fahrzeuge ab 2018 DVN ECALL VAG &ndash; Dynavin","description":"Die DVN ECALL VAG Schnittstelle erlaubt die Beibehaltung der eCall-Funktion beim Installieren eines Aftermarket-Radios in VAG-Fahrzeugen ab 2018.","robots":{"index":"index","follow":"follow","max-snippet":"max-snippet:-1","max-image-preview":"max-image-preview:large","max-video-preview":"max-video-preview:-1"},"canonical":"https:\/\/www.dynavin.de\/fr\/produits\/produits\/carhifi\/accessoires-pour-carhifi\/ecall-schnittstelle-fuer-vag-fahrzeuge-ab-2018-dvn-ecall-vag\/","og_locale":"fr_FR","og_type":"article","og_title":"eCall Schnittstelle f\u00fcr VAG Fahrzeuge ab 2018 DVN ECALL VAG","og_description":"Die DVN ECALL VAG Schnittstelle erlaubt die Beibehaltung der eCall-Funktion beim Installieren eines Aftermarket-Radios in VAG-Fahrzeugen ab 2018.","og_url":"https:\/\/www.dynavin.de\/fr\/produits\/produits\/carhifi\/accessoires-pour-carhifi\/ecall-schnittstelle-fuer-vag-fahrzeuge-ab-2018-dvn-ecall-vag\/","og_site_name":"Dynavin","article_publisher":"https:\/\/www.facebook.com\/dynavin.official","article_modified_time":"2026-01-10T09:51:46+00:00","og_image":[{"width":300,"height":300,"url":"https:\/\/www.dynavin.de\/wp-content\/uploads\/dynavin-e-call-vag-interface_tn.png","type":"image\/png"}],"twitter_card":"summary_large_image","schema":{"@context":"https:\/\/schema.org","@graph":[{"@type":"Organization","@id":"https:\/\/www.dynavin.de\/#organization","name":"Dynavin GmbH","url":"https:\/\/www.dynavin.de\/","sameAs":["https:\/\/www.facebook.com\/dynavin.official","https:\/\/www.instagram.com\/dynavin.official\/?hl=en","https:\/\/www.youtube.com\/user\/dynavin1"],"logo":{"@type":"ImageObject","@id":"https:\/\/www.dynavin.de\/#logo","inLanguage":"fr-FR","url":"https:\/\/www.dynavin.de\/wp-content\/uploads\/2018\/12\/dynavin-logo.png","contentUrl":"https:\/\/www.dynavin.de\/wp-content\/uploads\/2018\/12\/dynavin-logo.png","width":340,"height":156,"caption":"Dynavin GmbH"},"image":{"@id":"https:\/\/www.dynavin.de\/#logo"}},{"@type":"WebSite","@id":"https:\/\/www.dynavin.de\/#website","url":"https:\/\/www.dynavin.de\/","name":"Dynavin","description":"Navigation and Multimedia Solutions","publisher":{"@id":"https:\/\/www.dynavin.de\/#organization"},"potentialAction":[{"@type":"SearchAction","target":{"@type":"EntryPoint","urlTemplate":"https:\/\/www.dynavin.de\/?s={search_term_string}"},"query-input":"required name=search_term_string"}],"inLanguage":"fr-FR"},{"@type":"ImageObject","@id":"https:\/\/www.dynavin.de\/fr\/produits\/produits\/carhifi\/accessoires-pour-carhifi\/ecall-schnittstelle-fuer-vag-fahrzeuge-ab-2018-dvn-ecall-vag\/#primaryimage","inLanguage":"fr-FR","url":"https:\/\/www.dynavin.de\/wp-content\/uploads\/dynavin-e-call-vag-interface_tn.png","contentUrl":"https:\/\/www.dynavin.de\/wp-content\/uploads\/dynavin-e-call-vag-interface_tn.png","width":300,"height":300,"caption":"Dynavin eCall VAG interface"},{"@type":"WebPage","@id":"https:\/\/www.dynavin.de\/fr\/produits\/produits\/carhifi\/accessoires-pour-carhifi\/ecall-schnittstelle-fuer-vag-fahrzeuge-ab-2018-dvn-ecall-vag\/#webpage","url":"https:\/\/www.dynavin.de\/fr\/produits\/produits\/carhifi\/accessoires-pour-carhifi\/ecall-schnittstelle-fuer-vag-fahrzeuge-ab-2018-dvn-ecall-vag\/","name":"eCall Schnittstelle f\u00fcr VAG Fahrzeuge ab 2018 DVN ECALL VAG &ndash; Dynavin","isPartOf":{"@id":"https:\/\/www.dynavin.de\/#website"},"primaryImageOfPage":{"@id":"https:\/\/www.dynavin.de\/fr\/produits\/produits\/carhifi\/accessoires-pour-carhifi\/ecall-schnittstelle-fuer-vag-fahrzeuge-ab-2018-dvn-ecall-vag\/#primaryimage"},"datePublished":"2021-09-06T06:37:42+00:00","dateModified":"2026-01-10T09:51:46+00:00","description":"Die DVN ECALL VAG Schnittstelle erlaubt die Beibehaltung der eCall-Funktion beim Installieren eines Aftermarket-Radios in VAG-Fahrzeugen ab 2018.","breadcrumb":{"@id":"https:\/\/www.dynavin.de\/fr\/produits\/produits\/carhifi\/accessoires-pour-carhifi\/ecall-schnittstelle-fuer-vag-fahrzeuge-ab-2018-dvn-ecall-vag\/#breadcrumb"},"inLanguage":"fr-FR","potentialAction":[{"@type":"ReadAction","target":["https:\/\/www.dynavin.de\/fr\/produits\/produits\/carhifi\/accessoires-pour-carhifi\/ecall-schnittstelle-fuer-vag-fahrzeuge-ab-2018-dvn-ecall-vag\/"]}]},{"@type":"BreadcrumbList","@id":"https:\/\/www.dynavin.de\/fr\/produits\/produits\/carhifi\/accessoires-pour-carhifi\/ecall-schnittstelle-fuer-vag-fahrzeuge-ab-2018-dvn-ecall-vag\/#breadcrumb","itemListElement":[{"@type":"ListItem","position":1,"name":"Startseite","item":"https:\/\/www.dynavin.de\/fr\/"},{"@type":"ListItem","position":2,"name":"Produits","item":"https:\/\/www.dynavin.de\/fr\/shop\/"},{"@type":"ListItem","position":3,"name":"Produits","item":"https:\/\/www.dynavin.de\/fr\/produit\/"},{"@type":"ListItem","position":4,"name":"CarHifi","item":"https:\/\/www.dynavin.de\/fr\/produit\/carhifi\/"},{"@type":"ListItem","position":5,"name":"Accessoires pour CarHifi","item":"https:\/\/www.dynavin.de\/fr\/produit\/carhifi\/accessoires-pour-carhifi\/"},{"@type":"ListItem","position":6,"name":"eCall Schnittstelle f\u00fcr VAG Fahrzeuge ab 2018 DVN ECALL VAG"}]}]}},"_links":{"self":[{"href":"https:\/\/www.dynavin.de\/fr\/wp-json\/wp\/v2\/product\/51468"}],"collection":[{"href":"https:\/\/www.dynavin.de\/fr\/wp-json\/wp\/v2\/product"}],"about":[{"href":"https:\/\/www.dynavin.de\/fr\/wp-json\/wp\/v2\/types\/product"}],"replies":[{"embeddable":true,"href":"https:\/\/www.dynavin.de\/fr\/wp-json\/wp\/v2\/comments?post=51468"}],"wp:featuredmedia":[{"embeddable":true,"href":"https:\/\/www.dynavin.de\/fr\/wp-json\/wp\/v2\/media\/20584"}],"wp:attachment":[{"href":"https:\/\/www.dynavin.de\/fr\/wp-json\/wp\/v2\/media?parent=51468"}],"wp:term":[{"taxonomy":"product_cat","embeddable":true,"href":"https:\/\/www.dynavin.de\/fr\/wp-json\/wp\/v2\/product_cat?post=51468"},{"taxonomy":"product_tag","embeddable":true,"href":"https:\/\/www.dynavin.de\/fr\/wp-json\/wp\/v2\/product_tag?post=51468"},{"taxonomy":"fahrzeughersteller","embeddable":true,"href":"https:\/\/www.dynavin.de\/fr\/wp-json\/wp\/v2\/fahrzeughersteller?post=51468"},{"taxonomy":"product_status","embeddable":true,"href":"https:\/\/www.dynavin.de\/fr\/wp-json\/wp\/v2\/product_status?post=51468"}],"curies":[{"name":"wp","href":"https:\/\/api.w.org\/{rel}","templated":true}]}}