{"id":47718,"date":"2020-12-02T15:59:26","date_gmt":"2021-07-26T09:38:24","guid":{"rendered":"https:\/\/www.dynavin.de\/adaptateur-de-camera-dynavision-cam-adp-8-pour-remplacer-une-camera-chinoise\/"},"modified":"2025-03-18T12:04:53","modified_gmt":"2025-03-18T11:04:53","slug":"adaptateur-de-camera-dynavision-cam-adp-8-pour-remplacer-une-camera-chinoise","status":"publish","type":"product","link":"https:\/\/www.dynavin.de\/fr\/produits\/produits\/camping-cars-et-vehicule-utilitaires\/cameras-de-recul-pour-camping-cars-et-vehicules-utilitaires\/accessoires-pour-cameras-de-recul\/adaptateur-de-camera-dynavision-cam-adp-8-pour-remplacer-une-camera-chinoise\/","title":{"rendered":"Adaptateur de cam\u00e9ra Dynavision CAM &#8211; ADP.8 pour remplacer une cam\u00e9ra chinoise"},"content":{"rendered":"\n<style type=\"text\/css\" data-created_by=\"avia_inline_auto\" id=\"style-css-av-2b16ov-fd4cc37ddf50e02ee7de0c2cd473c1dc\">\n.flex_column.av-2b16ov-fd4cc37ddf50e02ee7de0c2cd473c1dc{\nborder-radius:0px 0px 0px 0px;\n-webkit-border-radius:0px 0px 0px 0px;\n-moz-border-radius:0px 0px 0px 0px;\n}\n<\/style>\n<div class='flex_column av-2b16ov-fd4cc37ddf50e02ee7de0c2cd473c1dc av_one_full  avia-builder-el-0  el_before_av_textblock  avia-builder-el-first  first flex_column_div av-zero-column-padding '   ><style type=\"text\/css\" data-created_by=\"avia_inline_auto\" id=\"style-css-av-kaxo1vpu-0ecc394353f4547df5d4033722b62d51\">\n.avia-image-container.av-kaxo1vpu-0ecc394353f4547df5d4033722b62d51 .av-image-caption-overlay-center{\ncolor:#ffffff;\n}\n<\/style>\n<div  class='avia-image-container av-kaxo1vpu-0ecc394353f4547df5d4033722b62d51 av-styling- avia-align-center  avia-builder-el-1  avia-builder-el-no-sibling '  itemprop=\"image\" itemscope=\"itemscope\" itemtype=\"https:\/\/schema.org\/ImageObject\" ><div class=\"avia-image-container-inner\"><div class=\"avia-image-overlay-wrap\"><img class='wp-image-23722 avia-img-lazy-loading-not-23722 avia_image' src=\"https:\/\/www.dynavin.de\/wp-content\/uploads\/dynavin-cam-adp8-shop.jpg\" alt='Dynavision Kamera-Adapter zum Austausch einer Kamera aus China' title='dynavin-cam-adp8-shop'  height=\"787\" width=\"1181\"  itemprop=\"thumbnailUrl\"  \/><\/div><\/div><\/div><\/div>\n<section  class='av_textblock_section av-7jrn79-b0cbaecfbd162df1cd411458cf67ad94'  itemscope=\"itemscope\" itemtype=\"https:\/\/schema.org\/CreativeWork\" ><div class='avia_textblock'  itemprop=\"text\" ><h2>Adaptateur de cam\u00e9ra Dynavision pour remplacer une cam\u00e9ra de Chine<\/h2>\n<p>L&#8217;adaptateur de cam\u00e9ra CAM &#8211; ADP.8 convient pour remplacer une cam\u00e9ra provenant de Chine.<\/p>\n<\/div><\/section>\n\n<style type=\"text\/css\" data-created_by=\"avia_inline_auto\" id=\"style-css-av-av_two_third-79ff81c021393065cee878051452f6a6\">\n.flex_column.av-av_two_third-79ff81c021393065cee878051452f6a6{\nborder-radius:0px 0px 0px 0px;\n-webkit-border-radius:0px 0px 0px 0px;\n-moz-border-radius:0px 0px 0px 0px;\n}\n<\/style>\n<div class='flex_column av-av_two_third-79ff81c021393065cee878051452f6a6 av_two_third  avia-builder-el-3  el_after_av_textblock  el_before_av_hr  first flex_column_div av-zero-column-padding column-top-margin'   ><div class='av-woo-purchase-button av-av_product_button-f73a11ccd29996a2a11249d534554c23  avia-builder-el-4  avia-builder-el-no-sibling '><p class=\"price\"><span class=\"woocommerce-Price-amount amount\"><bdi>30,00&nbsp;<span class=\"woocommerce-Price-currencySymbol\">&euro;<\/span><\/bdi><\/span><\/p><\/div><\/div>\n<style type=\"text\/css\" data-created_by=\"avia_inline_auto\" id=\"style-css-av-kmkd6l60-0db76a8b73bb6b590629dab0b31faed4\">\n#top .hr.hr-invisible.av-kmkd6l60-0db76a8b73bb6b590629dab0b31faed4{\nheight:50px;\n}\n<\/style>\n<div  class='hr av-kmkd6l60-0db76a8b73bb6b590629dab0b31faed4 hr-invisible  avia-builder-el-5  el_after_av_two_third  el_before_av_tab_container '><span class='hr-inner '><span class=\"hr-inner-style\"><\/span><\/span><\/div>\n<div  class='tabcontainer av-jqgge1g1-d1119378e871ac573a9dc0099d9a6be1 top_tab  avia-builder-el-6  el_after_av_hr  el_before_av_hr ' role='tablist'>\n<section class='av_tab_section av_tab_section av-1cv3u8y-f1fbb427b051f5093da39d0535f41a61'  itemscope=\"itemscope\" itemtype=\"https:\/\/schema.org\/CreativeWork\" ><div class='tab active_tab' role='tab' tabindex='0' data-fake-id='#tab-id-1' aria-controls='tab-id-1-content'  itemprop=\"headline\" >Informations pour la commande<\/div><div id='tab-id-1-content' class='tab_content active_tab_content' aria-hidden=\"false\"><div class='tab_inner_content invers-color'  itemprop=\"text\" ><h3><strong>N\u00b0 d&#8217;article : CAM &#8211; ADP.8<br \/>\n<\/strong><\/h3>\n<\/div><\/div><\/section>\n<section class='av_tab_section av_tab_section av-nff5uq-c5ec96febd8a29b95b57d10bc647aab4'  itemscope=\"itemscope\" itemtype=\"https:\/\/schema.org\/CreativeWork\" ><div class='tab' role='tab' tabindex='0' data-fake-id='#tab-id-2' aria-controls='tab-id-2-content'  itemprop=\"headline\" >Donn\u00e9es techniques<\/div><div id='tab-id-2-content' class='tab_content' aria-hidden=\"true\"><div class='tab_inner_content invers-color'  itemprop=\"text\" ><p>Adaptateur de cam\u00e9ra pour remplacer une cam\u00e9ra chinoise<\/p>\n<\/div><\/div><\/section>\n<\/div>\n\n<style type=\"text\/css\" data-created_by=\"avia_inline_auto\" id=\"style-css-av-kmkd6l60-0db76a8b73bb6b590629dab0b31faed4\">\n#top .hr.hr-invisible.av-kmkd6l60-0db76a8b73bb6b590629dab0b31faed4{\nheight:50px;\n}\n<\/style>\n<div  class='hr av-kmkd6l60-0db76a8b73bb6b590629dab0b31faed4 hr-invisible  avia-builder-el-7  el_after_av_tab_container  el_before_av_product_review '><span class='hr-inner '><span class=\"hr-inner-style\"><\/span><\/span><\/div>\n<div class='av-woo-product-review av-av_product_review-f73a11ccd29996a2a11249d534554c23  avia-builder-el-8  el_after_av_hr  avia-builder-el-last '><\/div>\n","protected":false},"excerpt":{"rendered":"<p>Adapter pour cam\u00e9ras chinoises<\/p>\n","protected":false},"featured_media":23719,"comment_status":"open","ping_status":"closed","template":"","meta":[],"product_cat":[1782],"product_tag":[],"fahrzeughersteller":[],"product_status":[],"acf":[],"yoast_head":"<!-- This site is optimized with the Yoast SEO Premium plugin v16.9 (Yoast SEO v17.8) - https:\/\/yoast.com\/wordpress\/plugins\/seo\/ -->\n<title>Adaptateur de cam\u00e9ra Dynavision CAM - ADP.8 pour remplacer une cam\u00e9ra chinoise &ndash; Dynavin<\/title>\n<meta name=\"description\" content=\"Adaptateur de cam\u00e9ra Dynavision CAM - ADP.8 pour remplacer une cam\u00e9ra chinoise\" \/>\n<meta name=\"robots\" content=\"index, follow, max-snippet:-1, max-image-preview:large, max-video-preview:-1\" \/>\n<link rel=\"canonical\" href=\"https:\/\/www.dynavin.de\/fr\/produits\/produits\/camping-cars-et-vehicule-utilitaires\/cameras-de-recul-pour-camping-cars-et-vehicules-utilitaires\/accessoires-pour-cameras-de-recul\/adaptateur-de-camera-dynavision-cam-adp-8-pour-remplacer-une-camera-chinoise\/\" \/>\n<meta property=\"og:locale\" content=\"fr_FR\" \/>\n<meta property=\"og:type\" content=\"article\" \/>\n<meta property=\"og:title\" content=\"Adaptateur de cam\u00e9ra Dynavision CAM - ADP.8 pour remplacer une cam\u00e9ra chinoise\" \/>\n<meta property=\"og:description\" content=\"Adaptateur de cam\u00e9ra Dynavision CAM - ADP.8 pour remplacer une cam\u00e9ra chinoise\" \/>\n<meta property=\"og:url\" content=\"https:\/\/www.dynavin.de\/fr\/produits\/produits\/camping-cars-et-vehicule-utilitaires\/cameras-de-recul-pour-camping-cars-et-vehicules-utilitaires\/accessoires-pour-cameras-de-recul\/adaptateur-de-camera-dynavision-cam-adp-8-pour-remplacer-une-camera-chinoise\/\" \/>\n<meta property=\"og:site_name\" content=\"Dynavin\" \/>\n<meta property=\"article:publisher\" content=\"https:\/\/www.facebook.com\/dynavin.official\" \/>\n<meta property=\"article:modified_time\" content=\"2025-03-18T11:04:53+00:00\" \/>\n<meta property=\"og:image\" content=\"https:\/\/www.dynavin.de\/wp-content\/uploads\/Dynavision-CAM-ADP8_tn.png\" \/>\n\t<meta property=\"og:image:width\" content=\"300\" \/>\n\t<meta property=\"og:image:height\" content=\"300\" \/>\n<meta name=\"twitter:card\" content=\"summary_large_image\" \/>\n<script type=\"application\/ld+json\" class=\"yoast-schema-graph\">{\"@context\":\"https:\/\/schema.org\",\"@graph\":[{\"@type\":\"Organization\",\"@id\":\"https:\/\/www.dynavin.de\/#organization\",\"name\":\"Dynavin GmbH\",\"url\":\"https:\/\/www.dynavin.de\/\",\"sameAs\":[\"https:\/\/www.facebook.com\/dynavin.official\",\"https:\/\/www.instagram.com\/dynavin.official\/?hl=en\",\"https:\/\/www.youtube.com\/user\/dynavin1\"],\"logo\":{\"@type\":\"ImageObject\",\"@id\":\"https:\/\/www.dynavin.de\/#logo\",\"inLanguage\":\"fr-FR\",\"url\":\"https:\/\/www.dynavin.de\/wp-content\/uploads\/2018\/12\/dynavin-logo.png\",\"contentUrl\":\"https:\/\/www.dynavin.de\/wp-content\/uploads\/2018\/12\/dynavin-logo.png\",\"width\":340,\"height\":156,\"caption\":\"Dynavin GmbH\"},\"image\":{\"@id\":\"https:\/\/www.dynavin.de\/#logo\"}},{\"@type\":\"WebSite\",\"@id\":\"https:\/\/www.dynavin.de\/#website\",\"url\":\"https:\/\/www.dynavin.de\/\",\"name\":\"Dynavin\",\"description\":\"Navigation and Multimedia Solutions\",\"publisher\":{\"@id\":\"https:\/\/www.dynavin.de\/#organization\"},\"potentialAction\":[{\"@type\":\"SearchAction\",\"target\":{\"@type\":\"EntryPoint\",\"urlTemplate\":\"https:\/\/www.dynavin.de\/?s={search_term_string}\"},\"query-input\":\"required name=search_term_string\"}],\"inLanguage\":\"fr-FR\"},{\"@type\":\"ImageObject\",\"@id\":\"https:\/\/www.dynavin.de\/fr\/produits\/produits\/camping-cars-et-vehicule-utilitaires\/cameras-de-recul-pour-camping-cars-et-vehicules-utilitaires\/accessoires-pour-cameras-de-recul\/adaptateur-de-camera-dynavision-cam-adp-8-pour-remplacer-une-camera-chinoise\/#primaryimage\",\"inLanguage\":\"fr-FR\",\"url\":\"https:\/\/www.dynavin.de\/wp-content\/uploads\/Dynavision-CAM-ADP8_tn.png\",\"contentUrl\":\"https:\/\/www.dynavin.de\/wp-content\/uploads\/Dynavision-CAM-ADP8_tn.png\",\"width\":300,\"height\":300,\"caption\":\"Dynavision-CAM-ADP8_tn\"},{\"@type\":\"WebPage\",\"@id\":\"https:\/\/www.dynavin.de\/fr\/produits\/produits\/camping-cars-et-vehicule-utilitaires\/cameras-de-recul-pour-camping-cars-et-vehicules-utilitaires\/accessoires-pour-cameras-de-recul\/adaptateur-de-camera-dynavision-cam-adp-8-pour-remplacer-une-camera-chinoise\/#webpage\",\"url\":\"https:\/\/www.dynavin.de\/fr\/produits\/produits\/camping-cars-et-vehicule-utilitaires\/cameras-de-recul-pour-camping-cars-et-vehicules-utilitaires\/accessoires-pour-cameras-de-recul\/adaptateur-de-camera-dynavision-cam-adp-8-pour-remplacer-une-camera-chinoise\/\",\"name\":\"Adaptateur de cam\\u00e9ra Dynavision CAM - ADP.8 pour remplacer une cam\\u00e9ra chinoise &ndash; Dynavin\",\"isPartOf\":{\"@id\":\"https:\/\/www.dynavin.de\/#website\"},\"primaryImageOfPage\":{\"@id\":\"https:\/\/www.dynavin.de\/fr\/produits\/produits\/camping-cars-et-vehicule-utilitaires\/cameras-de-recul-pour-camping-cars-et-vehicules-utilitaires\/accessoires-pour-cameras-de-recul\/adaptateur-de-camera-dynavision-cam-adp-8-pour-remplacer-une-camera-chinoise\/#primaryimage\"},\"datePublished\":\"2021-07-26T09:38:24+00:00\",\"dateModified\":\"2025-03-18T11:04:53+00:00\",\"description\":\"Adaptateur de cam\\u00e9ra Dynavision CAM - ADP.8 pour remplacer une cam\\u00e9ra chinoise\",\"breadcrumb\":{\"@id\":\"https:\/\/www.dynavin.de\/fr\/produits\/produits\/camping-cars-et-vehicule-utilitaires\/cameras-de-recul-pour-camping-cars-et-vehicules-utilitaires\/accessoires-pour-cameras-de-recul\/adaptateur-de-camera-dynavision-cam-adp-8-pour-remplacer-une-camera-chinoise\/#breadcrumb\"},\"inLanguage\":\"fr-FR\",\"potentialAction\":[{\"@type\":\"ReadAction\",\"target\":[\"https:\/\/www.dynavin.de\/fr\/produits\/produits\/camping-cars-et-vehicule-utilitaires\/cameras-de-recul-pour-camping-cars-et-vehicules-utilitaires\/accessoires-pour-cameras-de-recul\/adaptateur-de-camera-dynavision-cam-adp-8-pour-remplacer-une-camera-chinoise\/\"]}]},{\"@type\":\"BreadcrumbList\",\"@id\":\"https:\/\/www.dynavin.de\/fr\/produits\/produits\/camping-cars-et-vehicule-utilitaires\/cameras-de-recul-pour-camping-cars-et-vehicules-utilitaires\/accessoires-pour-cameras-de-recul\/adaptateur-de-camera-dynavision-cam-adp-8-pour-remplacer-une-camera-chinoise\/#breadcrumb\",\"itemListElement\":[{\"@type\":\"ListItem\",\"position\":1,\"name\":\"Startseite\",\"item\":\"https:\/\/www.dynavin.de\/fr\/\"},{\"@type\":\"ListItem\",\"position\":2,\"name\":\"Produits\",\"item\":\"https:\/\/www.dynavin.de\/fr\/shop\/\"},{\"@type\":\"ListItem\",\"position\":3,\"name\":\"Produits\",\"item\":\"https:\/\/www.dynavin.de\/fr\/categorie-produit\/produits\/\"},{\"@type\":\"ListItem\",\"position\":4,\"name\":\"Camping-cars et v\\u00e9hicules utilitaires\",\"item\":\"https:\/\/www.dynavin.de\/fr\/categorie-produit\/produits\/camping-cars-et-vehicule-utilitaires\/\"},{\"@type\":\"ListItem\",\"position\":5,\"name\":\"Cam\\u00e9ras de recul pour camping-cars et v\\u00e9hicules utilitaires\",\"item\":\"https:\/\/www.dynavin.de\/fr\/categorie-produit\/produits\/camping-cars-et-vehicule-utilitaires\/cameras-de-recul-pour-camping-cars-et-vehicules-utilitaires\/\"},{\"@type\":\"ListItem\",\"position\":6,\"name\":\"Accessoires pour cam\\u00e9ras de recul\",\"item\":\"https:\/\/www.dynavin.de\/fr\/categorie-produit\/produits\/camping-cars-et-vehicule-utilitaires\/cameras-de-recul-pour-camping-cars-et-vehicules-utilitaires\/accessoires-pour-cameras-de-recul\/\"},{\"@type\":\"ListItem\",\"position\":7,\"name\":\"Adaptateur de cam\\u00e9ra Dynavision CAM &#8211; ADP.8 pour remplacer une cam\\u00e9ra chinoise\"}]}]}<\/script>\n<!-- \/ Yoast SEO Premium plugin. -->","yoast_head_json":{"title":"Adaptateur de cam\u00e9ra Dynavision CAM - ADP.8 pour remplacer une cam\u00e9ra chinoise &ndash; Dynavin","description":"Adaptateur de cam\u00e9ra Dynavision CAM - ADP.8 pour remplacer une cam\u00e9ra chinoise","robots":{"index":"index","follow":"follow","max-snippet":"max-snippet:-1","max-image-preview":"max-image-preview:large","max-video-preview":"max-video-preview:-1"},"canonical":"https:\/\/www.dynavin.de\/fr\/produits\/produits\/camping-cars-et-vehicule-utilitaires\/cameras-de-recul-pour-camping-cars-et-vehicules-utilitaires\/accessoires-pour-cameras-de-recul\/adaptateur-de-camera-dynavision-cam-adp-8-pour-remplacer-une-camera-chinoise\/","og_locale":"fr_FR","og_type":"article","og_title":"Adaptateur de cam\u00e9ra Dynavision CAM - ADP.8 pour remplacer une cam\u00e9ra chinoise","og_description":"Adaptateur de cam\u00e9ra Dynavision CAM - ADP.8 pour remplacer une cam\u00e9ra chinoise","og_url":"https:\/\/www.dynavin.de\/fr\/produits\/produits\/camping-cars-et-vehicule-utilitaires\/cameras-de-recul-pour-camping-cars-et-vehicules-utilitaires\/accessoires-pour-cameras-de-recul\/adaptateur-de-camera-dynavision-cam-adp-8-pour-remplacer-une-camera-chinoise\/","og_site_name":"Dynavin","article_publisher":"https:\/\/www.facebook.com\/dynavin.official","article_modified_time":"2025-03-18T11:04:53+00:00","og_image":[{"width":300,"height":300,"url":"https:\/\/www.dynavin.de\/wp-content\/uploads\/Dynavision-CAM-ADP8_tn.png","type":"image\/png"}],"twitter_card":"summary_large_image","schema":{"@context":"https:\/\/schema.org","@graph":[{"@type":"Organization","@id":"https:\/\/www.dynavin.de\/#organization","name":"Dynavin GmbH","url":"https:\/\/www.dynavin.de\/","sameAs":["https:\/\/www.facebook.com\/dynavin.official","https:\/\/www.instagram.com\/dynavin.official\/?hl=en","https:\/\/www.youtube.com\/user\/dynavin1"],"logo":{"@type":"ImageObject","@id":"https:\/\/www.dynavin.de\/#logo","inLanguage":"fr-FR","url":"https:\/\/www.dynavin.de\/wp-content\/uploads\/2018\/12\/dynavin-logo.png","contentUrl":"https:\/\/www.dynavin.de\/wp-content\/uploads\/2018\/12\/dynavin-logo.png","width":340,"height":156,"caption":"Dynavin GmbH"},"image":{"@id":"https:\/\/www.dynavin.de\/#logo"}},{"@type":"WebSite","@id":"https:\/\/www.dynavin.de\/#website","url":"https:\/\/www.dynavin.de\/","name":"Dynavin","description":"Navigation and Multimedia Solutions","publisher":{"@id":"https:\/\/www.dynavin.de\/#organization"},"potentialAction":[{"@type":"SearchAction","target":{"@type":"EntryPoint","urlTemplate":"https:\/\/www.dynavin.de\/?s={search_term_string}"},"query-input":"required name=search_term_string"}],"inLanguage":"fr-FR"},{"@type":"ImageObject","@id":"https:\/\/www.dynavin.de\/fr\/produits\/produits\/camping-cars-et-vehicule-utilitaires\/cameras-de-recul-pour-camping-cars-et-vehicules-utilitaires\/accessoires-pour-cameras-de-recul\/adaptateur-de-camera-dynavision-cam-adp-8-pour-remplacer-une-camera-chinoise\/#primaryimage","inLanguage":"fr-FR","url":"https:\/\/www.dynavin.de\/wp-content\/uploads\/Dynavision-CAM-ADP8_tn.png","contentUrl":"https:\/\/www.dynavin.de\/wp-content\/uploads\/Dynavision-CAM-ADP8_tn.png","width":300,"height":300,"caption":"Dynavision-CAM-ADP8_tn"},{"@type":"WebPage","@id":"https:\/\/www.dynavin.de\/fr\/produits\/produits\/camping-cars-et-vehicule-utilitaires\/cameras-de-recul-pour-camping-cars-et-vehicules-utilitaires\/accessoires-pour-cameras-de-recul\/adaptateur-de-camera-dynavision-cam-adp-8-pour-remplacer-une-camera-chinoise\/#webpage","url":"https:\/\/www.dynavin.de\/fr\/produits\/produits\/camping-cars-et-vehicule-utilitaires\/cameras-de-recul-pour-camping-cars-et-vehicules-utilitaires\/accessoires-pour-cameras-de-recul\/adaptateur-de-camera-dynavision-cam-adp-8-pour-remplacer-une-camera-chinoise\/","name":"Adaptateur de cam\u00e9ra Dynavision CAM - ADP.8 pour remplacer une cam\u00e9ra chinoise &ndash; Dynavin","isPartOf":{"@id":"https:\/\/www.dynavin.de\/#website"},"primaryImageOfPage":{"@id":"https:\/\/www.dynavin.de\/fr\/produits\/produits\/camping-cars-et-vehicule-utilitaires\/cameras-de-recul-pour-camping-cars-et-vehicules-utilitaires\/accessoires-pour-cameras-de-recul\/adaptateur-de-camera-dynavision-cam-adp-8-pour-remplacer-une-camera-chinoise\/#primaryimage"},"datePublished":"2021-07-26T09:38:24+00:00","dateModified":"2025-03-18T11:04:53+00:00","description":"Adaptateur de cam\u00e9ra Dynavision CAM - ADP.8 pour remplacer une cam\u00e9ra chinoise","breadcrumb":{"@id":"https:\/\/www.dynavin.de\/fr\/produits\/produits\/camping-cars-et-vehicule-utilitaires\/cameras-de-recul-pour-camping-cars-et-vehicules-utilitaires\/accessoires-pour-cameras-de-recul\/adaptateur-de-camera-dynavision-cam-adp-8-pour-remplacer-une-camera-chinoise\/#breadcrumb"},"inLanguage":"fr-FR","potentialAction":[{"@type":"ReadAction","target":["https:\/\/www.dynavin.de\/fr\/produits\/produits\/camping-cars-et-vehicule-utilitaires\/cameras-de-recul-pour-camping-cars-et-vehicules-utilitaires\/accessoires-pour-cameras-de-recul\/adaptateur-de-camera-dynavision-cam-adp-8-pour-remplacer-une-camera-chinoise\/"]}]},{"@type":"BreadcrumbList","@id":"https:\/\/www.dynavin.de\/fr\/produits\/produits\/camping-cars-et-vehicule-utilitaires\/cameras-de-recul-pour-camping-cars-et-vehicules-utilitaires\/accessoires-pour-cameras-de-recul\/adaptateur-de-camera-dynavision-cam-adp-8-pour-remplacer-une-camera-chinoise\/#breadcrumb","itemListElement":[{"@type":"ListItem","position":1,"name":"Startseite","item":"https:\/\/www.dynavin.de\/fr\/"},{"@type":"ListItem","position":2,"name":"Produits","item":"https:\/\/www.dynavin.de\/fr\/shop\/"},{"@type":"ListItem","position":3,"name":"Produits","item":"https:\/\/www.dynavin.de\/fr\/categorie-produit\/produits\/"},{"@type":"ListItem","position":4,"name":"Camping-cars et v\u00e9hicules utilitaires","item":"https:\/\/www.dynavin.de\/fr\/categorie-produit\/produits\/camping-cars-et-vehicule-utilitaires\/"},{"@type":"ListItem","position":5,"name":"Cam\u00e9ras de recul pour camping-cars et v\u00e9hicules utilitaires","item":"https:\/\/www.dynavin.de\/fr\/categorie-produit\/produits\/camping-cars-et-vehicule-utilitaires\/cameras-de-recul-pour-camping-cars-et-vehicules-utilitaires\/"},{"@type":"ListItem","position":6,"name":"Accessoires pour cam\u00e9ras de recul","item":"https:\/\/www.dynavin.de\/fr\/categorie-produit\/produits\/camping-cars-et-vehicule-utilitaires\/cameras-de-recul-pour-camping-cars-et-vehicules-utilitaires\/accessoires-pour-cameras-de-recul\/"},{"@type":"ListItem","position":7,"name":"Adaptateur de cam\u00e9ra Dynavision CAM &#8211; ADP.8 pour remplacer une cam\u00e9ra chinoise"}]}]}},"_links":{"self":[{"href":"https:\/\/www.dynavin.de\/fr\/wp-json\/wp\/v2\/product\/47718"}],"collection":[{"href":"https:\/\/www.dynavin.de\/fr\/wp-json\/wp\/v2\/product"}],"about":[{"href":"https:\/\/www.dynavin.de\/fr\/wp-json\/wp\/v2\/types\/product"}],"replies":[{"embeddable":true,"href":"https:\/\/www.dynavin.de\/fr\/wp-json\/wp\/v2\/comments?post=47718"}],"wp:featuredmedia":[{"embeddable":true,"href":"https:\/\/www.dynavin.de\/fr\/wp-json\/wp\/v2\/media\/23719"}],"wp:attachment":[{"href":"https:\/\/www.dynavin.de\/fr\/wp-json\/wp\/v2\/media?parent=47718"}],"wp:term":[{"taxonomy":"product_cat","embeddable":true,"href":"https:\/\/www.dynavin.de\/fr\/wp-json\/wp\/v2\/product_cat?post=47718"},{"taxonomy":"product_tag","embeddable":true,"href":"https:\/\/www.dynavin.de\/fr\/wp-json\/wp\/v2\/product_tag?post=47718"},{"taxonomy":"fahrzeughersteller","embeddable":true,"href":"https:\/\/www.dynavin.de\/fr\/wp-json\/wp\/v2\/fahrzeughersteller?post=47718"},{"taxonomy":"product_status","embeddable":true,"href":"https:\/\/www.dynavin.de\/fr\/wp-json\/wp\/v2\/product_status?post=47718"}],"curies":[{"name":"wp","href":"https:\/\/api.w.org\/{rel}","templated":true}]}}