{"id":47560,"date":"2020-06-02T09:32:20","date_gmt":"2021-07-26T07:30:42","guid":{"rendered":"https:\/\/www.dynavin.de\/adaptateur-pour-camera-dynavision-cam-adp-2-par-ex-pour-sunlight-et-carado\/"},"modified":"2025-11-11T09:13:29","modified_gmt":"2025-11-11T08:13:29","slug":"adaptateur-pour-camera-dynavision-cam-adp-2-par-ex-pour-sunlight-et-carado","status":"publish","type":"product","link":"https:\/\/www.dynavin.de\/fr\/produits\/produits\/camping-cars-et-vehicule-utilitaires\/cameras-de-recul-pour-camping-cars-et-vehicules-utilitaires\/accessoires-pour-cameras-de-recul\/adaptateur-pour-camera-dynavision-cam-adp-2-par-ex-pour-sunlight-et-carado\/","title":{"rendered":"Adaptateur pour cam\u00e9ra Dynavision CAM &#8211; ADP.2 par ex. pour Laika d\u00e8s 2021, Sunlight et Carado"},"content":{"rendered":"\n<style type=\"text\/css\" data-created_by=\"avia_inline_auto\" id=\"style-css-av-av_one_half-79ff81c021393065cee878051452f6a6\">\n.flex_column.av-av_one_half-79ff81c021393065cee878051452f6a6{\nborder-radius:0px 0px 0px 0px;\n-webkit-border-radius:0px 0px 0px 0px;\n-moz-border-radius:0px 0px 0px 0px;\n}\n<\/style>\n<div class='flex_column av-av_one_half-79ff81c021393065cee878051452f6a6 av_one_half  avia-builder-el-0  el_before_av_one_half  avia-builder-el-first  first flex_column_div av-zero-column-padding '   ><style type=\"text\/css\" data-created_by=\"avia_inline_auto\" id=\"style-css-av-mhuamv79-2b7935f8a7f1aae63f3374f38803d6dc\">\n#top .avia-gallery.av-mhuamv79-2b7935f8a7f1aae63f3374f38803d6dc .avia-gallery-thumb a{\nwidth:10%;\n}\n<\/style>\n<div  id=\"productsGallery\"  class='avia-gallery av-mhuamv79-2b7935f8a7f1aae63f3374f38803d6dc avia_animate_when_visible  avia-builder-el-1  avia-builder-el-no-sibling  animations_off avia-gallery-1'  itemprop=\"image\" itemscope=\"itemscope\" itemtype=\"https:\/\/schema.org\/ImageObject\" ><meta itemprop=\"contentURL\" content=\"https:\/\/www.dynavin.de\/fr\/produits\/produits\/camping-cars-et-vehicule-utilitaires\/cameras-de-recul-pour-camping-cars-et-vehicules-utilitaires\/accessoires-pour-cameras-de-recul\/adaptateur-pour-camera-dynavision-cam-adp-2-par-ex-pour-sunlight-et-carado\/\"><a class='avia-gallery-big fakeLightbox lightbox avia-gallery-big-crop-thumb ' href=\"https:\/\/www.dynavin.de\/wp-content\/uploads\/1762848299-CAM-\u2013-ADP.jpg\"  data-onclick='1' title='1762848299-CAM \u2013 ADP' ><span class='avia-gallery-big-inner'  itemprop=\"thumbnailUrl\" ><img class=\"wp-image-141138 avia-img-lazy-loading-not-141138\"  width=\"1000\" height=\"750\" src=\"https:\/\/www.dynavin.de\/wp-content\/uploads\/1762848299-CAM-\u2013-ADP.jpg\" title='1762848299-CAM \u2013 ADP' alt='' \/><\/span><\/a><div class='avia-gallery-thumb'><a href=\"https:\/\/www.dynavin.de\/wp-content\/uploads\/1762848299-CAM-\u2013-ADP.jpg\" data-rel='gallery-1' data-prev-img='https:\/\/www.dynavin.de\/wp-content\/uploads\/1762848299-CAM-\u2013-ADP.jpg' class='first_thumb lightbox ' data-onclick='1' title='1762848299-CAM \u2013 ADP'  itemprop=\"thumbnailUrl\"  ><img class=\"wp-image-141138 avia-img-lazy-loading-not-141138\"   src=\"https:\/\/www.dynavin.de\/wp-content\/uploads\/1762848299-CAM-\u2013-ADP.jpg\" width=\"1000\" height=\"750\"  title='1762848299-CAM \u2013 ADP' alt='' \/><div class='big-prev-fake'><img loading=\"lazy\" class=\"wp-image-141138 avia-img-lazy-loading-141138\"  width=\"1000\" height=\"750\" src=\"https:\/\/www.dynavin.de\/wp-content\/uploads\/1762848299-CAM-\u2013-ADP.jpg\" title='1762848299-CAM \u2013 ADP' alt='' \/><\/div><\/a><a href=\"https:\/\/www.dynavin.de\/wp-content\/uploads\/1762848295-Anleitung_Adapter_CAM-ADP2-user-manual.jpg\" data-rel='gallery-1' data-prev-img='https:\/\/www.dynavin.de\/wp-content\/uploads\/1762848295-Anleitung_Adapter_CAM-ADP2-user-manual.jpg' class='lightbox ' data-onclick='2' title='1762848295-Anleitung_Adapter_CAM-ADP2-user-manual'  itemprop=\"thumbnailUrl\"  ><img class=\"wp-image-141135 avia-img-lazy-loading-not-141135\"   src=\"https:\/\/www.dynavin.de\/wp-content\/uploads\/1762848295-Anleitung_Adapter_CAM-ADP2-user-manual.jpg\" width=\"1000\" height=\"750\"  title='1762848295-Anleitung_Adapter_CAM-ADP2-user-manual' alt='' \/><div class='big-prev-fake'><img loading=\"lazy\" class=\"wp-image-141135 avia-img-lazy-loading-141135\"  width=\"1000\" height=\"750\" src=\"https:\/\/www.dynavin.de\/wp-content\/uploads\/1762848295-Anleitung_Adapter_CAM-ADP2-user-manual.jpg\" title='1762848295-Anleitung_Adapter_CAM-ADP2-user-manual' alt='' \/><\/div><\/a><\/div><\/div><\/div>\n<style type=\"text\/css\" data-created_by=\"avia_inline_auto\" id=\"style-css-av-av_one_half-49f6e875884219cf77c24341e550af53\">\n.flex_column.av-av_one_half-49f6e875884219cf77c24341e550af53{\nborder-radius:0px 0px 0px 0px;\n-webkit-border-radius:0px 0px 0px 0px;\n-moz-border-radius:0px 0px 0px 0px;\n}\n<\/style>\n<div class='flex_column av-av_one_half-49f6e875884219cf77c24341e550af53 av_one_half  avia-builder-el-2  el_after_av_one_half  el_before_av_hr  flex_column_div av-zero-column-padding '   ><section  id=\"mainTitleRightPic\"  class='av_textblock_section av-mhuanfbv-71444ecb67e2d769285ec6bb6f7f1b67'  itemscope=\"itemscope\" itemtype=\"https:\/\/schema.org\/CreativeWork\" ><div class='avia_textblock'  itemprop=\"text\" ><h4>Adaptateur de cam\u00e9ra pour <span data-type=\"text\">par ex. Laika d\u00e8s 2021, Sunlight et Carado<\/span><\/h4>\n<h4>CAM &#8211; ADP.2<\/h4>\n<hr \/>\n<\/div><\/section><br \/>\n<section  id=\"descriptionBlock\"  class='av_textblock_section av-mhuannje-eba76881d276e154430a3b5d2d4e964b'  itemscope=\"itemscope\" itemtype=\"https:\/\/schema.org\/CreativeWork\" ><div class='avia_textblock'  itemprop=\"text\" ><ul>\n<li>Avec l\u2019adaptateur de cam\u00e9ra CAM \u2013 ADP.2, vous pouvez connecter une cam\u00e9ra de recul Dynavision \u00e0 un appareil de navigation ou un moniteur dans un v\u00e9hicule Sunlight ou Carado via le c\u00e2ble syst\u00e8me existant. Convient aussi pour les camping-cars Laika \u00e0 partir de 2021.<\/li>\n<\/ul>\n<\/div><\/section><br \/>\n<div class='av-woo-purchase-button av-av_product_button-f73a11ccd29996a2a11249d534554c23  avia-builder-el-5  el_after_av_textblock  avia-builder-el-last '><p class=\"price\"><span class=\"woocommerce-Price-amount amount\"><bdi>30,00&nbsp;<span class=\"woocommerce-Price-currencySymbol\">&euro;<\/span><\/bdi><\/span><\/p><\/div><\/p><\/div><div  class='hr av-av_hr-4ccdf2dedb084c055e057e7e21dab92e hr-default  avia-builder-el-6  el_after_av_one_half  el_before_av_hr '><span class='hr-inner '><span class=\"hr-inner-style\"><\/span><\/span><\/div>\n\n<style type=\"text\/css\" data-created_by=\"avia_inline_auto\" id=\"style-css-av-av_hr-890a6e1196fc1c45c5ac9e4389f7e5dc\">\n#top .hr.hr-invisible.av-av_hr-890a6e1196fc1c45c5ac9e4389f7e5dc{\nheight:50px;\n}\n<\/style>\n<div  class='hr av-av_hr-890a6e1196fc1c45c5ac9e4389f7e5dc hr-invisible  avia-builder-el-7  el_after_av_hr  el_before_av_product_review '><span class='hr-inner '><span class=\"hr-inner-style\"><\/span><\/span><\/div>\n<div class='av-woo-product-review av-av_product_review-f73a11ccd29996a2a11249d534554c23  avia-builder-el-8  el_after_av_hr  avia-builder-el-last '><\/div>\n","protected":false},"excerpt":{"rendered":"<p>Adaptateur pour Laika d\u00e8s 2021 &#8230;<\/p>\n","protected":false},"featured_media":23625,"comment_status":"open","ping_status":"closed","template":"","meta":[],"product_cat":[1782],"product_tag":[],"fahrzeughersteller":[],"product_status":[],"acf":[],"yoast_head":"<!-- This site is optimized with the Yoast SEO Premium plugin v16.9 (Yoast SEO v17.8) - https:\/\/yoast.com\/wordpress\/plugins\/seo\/ -->\n<title>Adaptateur pour cam\u00e9ra Dynavision CAM - ADP.2 par ex. pour Laika d\u00e8s 2021, Sunlight et Carado &ndash; Dynavin<\/title>\n<meta name=\"description\" content=\"Adaptateur pour l&#039;installation d&#039;une cam\u00e9ra Dynavision ex. dans un camping-car Laika d\u00e8s 2021, Sunlight ou Carado\" \/>\n<meta name=\"robots\" content=\"index, follow, max-snippet:-1, max-image-preview:large, max-video-preview:-1\" \/>\n<link rel=\"canonical\" href=\"https:\/\/www.dynavin.de\/fr\/produits\/produits\/camping-cars-et-vehicule-utilitaires\/cameras-de-recul-pour-camping-cars-et-vehicules-utilitaires\/accessoires-pour-cameras-de-recul\/adaptateur-pour-camera-dynavision-cam-adp-2-par-ex-pour-sunlight-et-carado\/\" \/>\n<meta property=\"og:locale\" content=\"fr_FR\" \/>\n<meta property=\"og:type\" content=\"article\" \/>\n<meta property=\"og:title\" content=\"Adaptateur pour cam\u00e9ra Dynavision CAM - ADP.2 par ex. pour Laika d\u00e8s 2021, Sunlight et Carado\" \/>\n<meta property=\"og:description\" content=\"Adaptateur pour l&#039;installation d&#039;une cam\u00e9ra Dynavision ex. dans un camping-car Laika d\u00e8s 2021, Sunlight ou Carado\" \/>\n<meta property=\"og:url\" content=\"https:\/\/www.dynavin.de\/fr\/produits\/produits\/camping-cars-et-vehicule-utilitaires\/cameras-de-recul-pour-camping-cars-et-vehicules-utilitaires\/accessoires-pour-cameras-de-recul\/adaptateur-pour-camera-dynavision-cam-adp-2-par-ex-pour-sunlight-et-carado\/\" \/>\n<meta property=\"og:site_name\" content=\"Dynavin\" \/>\n<meta property=\"article:publisher\" content=\"https:\/\/www.facebook.com\/dynavin.official\" \/>\n<meta property=\"article:modified_time\" content=\"2025-11-11T08:13:29+00:00\" \/>\n<meta property=\"og:image\" content=\"https:\/\/www.dynavin.de\/wp-content\/uploads\/Dynavin-cam-adp2_tn-2.png\" \/>\n\t<meta property=\"og:image:width\" content=\"300\" \/>\n\t<meta property=\"og:image:height\" content=\"300\" \/>\n<meta name=\"twitter:card\" content=\"summary_large_image\" \/>\n<script type=\"application\/ld+json\" class=\"yoast-schema-graph\">{\"@context\":\"https:\/\/schema.org\",\"@graph\":[{\"@type\":\"Organization\",\"@id\":\"https:\/\/www.dynavin.de\/#organization\",\"name\":\"Dynavin GmbH\",\"url\":\"https:\/\/www.dynavin.de\/\",\"sameAs\":[\"https:\/\/www.facebook.com\/dynavin.official\",\"https:\/\/www.instagram.com\/dynavin.official\/?hl=en\",\"https:\/\/www.youtube.com\/user\/dynavin1\"],\"logo\":{\"@type\":\"ImageObject\",\"@id\":\"https:\/\/www.dynavin.de\/#logo\",\"inLanguage\":\"fr-FR\",\"url\":\"https:\/\/www.dynavin.de\/wp-content\/uploads\/2018\/12\/dynavin-logo.png\",\"contentUrl\":\"https:\/\/www.dynavin.de\/wp-content\/uploads\/2018\/12\/dynavin-logo.png\",\"width\":340,\"height\":156,\"caption\":\"Dynavin GmbH\"},\"image\":{\"@id\":\"https:\/\/www.dynavin.de\/#logo\"}},{\"@type\":\"WebSite\",\"@id\":\"https:\/\/www.dynavin.de\/#website\",\"url\":\"https:\/\/www.dynavin.de\/\",\"name\":\"Dynavin\",\"description\":\"Navigation and Multimedia Solutions\",\"publisher\":{\"@id\":\"https:\/\/www.dynavin.de\/#organization\"},\"potentialAction\":[{\"@type\":\"SearchAction\",\"target\":{\"@type\":\"EntryPoint\",\"urlTemplate\":\"https:\/\/www.dynavin.de\/?s={search_term_string}\"},\"query-input\":\"required name=search_term_string\"}],\"inLanguage\":\"fr-FR\"},{\"@type\":\"ImageObject\",\"@id\":\"https:\/\/www.dynavin.de\/fr\/produits\/produits\/camping-cars-et-vehicule-utilitaires\/cameras-de-recul-pour-camping-cars-et-vehicules-utilitaires\/accessoires-pour-cameras-de-recul\/adaptateur-pour-camera-dynavision-cam-adp-2-par-ex-pour-sunlight-et-carado\/#primaryimage\",\"inLanguage\":\"fr-FR\",\"url\":\"https:\/\/www.dynavin.de\/wp-content\/uploads\/Dynavin-cam-adp2_tn-2.png\",\"contentUrl\":\"https:\/\/www.dynavin.de\/wp-content\/uploads\/Dynavin-cam-adp2_tn-2.png\",\"width\":300,\"height\":300,\"caption\":\"Dynavin-cam-adp2_tn\"},{\"@type\":\"WebPage\",\"@id\":\"https:\/\/www.dynavin.de\/fr\/produits\/produits\/camping-cars-et-vehicule-utilitaires\/cameras-de-recul-pour-camping-cars-et-vehicules-utilitaires\/accessoires-pour-cameras-de-recul\/adaptateur-pour-camera-dynavision-cam-adp-2-par-ex-pour-sunlight-et-carado\/#webpage\",\"url\":\"https:\/\/www.dynavin.de\/fr\/produits\/produits\/camping-cars-et-vehicule-utilitaires\/cameras-de-recul-pour-camping-cars-et-vehicules-utilitaires\/accessoires-pour-cameras-de-recul\/adaptateur-pour-camera-dynavision-cam-adp-2-par-ex-pour-sunlight-et-carado\/\",\"name\":\"Adaptateur pour cam\\u00e9ra Dynavision CAM - ADP.2 par ex. pour Laika d\\u00e8s 2021, Sunlight et Carado &ndash; Dynavin\",\"isPartOf\":{\"@id\":\"https:\/\/www.dynavin.de\/#website\"},\"primaryImageOfPage\":{\"@id\":\"https:\/\/www.dynavin.de\/fr\/produits\/produits\/camping-cars-et-vehicule-utilitaires\/cameras-de-recul-pour-camping-cars-et-vehicules-utilitaires\/accessoires-pour-cameras-de-recul\/adaptateur-pour-camera-dynavision-cam-adp-2-par-ex-pour-sunlight-et-carado\/#primaryimage\"},\"datePublished\":\"2021-07-26T07:30:42+00:00\",\"dateModified\":\"2025-11-11T08:13:29+00:00\",\"description\":\"Adaptateur pour l'installation d'une cam\\u00e9ra Dynavision ex. dans un camping-car Laika d\\u00e8s 2021, Sunlight ou Carado\",\"breadcrumb\":{\"@id\":\"https:\/\/www.dynavin.de\/fr\/produits\/produits\/camping-cars-et-vehicule-utilitaires\/cameras-de-recul-pour-camping-cars-et-vehicules-utilitaires\/accessoires-pour-cameras-de-recul\/adaptateur-pour-camera-dynavision-cam-adp-2-par-ex-pour-sunlight-et-carado\/#breadcrumb\"},\"inLanguage\":\"fr-FR\",\"potentialAction\":[{\"@type\":\"ReadAction\",\"target\":[\"https:\/\/www.dynavin.de\/fr\/produits\/produits\/camping-cars-et-vehicule-utilitaires\/cameras-de-recul-pour-camping-cars-et-vehicules-utilitaires\/accessoires-pour-cameras-de-recul\/adaptateur-pour-camera-dynavision-cam-adp-2-par-ex-pour-sunlight-et-carado\/\"]}]},{\"@type\":\"BreadcrumbList\",\"@id\":\"https:\/\/www.dynavin.de\/fr\/produits\/produits\/camping-cars-et-vehicule-utilitaires\/cameras-de-recul-pour-camping-cars-et-vehicules-utilitaires\/accessoires-pour-cameras-de-recul\/adaptateur-pour-camera-dynavision-cam-adp-2-par-ex-pour-sunlight-et-carado\/#breadcrumb\",\"itemListElement\":[{\"@type\":\"ListItem\",\"position\":1,\"name\":\"Startseite\",\"item\":\"https:\/\/www.dynavin.de\/fr\/\"},{\"@type\":\"ListItem\",\"position\":2,\"name\":\"Produits\",\"item\":\"https:\/\/www.dynavin.de\/fr\/shop\/\"},{\"@type\":\"ListItem\",\"position\":3,\"name\":\"Produits\",\"item\":\"https:\/\/www.dynavin.de\/fr\/categorie-produit\/produits\/\"},{\"@type\":\"ListItem\",\"position\":4,\"name\":\"Camping-cars et v\\u00e9hicules utilitaires\",\"item\":\"https:\/\/www.dynavin.de\/fr\/categorie-produit\/produits\/camping-cars-et-vehicule-utilitaires\/\"},{\"@type\":\"ListItem\",\"position\":5,\"name\":\"Cam\\u00e9ras de recul pour camping-cars et v\\u00e9hicules utilitaires\",\"item\":\"https:\/\/www.dynavin.de\/fr\/categorie-produit\/produits\/camping-cars-et-vehicule-utilitaires\/cameras-de-recul-pour-camping-cars-et-vehicules-utilitaires\/\"},{\"@type\":\"ListItem\",\"position\":6,\"name\":\"Accessoires pour cam\\u00e9ras de recul\",\"item\":\"https:\/\/www.dynavin.de\/fr\/categorie-produit\/produits\/camping-cars-et-vehicule-utilitaires\/cameras-de-recul-pour-camping-cars-et-vehicules-utilitaires\/accessoires-pour-cameras-de-recul\/\"},{\"@type\":\"ListItem\",\"position\":7,\"name\":\"Adaptateur pour cam\\u00e9ra Dynavision CAM &#8211; ADP.2 par ex. pour Laika d\\u00e8s 2021, Sunlight et Carado\"}]}]}<\/script>\n<!-- \/ Yoast SEO Premium plugin. -->","yoast_head_json":{"title":"Adaptateur pour cam\u00e9ra Dynavision CAM - ADP.2 par ex. pour Laika d\u00e8s 2021, Sunlight et Carado &ndash; Dynavin","description":"Adaptateur pour l'installation d'une cam\u00e9ra Dynavision ex. dans un camping-car Laika d\u00e8s 2021, Sunlight ou Carado","robots":{"index":"index","follow":"follow","max-snippet":"max-snippet:-1","max-image-preview":"max-image-preview:large","max-video-preview":"max-video-preview:-1"},"canonical":"https:\/\/www.dynavin.de\/fr\/produits\/produits\/camping-cars-et-vehicule-utilitaires\/cameras-de-recul-pour-camping-cars-et-vehicules-utilitaires\/accessoires-pour-cameras-de-recul\/adaptateur-pour-camera-dynavision-cam-adp-2-par-ex-pour-sunlight-et-carado\/","og_locale":"fr_FR","og_type":"article","og_title":"Adaptateur pour cam\u00e9ra Dynavision CAM - ADP.2 par ex. pour Laika d\u00e8s 2021, Sunlight et Carado","og_description":"Adaptateur pour l'installation d'une cam\u00e9ra Dynavision ex. dans un camping-car Laika d\u00e8s 2021, Sunlight ou Carado","og_url":"https:\/\/www.dynavin.de\/fr\/produits\/produits\/camping-cars-et-vehicule-utilitaires\/cameras-de-recul-pour-camping-cars-et-vehicules-utilitaires\/accessoires-pour-cameras-de-recul\/adaptateur-pour-camera-dynavision-cam-adp-2-par-ex-pour-sunlight-et-carado\/","og_site_name":"Dynavin","article_publisher":"https:\/\/www.facebook.com\/dynavin.official","article_modified_time":"2025-11-11T08:13:29+00:00","og_image":[{"width":300,"height":300,"url":"https:\/\/www.dynavin.de\/wp-content\/uploads\/Dynavin-cam-adp2_tn-2.png","type":"image\/png"}],"twitter_card":"summary_large_image","schema":{"@context":"https:\/\/schema.org","@graph":[{"@type":"Organization","@id":"https:\/\/www.dynavin.de\/#organization","name":"Dynavin GmbH","url":"https:\/\/www.dynavin.de\/","sameAs":["https:\/\/www.facebook.com\/dynavin.official","https:\/\/www.instagram.com\/dynavin.official\/?hl=en","https:\/\/www.youtube.com\/user\/dynavin1"],"logo":{"@type":"ImageObject","@id":"https:\/\/www.dynavin.de\/#logo","inLanguage":"fr-FR","url":"https:\/\/www.dynavin.de\/wp-content\/uploads\/2018\/12\/dynavin-logo.png","contentUrl":"https:\/\/www.dynavin.de\/wp-content\/uploads\/2018\/12\/dynavin-logo.png","width":340,"height":156,"caption":"Dynavin GmbH"},"image":{"@id":"https:\/\/www.dynavin.de\/#logo"}},{"@type":"WebSite","@id":"https:\/\/www.dynavin.de\/#website","url":"https:\/\/www.dynavin.de\/","name":"Dynavin","description":"Navigation and Multimedia Solutions","publisher":{"@id":"https:\/\/www.dynavin.de\/#organization"},"potentialAction":[{"@type":"SearchAction","target":{"@type":"EntryPoint","urlTemplate":"https:\/\/www.dynavin.de\/?s={search_term_string}"},"query-input":"required name=search_term_string"}],"inLanguage":"fr-FR"},{"@type":"ImageObject","@id":"https:\/\/www.dynavin.de\/fr\/produits\/produits\/camping-cars-et-vehicule-utilitaires\/cameras-de-recul-pour-camping-cars-et-vehicules-utilitaires\/accessoires-pour-cameras-de-recul\/adaptateur-pour-camera-dynavision-cam-adp-2-par-ex-pour-sunlight-et-carado\/#primaryimage","inLanguage":"fr-FR","url":"https:\/\/www.dynavin.de\/wp-content\/uploads\/Dynavin-cam-adp2_tn-2.png","contentUrl":"https:\/\/www.dynavin.de\/wp-content\/uploads\/Dynavin-cam-adp2_tn-2.png","width":300,"height":300,"caption":"Dynavin-cam-adp2_tn"},{"@type":"WebPage","@id":"https:\/\/www.dynavin.de\/fr\/produits\/produits\/camping-cars-et-vehicule-utilitaires\/cameras-de-recul-pour-camping-cars-et-vehicules-utilitaires\/accessoires-pour-cameras-de-recul\/adaptateur-pour-camera-dynavision-cam-adp-2-par-ex-pour-sunlight-et-carado\/#webpage","url":"https:\/\/www.dynavin.de\/fr\/produits\/produits\/camping-cars-et-vehicule-utilitaires\/cameras-de-recul-pour-camping-cars-et-vehicules-utilitaires\/accessoires-pour-cameras-de-recul\/adaptateur-pour-camera-dynavision-cam-adp-2-par-ex-pour-sunlight-et-carado\/","name":"Adaptateur pour cam\u00e9ra Dynavision CAM - ADP.2 par ex. pour Laika d\u00e8s 2021, Sunlight et Carado &ndash; Dynavin","isPartOf":{"@id":"https:\/\/www.dynavin.de\/#website"},"primaryImageOfPage":{"@id":"https:\/\/www.dynavin.de\/fr\/produits\/produits\/camping-cars-et-vehicule-utilitaires\/cameras-de-recul-pour-camping-cars-et-vehicules-utilitaires\/accessoires-pour-cameras-de-recul\/adaptateur-pour-camera-dynavision-cam-adp-2-par-ex-pour-sunlight-et-carado\/#primaryimage"},"datePublished":"2021-07-26T07:30:42+00:00","dateModified":"2025-11-11T08:13:29+00:00","description":"Adaptateur pour l'installation d'une cam\u00e9ra Dynavision ex. dans un camping-car Laika d\u00e8s 2021, Sunlight ou Carado","breadcrumb":{"@id":"https:\/\/www.dynavin.de\/fr\/produits\/produits\/camping-cars-et-vehicule-utilitaires\/cameras-de-recul-pour-camping-cars-et-vehicules-utilitaires\/accessoires-pour-cameras-de-recul\/adaptateur-pour-camera-dynavision-cam-adp-2-par-ex-pour-sunlight-et-carado\/#breadcrumb"},"inLanguage":"fr-FR","potentialAction":[{"@type":"ReadAction","target":["https:\/\/www.dynavin.de\/fr\/produits\/produits\/camping-cars-et-vehicule-utilitaires\/cameras-de-recul-pour-camping-cars-et-vehicules-utilitaires\/accessoires-pour-cameras-de-recul\/adaptateur-pour-camera-dynavision-cam-adp-2-par-ex-pour-sunlight-et-carado\/"]}]},{"@type":"BreadcrumbList","@id":"https:\/\/www.dynavin.de\/fr\/produits\/produits\/camping-cars-et-vehicule-utilitaires\/cameras-de-recul-pour-camping-cars-et-vehicules-utilitaires\/accessoires-pour-cameras-de-recul\/adaptateur-pour-camera-dynavision-cam-adp-2-par-ex-pour-sunlight-et-carado\/#breadcrumb","itemListElement":[{"@type":"ListItem","position":1,"name":"Startseite","item":"https:\/\/www.dynavin.de\/fr\/"},{"@type":"ListItem","position":2,"name":"Produits","item":"https:\/\/www.dynavin.de\/fr\/shop\/"},{"@type":"ListItem","position":3,"name":"Produits","item":"https:\/\/www.dynavin.de\/fr\/categorie-produit\/produits\/"},{"@type":"ListItem","position":4,"name":"Camping-cars et v\u00e9hicules utilitaires","item":"https:\/\/www.dynavin.de\/fr\/categorie-produit\/produits\/camping-cars-et-vehicule-utilitaires\/"},{"@type":"ListItem","position":5,"name":"Cam\u00e9ras de recul pour camping-cars et v\u00e9hicules utilitaires","item":"https:\/\/www.dynavin.de\/fr\/categorie-produit\/produits\/camping-cars-et-vehicule-utilitaires\/cameras-de-recul-pour-camping-cars-et-vehicules-utilitaires\/"},{"@type":"ListItem","position":6,"name":"Accessoires pour cam\u00e9ras de recul","item":"https:\/\/www.dynavin.de\/fr\/categorie-produit\/produits\/camping-cars-et-vehicule-utilitaires\/cameras-de-recul-pour-camping-cars-et-vehicules-utilitaires\/accessoires-pour-cameras-de-recul\/"},{"@type":"ListItem","position":7,"name":"Adaptateur pour cam\u00e9ra Dynavision CAM &#8211; ADP.2 par ex. pour Laika d\u00e8s 2021, Sunlight et Carado"}]}]}},"_links":{"self":[{"href":"https:\/\/www.dynavin.de\/fr\/wp-json\/wp\/v2\/product\/47560"}],"collection":[{"href":"https:\/\/www.dynavin.de\/fr\/wp-json\/wp\/v2\/product"}],"about":[{"href":"https:\/\/www.dynavin.de\/fr\/wp-json\/wp\/v2\/types\/product"}],"replies":[{"embeddable":true,"href":"https:\/\/www.dynavin.de\/fr\/wp-json\/wp\/v2\/comments?post=47560"}],"wp:featuredmedia":[{"embeddable":true,"href":"https:\/\/www.dynavin.de\/fr\/wp-json\/wp\/v2\/media\/23625"}],"wp:attachment":[{"href":"https:\/\/www.dynavin.de\/fr\/wp-json\/wp\/v2\/media?parent=47560"}],"wp:term":[{"taxonomy":"product_cat","embeddable":true,"href":"https:\/\/www.dynavin.de\/fr\/wp-json\/wp\/v2\/product_cat?post=47560"},{"taxonomy":"product_tag","embeddable":true,"href":"https:\/\/www.dynavin.de\/fr\/wp-json\/wp\/v2\/product_tag?post=47560"},{"taxonomy":"fahrzeughersteller","embeddable":true,"href":"https:\/\/www.dynavin.de\/fr\/wp-json\/wp\/v2\/fahrzeughersteller?post=47560"},{"taxonomy":"product_status","embeddable":true,"href":"https:\/\/www.dynavin.de\/fr\/wp-json\/wp\/v2\/product_status?post=47560"}],"curies":[{"name":"wp","href":"https:\/\/api.w.org\/{rel}","templated":true}]}}