{"id":45423,"date":"2021-04-20T05:49:39","date_gmt":"2021-07-13T07:42:58","guid":{"rendered":"https:\/\/www.dynavin.de\/most-adapter-dvn-mo150-v\/"},"modified":"2026-03-13T09:20:07","modified_gmt":"2026-03-13T08:20:07","slug":"most-adapter-dvn-mo150-v","status":"publish","type":"product","link":"https:\/\/www.dynavin.de\/fr\/produits\/produits\/carhifi\/accessoires-pour-carhifi\/most-adapter-dvn-mo150-v\/","title":{"rendered":"Adaptateur MOST D8-MO150-V"},"content":{"rendered":"\n<style type=\"text\/css\" data-created_by=\"avia_inline_auto\" id=\"style-css-av-u2a7098-5e25f8d5078a0de97c849dca28ab23d3\">\n.flex_column.av-u2a7098-5e25f8d5078a0de97c849dca28ab23d3{\nborder-radius:0px 0px 0px 0px;\n-webkit-border-radius:0px 0px 0px 0px;\n-moz-border-radius:0px 0px 0px 0px;\n}\n<\/style>\n<div class='flex_column av-u2a7098-5e25f8d5078a0de97c849dca28ab23d3 av_one_half  avia-builder-el-0  el_before_av_one_half  avia-builder-el-first  first flex_column_div av-zero-column-padding '   ><style type=\"text\/css\" data-created_by=\"avia_inline_auto\" id=\"style-css-av-kmh3gjgq-297d9625b04273b671adc1ce7d2a5826\">\n#top .avia-gallery.av-kmh3gjgq-297d9625b04273b671adc1ce7d2a5826 .avia-gallery-thumb a{\nwidth:10%;\n}\n<\/style>\n<div  id=\"productsGallery\"  class='avia-gallery av-kmh3gjgq-297d9625b04273b671adc1ce7d2a5826 avia_animate_when_visible  avia-builder-el-1  avia-builder-el-no-sibling  animations_off avia-gallery-1'  itemprop=\"image\" itemscope=\"itemscope\" itemtype=\"https:\/\/schema.org\/ImageObject\" ><meta itemprop=\"contentURL\" content=\"https:\/\/www.dynavin.de\/fr\/produits\/produits\/carhifi\/accessoires-pour-carhifi\/most-adapter-dvn-mo150-v\/\"><a class='avia-gallery-big fakeLightbox lightbox avia-gallery-big-crop-thumb ' href=\"https:\/\/www.dynavin.de\/wp-content\/uploads\/1651897124-D8-MO150-V-01.jpg\"  data-onclick='1' title='1651897124-D8-MO150-V-01' ><span class='avia-gallery-big-inner'  itemprop=\"thumbnailUrl\" ><img class=\"wp-image-65774 avia-img-lazy-loading-not-65774\"  width=\"1000\" height=\"750\" src=\"https:\/\/www.dynavin.de\/wp-content\/uploads\/1651897124-D8-MO150-V-01.jpg\" title='1651897124-D8-MO150-V-01' alt='' \/><\/span><\/a><div class='avia-gallery-thumb'><a href=\"https:\/\/www.dynavin.de\/wp-content\/uploads\/1651897124-D8-MO150-V-01.jpg\" data-rel='gallery-1' data-prev-img='https:\/\/www.dynavin.de\/wp-content\/uploads\/1651897124-D8-MO150-V-01.jpg' class='first_thumb lightbox ' data-onclick='1' title='1651897124-D8-MO150-V-01'  itemprop=\"thumbnailUrl\"  ><img class=\"wp-image-65774 avia-img-lazy-loading-not-65774\"   src=\"https:\/\/www.dynavin.de\/wp-content\/uploads\/1651897124-D8-MO150-V-01.jpg\" width=\"1000\" height=\"750\"  title='1651897124-D8-MO150-V-01' alt='' \/><div class='big-prev-fake'><img loading=\"lazy\" class=\"wp-image-65774 avia-img-lazy-loading-65774\"  width=\"1000\" height=\"750\" src=\"https:\/\/www.dynavin.de\/wp-content\/uploads\/1651897124-D8-MO150-V-01.jpg\" title='1651897124-D8-MO150-V-01' alt='' \/><\/div><\/a><a href=\"https:\/\/www.dynavin.de\/wp-content\/uploads\/1651897129-D8-MO150-V-03.jpg\" data-rel='gallery-1' data-prev-img='https:\/\/www.dynavin.de\/wp-content\/uploads\/1651897129-D8-MO150-V-03.jpg' class='lightbox ' data-onclick='2' title='1651897129-D8-MO150-V-03'  itemprop=\"thumbnailUrl\"  ><img class=\"wp-image-65780 avia-img-lazy-loading-not-65780\"   src=\"https:\/\/www.dynavin.de\/wp-content\/uploads\/1651897129-D8-MO150-V-03.jpg\" width=\"1000\" height=\"750\"  title='1651897129-D8-MO150-V-03' alt='' \/><div class='big-prev-fake'><img loading=\"lazy\" class=\"wp-image-65780 avia-img-lazy-loading-65780\"  width=\"1000\" height=\"750\" src=\"https:\/\/www.dynavin.de\/wp-content\/uploads\/1651897129-D8-MO150-V-03.jpg\" title='1651897129-D8-MO150-V-03' alt='' \/><\/div><\/a><a href=\"https:\/\/www.dynavin.de\/wp-content\/uploads\/1651911760-DVN-MO150-V-2.jpg\" data-rel='gallery-1' data-prev-img='https:\/\/www.dynavin.de\/wp-content\/uploads\/1651911760-DVN-MO150-V-2.jpg' class='lightbox ' data-onclick='3' title='1651911760-DVN-MO150-V-2'  itemprop=\"thumbnailUrl\"  ><img class=\"wp-image-65818 avia-img-lazy-loading-not-65818\"   src=\"https:\/\/www.dynavin.de\/wp-content\/uploads\/1651911760-DVN-MO150-V-2.jpg\" width=\"1000\" height=\"750\"  title='1651911760-DVN-MO150-V-2' alt='' \/><div class='big-prev-fake'><img loading=\"lazy\" class=\"wp-image-65818 avia-img-lazy-loading-65818\"  width=\"1000\" height=\"750\" src=\"https:\/\/www.dynavin.de\/wp-content\/uploads\/1651911760-DVN-MO150-V-2.jpg\" title='1651911760-DVN-MO150-V-2' alt='' \/><\/div><\/a><a href=\"https:\/\/www.dynavin.de\/wp-content\/uploads\/1651897127-D8-MO150-V-02.jpg\" data-rel='gallery-1' data-prev-img='https:\/\/www.dynavin.de\/wp-content\/uploads\/1651897127-D8-MO150-V-02.jpg' class='lightbox ' data-onclick='4' title='1651897127-D8-MO150-V-02'  itemprop=\"thumbnailUrl\"  ><img class=\"wp-image-65777 avia-img-lazy-loading-not-65777\"   src=\"https:\/\/www.dynavin.de\/wp-content\/uploads\/1651897127-D8-MO150-V-02.jpg\" width=\"1000\" height=\"750\"  title='1651897127-D8-MO150-V-02' alt='' \/><div class='big-prev-fake'><img loading=\"lazy\" class=\"wp-image-65777 avia-img-lazy-loading-65777\"  width=\"1000\" height=\"750\" src=\"https:\/\/www.dynavin.de\/wp-content\/uploads\/1651897127-D8-MO150-V-02.jpg\" title='1651897127-D8-MO150-V-02' alt='' \/><\/div><\/a><\/div><\/div><\/div>\n<style type=\"text\/css\" data-created_by=\"avia_inline_auto\" id=\"style-css-av-2zhl8to-31540e9a2f7764064a6d628e10e69c12\">\n.flex_column.av-2zhl8to-31540e9a2f7764064a6d628e10e69c12{\nborder-radius:0px 0px 0px 0px;\n-webkit-border-radius:0px 0px 0px 0px;\n-moz-border-radius:0px 0px 0px 0px;\n}\n<\/style>\n<div class='flex_column av-2zhl8to-31540e9a2f7764064a6d628e10e69c12 av_one_half  avia-builder-el-2  el_after_av_one_half  el_before_av_hr  flex_column_div av-zero-column-padding '   ><section  id=\"mainTitleRightPic\"  class='av_textblock_section av-kmh3iabj-b4f7cfa3ac3c455aa4f57d44bd0c967a'  itemscope=\"itemscope\" itemtype=\"https:\/\/schema.org\/CreativeWork\" ><div class='avia_textblock'  itemprop=\"text\" ><h4>Interface de maintien du syst\u00e8me audio VW MIB OEM Dynaudio &amp; Canton avec un autoradio Dynavin<\/h4>\n<h4>D8-MO150-V<\/h4>\n<hr \/>\n<\/div><\/section><br \/>\n<section  id=\"parts-descriptionBlock\"  class='av_textblock_section av-kmh3iy4d-f5a9083dd161ccdeaa914cae8ff32a2c'  itemscope=\"itemscope\" itemtype=\"https:\/\/schema.org\/CreativeWork\" ><div class='avia_textblock'  itemprop=\"text\" ><ul>\n<li>Adaptateur de remplacement d&#8217;autoradio, par exemple pour Golf 7 VII \u00e0 partir de 2012, Passat B8 2014-2020, Touran \u00e0 partir de 2015, Tiguan \u00e0 partir de 2016 avec syst\u00e8me audio Dynaudio.<\/li>\n<li>Adaptateur de remplacement d&#8217;autoradio, par exemple pour la Skoda Octavia 3 (5E) \u00e0 partir de 2012 avec le syst\u00e8me de sonorisation Canton.<\/li>\n<li>Permet de conserver le syst\u00e8me audio Dynaudio\/Canton, tandis que l&#8217;unit\u00e9 principale d&#8217;origine est aliment\u00e9e par un autoradio Dynavin.<\/li>\n<li>Installation plug &amp; play facile. Comme restriction, le fader n&#8217;est plus disponible.<\/li>\n<\/ul>\n<\/div><\/section><br \/>\n<div class='av-woo-purchase-button av-av_product_button-f73a11ccd29996a2a11249d534554c23  avia-builder-el-5  el_after_av_textblock  avia-builder-el-last '><p class=\"price\"><span class=\"woocommerce-Price-amount amount\"><bdi>249,00&nbsp;<span class=\"woocommerce-Price-currencySymbol\">&euro;<\/span><\/bdi><\/span><\/p><\/div><\/p><\/div>\n<div  class='hr av-kmh3un6s-291946918e040d1578f9a0bb0a502f8c hr-default  avia-builder-el-6  el_after_av_one_half  el_before_av_one_full '><span class='hr-inner '><span class=\"hr-inner-style\"><\/span><\/span><\/div>\n\n<style type=\"text\/css\" data-created_by=\"avia_inline_auto\" id=\"style-css-av-1tkz2qd-9f4e93759d6f2a70f09862729cc928d0\">\n.flex_column.av-1tkz2qd-9f4e93759d6f2a70f09862729cc928d0{\nborder-radius:0px 0px 0px 0px;\n-webkit-border-radius:0px 0px 0px 0px;\n-moz-border-radius:0px 0px 0px 0px;\n}\n<\/style>\n<div class='flex_column av-1tkz2qd-9f4e93759d6f2a70f09862729cc928d0 av_one_full  avia-builder-el-7  el_after_av_hr  el_before_av_hr  first flex_column_div av-zero-column-padding '   ><div  id=\"changeAccordionSytle\"  class='togglecontainer av-kmh3x2du-9ca05527380165e2d65eaba46ddc15cb  avia-builder-el-8  avia-builder-el-no-sibling ' >\n<section class='av_toggle_section av-av_toggle-41b342b687769b89c37084bfa7e3c174'  itemscope=\"itemscope\" itemtype=\"https:\/\/schema.org\/CreativeWork\" ><div role=\"tablist\" class=\"single_toggle\" data-tags=\"{Tout} \"  ><p data-fake-id='#vehicle-applications' class='toggler  activeTitle '  itemprop=\"headline\"  role='tab' tabindex='0' aria-controls='vehicle-applications'>Int\u00e9gration dans le v\u00e9hicule<span class=\"toggle_icon\"><span class=\"vert_icon\"><\/span><span class=\"hor_icon\"><\/span><\/span><\/p><div id='vehicle-applications' class='toggle_wrap  active_tc' style='display:block;' ><div class='toggle_content invers-color '  itemprop=\"text\" >\n<table id=\"tablepress-237\" class=\"tablepress tablepress-id-237 tablepress-responsive tablepress-responsive-phone\">\n<thead>\n<tr class=\"row-1\">\n\t<th class=\"column-1\">Ann\u00e9e(s)<\/th><th class=\"column-2\">Fabricant<\/th><th class=\"column-3\">Mod\u00e8le<\/th><th class=\"column-4\">Informations compl\u00e9mentaires<\/th>\n<\/tr>\n<\/thead>\n<tbody class=\"row-hover\">\n<tr class=\"row-2\">\n\t<td class=\"column-1\">\u00e0 partir de 2012<\/td><td class=\"column-2\">VOLKSWAGEN<\/td><td class=\"column-3\">Golf VII<\/td><td class=\"column-4\">-<\/td>\n<\/tr>\n<tr class=\"row-3\">\n\t<td class=\"column-1\">2014-2020<\/td><td class=\"column-2\">VOLKSWAGEN<\/td><td class=\"column-3\">Passat B8<\/td><td class=\"column-4\">-<\/td>\n<\/tr>\n<tr class=\"row-4\">\n\t<td class=\"column-1\">\u00e0 partir de 2015<\/td><td class=\"column-2\">VOLKSWAGEN<\/td><td class=\"column-3\">Touran<\/td><td class=\"column-4\">-<\/td>\n<\/tr>\n<tr class=\"row-5\">\n\t<td class=\"column-1\">\u00e0 partir de 2016<\/td><td class=\"column-2\">VOLKSWAGEN<\/td><td class=\"column-3\">Tiguan<\/td><td class=\"column-4\">-<\/td>\n<\/tr>\n<tr class=\"row-6\">\n\t<td class=\"column-1\">\u00e0 partir de 2012<\/td><td class=\"column-2\">SKODA<\/td><td class=\"column-3\">Octavia III<\/td><td class=\"column-4\">-<\/td>\n<\/tr>\n<\/tbody>\n<\/table>\n\n<\/div><\/div><\/div><\/section>\n<section class='av_toggle_section av-av_toggle-52ea2f4ec6781f7662f62f893f4bac1c'  itemscope=\"itemscope\" itemtype=\"https:\/\/schema.org\/CreativeWork\" ><div role=\"tablist\" class=\"single_toggle\" data-tags=\"{Tout} \"  ><p data-fake-id='#parts-features' class='toggler   '  itemprop=\"headline\"  role='tab' tabindex='0' aria-controls='parts-features'>Fonctionnalit\u00e9s<span class=\"toggle_icon\"><span class=\"vert_icon\"><\/span><span class=\"hor_icon\"><\/span><\/span><\/p><div id='parts-features' class='toggle_wrap  '  ><div class='toggle_content invers-color '  itemprop=\"text\" ><p>Cet adaptateur est la solution pour conserver le syst\u00e8me audio Dynaudio ou Canton existant tout en rempla\u00e7ant l&#8217;autoradio d&#8217;origine par un autoradio Dynavin.<\/p>\n<\/div><\/div><\/div><\/section>\n<section class='av_toggle_section av-av_toggle-6ded7ad4d80f9d87a8410a08aa0b2788'  itemscope=\"itemscope\" itemtype=\"https:\/\/schema.org\/CreativeWork\" ><div role=\"tablist\" class=\"single_toggle\" data-tags=\"{Tout} \"  ><p data-fake-id='#parts-prior-install' class='toggler   '  itemprop=\"headline\"  role='tab' tabindex='0' aria-controls='parts-prior-install'>Avant l\u2019installation<span class=\"toggle_icon\"><span class=\"vert_icon\"><\/span><span class=\"hor_icon\"><\/span><\/span><\/p><div id='parts-prior-install' class='toggle_wrap  '  ><div class='toggle_content invers-color '  itemprop=\"text\" ><p>Lisez le manuel avant l&#8217;installation. Des connaissances techniques sont n\u00e9cessaires pour l&#8217;installation. Le lieu d&#8217;installation doit \u00eatre exempt d&#8217;humidit\u00e9 et \u00e9loign\u00e9 des sources de chaleur. Veillez \u00e0 utiliser les bons outils lors de l&#8217;installation afin d&#8217;\u00e9viter d&#8217;endommager le v\u00e9hicule ou le produit. Dynavin ne peut \u00eatre tenu responsable de l&#8217;installation de ce produit.<\/p>\n<\/div><\/div><\/div><\/section>\n<\/div><\/div>\n\n<style type=\"text\/css\" data-created_by=\"avia_inline_auto\" id=\"style-css-av-kmkd6l60-0db76a8b73bb6b590629dab0b31faed4\">\n#top .hr.hr-invisible.av-kmkd6l60-0db76a8b73bb6b590629dab0b31faed4{\nheight:50px;\n}\n<\/style>\n<div  class='hr av-kmkd6l60-0db76a8b73bb6b590629dab0b31faed4 hr-invisible  avia-builder-el-9  el_after_av_one_full  el_before_av_product_review '><span class='hr-inner '><span class=\"hr-inner-style\"><\/span><\/span><\/div>\n<div class='av-woo-product-review av-av_product_review-f73a11ccd29996a2a11249d534554c23  avia-builder-el-10  el_after_av_hr  avia-builder-el-last '><\/div>\n","protected":false},"excerpt":{"rendered":"<p>Interface de r\u00e9tention du syst\u00e8me audio VW MIB OEM Dynaudio &amp; Canton<\/p>\n","protected":false},"featured_media":65821,"comment_status":"open","ping_status":"closed","template":"","meta":[],"product_cat":[1660,1663],"product_tag":[1682,1776,1777],"fahrzeughersteller":[940,935],"product_status":[],"acf":[],"yoast_head":"<!-- This site is optimized with the Yoast SEO Premium plugin v16.9 (Yoast SEO v17.8) - https:\/\/yoast.com\/wordpress\/plugins\/seo\/ -->\n<title>Adaptateur MOST D8-MO150-V &ndash; Dynavin<\/title>\n<meta name=\"description\" content=\"Interface de r\u00e9tention du syst\u00e8me audio VW MIB OEM Dynaudio &amp; Canton\" \/>\n<meta name=\"robots\" content=\"index, follow, max-snippet:-1, max-image-preview:large, max-video-preview:-1\" \/>\n<link rel=\"canonical\" href=\"https:\/\/www.dynavin.de\/fr\/produits\/produits\/carhifi\/accessoires-pour-carhifi\/most-adapter-dvn-mo150-v\/\" \/>\n<meta property=\"og:locale\" content=\"fr_FR\" \/>\n<meta property=\"og:type\" content=\"article\" \/>\n<meta property=\"og:title\" content=\"Adaptateur MOST D8-MO150-V\" \/>\n<meta property=\"og:description\" content=\"Interface de r\u00e9tention du syst\u00e8me audio VW MIB OEM Dynaudio &amp; Canton\" \/>\n<meta property=\"og:url\" content=\"https:\/\/www.dynavin.de\/fr\/produits\/produits\/carhifi\/accessoires-pour-carhifi\/most-adapter-dvn-mo150-v\/\" \/>\n<meta property=\"og:site_name\" content=\"Dynavin\" \/>\n<meta property=\"article:publisher\" content=\"https:\/\/www.facebook.com\/dynavin.official\" \/>\n<meta property=\"article:modified_time\" content=\"2026-03-13T08:20:07+00:00\" \/>\n<meta property=\"og:image\" content=\"https:\/\/www.dynavin.de\/wp-content\/uploads\/1651911803-D8-MO150-V-300X300.png\" \/>\n\t<meta property=\"og:image:width\" content=\"300\" \/>\n\t<meta property=\"og:image:height\" content=\"300\" \/>\n<meta name=\"twitter:card\" content=\"summary_large_image\" \/>\n<script type=\"application\/ld+json\" class=\"yoast-schema-graph\">{\"@context\":\"https:\/\/schema.org\",\"@graph\":[{\"@type\":\"Organization\",\"@id\":\"https:\/\/www.dynavin.de\/#organization\",\"name\":\"Dynavin GmbH\",\"url\":\"https:\/\/www.dynavin.de\/\",\"sameAs\":[\"https:\/\/www.facebook.com\/dynavin.official\",\"https:\/\/www.instagram.com\/dynavin.official\/?hl=en\",\"https:\/\/www.youtube.com\/user\/dynavin1\"],\"logo\":{\"@type\":\"ImageObject\",\"@id\":\"https:\/\/www.dynavin.de\/#logo\",\"inLanguage\":\"fr-FR\",\"url\":\"https:\/\/www.dynavin.de\/wp-content\/uploads\/2018\/12\/dynavin-logo.png\",\"contentUrl\":\"https:\/\/www.dynavin.de\/wp-content\/uploads\/2018\/12\/dynavin-logo.png\",\"width\":340,\"height\":156,\"caption\":\"Dynavin GmbH\"},\"image\":{\"@id\":\"https:\/\/www.dynavin.de\/#logo\"}},{\"@type\":\"WebSite\",\"@id\":\"https:\/\/www.dynavin.de\/#website\",\"url\":\"https:\/\/www.dynavin.de\/\",\"name\":\"Dynavin\",\"description\":\"Navigation and Multimedia Solutions\",\"publisher\":{\"@id\":\"https:\/\/www.dynavin.de\/#organization\"},\"potentialAction\":[{\"@type\":\"SearchAction\",\"target\":{\"@type\":\"EntryPoint\",\"urlTemplate\":\"https:\/\/www.dynavin.de\/?s={search_term_string}\"},\"query-input\":\"required name=search_term_string\"}],\"inLanguage\":\"fr-FR\"},{\"@type\":\"ImageObject\",\"@id\":\"https:\/\/www.dynavin.de\/fr\/produits\/produits\/carhifi\/accessoires-pour-carhifi\/most-adapter-dvn-mo150-v\/#primaryimage\",\"inLanguage\":\"fr-FR\",\"url\":\"https:\/\/www.dynavin.de\/wp-content\/uploads\/1651911803-D8-MO150-V-300X300.png\",\"contentUrl\":\"https:\/\/www.dynavin.de\/wp-content\/uploads\/1651911803-D8-MO150-V-300X300.png\",\"width\":300,\"height\":300},{\"@type\":\"WebPage\",\"@id\":\"https:\/\/www.dynavin.de\/fr\/produits\/produits\/carhifi\/accessoires-pour-carhifi\/most-adapter-dvn-mo150-v\/#webpage\",\"url\":\"https:\/\/www.dynavin.de\/fr\/produits\/produits\/carhifi\/accessoires-pour-carhifi\/most-adapter-dvn-mo150-v\/\",\"name\":\"Adaptateur MOST D8-MO150-V &ndash; Dynavin\",\"isPartOf\":{\"@id\":\"https:\/\/www.dynavin.de\/#website\"},\"primaryImageOfPage\":{\"@id\":\"https:\/\/www.dynavin.de\/fr\/produits\/produits\/carhifi\/accessoires-pour-carhifi\/most-adapter-dvn-mo150-v\/#primaryimage\"},\"datePublished\":\"2021-07-13T07:42:58+00:00\",\"dateModified\":\"2026-03-13T08:20:07+00:00\",\"description\":\"Interface de r\\u00e9tention du syst\\u00e8me audio VW MIB OEM Dynaudio &amp; Canton\",\"breadcrumb\":{\"@id\":\"https:\/\/www.dynavin.de\/fr\/produits\/produits\/carhifi\/accessoires-pour-carhifi\/most-adapter-dvn-mo150-v\/#breadcrumb\"},\"inLanguage\":\"fr-FR\",\"potentialAction\":[{\"@type\":\"ReadAction\",\"target\":[\"https:\/\/www.dynavin.de\/fr\/produits\/produits\/carhifi\/accessoires-pour-carhifi\/most-adapter-dvn-mo150-v\/\"]}]},{\"@type\":\"BreadcrumbList\",\"@id\":\"https:\/\/www.dynavin.de\/fr\/produits\/produits\/carhifi\/accessoires-pour-carhifi\/most-adapter-dvn-mo150-v\/#breadcrumb\",\"itemListElement\":[{\"@type\":\"ListItem\",\"position\":1,\"name\":\"Startseite\",\"item\":\"https:\/\/www.dynavin.de\/fr\/\"},{\"@type\":\"ListItem\",\"position\":2,\"name\":\"Produits\",\"item\":\"https:\/\/www.dynavin.de\/fr\/shop\/\"},{\"@type\":\"ListItem\",\"position\":3,\"name\":\"Produits\",\"item\":\"https:\/\/www.dynavin.de\/fr\/produit\/\"},{\"@type\":\"ListItem\",\"position\":4,\"name\":\"CarHifi\",\"item\":\"https:\/\/www.dynavin.de\/fr\/produit\/carhifi\/\"},{\"@type\":\"ListItem\",\"position\":5,\"name\":\"Accessoires pour CarHifi\",\"item\":\"https:\/\/www.dynavin.de\/fr\/produit\/carhifi\/accessoires-pour-carhifi\/\"},{\"@type\":\"ListItem\",\"position\":6,\"name\":\"Adaptateurs MOST\",\"item\":\"https:\/\/www.dynavin.de\/fr\/produits\/produits\/carhifi\/accessoires-pour-carhifi\/adaptateurs-most\/\"},{\"@type\":\"ListItem\",\"position\":7,\"name\":\"Adaptateur MOST D8-MO150-V\"}]}]}<\/script>\n<!-- \/ Yoast SEO Premium plugin. -->","yoast_head_json":{"title":"Adaptateur MOST D8-MO150-V &ndash; Dynavin","description":"Interface de r\u00e9tention du syst\u00e8me audio VW MIB OEM Dynaudio &amp; Canton","robots":{"index":"index","follow":"follow","max-snippet":"max-snippet:-1","max-image-preview":"max-image-preview:large","max-video-preview":"max-video-preview:-1"},"canonical":"https:\/\/www.dynavin.de\/fr\/produits\/produits\/carhifi\/accessoires-pour-carhifi\/most-adapter-dvn-mo150-v\/","og_locale":"fr_FR","og_type":"article","og_title":"Adaptateur MOST D8-MO150-V","og_description":"Interface de r\u00e9tention du syst\u00e8me audio VW MIB OEM Dynaudio &amp; Canton","og_url":"https:\/\/www.dynavin.de\/fr\/produits\/produits\/carhifi\/accessoires-pour-carhifi\/most-adapter-dvn-mo150-v\/","og_site_name":"Dynavin","article_publisher":"https:\/\/www.facebook.com\/dynavin.official","article_modified_time":"2026-03-13T08:20:07+00:00","og_image":[{"width":300,"height":300,"url":"https:\/\/www.dynavin.de\/wp-content\/uploads\/1651911803-D8-MO150-V-300X300.png","type":"image\/png"}],"twitter_card":"summary_large_image","schema":{"@context":"https:\/\/schema.org","@graph":[{"@type":"Organization","@id":"https:\/\/www.dynavin.de\/#organization","name":"Dynavin GmbH","url":"https:\/\/www.dynavin.de\/","sameAs":["https:\/\/www.facebook.com\/dynavin.official","https:\/\/www.instagram.com\/dynavin.official\/?hl=en","https:\/\/www.youtube.com\/user\/dynavin1"],"logo":{"@type":"ImageObject","@id":"https:\/\/www.dynavin.de\/#logo","inLanguage":"fr-FR","url":"https:\/\/www.dynavin.de\/wp-content\/uploads\/2018\/12\/dynavin-logo.png","contentUrl":"https:\/\/www.dynavin.de\/wp-content\/uploads\/2018\/12\/dynavin-logo.png","width":340,"height":156,"caption":"Dynavin GmbH"},"image":{"@id":"https:\/\/www.dynavin.de\/#logo"}},{"@type":"WebSite","@id":"https:\/\/www.dynavin.de\/#website","url":"https:\/\/www.dynavin.de\/","name":"Dynavin","description":"Navigation and Multimedia Solutions","publisher":{"@id":"https:\/\/www.dynavin.de\/#organization"},"potentialAction":[{"@type":"SearchAction","target":{"@type":"EntryPoint","urlTemplate":"https:\/\/www.dynavin.de\/?s={search_term_string}"},"query-input":"required name=search_term_string"}],"inLanguage":"fr-FR"},{"@type":"ImageObject","@id":"https:\/\/www.dynavin.de\/fr\/produits\/produits\/carhifi\/accessoires-pour-carhifi\/most-adapter-dvn-mo150-v\/#primaryimage","inLanguage":"fr-FR","url":"https:\/\/www.dynavin.de\/wp-content\/uploads\/1651911803-D8-MO150-V-300X300.png","contentUrl":"https:\/\/www.dynavin.de\/wp-content\/uploads\/1651911803-D8-MO150-V-300X300.png","width":300,"height":300},{"@type":"WebPage","@id":"https:\/\/www.dynavin.de\/fr\/produits\/produits\/carhifi\/accessoires-pour-carhifi\/most-adapter-dvn-mo150-v\/#webpage","url":"https:\/\/www.dynavin.de\/fr\/produits\/produits\/carhifi\/accessoires-pour-carhifi\/most-adapter-dvn-mo150-v\/","name":"Adaptateur MOST D8-MO150-V &ndash; Dynavin","isPartOf":{"@id":"https:\/\/www.dynavin.de\/#website"},"primaryImageOfPage":{"@id":"https:\/\/www.dynavin.de\/fr\/produits\/produits\/carhifi\/accessoires-pour-carhifi\/most-adapter-dvn-mo150-v\/#primaryimage"},"datePublished":"2021-07-13T07:42:58+00:00","dateModified":"2026-03-13T08:20:07+00:00","description":"Interface de r\u00e9tention du syst\u00e8me audio VW MIB OEM Dynaudio &amp; Canton","breadcrumb":{"@id":"https:\/\/www.dynavin.de\/fr\/produits\/produits\/carhifi\/accessoires-pour-carhifi\/most-adapter-dvn-mo150-v\/#breadcrumb"},"inLanguage":"fr-FR","potentialAction":[{"@type":"ReadAction","target":["https:\/\/www.dynavin.de\/fr\/produits\/produits\/carhifi\/accessoires-pour-carhifi\/most-adapter-dvn-mo150-v\/"]}]},{"@type":"BreadcrumbList","@id":"https:\/\/www.dynavin.de\/fr\/produits\/produits\/carhifi\/accessoires-pour-carhifi\/most-adapter-dvn-mo150-v\/#breadcrumb","itemListElement":[{"@type":"ListItem","position":1,"name":"Startseite","item":"https:\/\/www.dynavin.de\/fr\/"},{"@type":"ListItem","position":2,"name":"Produits","item":"https:\/\/www.dynavin.de\/fr\/shop\/"},{"@type":"ListItem","position":3,"name":"Produits","item":"https:\/\/www.dynavin.de\/fr\/produit\/"},{"@type":"ListItem","position":4,"name":"CarHifi","item":"https:\/\/www.dynavin.de\/fr\/produit\/carhifi\/"},{"@type":"ListItem","position":5,"name":"Accessoires pour CarHifi","item":"https:\/\/www.dynavin.de\/fr\/produit\/carhifi\/accessoires-pour-carhifi\/"},{"@type":"ListItem","position":6,"name":"Adaptateurs MOST","item":"https:\/\/www.dynavin.de\/fr\/produits\/produits\/carhifi\/accessoires-pour-carhifi\/adaptateurs-most\/"},{"@type":"ListItem","position":7,"name":"Adaptateur MOST D8-MO150-V"}]}]}},"_links":{"self":[{"href":"https:\/\/www.dynavin.de\/fr\/wp-json\/wp\/v2\/product\/45423"}],"collection":[{"href":"https:\/\/www.dynavin.de\/fr\/wp-json\/wp\/v2\/product"}],"about":[{"href":"https:\/\/www.dynavin.de\/fr\/wp-json\/wp\/v2\/types\/product"}],"replies":[{"embeddable":true,"href":"https:\/\/www.dynavin.de\/fr\/wp-json\/wp\/v2\/comments?post=45423"}],"wp:featuredmedia":[{"embeddable":true,"href":"https:\/\/www.dynavin.de\/fr\/wp-json\/wp\/v2\/media\/65821"}],"wp:attachment":[{"href":"https:\/\/www.dynavin.de\/fr\/wp-json\/wp\/v2\/media?parent=45423"}],"wp:term":[{"taxonomy":"product_cat","embeddable":true,"href":"https:\/\/www.dynavin.de\/fr\/wp-json\/wp\/v2\/product_cat?post=45423"},{"taxonomy":"product_tag","embeddable":true,"href":"https:\/\/www.dynavin.de\/fr\/wp-json\/wp\/v2\/product_tag?post=45423"},{"taxonomy":"fahrzeughersteller","embeddable":true,"href":"https:\/\/www.dynavin.de\/fr\/wp-json\/wp\/v2\/fahrzeughersteller?post=45423"},{"taxonomy":"product_status","embeddable":true,"href":"https:\/\/www.dynavin.de\/fr\/wp-json\/wp\/v2\/product_status?post=45423"}],"curies":[{"name":"wp","href":"https:\/\/api.w.org\/{rel}","templated":true}]}}