{"id":147334,"date":"2022-02-15T09:03:06","date_gmt":"2022-02-15T08:03:06","guid":{"rendered":"https:\/\/www.dynavin.de\/non%20class\u00e9\/dvn-usb-fiat\/"},"modified":"2026-03-12T04:17:20","modified_gmt":"2026-03-12T03:17:20","slug":"dvn-usb-fiat","status":"publish","type":"product","link":"https:\/\/www.dynavin.de\/fr\/produits\/produits\/camping-cars-et-vehicule-utilitaires\/accessoires-pour-camping-cars-et-vehicules-utilitaires\/adaptateur-usb\/dvn-usb-fiat\/","title":{"rendered":"DVN USB Fiat"},"content":{"rendered":"\n<style type=\"text\/css\" data-created_by=\"avia_inline_auto\" id=\"style-css-av-u2a7098-5e25f8d5078a0de97c849dca28ab23d3\">\n.flex_column.av-u2a7098-5e25f8d5078a0de97c849dca28ab23d3{\nborder-radius:0px 0px 0px 0px;\n-webkit-border-radius:0px 0px 0px 0px;\n-moz-border-radius:0px 0px 0px 0px;\n}\n<\/style>\n<div class='flex_column av-u2a7098-5e25f8d5078a0de97c849dca28ab23d3 av_one_half  avia-builder-el-0  el_before_av_one_half  avia-builder-el-first  first flex_column_div av-zero-column-padding '   ><style type=\"text\/css\" data-created_by=\"avia_inline_auto\" id=\"style-css-av-kmh3gjgq-ca4e2511e15bc09c367165cd3854850a\">\n#top .avia-gallery.av-kmh3gjgq-ca4e2511e15bc09c367165cd3854850a .avia-gallery-thumb a{\nwidth:10%;\n}\n<\/style>\n<div  id=\"productsGallery\"  class='avia-gallery av-kmh3gjgq-ca4e2511e15bc09c367165cd3854850a avia_animate_when_visible  avia-builder-el-1  avia-builder-el-no-sibling  animations_off avia-gallery-1'  itemprop=\"image\" itemscope=\"itemscope\" itemtype=\"https:\/\/schema.org\/ImageObject\" ><meta itemprop=\"contentURL\" content=\"https:\/\/www.dynavin.de\/fr\/produits\/produits\/camping-cars-et-vehicule-utilitaires\/accessoires-pour-camping-cars-et-vehicules-utilitaires\/adaptateur-usb\/dvn-usb-fiat\/\"><a class='avia-gallery-big fakeLightbox lightbox avia-gallery-big-crop-thumb ' href=\"https:\/\/www.dynavin.de\/wp-content\/uploads\/1644911870-DVN-USB-Fiat-01-DE.jpg\"  data-onclick='1' title='1644911870-DVN USB Fiat-01-DE' ><span class='avia-gallery-big-inner'  itemprop=\"thumbnailUrl\" ><img class=\"wp-image-57439 avia-img-lazy-loading-not-57439\"  width=\"1000\" height=\"750\" src=\"https:\/\/www.dynavin.de\/wp-content\/uploads\/1644911870-DVN-USB-Fiat-01-DE.jpg\" title='1644911870-DVN USB Fiat-01-DE' alt='' \/><\/span><\/a><div class='avia-gallery-thumb'><a href=\"https:\/\/www.dynavin.de\/wp-content\/uploads\/1644911870-DVN-USB-Fiat-01-DE.jpg\" data-rel='gallery-1' data-prev-img='https:\/\/www.dynavin.de\/wp-content\/uploads\/1644911870-DVN-USB-Fiat-01-DE.jpg' class='first_thumb lightbox ' data-onclick='1' title='1644911870-DVN USB Fiat-01-DE'  itemprop=\"thumbnailUrl\"  ><img class=\"wp-image-57439 avia-img-lazy-loading-not-57439\"   src=\"https:\/\/www.dynavin.de\/wp-content\/uploads\/1644911870-DVN-USB-Fiat-01-DE.jpg\" width=\"1000\" height=\"750\"  title='1644911870-DVN USB Fiat-01-DE' alt='' \/><div class='big-prev-fake'><img loading=\"lazy\" class=\"wp-image-57439 avia-img-lazy-loading-57439\"  width=\"1000\" height=\"750\" src=\"https:\/\/www.dynavin.de\/wp-content\/uploads\/1644911870-DVN-USB-Fiat-01-DE.jpg\" title='1644911870-DVN USB Fiat-01-DE' alt='' \/><\/div><\/a><a href=\"https:\/\/www.dynavin.de\/wp-content\/uploads\/1644911874-DVN-USB-Fiat-02.jpg\" data-rel='gallery-1' data-prev-img='https:\/\/www.dynavin.de\/wp-content\/uploads\/1644911874-DVN-USB-Fiat-02.jpg' class='lightbox ' data-onclick='2' title='1644911874-DVN USB Fiat-02'  itemprop=\"thumbnailUrl\"  ><img class=\"wp-image-57445 avia-img-lazy-loading-not-57445\"   src=\"https:\/\/www.dynavin.de\/wp-content\/uploads\/1644911874-DVN-USB-Fiat-02.jpg\" width=\"1000\" height=\"750\"  title='1644911874-DVN USB Fiat-02' alt='' \/><div class='big-prev-fake'><img loading=\"lazy\" class=\"wp-image-57445 avia-img-lazy-loading-57445\"  width=\"1000\" height=\"750\" src=\"https:\/\/www.dynavin.de\/wp-content\/uploads\/1644911874-DVN-USB-Fiat-02.jpg\" title='1644911874-DVN USB Fiat-02' alt='' \/><\/div><\/a><\/div><\/div><\/div>\n<style type=\"text\/css\" data-created_by=\"avia_inline_auto\" id=\"style-css-av-2zhl8to-31540e9a2f7764064a6d628e10e69c12\">\n.flex_column.av-2zhl8to-31540e9a2f7764064a6d628e10e69c12{\nborder-radius:0px 0px 0px 0px;\n-webkit-border-radius:0px 0px 0px 0px;\n-moz-border-radius:0px 0px 0px 0px;\n}\n<\/style>\n<div class='flex_column av-2zhl8to-31540e9a2f7764064a6d628e10e69c12 av_one_half  avia-builder-el-2  el_after_av_one_half  el_before_av_hr  flex_column_div av-zero-column-padding '   ><section  id=\"mainTitleRightPic\"  class='av_textblock_section av-kmh3iabj-b4f7cfa3ac3c455aa4f57d44bd0c967a'  itemscope=\"itemscope\" itemtype=\"https:\/\/schema.org\/CreativeWork\" ><div class='avia_textblock'  itemprop=\"text\" ><h4>Kit de conversion USB pour autoradios de seconde monte<\/h4>\n<h4>DVN USB Fiat<\/h4>\n<hr \/>\n<\/div><\/section><br \/>\n<section  id=\"parts-descriptionBlock\"  class='av_textblock_section av-kmh3iy4d-f5a9083dd161ccdeaa914cae8ff32a2c'  itemscope=\"itemscope\" itemtype=\"https:\/\/schema.org\/CreativeWork\" ><div class='avia_textblock'  itemprop=\"text\" ><ul>\n<li>Apr\u00e8s avoir modifi\u00e9 la carte dans le bo\u00eetier d&#8217;origine, vous pouvez continuer \u00e0 utiliser le port USB pour recharger vos appareils. De plus, il est alors possible de lire de la musique et des vid\u00e9os avec n&#8217;importe quel autoradio \u00e9quip\u00e9 d&#8217;une entr\u00e9e USB.<\/li>\n<li>L&#8217;adaptateur utilise la prise USB disponible d&#8217;origine dans le tableau de bord, la carte USB \u00e9tant install\u00e9e dans le bo\u00eetier d&#8217;origine. Le port USB d&#8217;origine peut ainsi continuer \u00e0 \u00eatre utilis\u00e9.<\/li>\n<li>L&#8217;adaptateur USB Fiat est compatible avec les mod\u00e8les Fiat Ducato, Citro\u00ebn Jumper et Peugeot Boxer.<\/li>\n<\/ul>\n<\/div><\/section><br \/>\n<div class='av-woo-purchase-button av-13513v8-cd5fb47e93571a9284aad2df66fcf587  avia-builder-el-5  el_after_av_textblock  avia-builder-el-last '><p class=\"price\"><span class=\"woocommerce-Price-amount amount\"><bdi>25,00&nbsp;<span class=\"woocommerce-Price-currencySymbol\">&euro;<\/span><\/bdi><\/span><\/p><\/div><\/p><\/div><div  class='hr av-kmh3un6s-291946918e040d1578f9a0bb0a502f8c hr-default  avia-builder-el-6  el_after_av_one_half  el_before_av_hr '><span class='hr-inner '><span class=\"hr-inner-style\"><\/span><\/span><\/div>\n\n<style type=\"text\/css\" data-created_by=\"avia_inline_auto\" id=\"style-css-av-kmkd6l60-00304417b7236adeb1e536c670743229\">\n#top .hr.hr-invisible.av-kmkd6l60-00304417b7236adeb1e536c670743229{\nheight:20px;\n}\n<\/style>\n<div  class='hr av-kmkd6l60-00304417b7236adeb1e536c670743229 hr-invisible  avia-builder-el-7  el_after_av_hr  el_before_av_product_review '><span class='hr-inner '><span class=\"hr-inner-style\"><\/span><\/span><\/div>\n<div class='av-woo-product-review av-ubxn2s-7e3f2115aa6863d3319f6140021349ec  avia-builder-el-8  el_after_av_hr  avia-builder-el-last '><\/div>\n","protected":false},"excerpt":{"rendered":"<p>USB-Umbaukit f\u00fcr Aftermarket Radios<\/p>\n","protected":false},"featured_media":57491,"comment_status":"open","ping_status":"closed","template":"","meta":[],"product_cat":[1820],"product_tag":[],"fahrzeughersteller":[],"product_status":[],"acf":[],"yoast_head":"<!-- This site is optimized with the Yoast SEO Premium plugin v16.9 (Yoast SEO v17.8) - https:\/\/yoast.com\/wordpress\/plugins\/seo\/ -->\n<title>DVN USB Fiat &ndash; Dynavin<\/title>\n<meta name=\"description\" content=\"Umbaukits und USB-Adapter f\u00fcr verschiedene Caravan und Nutzfahrzeuge, Fiat Ducato, Iveco Daily, Mercedes Sprinter, VW T6 etc.\" \/>\n<meta name=\"robots\" content=\"index, follow, max-snippet:-1, max-image-preview:large, max-video-preview:-1\" \/>\n<link rel=\"canonical\" href=\"https:\/\/www.dynavin.de\/fr\/produits\/produits\/camping-cars-et-vehicule-utilitaires\/accessoires-pour-camping-cars-et-vehicules-utilitaires\/adaptateur-usb\/dvn-usb-fiat\/\" \/>\n<meta property=\"og:locale\" content=\"fr_FR\" \/>\n<meta property=\"og:type\" content=\"article\" \/>\n<meta property=\"og:title\" content=\"DVN USB Fiat\" \/>\n<meta property=\"og:description\" content=\"Umbaukits und USB-Adapter f\u00fcr verschiedene Caravan und Nutzfahrzeuge, Fiat Ducato, Iveco Daily, Mercedes Sprinter, VW T6 etc.\" \/>\n<meta property=\"og:url\" content=\"https:\/\/www.dynavin.de\/fr\/produits\/produits\/camping-cars-et-vehicule-utilitaires\/accessoires-pour-camping-cars-et-vehicules-utilitaires\/adaptateur-usb\/dvn-usb-fiat\/\" \/>\n<meta property=\"og:site_name\" content=\"Dynavin\" \/>\n<meta property=\"article:publisher\" content=\"https:\/\/www.facebook.com\/dynavin.official\" \/>\n<meta property=\"article:modified_time\" content=\"2026-03-12T03:17:20+00:00\" \/>\n<meta property=\"og:image\" content=\"https:\/\/www.dynavin.de\/wp-content\/uploads\/1644915388-USB_Umbaukit_DVN-USB-Fiat_0.jpg\" \/>\n\t<meta property=\"og:image:width\" content=\"300\" \/>\n\t<meta property=\"og:image:height\" content=\"300\" \/>\n<meta name=\"twitter:card\" content=\"summary_large_image\" \/>\n<script type=\"application\/ld+json\" class=\"yoast-schema-graph\">{\"@context\":\"https:\/\/schema.org\",\"@graph\":[{\"@type\":\"Organization\",\"@id\":\"https:\/\/www.dynavin.de\/#organization\",\"name\":\"Dynavin GmbH\",\"url\":\"https:\/\/www.dynavin.de\/\",\"sameAs\":[\"https:\/\/www.facebook.com\/dynavin.official\",\"https:\/\/www.instagram.com\/dynavin.official\/?hl=en\",\"https:\/\/www.youtube.com\/user\/dynavin1\"],\"logo\":{\"@type\":\"ImageObject\",\"@id\":\"https:\/\/www.dynavin.de\/#logo\",\"inLanguage\":\"fr-FR\",\"url\":\"https:\/\/www.dynavin.de\/wp-content\/uploads\/2018\/12\/dynavin-logo.png\",\"contentUrl\":\"https:\/\/www.dynavin.de\/wp-content\/uploads\/2018\/12\/dynavin-logo.png\",\"width\":340,\"height\":156,\"caption\":\"Dynavin GmbH\"},\"image\":{\"@id\":\"https:\/\/www.dynavin.de\/#logo\"}},{\"@type\":\"WebSite\",\"@id\":\"https:\/\/www.dynavin.de\/#website\",\"url\":\"https:\/\/www.dynavin.de\/\",\"name\":\"Dynavin\",\"description\":\"Navigation and Multimedia Solutions\",\"publisher\":{\"@id\":\"https:\/\/www.dynavin.de\/#organization\"},\"potentialAction\":[{\"@type\":\"SearchAction\",\"target\":{\"@type\":\"EntryPoint\",\"urlTemplate\":\"https:\/\/www.dynavin.de\/?s={search_term_string}\"},\"query-input\":\"required name=search_term_string\"}],\"inLanguage\":\"fr-FR\"},{\"@type\":\"ImageObject\",\"@id\":\"https:\/\/www.dynavin.de\/fr\/produits\/produits\/camping-cars-et-vehicule-utilitaires\/accessoires-pour-camping-cars-et-vehicules-utilitaires\/adaptateur-usb\/dvn-usb-fiat\/#primaryimage\",\"inLanguage\":\"fr-FR\",\"url\":\"https:\/\/www.dynavin.de\/wp-content\/uploads\/1644915388-USB_Umbaukit_DVN-USB-Fiat_0.jpg\",\"contentUrl\":\"https:\/\/www.dynavin.de\/wp-content\/uploads\/1644915388-USB_Umbaukit_DVN-USB-Fiat_0.jpg\",\"width\":300,\"height\":300},{\"@type\":\"WebPage\",\"@id\":\"https:\/\/www.dynavin.de\/fr\/produits\/produits\/camping-cars-et-vehicule-utilitaires\/accessoires-pour-camping-cars-et-vehicules-utilitaires\/adaptateur-usb\/dvn-usb-fiat\/#webpage\",\"url\":\"https:\/\/www.dynavin.de\/fr\/produits\/produits\/camping-cars-et-vehicule-utilitaires\/accessoires-pour-camping-cars-et-vehicules-utilitaires\/adaptateur-usb\/dvn-usb-fiat\/\",\"name\":\"DVN USB Fiat &ndash; Dynavin\",\"isPartOf\":{\"@id\":\"https:\/\/www.dynavin.de\/#website\"},\"primaryImageOfPage\":{\"@id\":\"https:\/\/www.dynavin.de\/fr\/produits\/produits\/camping-cars-et-vehicule-utilitaires\/accessoires-pour-camping-cars-et-vehicules-utilitaires\/adaptateur-usb\/dvn-usb-fiat\/#primaryimage\"},\"datePublished\":\"2022-02-15T08:03:06+00:00\",\"dateModified\":\"2026-03-12T03:17:20+00:00\",\"description\":\"Umbaukits und USB-Adapter f\\u00fcr verschiedene Caravan und Nutzfahrzeuge, Fiat Ducato, Iveco Daily, Mercedes Sprinter, VW T6 etc.\",\"breadcrumb\":{\"@id\":\"https:\/\/www.dynavin.de\/fr\/produits\/produits\/camping-cars-et-vehicule-utilitaires\/accessoires-pour-camping-cars-et-vehicules-utilitaires\/adaptateur-usb\/dvn-usb-fiat\/#breadcrumb\"},\"inLanguage\":\"fr-FR\",\"potentialAction\":[{\"@type\":\"ReadAction\",\"target\":[\"https:\/\/www.dynavin.de\/fr\/produits\/produits\/camping-cars-et-vehicule-utilitaires\/accessoires-pour-camping-cars-et-vehicules-utilitaires\/adaptateur-usb\/dvn-usb-fiat\/\"]}]},{\"@type\":\"BreadcrumbList\",\"@id\":\"https:\/\/www.dynavin.de\/fr\/produits\/produits\/camping-cars-et-vehicule-utilitaires\/accessoires-pour-camping-cars-et-vehicules-utilitaires\/adaptateur-usb\/dvn-usb-fiat\/#breadcrumb\",\"itemListElement\":[{\"@type\":\"ListItem\",\"position\":1,\"name\":\"Startseite\",\"item\":\"https:\/\/www.dynavin.de\/fr\/\"},{\"@type\":\"ListItem\",\"position\":2,\"name\":\"Produits\",\"item\":\"https:\/\/www.dynavin.de\/fr\/shop\/\"},{\"@type\":\"ListItem\",\"position\":3,\"name\":\"Produits\",\"item\":\"https:\/\/www.dynavin.de\/fr\/categorie-produit\/produits\/\"},{\"@type\":\"ListItem\",\"position\":4,\"name\":\"Camping-cars et v\\u00e9hicules utilitaires\",\"item\":\"https:\/\/www.dynavin.de\/fr\/categorie-produit\/produits\/camping-cars-et-vehicule-utilitaires\/\"},{\"@type\":\"ListItem\",\"position\":5,\"name\":\"Accessoires pour camping-cars et v\\u00e9hicules utilitaires\",\"item\":\"https:\/\/www.dynavin.de\/fr\/categorie-produit\/produits\/camping-cars-et-vehicule-utilitaires\/accessoires-pour-camping-cars-et-vehicules-utilitaires\/\"},{\"@type\":\"ListItem\",\"position\":6,\"name\":\"Adaptateur USB\",\"item\":\"https:\/\/www.dynavin.de\/en\/product-categories\/products\/caravan-and-commercial-vehicles\/accessories-for-caravans-commercial-vehicles\/usb-adapter\/\"},{\"@type\":\"ListItem\",\"position\":7,\"name\":\"DVN USB Fiat\"}]}]}<\/script>\n<!-- \/ Yoast SEO Premium plugin. -->","yoast_head_json":{"title":"DVN USB Fiat &ndash; Dynavin","description":"Umbaukits und USB-Adapter f\u00fcr verschiedene Caravan und Nutzfahrzeuge, Fiat Ducato, Iveco Daily, Mercedes Sprinter, VW T6 etc.","robots":{"index":"index","follow":"follow","max-snippet":"max-snippet:-1","max-image-preview":"max-image-preview:large","max-video-preview":"max-video-preview:-1"},"canonical":"https:\/\/www.dynavin.de\/fr\/produits\/produits\/camping-cars-et-vehicule-utilitaires\/accessoires-pour-camping-cars-et-vehicules-utilitaires\/adaptateur-usb\/dvn-usb-fiat\/","og_locale":"fr_FR","og_type":"article","og_title":"DVN USB Fiat","og_description":"Umbaukits und USB-Adapter f\u00fcr verschiedene Caravan und Nutzfahrzeuge, Fiat Ducato, Iveco Daily, Mercedes Sprinter, VW T6 etc.","og_url":"https:\/\/www.dynavin.de\/fr\/produits\/produits\/camping-cars-et-vehicule-utilitaires\/accessoires-pour-camping-cars-et-vehicules-utilitaires\/adaptateur-usb\/dvn-usb-fiat\/","og_site_name":"Dynavin","article_publisher":"https:\/\/www.facebook.com\/dynavin.official","article_modified_time":"2026-03-12T03:17:20+00:00","og_image":[{"width":300,"height":300,"url":"https:\/\/www.dynavin.de\/wp-content\/uploads\/1644915388-USB_Umbaukit_DVN-USB-Fiat_0.jpg","type":"image\/jpeg"}],"twitter_card":"summary_large_image","schema":{"@context":"https:\/\/schema.org","@graph":[{"@type":"Organization","@id":"https:\/\/www.dynavin.de\/#organization","name":"Dynavin GmbH","url":"https:\/\/www.dynavin.de\/","sameAs":["https:\/\/www.facebook.com\/dynavin.official","https:\/\/www.instagram.com\/dynavin.official\/?hl=en","https:\/\/www.youtube.com\/user\/dynavin1"],"logo":{"@type":"ImageObject","@id":"https:\/\/www.dynavin.de\/#logo","inLanguage":"fr-FR","url":"https:\/\/www.dynavin.de\/wp-content\/uploads\/2018\/12\/dynavin-logo.png","contentUrl":"https:\/\/www.dynavin.de\/wp-content\/uploads\/2018\/12\/dynavin-logo.png","width":340,"height":156,"caption":"Dynavin GmbH"},"image":{"@id":"https:\/\/www.dynavin.de\/#logo"}},{"@type":"WebSite","@id":"https:\/\/www.dynavin.de\/#website","url":"https:\/\/www.dynavin.de\/","name":"Dynavin","description":"Navigation and Multimedia Solutions","publisher":{"@id":"https:\/\/www.dynavin.de\/#organization"},"potentialAction":[{"@type":"SearchAction","target":{"@type":"EntryPoint","urlTemplate":"https:\/\/www.dynavin.de\/?s={search_term_string}"},"query-input":"required name=search_term_string"}],"inLanguage":"fr-FR"},{"@type":"ImageObject","@id":"https:\/\/www.dynavin.de\/fr\/produits\/produits\/camping-cars-et-vehicule-utilitaires\/accessoires-pour-camping-cars-et-vehicules-utilitaires\/adaptateur-usb\/dvn-usb-fiat\/#primaryimage","inLanguage":"fr-FR","url":"https:\/\/www.dynavin.de\/wp-content\/uploads\/1644915388-USB_Umbaukit_DVN-USB-Fiat_0.jpg","contentUrl":"https:\/\/www.dynavin.de\/wp-content\/uploads\/1644915388-USB_Umbaukit_DVN-USB-Fiat_0.jpg","width":300,"height":300},{"@type":"WebPage","@id":"https:\/\/www.dynavin.de\/fr\/produits\/produits\/camping-cars-et-vehicule-utilitaires\/accessoires-pour-camping-cars-et-vehicules-utilitaires\/adaptateur-usb\/dvn-usb-fiat\/#webpage","url":"https:\/\/www.dynavin.de\/fr\/produits\/produits\/camping-cars-et-vehicule-utilitaires\/accessoires-pour-camping-cars-et-vehicules-utilitaires\/adaptateur-usb\/dvn-usb-fiat\/","name":"DVN USB Fiat &ndash; Dynavin","isPartOf":{"@id":"https:\/\/www.dynavin.de\/#website"},"primaryImageOfPage":{"@id":"https:\/\/www.dynavin.de\/fr\/produits\/produits\/camping-cars-et-vehicule-utilitaires\/accessoires-pour-camping-cars-et-vehicules-utilitaires\/adaptateur-usb\/dvn-usb-fiat\/#primaryimage"},"datePublished":"2022-02-15T08:03:06+00:00","dateModified":"2026-03-12T03:17:20+00:00","description":"Umbaukits und USB-Adapter f\u00fcr verschiedene Caravan und Nutzfahrzeuge, Fiat Ducato, Iveco Daily, Mercedes Sprinter, VW T6 etc.","breadcrumb":{"@id":"https:\/\/www.dynavin.de\/fr\/produits\/produits\/camping-cars-et-vehicule-utilitaires\/accessoires-pour-camping-cars-et-vehicules-utilitaires\/adaptateur-usb\/dvn-usb-fiat\/#breadcrumb"},"inLanguage":"fr-FR","potentialAction":[{"@type":"ReadAction","target":["https:\/\/www.dynavin.de\/fr\/produits\/produits\/camping-cars-et-vehicule-utilitaires\/accessoires-pour-camping-cars-et-vehicules-utilitaires\/adaptateur-usb\/dvn-usb-fiat\/"]}]},{"@type":"BreadcrumbList","@id":"https:\/\/www.dynavin.de\/fr\/produits\/produits\/camping-cars-et-vehicule-utilitaires\/accessoires-pour-camping-cars-et-vehicules-utilitaires\/adaptateur-usb\/dvn-usb-fiat\/#breadcrumb","itemListElement":[{"@type":"ListItem","position":1,"name":"Startseite","item":"https:\/\/www.dynavin.de\/fr\/"},{"@type":"ListItem","position":2,"name":"Produits","item":"https:\/\/www.dynavin.de\/fr\/shop\/"},{"@type":"ListItem","position":3,"name":"Produits","item":"https:\/\/www.dynavin.de\/fr\/categorie-produit\/produits\/"},{"@type":"ListItem","position":4,"name":"Camping-cars et v\u00e9hicules utilitaires","item":"https:\/\/www.dynavin.de\/fr\/categorie-produit\/produits\/camping-cars-et-vehicule-utilitaires\/"},{"@type":"ListItem","position":5,"name":"Accessoires pour camping-cars et v\u00e9hicules utilitaires","item":"https:\/\/www.dynavin.de\/fr\/categorie-produit\/produits\/camping-cars-et-vehicule-utilitaires\/accessoires-pour-camping-cars-et-vehicules-utilitaires\/"},{"@type":"ListItem","position":6,"name":"Adaptateur USB","item":"https:\/\/www.dynavin.de\/en\/product-categories\/products\/caravan-and-commercial-vehicles\/accessories-for-caravans-commercial-vehicles\/usb-adapter\/"},{"@type":"ListItem","position":7,"name":"DVN USB Fiat"}]}]}},"_links":{"self":[{"href":"https:\/\/www.dynavin.de\/fr\/wp-json\/wp\/v2\/product\/147334"}],"collection":[{"href":"https:\/\/www.dynavin.de\/fr\/wp-json\/wp\/v2\/product"}],"about":[{"href":"https:\/\/www.dynavin.de\/fr\/wp-json\/wp\/v2\/types\/product"}],"replies":[{"embeddable":true,"href":"https:\/\/www.dynavin.de\/fr\/wp-json\/wp\/v2\/comments?post=147334"}],"wp:featuredmedia":[{"embeddable":true,"href":"https:\/\/www.dynavin.de\/fr\/wp-json\/wp\/v2\/media\/57491"}],"wp:attachment":[{"href":"https:\/\/www.dynavin.de\/fr\/wp-json\/wp\/v2\/media?parent=147334"}],"wp:term":[{"taxonomy":"product_cat","embeddable":true,"href":"https:\/\/www.dynavin.de\/fr\/wp-json\/wp\/v2\/product_cat?post=147334"},{"taxonomy":"product_tag","embeddable":true,"href":"https:\/\/www.dynavin.de\/fr\/wp-json\/wp\/v2\/product_tag?post=147334"},{"taxonomy":"fahrzeughersteller","embeddable":true,"href":"https:\/\/www.dynavin.de\/fr\/wp-json\/wp\/v2\/fahrzeughersteller?post=147334"},{"taxonomy":"product_status","embeddable":true,"href":"https:\/\/www.dynavin.de\/fr\/wp-json\/wp\/v2\/product_status?post=147334"}],"curies":[{"name":"wp","href":"https:\/\/api.w.org\/{rel}","templated":true}]}}