{"id":111656,"date":"2024-06-29T08:26:37","date_gmt":"2024-06-29T06:26:37","guid":{"rendered":"https:\/\/www.dynavin.de\/non%20class\u00e9\/universal-rueckfahrkamera-lite-bildmodus-ahd-ntsc-170-weitwinkel\/"},"modified":"2026-03-22T10:04:09","modified_gmt":"2026-03-22T09:04:09","slug":"universal-rueckfahrkamera-lite-bildmodus-ahd-ntsc-170-weitwinkel","status":"publish","type":"product","link":"https:\/\/www.dynavin.de\/fr\/produits\/produits\/carhifi\/cameras-de-recul-pour-voitures\/universal-rueckfahrkamera-lite-bildmodus-ahd-ntsc-170-weitwinkel\/","title":{"rendered":"Cam\u00e9ra de recul universelle Lite, mode d&#8217;image AHD \/ NTSC, grand angle de 170"},"content":{"rendered":"\n<style type=\"text\/css\" data-created_by=\"avia_inline_auto\" id=\"style-css-av-27afv3nw-14e3b17605ee6d86fcd5fee427c5543e\">\n.flex_column.av-27afv3nw-14e3b17605ee6d86fcd5fee427c5543e{\nborder-radius:0px 0px 0px 0px;\n-webkit-border-radius:0px 0px 0px 0px;\n-moz-border-radius:0px 0px 0px 0px;\n}\n<\/style>\n<div class='flex_column av-27afv3nw-14e3b17605ee6d86fcd5fee427c5543e av_one_half  avia-builder-el-0  el_before_av_one_half  avia-builder-el-first  first flex_column_div av-zero-column-padding '   ><style type=\"text\/css\" data-created_by=\"avia_inline_auto\" id=\"style-css-av-261tjljg-0a6976543d4ed59b4d76df58dd4c01c0\">\n#top .avia-gallery.av-261tjljg-0a6976543d4ed59b4d76df58dd4c01c0 .avia-gallery-thumb a{\nwidth:10%;\n}\n<\/style>\n<div  id=\"productsGallery\"  class='avia-gallery av-261tjljg-0a6976543d4ed59b4d76df58dd4c01c0 avia_animate_when_visible  avia-builder-el-1  avia-builder-el-no-sibling  animations_off avia-gallery-1'  itemprop=\"image\" itemscope=\"itemscope\" itemtype=\"https:\/\/schema.org\/ImageObject\" ><meta itemprop=\"contentURL\" content=\"https:\/\/www.dynavin.de\/fr\/produits\/produits\/carhifi\/cameras-de-recul-pour-voitures\/universal-rueckfahrkamera-lite-bildmodus-ahd-ntsc-170-weitwinkel\/\"><a class='avia-gallery-big fakeLightbox lightbox avia-gallery-big-crop-thumb ' href=\"https:\/\/www.dynavin.de\/wp-content\/uploads\/1719646765-CAMUNI-002RV-Lite-01.jpg\"  data-onclick='1' title='1719646765-CAMUNI-002RV Lite-01' ><span class='avia-gallery-big-inner'  itemprop=\"thumbnailUrl\" ><img class=\"wp-image-111633 avia-img-lazy-loading-not-111633\"  width=\"1000\" height=\"750\" src=\"https:\/\/www.dynavin.de\/wp-content\/uploads\/1719646765-CAMUNI-002RV-Lite-01.jpg\" title='1719646765-CAMUNI-002RV Lite-01' alt='' \/><\/span><\/a><div class='avia-gallery-thumb'><a href=\"https:\/\/www.dynavin.de\/wp-content\/uploads\/1719646765-CAMUNI-002RV-Lite-01.jpg\" data-rel='gallery-1' data-prev-img='https:\/\/www.dynavin.de\/wp-content\/uploads\/1719646765-CAMUNI-002RV-Lite-01.jpg' class='first_thumb lightbox ' data-onclick='1' title='1719646765-CAMUNI-002RV Lite-01'  itemprop=\"thumbnailUrl\"  ><img class=\"wp-image-111633 avia-img-lazy-loading-not-111633\"   src=\"https:\/\/www.dynavin.de\/wp-content\/uploads\/1719646765-CAMUNI-002RV-Lite-01.jpg\" width=\"1000\" height=\"750\"  title='1719646765-CAMUNI-002RV Lite-01' alt='' \/><div class='big-prev-fake'><img loading=\"lazy\" class=\"wp-image-111633 avia-img-lazy-loading-111633\"  width=\"1000\" height=\"750\" src=\"https:\/\/www.dynavin.de\/wp-content\/uploads\/1719646765-CAMUNI-002RV-Lite-01.jpg\" title='1719646765-CAMUNI-002RV Lite-01' alt='' \/><\/div><\/a><a href=\"https:\/\/www.dynavin.de\/wp-content\/uploads\/1719646768-CAMUNI-002RV-Lite-02.jpg\" data-rel='gallery-1' data-prev-img='https:\/\/www.dynavin.de\/wp-content\/uploads\/1719646768-CAMUNI-002RV-Lite-02.jpg' class='lightbox ' data-onclick='2' title='1719646768-CAMUNI-002RV Lite-02'  itemprop=\"thumbnailUrl\"  ><img class=\"wp-image-111636 avia-img-lazy-loading-not-111636\"   src=\"https:\/\/www.dynavin.de\/wp-content\/uploads\/1719646768-CAMUNI-002RV-Lite-02.jpg\" width=\"1000\" height=\"750\"  title='1719646768-CAMUNI-002RV Lite-02' alt='' \/><div class='big-prev-fake'><img loading=\"lazy\" class=\"wp-image-111636 avia-img-lazy-loading-111636\"  width=\"1000\" height=\"750\" src=\"https:\/\/www.dynavin.de\/wp-content\/uploads\/1719646768-CAMUNI-002RV-Lite-02.jpg\" title='1719646768-CAMUNI-002RV Lite-02' alt='' \/><\/div><\/a><a href=\"https:\/\/www.dynavin.de\/wp-content\/uploads\/1719646772-CAMUNI-002RV-Lite-03.jpg\" data-rel='gallery-1' data-prev-img='https:\/\/www.dynavin.de\/wp-content\/uploads\/1719646772-CAMUNI-002RV-Lite-03.jpg' class='lightbox ' data-onclick='3' title='1719646772-CAMUNI-002RV Lite-03'  itemprop=\"thumbnailUrl\"  ><img class=\"wp-image-111639 avia-img-lazy-loading-not-111639\"   src=\"https:\/\/www.dynavin.de\/wp-content\/uploads\/1719646772-CAMUNI-002RV-Lite-03.jpg\" width=\"1000\" height=\"750\"  title='1719646772-CAMUNI-002RV Lite-03' alt='' \/><div class='big-prev-fake'><img loading=\"lazy\" class=\"wp-image-111639 avia-img-lazy-loading-111639\"  width=\"1000\" height=\"750\" src=\"https:\/\/www.dynavin.de\/wp-content\/uploads\/1719646772-CAMUNI-002RV-Lite-03.jpg\" title='1719646772-CAMUNI-002RV Lite-03' alt='' \/><\/div><\/a><a href=\"https:\/\/www.dynavin.de\/wp-content\/uploads\/1623306432-CAMUNI-002-Lite-01.jpg\" data-rel='gallery-1' data-prev-img='https:\/\/www.dynavin.de\/wp-content\/uploads\/1623306432-CAMUNI-002-Lite-01.jpg' class='lightbox ' data-onclick='4' title='1623306432-CAMUNI-002 Lite-01'  itemprop=\"thumbnailUrl\"  ><img class=\"wp-image-41941 avia-img-lazy-loading-not-41941\"   src=\"https:\/\/www.dynavin.de\/wp-content\/uploads\/1623306432-CAMUNI-002-Lite-01.jpg\" width=\"1000\" height=\"750\"  title='1623306432-CAMUNI-002 Lite-01' alt='' \/><div class='big-prev-fake'><img loading=\"lazy\" class=\"wp-image-41941 avia-img-lazy-loading-41941\"  width=\"1000\" height=\"750\" src=\"https:\/\/www.dynavin.de\/wp-content\/uploads\/1623306432-CAMUNI-002-Lite-01.jpg\" title='1623306432-CAMUNI-002 Lite-01' alt='' \/><\/div><\/a><\/div><\/div><\/div>\n\n<style type=\"text\/css\" data-created_by=\"avia_inline_auto\" id=\"style-css-av-1yees0i4-4ff0dd7bcdaefd935ec3d89fc38e23d4\">\n.flex_column.av-1yees0i4-4ff0dd7bcdaefd935ec3d89fc38e23d4{\nborder-radius:0px 0px 0px 0px;\n-webkit-border-radius:0px 0px 0px 0px;\n-moz-border-radius:0px 0px 0px 0px;\n}\n<\/style>\n<div class='flex_column av-1yees0i4-4ff0dd7bcdaefd935ec3d89fc38e23d4 av_one_half  avia-builder-el-2  el_after_av_one_half  el_before_av_hr  flex_column_div av-zero-column-padding '   ><section  id=\"mainTitleRightPic\"  class='av_textblock_section av-lxzqj0ua-59dc4d245418177043799d6e1423f10d'  itemscope=\"itemscope\" itemtype=\"https:\/\/schema.org\/CreativeWork\" ><div class='avia_textblock'  itemprop=\"text\" ><h4>Dynavision Cam\u00e9ra de recul pour voiture | Cam\u00e9ra universelle avec grand angle horizontal de 170\u00b0 et vertical de 90\u00b0, cam\u00e9ra de recul \u00e0 vision nocturne am\u00e9lior\u00e9e | Trou de 9mm | mode d&#8217;image AHD \/ NTSC<\/h4>\n<h4>CAMUNI-002RV Lite<\/h4>\n<hr \/>\n<\/div><\/section><br \/>\n<section  id=\"parts-descriptionBlock\"  class='av_textblock_section av-1u022j7w-83a3c016c8898bb1c177281d182385b1'  itemscope=\"itemscope\" itemtype=\"https:\/\/schema.org\/CreativeWork\" ><div class='avia_textblock'  itemprop=\"text\" ><ul>\n<li>Image couleur haute r\u00e9solution avec une nettet\u00e9 d\u2019image exceptionnelle le jour et une luminosit\u00e9 exceptionnelle la nuit.<\/li>\n<li>Avec un capteur CMOS 1\/3, un objectif avec un angle de vue de 170 degr\u00e9s et des lignes de stationnement s\u00e9lectionnables.<\/li>\n<li>Bo\u00eetier \u00e9tanche IP67 avec lentille anti-bu\u00e9e, \u00e9tanche \u00e0 l\u2019eau, \u00e0 la poussi\u00e8re, \u00e0 la bu\u00e9e et aux chocs.<\/li>\n<li>La livraison de la cam\u00e9ra de recul comprend un c\u00e2ble de 15 m, une aide au passage du c\u00e2ble et un levier de retrait.<\/li>\n<li>S\u2019utilise avec tous les \u00e9crans ou autoradios aftermarket.<\/li>\n<li>Donn\u00e9es techniques :<br \/>\nR\u00e9solution :1280 x 720 \/ 720 x 480 (vue grand angle)<br \/>\nMode d\u2019image : AHD \/ NTSC<br \/>\nCapteur CMOS : 1\/3 CMOS<br \/>\nFOV de l\u2019objectif : 170\u00b0 horizontal, 90\u00b0 vertical<br \/>\n\u00c9tanch\u00e9it\u00e9 IP67<\/li>\n<\/ul>\n<\/div><\/section><br \/>\n<div class='av-woo-purchase-button av-1p2hjczw-4cf0c8687bb7bd36ca96d2ce3270d350  avia-builder-el-5  el_after_av_textblock  avia-builder-el-last '><p class=\"price\"><span class=\"woocommerce-Price-amount amount\"><bdi>99,00&nbsp;<span class=\"woocommerce-Price-currencySymbol\">&euro;<\/span><\/bdi><\/span><\/p><\/div><\/p><\/div><div  class='hr av-1jx4l0uk-54c3a22dbe2a52cdd877affdc856ae5f hr-default  avia-builder-el-6  el_after_av_one_half  el_before_av_one_full '><span class='hr-inner '><span class=\"hr-inner-style\"><\/span><\/span><\/div>\n\n<style type=\"text\/css\" data-created_by=\"avia_inline_auto\" id=\"style-css-av-1gw81mbw-8a24f7f483645f3a3b7b48f89fdee08a\">\n.flex_column.av-1gw81mbw-8a24f7f483645f3a3b7b48f89fdee08a{\nborder-radius:0px 0px 0px 0px;\n-webkit-border-radius:0px 0px 0px 0px;\n-moz-border-radius:0px 0px 0px 0px;\n}\n<\/style>\n<div class='flex_column av-1gw81mbw-8a24f7f483645f3a3b7b48f89fdee08a av_one_full  avia-builder-el-7  el_after_av_hr  el_before_av_hr  first flex_column_div av-zero-column-padding '   ><div  id=\"changeAccordionSytle\"  class='togglecontainer av-1ct3lgss-0c32faebea7032a6ca83b8055352a418  avia-builder-el-8  avia-builder-el-no-sibling ' >\n<section class='av_toggle_section av-4io60b0-995101c6920f77dba04840326064fdc7'  itemscope=\"itemscope\" itemtype=\"https:\/\/schema.org\/CreativeWork\" ><div role=\"tablist\" class=\"single_toggle\" data-tags=\"{Tout} \"  ><p data-fake-id='#packaging-content' class='toggler  activeTitle '  itemprop=\"headline\"  role='tab' tabindex='0' aria-controls='packaging-content'>Contenu de l\u2019emballage<span class=\"toggle_icon\"><span class=\"vert_icon\"><\/span><span class=\"hor_icon\"><\/span><\/span><\/p><div id='packaging-content' class='toggle_wrap  active_tc' style='display:block;' ><div class='toggle_content invers-color '  itemprop=\"text\" ><div class='flex_column av-41niyto-8f8d60b23e00b7ebfe96a2fbd8e8cbe5 av_one_fifth  avia-builder-el-9  el_before_av_one_fifth  avia-builder-el-first  first flex_column_div '   ><p><img loading=\"lazy\" class=\"aligncenter wp-image-41965 size-full\" src=\"https:\/\/www.dynavin.de\/wp-content\/uploads\/1623306996-CAMUNI-002.jpg\" alt=\"\" width=\"480\" height=\"360\" \/><\/p>\n<h5>Cam\u00e9ra Dynavision<\/h5><\/div><br \/>\n<div class='flex_column av-10bsgxu4-58ec067f680a6d68f8d85ada6b69209f av_one_fifth  avia-builder-el-10  el_after_av_one_fifth  el_before_av_one_fifth  flex_column_div '   ><p><img loading=\"lazy\" class=\"aligncenter wp-image-40842 size-full\" src=\"https:\/\/www.dynavin.de\/wp-content\/uploads\/1623146997-Stromversorgung.jpg\" alt=\"\" width=\"480\" height=\"360\" \/><\/p>\n<h5>C\u00e2ble adaptateur d\u2019alimentation<\/h5><\/div><br \/>\n<div class='flex_column av-vszluto-2b49d5c4aa2401466ec2797c783288d5 av_one_fifth  avia-builder-el-11  el_after_av_one_fifth  el_before_av_one_fifth  flex_column_div '   ><p><img class=\"aligncenter\" src=\"https:\/\/static.dynavin.de\/wp-content\/uploads\/1623722848-15M-Verlangerungskabel.jpg\" \/><\/p>\n<h5>15m C\u00e2ble d\u2019extension<\/h5><\/div><br \/>\n<div class='flex_column av-r1c7v64-9df47bb223065e8b5856fbd7cadb67a6 av_one_fifth  avia-builder-el-12  el_after_av_one_fifth  el_before_av_one_fifth  flex_column_div '   ><p><img loading=\"lazy\" class=\"aligncenter wp-image-40845 size-full\" src=\"https:\/\/www.dynavin.de\/wp-content\/uploads\/1623146999-Video-Ausgang-zum-Radio.jpg\" alt=\"\" width=\"480\" height=\"360\" \/><\/p>\n<h5>C\u00e2ble de sortie vid\u00e9o<\/h5><\/div><br \/>\n<div class='flex_column av-k07f5zg-3d97267c8a7bff71546482f540a3a267 av_one_fifth  avia-builder-el-13  el_after_av_one_fifth  avia-builder-el-last  flex_column_div '   ><p><img loading=\"lazy\" class=\"aligncenter wp-image-41647 size-full\" src=\"https:\/\/www.dynavin.de\/wp-content\/uploads\/1623238002-Montage-Set2.jpg\" alt=\"\" width=\"480\" height=\"360\" \/><\/p>\n<h5>Kit d\u2019installation<\/h5><\/div><\/p>\n<\/div><\/div><\/div><\/section>\n<section class='av_toggle_section av-ev27gp8-df7b34e5e864be4616433d6a01989559'  itemscope=\"itemscope\" itemtype=\"https:\/\/schema.org\/CreativeWork\" ><div role=\"tablist\" class=\"single_toggle\" data-tags=\"{Tout} \"  ><p data-fake-id='#support' class='toggler   '  itemprop=\"headline\"  role='tab' tabindex='0' aria-controls='support'>Support<span class=\"toggle_icon\"><span class=\"vert_icon\"><\/span><span class=\"hor_icon\"><\/span><\/span><\/p><div id='support' class='toggle_wrap  '  ><div class='toggle_content invers-color '  itemprop=\"text\" ><p><a href=\"https:\/\/www.dynavin.de\/wp-content\/download\/Universal%20Camera%20User%20Manual.pdf\">Manuel d&#8217;utilisation de la cam\u00e9ra universelle<\/a><\/p>\n<\/div><\/div><\/div><\/section>\n<\/div><\/div>\n\n<style type=\"text\/css\" data-created_by=\"avia_inline_auto\" id=\"style-css-av-bcw3imk-661ac1f78c049ac1d095c06ef69fe03c\">\n#top .hr.hr-invisible.av-bcw3imk-661ac1f78c049ac1d095c06ef69fe03c{\nheight:50px;\n}\n<\/style>\n<div  class='hr av-bcw3imk-661ac1f78c049ac1d095c06ef69fe03c hr-invisible  avia-builder-el-14  el_after_av_one_full  el_before_av_product_review '><span class='hr-inner '><span class=\"hr-inner-style\"><\/span><\/span><\/div>\n<div class='av-woo-product-review av-524brpo-31ca9bb1048fb09077ebb0885e926fdb  avia-builder-el-15  el_after_av_hr  avia-builder-el-last '><\/div>\n","protected":false},"excerpt":{"rendered":"<p>Cam\u00e9ra de recul universelle Lite, mode d&#8217;image AHD \/ NTSC<\/p>\n","protected":false},"featured_media":111642,"comment_status":"open","ping_status":"closed","template":"","meta":[],"product_cat":[1746,1749,1664],"product_tag":[1693],"fahrzeughersteller":[1242],"product_status":[],"acf":[],"yoast_head":"<!-- This site is optimized with the Yoast SEO Premium plugin v16.9 (Yoast SEO v17.8) - https:\/\/yoast.com\/wordpress\/plugins\/seo\/ -->\n<title>Cam\u00e9ra de recul universelle Lite, mode d&#039;image AHD \/ NTSC, grand angle de 170 &ndash; Dynavin<\/title>\n<meta name=\"description\" content=\"Cam\u00e9ra de recul universelle Lite, mode d&#039;image AHD \/ NTSC\" \/>\n<meta name=\"robots\" content=\"index, follow, max-snippet:-1, max-image-preview:large, max-video-preview:-1\" \/>\n<link rel=\"canonical\" href=\"https:\/\/www.dynavin.de\/fr\/produits\/produits\/carhifi\/cameras-de-recul-pour-voitures\/universal-rueckfahrkamera-lite-bildmodus-ahd-ntsc-170-weitwinkel\/\" \/>\n<meta property=\"og:locale\" content=\"fr_FR\" \/>\n<meta property=\"og:type\" content=\"article\" \/>\n<meta property=\"og:title\" content=\"Cam\u00e9ra de recul universelle Lite, mode d&#039;image AHD \/ NTSC, grand angle de 170\" \/>\n<meta property=\"og:description\" content=\"Cam\u00e9ra de recul universelle Lite, mode d&#039;image AHD \/ NTSC\" \/>\n<meta property=\"og:url\" content=\"https:\/\/www.dynavin.de\/fr\/produits\/produits\/carhifi\/cameras-de-recul-pour-voitures\/universal-rueckfahrkamera-lite-bildmodus-ahd-ntsc-170-weitwinkel\/\" \/>\n<meta property=\"og:site_name\" content=\"Dynavin\" \/>\n<meta property=\"article:publisher\" content=\"https:\/\/www.facebook.com\/dynavin.official\" \/>\n<meta property=\"article:modified_time\" content=\"2026-03-22T09:04:09+00:00\" \/>\n<meta property=\"og:image\" content=\"https:\/\/www.dynavin.de\/wp-content\/uploads\/1719646848-CAMUNI-002RV-Lite-300X300.jpg\" \/>\n\t<meta property=\"og:image:width\" content=\"300\" \/>\n\t<meta property=\"og:image:height\" content=\"300\" \/>\n<meta name=\"twitter:card\" content=\"summary_large_image\" \/>\n<script type=\"application\/ld+json\" class=\"yoast-schema-graph\">{\"@context\":\"https:\/\/schema.org\",\"@graph\":[{\"@type\":\"Organization\",\"@id\":\"https:\/\/www.dynavin.de\/#organization\",\"name\":\"Dynavin GmbH\",\"url\":\"https:\/\/www.dynavin.de\/\",\"sameAs\":[\"https:\/\/www.facebook.com\/dynavin.official\",\"https:\/\/www.instagram.com\/dynavin.official\/?hl=en\",\"https:\/\/www.youtube.com\/user\/dynavin1\"],\"logo\":{\"@type\":\"ImageObject\",\"@id\":\"https:\/\/www.dynavin.de\/#logo\",\"inLanguage\":\"fr-FR\",\"url\":\"https:\/\/www.dynavin.de\/wp-content\/uploads\/2018\/12\/dynavin-logo.png\",\"contentUrl\":\"https:\/\/www.dynavin.de\/wp-content\/uploads\/2018\/12\/dynavin-logo.png\",\"width\":340,\"height\":156,\"caption\":\"Dynavin GmbH\"},\"image\":{\"@id\":\"https:\/\/www.dynavin.de\/#logo\"}},{\"@type\":\"WebSite\",\"@id\":\"https:\/\/www.dynavin.de\/#website\",\"url\":\"https:\/\/www.dynavin.de\/\",\"name\":\"Dynavin\",\"description\":\"Navigation and Multimedia Solutions\",\"publisher\":{\"@id\":\"https:\/\/www.dynavin.de\/#organization\"},\"potentialAction\":[{\"@type\":\"SearchAction\",\"target\":{\"@type\":\"EntryPoint\",\"urlTemplate\":\"https:\/\/www.dynavin.de\/?s={search_term_string}\"},\"query-input\":\"required name=search_term_string\"}],\"inLanguage\":\"fr-FR\"},{\"@type\":\"ImageObject\",\"@id\":\"https:\/\/www.dynavin.de\/fr\/produits\/produits\/carhifi\/cameras-de-recul-pour-voitures\/universal-rueckfahrkamera-lite-bildmodus-ahd-ntsc-170-weitwinkel\/#primaryimage\",\"inLanguage\":\"fr-FR\",\"url\":\"https:\/\/www.dynavin.de\/wp-content\/uploads\/1719646848-CAMUNI-002RV-Lite-300X300.jpg\",\"contentUrl\":\"https:\/\/www.dynavin.de\/wp-content\/uploads\/1719646848-CAMUNI-002RV-Lite-300X300.jpg\",\"width\":300,\"height\":300},{\"@type\":\"WebPage\",\"@id\":\"https:\/\/www.dynavin.de\/fr\/produits\/produits\/carhifi\/cameras-de-recul-pour-voitures\/universal-rueckfahrkamera-lite-bildmodus-ahd-ntsc-170-weitwinkel\/#webpage\",\"url\":\"https:\/\/www.dynavin.de\/fr\/produits\/produits\/carhifi\/cameras-de-recul-pour-voitures\/universal-rueckfahrkamera-lite-bildmodus-ahd-ntsc-170-weitwinkel\/\",\"name\":\"Cam\\u00e9ra de recul universelle Lite, mode d'image AHD \/ NTSC, grand angle de 170 &ndash; Dynavin\",\"isPartOf\":{\"@id\":\"https:\/\/www.dynavin.de\/#website\"},\"primaryImageOfPage\":{\"@id\":\"https:\/\/www.dynavin.de\/fr\/produits\/produits\/carhifi\/cameras-de-recul-pour-voitures\/universal-rueckfahrkamera-lite-bildmodus-ahd-ntsc-170-weitwinkel\/#primaryimage\"},\"datePublished\":\"2024-06-29T06:26:37+00:00\",\"dateModified\":\"2026-03-22T09:04:09+00:00\",\"description\":\"Cam\\u00e9ra de recul universelle Lite, mode d'image AHD \/ NTSC\",\"breadcrumb\":{\"@id\":\"https:\/\/www.dynavin.de\/fr\/produits\/produits\/carhifi\/cameras-de-recul-pour-voitures\/universal-rueckfahrkamera-lite-bildmodus-ahd-ntsc-170-weitwinkel\/#breadcrumb\"},\"inLanguage\":\"fr-FR\",\"potentialAction\":[{\"@type\":\"ReadAction\",\"target\":[\"https:\/\/www.dynavin.de\/fr\/produits\/produits\/carhifi\/cameras-de-recul-pour-voitures\/universal-rueckfahrkamera-lite-bildmodus-ahd-ntsc-170-weitwinkel\/\"]}]},{\"@type\":\"BreadcrumbList\",\"@id\":\"https:\/\/www.dynavin.de\/fr\/produits\/produits\/carhifi\/cameras-de-recul-pour-voitures\/universal-rueckfahrkamera-lite-bildmodus-ahd-ntsc-170-weitwinkel\/#breadcrumb\",\"itemListElement\":[{\"@type\":\"ListItem\",\"position\":1,\"name\":\"Startseite\",\"item\":\"https:\/\/www.dynavin.de\/fr\/\"},{\"@type\":\"ListItem\",\"position\":2,\"name\":\"Produits\",\"item\":\"https:\/\/www.dynavin.de\/fr\/shop\/\"},{\"@type\":\"ListItem\",\"position\":3,\"name\":\"Cam\\u00e9ras\",\"item\":\"https:\/\/www.dynavin.de\/fr\/categorie-produit\/cameras-fr\/\"},{\"@type\":\"ListItem\",\"position\":4,\"name\":\"Cam\\u00e9ras universelles\",\"item\":\"https:\/\/www.dynavin.de\/product-category\/kameras\/universal-kameras\/\"},{\"@type\":\"ListItem\",\"position\":5,\"name\":\"Cam\\u00e9ra de recul universelle Lite, mode d&#8217;image AHD \/ NTSC, grand angle de 170\"}]}]}<\/script>\n<!-- \/ Yoast SEO Premium plugin. -->","yoast_head_json":{"title":"Cam\u00e9ra de recul universelle Lite, mode d'image AHD \/ NTSC, grand angle de 170 &ndash; Dynavin","description":"Cam\u00e9ra de recul universelle Lite, mode d'image AHD \/ NTSC","robots":{"index":"index","follow":"follow","max-snippet":"max-snippet:-1","max-image-preview":"max-image-preview:large","max-video-preview":"max-video-preview:-1"},"canonical":"https:\/\/www.dynavin.de\/fr\/produits\/produits\/carhifi\/cameras-de-recul-pour-voitures\/universal-rueckfahrkamera-lite-bildmodus-ahd-ntsc-170-weitwinkel\/","og_locale":"fr_FR","og_type":"article","og_title":"Cam\u00e9ra de recul universelle Lite, mode d'image AHD \/ NTSC, grand angle de 170","og_description":"Cam\u00e9ra de recul universelle Lite, mode d'image AHD \/ NTSC","og_url":"https:\/\/www.dynavin.de\/fr\/produits\/produits\/carhifi\/cameras-de-recul-pour-voitures\/universal-rueckfahrkamera-lite-bildmodus-ahd-ntsc-170-weitwinkel\/","og_site_name":"Dynavin","article_publisher":"https:\/\/www.facebook.com\/dynavin.official","article_modified_time":"2026-03-22T09:04:09+00:00","og_image":[{"width":300,"height":300,"url":"https:\/\/www.dynavin.de\/wp-content\/uploads\/1719646848-CAMUNI-002RV-Lite-300X300.jpg","type":"image\/jpeg"}],"twitter_card":"summary_large_image","schema":{"@context":"https:\/\/schema.org","@graph":[{"@type":"Organization","@id":"https:\/\/www.dynavin.de\/#organization","name":"Dynavin GmbH","url":"https:\/\/www.dynavin.de\/","sameAs":["https:\/\/www.facebook.com\/dynavin.official","https:\/\/www.instagram.com\/dynavin.official\/?hl=en","https:\/\/www.youtube.com\/user\/dynavin1"],"logo":{"@type":"ImageObject","@id":"https:\/\/www.dynavin.de\/#logo","inLanguage":"fr-FR","url":"https:\/\/www.dynavin.de\/wp-content\/uploads\/2018\/12\/dynavin-logo.png","contentUrl":"https:\/\/www.dynavin.de\/wp-content\/uploads\/2018\/12\/dynavin-logo.png","width":340,"height":156,"caption":"Dynavin GmbH"},"image":{"@id":"https:\/\/www.dynavin.de\/#logo"}},{"@type":"WebSite","@id":"https:\/\/www.dynavin.de\/#website","url":"https:\/\/www.dynavin.de\/","name":"Dynavin","description":"Navigation and Multimedia Solutions","publisher":{"@id":"https:\/\/www.dynavin.de\/#organization"},"potentialAction":[{"@type":"SearchAction","target":{"@type":"EntryPoint","urlTemplate":"https:\/\/www.dynavin.de\/?s={search_term_string}"},"query-input":"required name=search_term_string"}],"inLanguage":"fr-FR"},{"@type":"ImageObject","@id":"https:\/\/www.dynavin.de\/fr\/produits\/produits\/carhifi\/cameras-de-recul-pour-voitures\/universal-rueckfahrkamera-lite-bildmodus-ahd-ntsc-170-weitwinkel\/#primaryimage","inLanguage":"fr-FR","url":"https:\/\/www.dynavin.de\/wp-content\/uploads\/1719646848-CAMUNI-002RV-Lite-300X300.jpg","contentUrl":"https:\/\/www.dynavin.de\/wp-content\/uploads\/1719646848-CAMUNI-002RV-Lite-300X300.jpg","width":300,"height":300},{"@type":"WebPage","@id":"https:\/\/www.dynavin.de\/fr\/produits\/produits\/carhifi\/cameras-de-recul-pour-voitures\/universal-rueckfahrkamera-lite-bildmodus-ahd-ntsc-170-weitwinkel\/#webpage","url":"https:\/\/www.dynavin.de\/fr\/produits\/produits\/carhifi\/cameras-de-recul-pour-voitures\/universal-rueckfahrkamera-lite-bildmodus-ahd-ntsc-170-weitwinkel\/","name":"Cam\u00e9ra de recul universelle Lite, mode d'image AHD \/ NTSC, grand angle de 170 &ndash; Dynavin","isPartOf":{"@id":"https:\/\/www.dynavin.de\/#website"},"primaryImageOfPage":{"@id":"https:\/\/www.dynavin.de\/fr\/produits\/produits\/carhifi\/cameras-de-recul-pour-voitures\/universal-rueckfahrkamera-lite-bildmodus-ahd-ntsc-170-weitwinkel\/#primaryimage"},"datePublished":"2024-06-29T06:26:37+00:00","dateModified":"2026-03-22T09:04:09+00:00","description":"Cam\u00e9ra de recul universelle Lite, mode d'image AHD \/ NTSC","breadcrumb":{"@id":"https:\/\/www.dynavin.de\/fr\/produits\/produits\/carhifi\/cameras-de-recul-pour-voitures\/universal-rueckfahrkamera-lite-bildmodus-ahd-ntsc-170-weitwinkel\/#breadcrumb"},"inLanguage":"fr-FR","potentialAction":[{"@type":"ReadAction","target":["https:\/\/www.dynavin.de\/fr\/produits\/produits\/carhifi\/cameras-de-recul-pour-voitures\/universal-rueckfahrkamera-lite-bildmodus-ahd-ntsc-170-weitwinkel\/"]}]},{"@type":"BreadcrumbList","@id":"https:\/\/www.dynavin.de\/fr\/produits\/produits\/carhifi\/cameras-de-recul-pour-voitures\/universal-rueckfahrkamera-lite-bildmodus-ahd-ntsc-170-weitwinkel\/#breadcrumb","itemListElement":[{"@type":"ListItem","position":1,"name":"Startseite","item":"https:\/\/www.dynavin.de\/fr\/"},{"@type":"ListItem","position":2,"name":"Produits","item":"https:\/\/www.dynavin.de\/fr\/shop\/"},{"@type":"ListItem","position":3,"name":"Cam\u00e9ras","item":"https:\/\/www.dynavin.de\/fr\/categorie-produit\/cameras-fr\/"},{"@type":"ListItem","position":4,"name":"Cam\u00e9ras universelles","item":"https:\/\/www.dynavin.de\/product-category\/kameras\/universal-kameras\/"},{"@type":"ListItem","position":5,"name":"Cam\u00e9ra de recul universelle Lite, mode d&#8217;image AHD \/ NTSC, grand angle de 170"}]}]}},"_links":{"self":[{"href":"https:\/\/www.dynavin.de\/fr\/wp-json\/wp\/v2\/product\/111656"}],"collection":[{"href":"https:\/\/www.dynavin.de\/fr\/wp-json\/wp\/v2\/product"}],"about":[{"href":"https:\/\/www.dynavin.de\/fr\/wp-json\/wp\/v2\/types\/product"}],"replies":[{"embeddable":true,"href":"https:\/\/www.dynavin.de\/fr\/wp-json\/wp\/v2\/comments?post=111656"}],"wp:featuredmedia":[{"embeddable":true,"href":"https:\/\/www.dynavin.de\/fr\/wp-json\/wp\/v2\/media\/111642"}],"wp:attachment":[{"href":"https:\/\/www.dynavin.de\/fr\/wp-json\/wp\/v2\/media?parent=111656"}],"wp:term":[{"taxonomy":"product_cat","embeddable":true,"href":"https:\/\/www.dynavin.de\/fr\/wp-json\/wp\/v2\/product_cat?post=111656"},{"taxonomy":"product_tag","embeddable":true,"href":"https:\/\/www.dynavin.de\/fr\/wp-json\/wp\/v2\/product_tag?post=111656"},{"taxonomy":"fahrzeughersteller","embeddable":true,"href":"https:\/\/www.dynavin.de\/fr\/wp-json\/wp\/v2\/fahrzeughersteller?post=111656"},{"taxonomy":"product_status","embeddable":true,"href":"https:\/\/www.dynavin.de\/fr\/wp-json\/wp\/v2\/product_status?post=111656"}],"curies":[{"name":"wp","href":"https:\/\/api.w.org\/{rel}","templated":true}]}}