{"id":106368,"date":"2024-04-19T04:39:48","date_gmt":"2024-04-19T02:39:48","guid":{"rendered":"https:\/\/www.dynavin.de\/non%20class\u00e9\/ce-dvn-m2p-permet-de-connecter-laffichage-tete-haute-et-la-camera-pro-a-la-radio-dynavin\/"},"modified":"2024-09-26T09:10:08","modified_gmt":"2024-09-26T07:10:08","slug":"ce-dvn-m2p-permet-de-connecter-laffichage-tete-haute-et-la-camera-pro-a-la-radio-dynavin","status":"publish","type":"product","link":"https:\/\/www.dynavin.de\/fr\/produits\/produits\/camping-cars-et-vehicule-utilitaires\/cameras-de-recul-pour-camping-cars-et-vehicules-utilitaires\/accessoires-pour-cameras-de-recul\/ce-dvn-m2p-permet-de-connecter-laffichage-tete-haute-et-la-camera-pro-a-la-radio-dynavin\/","title":{"rendered":"Ce DVN-M2P permet de Interface de contr\u00f4le au volant et la cam\u00e9ra Pro \u00e0 la radio Dynavin"},"content":{"rendered":"\n<style type=\"text\/css\" data-created_by=\"avia_inline_auto\" id=\"style-css-av-sfxgq28-cd4aed62e24dbed5648e6e24fe0de1c4\">\n.flex_column.av-sfxgq28-cd4aed62e24dbed5648e6e24fe0de1c4{\nborder-radius:0px 0px 0px 0px;\n-webkit-border-radius:0px 0px 0px 0px;\n-moz-border-radius:0px 0px 0px 0px;\n}\n<\/style>\n<div class='flex_column av-sfxgq28-cd4aed62e24dbed5648e6e24fe0de1c4 av_one_half  avia-builder-el-0  el_before_av_one_half  avia-builder-el-first  first flex_column_div av-zero-column-padding '   ><style type=\"text\/css\" data-created_by=\"avia_inline_auto\" id=\"style-css-av-lv621yhr-a5aebf5607ae5b2e77c7433bf03f7101\">\n#top .avia-gallery.av-lv621yhr-a5aebf5607ae5b2e77c7433bf03f7101 .avia-gallery-thumb a{\nwidth:10%;\n}\n<\/style>\n<div  id=\"productsGallery\"  class='avia-gallery av-lv621yhr-a5aebf5607ae5b2e77c7433bf03f7101 avia_animate_when_visible  avia-builder-el-1  avia-builder-el-no-sibling  animations_off avia-gallery-1'  itemprop=\"image\" itemscope=\"itemscope\" itemtype=\"https:\/\/schema.org\/ImageObject\" ><meta itemprop=\"contentURL\" content=\"https:\/\/www.dynavin.de\/fr\/produits\/produits\/camping-cars-et-vehicule-utilitaires\/cameras-de-recul-pour-camping-cars-et-vehicules-utilitaires\/accessoires-pour-cameras-de-recul\/ce-dvn-m2p-permet-de-connecter-laffichage-tete-haute-et-la-camera-pro-a-la-radio-dynavin\/\"><a class='avia-gallery-big fakeLightbox lightbox avia-gallery-big-crop-thumb ' href=\"https:\/\/www.dynavin.de\/wp-content\/uploads\/1713493970-DVN-M2P-1000X750.jpg\"  data-onclick='1' title='1713493970-DVN-M2P-1000X750' ><span class='avia-gallery-big-inner'  itemprop=\"thumbnailUrl\" ><img class=\"wp-image-105651 avia-img-lazy-loading-not-105651\"  width=\"1000\" height=\"750\" src=\"https:\/\/www.dynavin.de\/wp-content\/uploads\/1713493970-DVN-M2P-1000X750.jpg\" title='1713493970-DVN-M2P-1000X750' alt='' \/><\/span><\/a><div class='avia-gallery-thumb'><a href=\"https:\/\/www.dynavin.de\/wp-content\/uploads\/1713493970-DVN-M2P-1000X750.jpg\" data-rel='gallery-1' data-prev-img='https:\/\/www.dynavin.de\/wp-content\/uploads\/1713493970-DVN-M2P-1000X750.jpg' class='first_thumb lightbox ' data-onclick='1' title='1713493970-DVN-M2P-1000X750'  itemprop=\"thumbnailUrl\"  ><img class=\"wp-image-105651 avia-img-lazy-loading-not-105651\"   src=\"https:\/\/www.dynavin.de\/wp-content\/uploads\/1713493970-DVN-M2P-1000X750.jpg\" width=\"1000\" height=\"750\"  title='1713493970-DVN-M2P-1000X750' alt='' \/><div class='big-prev-fake'><img loading=\"lazy\" class=\"wp-image-105651 avia-img-lazy-loading-105651\"  width=\"1000\" height=\"750\" src=\"https:\/\/www.dynavin.de\/wp-content\/uploads\/1713493970-DVN-M2P-1000X750.jpg\" title='1713493970-DVN-M2P-1000X750' alt='' \/><\/div><\/a><a href=\"https:\/\/www.dynavin.de\/wp-content\/uploads\/1714122812-DVN-M2P-Wiring-Diagram-1000X750.jpg\" data-rel='gallery-1' data-prev-img='https:\/\/www.dynavin.de\/wp-content\/uploads\/1714122812-DVN-M2P-Wiring-Diagram-1000X750.jpg' class='lightbox ' data-onclick='2' title='1714122812-DVN-M2P Wiring Diagram-1000X750'  itemprop=\"thumbnailUrl\"  ><img class=\"wp-image-106525 avia-img-lazy-loading-not-106525\"   src=\"https:\/\/www.dynavin.de\/wp-content\/uploads\/1714122812-DVN-M2P-Wiring-Diagram-1000X750.jpg\" width=\"1000\" height=\"750\"  title='1714122812-DVN-M2P Wiring Diagram-1000X750' alt='' \/><div class='big-prev-fake'><img loading=\"lazy\" class=\"wp-image-106525 avia-img-lazy-loading-106525\"  width=\"1000\" height=\"750\" src=\"https:\/\/www.dynavin.de\/wp-content\/uploads\/1714122812-DVN-M2P-Wiring-Diagram-1000X750.jpg\" title='1714122812-DVN-M2P Wiring Diagram-1000X750' alt='' \/><\/div><\/a><\/div><\/div><\/div>\n\n<style type=\"text\/css\" data-created_by=\"avia_inline_auto\" id=\"style-css-av-r6bf7n4-fd8d105629101ec84425e328e18cdb3f\">\n.flex_column.av-r6bf7n4-fd8d105629101ec84425e328e18cdb3f{\nborder-radius:0px 0px 0px 0px;\n-webkit-border-radius:0px 0px 0px 0px;\n-moz-border-radius:0px 0px 0px 0px;\n}\n<\/style>\n<div class='flex_column av-r6bf7n4-fd8d105629101ec84425e328e18cdb3f av_one_half  avia-builder-el-2  el_after_av_one_half  el_before_av_hr  flex_column_div av-zero-column-padding '   ><section  id=\"mainTitleRightPic\"  class='av_textblock_section av-lv6232up-c468287b82c06cca409a690c8d7007c1'  itemscope=\"itemscope\" itemtype=\"https:\/\/schema.org\/CreativeWork\" ><div class='avia_textblock'  itemprop=\"text\" ><h4>Ce DVN-M2P permet de Interface de contr\u00f4le au volant et la cam\u00e9ra Pro \u00e0 la radio Dynavin<\/h4>\n<h4>DVN-M2P<\/h4>\n<hr \/>\n<\/div><\/section><br \/>\n<div class='av-woo-purchase-button av-j8wgdm8-2d2b027449b939b5b93e679e428cfb86  avia-builder-el-4  el_after_av_textblock  avia-builder-el-last '><p class=\"price\"><span class=\"woocommerce-Price-amount amount\"><bdi>9,00&nbsp;<span class=\"woocommerce-Price-currencySymbol\">&euro;<\/span><\/bdi><\/span><\/p><\/div><\/p><\/div><div  class='hr av-1i1qugg-33e3a7d25fc99316682e901a1123152f hr-default  avia-builder-el-5  el_after_av_one_half  el_before_av_hr '><span class='hr-inner '><span class=\"hr-inner-style\"><\/span><\/span><\/div>\n\n<style type=\"text\/css\" data-created_by=\"avia_inline_auto\" id=\"style-css-av-b2emkhc-6d432094859ae564256ad7b8c0121786\">\n#top .hr.hr-invisible.av-b2emkhc-6d432094859ae564256ad7b8c0121786{\nheight:50px;\n}\n<\/style>\n<div  class='hr av-b2emkhc-6d432094859ae564256ad7b8c0121786 hr-invisible  avia-builder-el-6  el_after_av_hr  el_before_av_product_review '><span class='hr-inner '><span class=\"hr-inner-style\"><\/span><\/span><\/div>\n<div class='av-woo-product-review av-5dligxc-a7f6ad97b0f2abf8386fdc2d609e89c4  avia-builder-el-7  el_after_av_hr  avia-builder-el-last '><\/div>\n","protected":false},"excerpt":{"rendered":"<p>Adaptateur pour cam\u00e9ra Pro<\/p>\n","protected":false},"featured_media":105654,"comment_status":"open","ping_status":"closed","template":"","meta":[],"product_cat":[1782],"product_tag":[1765],"fahrzeughersteller":[],"product_status":[],"acf":[],"yoast_head":"<!-- This site is optimized with the Yoast SEO Premium plugin v16.9 (Yoast SEO v17.8) - https:\/\/yoast.com\/wordpress\/plugins\/seo\/ -->\n<title>Ce DVN-M2P permet de Interface de contr\u00f4le au volant et la cam\u00e9ra Pro \u00e0 la radio Dynavin &ndash; Dynavin<\/title>\n<meta name=\"description\" content=\"Adaptateur pour cam\u00e9ra Pro\" \/>\n<meta name=\"robots\" content=\"index, follow, max-snippet:-1, max-image-preview:large, max-video-preview:-1\" \/>\n<link rel=\"canonical\" href=\"https:\/\/www.dynavin.de\/fr\/produits\/produits\/camping-cars-et-vehicule-utilitaires\/cameras-de-recul-pour-camping-cars-et-vehicules-utilitaires\/accessoires-pour-cameras-de-recul\/ce-dvn-m2p-permet-de-connecter-laffichage-tete-haute-et-la-camera-pro-a-la-radio-dynavin\/\" \/>\n<meta property=\"og:locale\" content=\"fr_FR\" \/>\n<meta property=\"og:type\" content=\"article\" \/>\n<meta property=\"og:title\" content=\"Ce DVN-M2P permet de Interface de contr\u00f4le au volant et la cam\u00e9ra Pro \u00e0 la radio Dynavin\" \/>\n<meta property=\"og:description\" content=\"Adaptateur pour cam\u00e9ra Pro\" \/>\n<meta property=\"og:url\" content=\"https:\/\/www.dynavin.de\/fr\/produits\/produits\/camping-cars-et-vehicule-utilitaires\/cameras-de-recul-pour-camping-cars-et-vehicules-utilitaires\/accessoires-pour-cameras-de-recul\/ce-dvn-m2p-permet-de-connecter-laffichage-tete-haute-et-la-camera-pro-a-la-radio-dynavin\/\" \/>\n<meta property=\"og:site_name\" content=\"Dynavin\" \/>\n<meta property=\"article:publisher\" content=\"https:\/\/www.facebook.com\/dynavin.official\" \/>\n<meta property=\"article:modified_time\" content=\"2024-09-26T07:10:08+00:00\" \/>\n<meta property=\"og:image\" content=\"https:\/\/www.dynavin.de\/wp-content\/uploads\/1713494369-DVN-M2P-300X300.jpg\" \/>\n\t<meta property=\"og:image:width\" content=\"300\" \/>\n\t<meta property=\"og:image:height\" content=\"300\" \/>\n<meta name=\"twitter:card\" content=\"summary_large_image\" \/>\n<script type=\"application\/ld+json\" class=\"yoast-schema-graph\">{\"@context\":\"https:\/\/schema.org\",\"@graph\":[{\"@type\":\"Organization\",\"@id\":\"https:\/\/www.dynavin.de\/#organization\",\"name\":\"Dynavin GmbH\",\"url\":\"https:\/\/www.dynavin.de\/\",\"sameAs\":[\"https:\/\/www.facebook.com\/dynavin.official\",\"https:\/\/www.instagram.com\/dynavin.official\/?hl=en\",\"https:\/\/www.youtube.com\/user\/dynavin1\"],\"logo\":{\"@type\":\"ImageObject\",\"@id\":\"https:\/\/www.dynavin.de\/#logo\",\"inLanguage\":\"fr-FR\",\"url\":\"https:\/\/www.dynavin.de\/wp-content\/uploads\/2018\/12\/dynavin-logo.png\",\"contentUrl\":\"https:\/\/www.dynavin.de\/wp-content\/uploads\/2018\/12\/dynavin-logo.png\",\"width\":340,\"height\":156,\"caption\":\"Dynavin GmbH\"},\"image\":{\"@id\":\"https:\/\/www.dynavin.de\/#logo\"}},{\"@type\":\"WebSite\",\"@id\":\"https:\/\/www.dynavin.de\/#website\",\"url\":\"https:\/\/www.dynavin.de\/\",\"name\":\"Dynavin\",\"description\":\"Navigation and Multimedia Solutions\",\"publisher\":{\"@id\":\"https:\/\/www.dynavin.de\/#organization\"},\"potentialAction\":[{\"@type\":\"SearchAction\",\"target\":{\"@type\":\"EntryPoint\",\"urlTemplate\":\"https:\/\/www.dynavin.de\/?s={search_term_string}\"},\"query-input\":\"required name=search_term_string\"}],\"inLanguage\":\"fr-FR\"},{\"@type\":\"ImageObject\",\"@id\":\"https:\/\/www.dynavin.de\/fr\/produits\/produits\/camping-cars-et-vehicule-utilitaires\/cameras-de-recul-pour-camping-cars-et-vehicules-utilitaires\/accessoires-pour-cameras-de-recul\/ce-dvn-m2p-permet-de-connecter-laffichage-tete-haute-et-la-camera-pro-a-la-radio-dynavin\/#primaryimage\",\"inLanguage\":\"fr-FR\",\"url\":\"https:\/\/www.dynavin.de\/wp-content\/uploads\/1713494369-DVN-M2P-300X300.jpg\",\"contentUrl\":\"https:\/\/www.dynavin.de\/wp-content\/uploads\/1713494369-DVN-M2P-300X300.jpg\",\"width\":300,\"height\":300},{\"@type\":\"WebPage\",\"@id\":\"https:\/\/www.dynavin.de\/fr\/produits\/produits\/camping-cars-et-vehicule-utilitaires\/cameras-de-recul-pour-camping-cars-et-vehicules-utilitaires\/accessoires-pour-cameras-de-recul\/ce-dvn-m2p-permet-de-connecter-laffichage-tete-haute-et-la-camera-pro-a-la-radio-dynavin\/#webpage\",\"url\":\"https:\/\/www.dynavin.de\/fr\/produits\/produits\/camping-cars-et-vehicule-utilitaires\/cameras-de-recul-pour-camping-cars-et-vehicules-utilitaires\/accessoires-pour-cameras-de-recul\/ce-dvn-m2p-permet-de-connecter-laffichage-tete-haute-et-la-camera-pro-a-la-radio-dynavin\/\",\"name\":\"Ce DVN-M2P permet de Interface de contr\\u00f4le au volant et la cam\\u00e9ra Pro \\u00e0 la radio Dynavin &ndash; Dynavin\",\"isPartOf\":{\"@id\":\"https:\/\/www.dynavin.de\/#website\"},\"primaryImageOfPage\":{\"@id\":\"https:\/\/www.dynavin.de\/fr\/produits\/produits\/camping-cars-et-vehicule-utilitaires\/cameras-de-recul-pour-camping-cars-et-vehicules-utilitaires\/accessoires-pour-cameras-de-recul\/ce-dvn-m2p-permet-de-connecter-laffichage-tete-haute-et-la-camera-pro-a-la-radio-dynavin\/#primaryimage\"},\"datePublished\":\"2024-04-19T02:39:48+00:00\",\"dateModified\":\"2024-09-26T07:10:08+00:00\",\"description\":\"Adaptateur pour cam\\u00e9ra Pro\",\"breadcrumb\":{\"@id\":\"https:\/\/www.dynavin.de\/fr\/produits\/produits\/camping-cars-et-vehicule-utilitaires\/cameras-de-recul-pour-camping-cars-et-vehicules-utilitaires\/accessoires-pour-cameras-de-recul\/ce-dvn-m2p-permet-de-connecter-laffichage-tete-haute-et-la-camera-pro-a-la-radio-dynavin\/#breadcrumb\"},\"inLanguage\":\"fr-FR\",\"potentialAction\":[{\"@type\":\"ReadAction\",\"target\":[\"https:\/\/www.dynavin.de\/fr\/produits\/produits\/camping-cars-et-vehicule-utilitaires\/cameras-de-recul-pour-camping-cars-et-vehicules-utilitaires\/accessoires-pour-cameras-de-recul\/ce-dvn-m2p-permet-de-connecter-laffichage-tete-haute-et-la-camera-pro-a-la-radio-dynavin\/\"]}]},{\"@type\":\"BreadcrumbList\",\"@id\":\"https:\/\/www.dynavin.de\/fr\/produits\/produits\/camping-cars-et-vehicule-utilitaires\/cameras-de-recul-pour-camping-cars-et-vehicules-utilitaires\/accessoires-pour-cameras-de-recul\/ce-dvn-m2p-permet-de-connecter-laffichage-tete-haute-et-la-camera-pro-a-la-radio-dynavin\/#breadcrumb\",\"itemListElement\":[{\"@type\":\"ListItem\",\"position\":1,\"name\":\"Startseite\",\"item\":\"https:\/\/www.dynavin.de\/fr\/\"},{\"@type\":\"ListItem\",\"position\":2,\"name\":\"Produits\",\"item\":\"https:\/\/www.dynavin.de\/fr\/shop\/\"},{\"@type\":\"ListItem\",\"position\":3,\"name\":\"Produits\",\"item\":\"https:\/\/www.dynavin.de\/fr\/categorie-produit\/produits\/\"},{\"@type\":\"ListItem\",\"position\":4,\"name\":\"Camping-cars et v\\u00e9hicules utilitaires\",\"item\":\"https:\/\/www.dynavin.de\/fr\/categorie-produit\/produits\/camping-cars-et-vehicule-utilitaires\/\"},{\"@type\":\"ListItem\",\"position\":5,\"name\":\"Cam\\u00e9ras de recul pour camping-cars et v\\u00e9hicules utilitaires\",\"item\":\"https:\/\/www.dynavin.de\/fr\/categorie-produit\/produits\/camping-cars-et-vehicule-utilitaires\/cameras-de-recul-pour-camping-cars-et-vehicules-utilitaires\/\"},{\"@type\":\"ListItem\",\"position\":6,\"name\":\"Accessoires pour cam\\u00e9ras de recul\",\"item\":\"https:\/\/www.dynavin.de\/en\/product-categories\/products\/caravan-and-commercial-vehicles\/rear-view-cameras-for-caravan-commercial-vehicles\/accessories-for-rear-view-cameras\/\"},{\"@type\":\"ListItem\",\"position\":7,\"name\":\"Ce DVN-M2P permet de Interface de contr\\u00f4le au volant et la cam\\u00e9ra Pro \\u00e0 la radio Dynavin\"}]}]}<\/script>\n<!-- \/ Yoast SEO Premium plugin. -->","yoast_head_json":{"title":"Ce DVN-M2P permet de Interface de contr\u00f4le au volant et la cam\u00e9ra Pro \u00e0 la radio Dynavin &ndash; Dynavin","description":"Adaptateur pour cam\u00e9ra Pro","robots":{"index":"index","follow":"follow","max-snippet":"max-snippet:-1","max-image-preview":"max-image-preview:large","max-video-preview":"max-video-preview:-1"},"canonical":"https:\/\/www.dynavin.de\/fr\/produits\/produits\/camping-cars-et-vehicule-utilitaires\/cameras-de-recul-pour-camping-cars-et-vehicules-utilitaires\/accessoires-pour-cameras-de-recul\/ce-dvn-m2p-permet-de-connecter-laffichage-tete-haute-et-la-camera-pro-a-la-radio-dynavin\/","og_locale":"fr_FR","og_type":"article","og_title":"Ce DVN-M2P permet de Interface de contr\u00f4le au volant et la cam\u00e9ra Pro \u00e0 la radio Dynavin","og_description":"Adaptateur pour cam\u00e9ra Pro","og_url":"https:\/\/www.dynavin.de\/fr\/produits\/produits\/camping-cars-et-vehicule-utilitaires\/cameras-de-recul-pour-camping-cars-et-vehicules-utilitaires\/accessoires-pour-cameras-de-recul\/ce-dvn-m2p-permet-de-connecter-laffichage-tete-haute-et-la-camera-pro-a-la-radio-dynavin\/","og_site_name":"Dynavin","article_publisher":"https:\/\/www.facebook.com\/dynavin.official","article_modified_time":"2024-09-26T07:10:08+00:00","og_image":[{"width":300,"height":300,"url":"https:\/\/www.dynavin.de\/wp-content\/uploads\/1713494369-DVN-M2P-300X300.jpg","type":"image\/jpeg"}],"twitter_card":"summary_large_image","schema":{"@context":"https:\/\/schema.org","@graph":[{"@type":"Organization","@id":"https:\/\/www.dynavin.de\/#organization","name":"Dynavin GmbH","url":"https:\/\/www.dynavin.de\/","sameAs":["https:\/\/www.facebook.com\/dynavin.official","https:\/\/www.instagram.com\/dynavin.official\/?hl=en","https:\/\/www.youtube.com\/user\/dynavin1"],"logo":{"@type":"ImageObject","@id":"https:\/\/www.dynavin.de\/#logo","inLanguage":"fr-FR","url":"https:\/\/www.dynavin.de\/wp-content\/uploads\/2018\/12\/dynavin-logo.png","contentUrl":"https:\/\/www.dynavin.de\/wp-content\/uploads\/2018\/12\/dynavin-logo.png","width":340,"height":156,"caption":"Dynavin GmbH"},"image":{"@id":"https:\/\/www.dynavin.de\/#logo"}},{"@type":"WebSite","@id":"https:\/\/www.dynavin.de\/#website","url":"https:\/\/www.dynavin.de\/","name":"Dynavin","description":"Navigation and Multimedia Solutions","publisher":{"@id":"https:\/\/www.dynavin.de\/#organization"},"potentialAction":[{"@type":"SearchAction","target":{"@type":"EntryPoint","urlTemplate":"https:\/\/www.dynavin.de\/?s={search_term_string}"},"query-input":"required name=search_term_string"}],"inLanguage":"fr-FR"},{"@type":"ImageObject","@id":"https:\/\/www.dynavin.de\/fr\/produits\/produits\/camping-cars-et-vehicule-utilitaires\/cameras-de-recul-pour-camping-cars-et-vehicules-utilitaires\/accessoires-pour-cameras-de-recul\/ce-dvn-m2p-permet-de-connecter-laffichage-tete-haute-et-la-camera-pro-a-la-radio-dynavin\/#primaryimage","inLanguage":"fr-FR","url":"https:\/\/www.dynavin.de\/wp-content\/uploads\/1713494369-DVN-M2P-300X300.jpg","contentUrl":"https:\/\/www.dynavin.de\/wp-content\/uploads\/1713494369-DVN-M2P-300X300.jpg","width":300,"height":300},{"@type":"WebPage","@id":"https:\/\/www.dynavin.de\/fr\/produits\/produits\/camping-cars-et-vehicule-utilitaires\/cameras-de-recul-pour-camping-cars-et-vehicules-utilitaires\/accessoires-pour-cameras-de-recul\/ce-dvn-m2p-permet-de-connecter-laffichage-tete-haute-et-la-camera-pro-a-la-radio-dynavin\/#webpage","url":"https:\/\/www.dynavin.de\/fr\/produits\/produits\/camping-cars-et-vehicule-utilitaires\/cameras-de-recul-pour-camping-cars-et-vehicules-utilitaires\/accessoires-pour-cameras-de-recul\/ce-dvn-m2p-permet-de-connecter-laffichage-tete-haute-et-la-camera-pro-a-la-radio-dynavin\/","name":"Ce DVN-M2P permet de Interface de contr\u00f4le au volant et la cam\u00e9ra Pro \u00e0 la radio Dynavin &ndash; Dynavin","isPartOf":{"@id":"https:\/\/www.dynavin.de\/#website"},"primaryImageOfPage":{"@id":"https:\/\/www.dynavin.de\/fr\/produits\/produits\/camping-cars-et-vehicule-utilitaires\/cameras-de-recul-pour-camping-cars-et-vehicules-utilitaires\/accessoires-pour-cameras-de-recul\/ce-dvn-m2p-permet-de-connecter-laffichage-tete-haute-et-la-camera-pro-a-la-radio-dynavin\/#primaryimage"},"datePublished":"2024-04-19T02:39:48+00:00","dateModified":"2024-09-26T07:10:08+00:00","description":"Adaptateur pour cam\u00e9ra Pro","breadcrumb":{"@id":"https:\/\/www.dynavin.de\/fr\/produits\/produits\/camping-cars-et-vehicule-utilitaires\/cameras-de-recul-pour-camping-cars-et-vehicules-utilitaires\/accessoires-pour-cameras-de-recul\/ce-dvn-m2p-permet-de-connecter-laffichage-tete-haute-et-la-camera-pro-a-la-radio-dynavin\/#breadcrumb"},"inLanguage":"fr-FR","potentialAction":[{"@type":"ReadAction","target":["https:\/\/www.dynavin.de\/fr\/produits\/produits\/camping-cars-et-vehicule-utilitaires\/cameras-de-recul-pour-camping-cars-et-vehicules-utilitaires\/accessoires-pour-cameras-de-recul\/ce-dvn-m2p-permet-de-connecter-laffichage-tete-haute-et-la-camera-pro-a-la-radio-dynavin\/"]}]},{"@type":"BreadcrumbList","@id":"https:\/\/www.dynavin.de\/fr\/produits\/produits\/camping-cars-et-vehicule-utilitaires\/cameras-de-recul-pour-camping-cars-et-vehicules-utilitaires\/accessoires-pour-cameras-de-recul\/ce-dvn-m2p-permet-de-connecter-laffichage-tete-haute-et-la-camera-pro-a-la-radio-dynavin\/#breadcrumb","itemListElement":[{"@type":"ListItem","position":1,"name":"Startseite","item":"https:\/\/www.dynavin.de\/fr\/"},{"@type":"ListItem","position":2,"name":"Produits","item":"https:\/\/www.dynavin.de\/fr\/shop\/"},{"@type":"ListItem","position":3,"name":"Produits","item":"https:\/\/www.dynavin.de\/fr\/categorie-produit\/produits\/"},{"@type":"ListItem","position":4,"name":"Camping-cars et v\u00e9hicules utilitaires","item":"https:\/\/www.dynavin.de\/fr\/categorie-produit\/produits\/camping-cars-et-vehicule-utilitaires\/"},{"@type":"ListItem","position":5,"name":"Cam\u00e9ras de recul pour camping-cars et v\u00e9hicules utilitaires","item":"https:\/\/www.dynavin.de\/fr\/categorie-produit\/produits\/camping-cars-et-vehicule-utilitaires\/cameras-de-recul-pour-camping-cars-et-vehicules-utilitaires\/"},{"@type":"ListItem","position":6,"name":"Accessoires pour cam\u00e9ras de recul","item":"https:\/\/www.dynavin.de\/en\/product-categories\/products\/caravan-and-commercial-vehicles\/rear-view-cameras-for-caravan-commercial-vehicles\/accessories-for-rear-view-cameras\/"},{"@type":"ListItem","position":7,"name":"Ce DVN-M2P permet de Interface de contr\u00f4le au volant et la cam\u00e9ra Pro \u00e0 la radio Dynavin"}]}]}},"_links":{"self":[{"href":"https:\/\/www.dynavin.de\/fr\/wp-json\/wp\/v2\/product\/106368"}],"collection":[{"href":"https:\/\/www.dynavin.de\/fr\/wp-json\/wp\/v2\/product"}],"about":[{"href":"https:\/\/www.dynavin.de\/fr\/wp-json\/wp\/v2\/types\/product"}],"replies":[{"embeddable":true,"href":"https:\/\/www.dynavin.de\/fr\/wp-json\/wp\/v2\/comments?post=106368"}],"wp:featuredmedia":[{"embeddable":true,"href":"https:\/\/www.dynavin.de\/fr\/wp-json\/wp\/v2\/media\/105654"}],"wp:attachment":[{"href":"https:\/\/www.dynavin.de\/fr\/wp-json\/wp\/v2\/media?parent=106368"}],"wp:term":[{"taxonomy":"product_cat","embeddable":true,"href":"https:\/\/www.dynavin.de\/fr\/wp-json\/wp\/v2\/product_cat?post=106368"},{"taxonomy":"product_tag","embeddable":true,"href":"https:\/\/www.dynavin.de\/fr\/wp-json\/wp\/v2\/product_tag?post=106368"},{"taxonomy":"fahrzeughersteller","embeddable":true,"href":"https:\/\/www.dynavin.de\/fr\/wp-json\/wp\/v2\/fahrzeughersteller?post=106368"},{"taxonomy":"product_status","embeddable":true,"href":"https:\/\/www.dynavin.de\/fr\/wp-json\/wp\/v2\/product_status?post=106368"}],"curies":[{"name":"wp","href":"https:\/\/api.w.org\/{rel}","templated":true}]}}