{"id":90731,"date":"2023-11-21T06:34:36","date_gmt":"2023-11-21T05:34:36","guid":{"rendered":"https:\/\/www.dynavin.de\/produitstest\/"},"modified":"2023-11-24T02:06:19","modified_gmt":"2023-11-24T01:06:19","slug":"produit","status":"publish","type":"page","link":"https:\/\/www.dynavin.de\/fr\/produit\/","title":{"rendered":"Produits"},"content":{"rendered":"<\/p>\n<\/p>\n<div id='av_section_1'  class='avia-section av-wpl26j-5024eb7dbf724d958373d6dad05b8a9a main_color avia-section-default avia-no-border-styling  avia-builder-el-0  el_before_av_section  avia-builder-el-first  avia-bg-style-scroll container_wrap fullsize'  ><div class='container av-section-cont-open' ><main  role=\"main\" itemprop=\"mainContentOfPage\"  class='template-page content  av-content-full alpha units'><div class='post-entry post-entry-type-page post-entry-90731'><div class='entry-content-wrapper clearfix'>\n<section  class='av_textblock_section av-lp7s0pbp-1ff1e81c53839e9ea4dc78e58e40ca45'  itemscope=\"itemscope\" itemtype=\"https:\/\/schema.org\/CreativeWork\" ><div class='avia_textblock'  itemprop=\"text\" ><h2>Produits CarHifi<\/h2>\n<\/div><\/section>\n<section  class='av_textblock_section av-lp7s0yt7-10cb427d536327e6dafdc43186429e7b'  itemscope=\"itemscope\" itemtype=\"https:\/\/schema.org\/CreativeWork\" ><div class='avia_textblock'  itemprop=\"text\" ><p>Syst\u00e8mes de navigation multim\u00e9dia de 6,2&#8243; \u00e0 10&#8243; pour plus de 100 types de v\u00e9hicules ainsi que des accessoires, des tuners DAB+ et DVBT, etc.<\/p>\n<\/div><\/section>\n<section  class='av_textblock_section av-lp7s18ej-1690eec24368d418e8831dc32c8edaca'  itemscope=\"itemscope\" itemtype=\"https:\/\/schema.org\/CreativeWork\" ><div class='avia_textblock'  itemprop=\"text\" ><div class=\"pt-cv-wrapper\"><div class=\"pt-cv-view pt-cv-pinterest pt-cv-colsys pt-cv-border pt-cv-no-bb pt-cv-center\" id=\"pt-cv-view-5e9ea380cw\"><div data-id=\"pt-cv-page-1\" class=\"pt-cv-page\" data-cvc=\"4\"><div class=\"col-md-3 col-sm-6 col-xs-12 pt-cv-content-item pt-cv-1-col\"  data-pid=\"45375\"><div class='pt-cv-pinmas'><a href=\"https:\/\/www.dynavin.de\/fr\/produit\/carhifi\/systemes-de-navigation-pour-car-hifi\/\" class=\"_self pt-cv-href-thumbnail pt-cv-thumb-default cvplbd\" target=\"_self\" ><img width=\"300\" height=\"300\" src=\"https:\/\/www.dynavin.de\/wp-content\/uploads\/1712646811-D9-3BE46-300X300.jpg\" class=\"pt-cv-thumbnail img-none noLightbox  no-lazyload skip-lazy wvs-attachment-image\" alt=\"Syst\u00e8mes de navigation pour Car-Hifi\" \/><\/a><div class=\"product_desc\">\n<div class=\"pt-cv-ctf-list\" data-cvc=\"1\"><div class=\"col-md-12 pt-cv-ctf-column\"><div class=\"pt-cv-custom-fields pt-cv-ctf-produkt-ref\"><div class=\"pt-cv-ctf-value\">Navigationsger\u00e4te<\/div><\/div><\/div><\/div>\n<div class=\"pt-cv-content\">pour de nombreux types de v\u00e9hicules<\/div><\/div><\/div><\/div>\n<div class=\"col-md-3 col-sm-6 col-xs-12 pt-cv-content-item pt-cv-1-col\"  data-pid=\"46166\"><div class='pt-cv-pinmas'><a href=\"https:\/\/www.dynavin.de\/fr\/produit\/carhifi\/cameras-de-recul-pour-voitures\/\" class=\"_self pt-cv-href-thumbnail pt-cv-thumb-default cvplbd\" target=\"_self\" ><img width=\"300\" height=\"300\" src=\"https:\/\/www.dynavin.de\/wp-content\/uploads\/1648194346-CAMPL-MB001CAMBH-AU001-300X300.png\" class=\"pt-cv-thumbnail img-none noLightbox  no-lazyload skip-lazy wvs-attachment-image\" alt=\"Cam\u00e9ras de recul pour voitures\" \/><\/a><div class=\"product_desc\">\n<div class=\"pt-cv-ctf-list\" data-cvc=\"1\"><div class=\"col-md-12 pt-cv-ctf-column\"><div class=\"pt-cv-custom-fields pt-cv-ctf-produkt-ref\"><div class=\"pt-cv-ctf-value\">Cam\u00e9ras de recul<\/div><\/div><\/div><\/div>\n<div class=\"pt-cv-content\">Cam\u00e9ras de recul pour voitures<\/div><\/div><\/div><\/div>\n<div class=\"col-md-3 col-sm-6 col-xs-12 pt-cv-content-item pt-cv-1-col\"  data-pid=\"46169\"><div class='pt-cv-pinmas'><a href=\"https:\/\/www.dynavin.de\/fr\/produit\/carhifi\/accessoires-pour-carhifi\/\" class=\"_self pt-cv-href-thumbnail pt-cv-thumb-default cvplbd\" target=\"_self\" ><img width=\"300\" height=\"300\" src=\"https:\/\/www.dynavin.de\/wp-content\/uploads\/1648194529-DVN-E46HRM-300X300.png\" class=\"pt-cv-thumbnail img-none noLightbox  no-lazyload skip-lazy wvs-attachment-image\" alt=\"Accessoires pour CarHifi\" \/><\/a><div class=\"product_desc\">\n<div class=\"pt-cv-ctf-list\" data-cvc=\"1\"><div class=\"col-md-12 pt-cv-ctf-column\"><div class=\"pt-cv-custom-fields pt-cv-ctf-produkt-ref\"><div class=\"pt-cv-ctf-value\">Zubeh\u00f6r<\/div><\/div><\/div><\/div>\n<div class=\"pt-cv-content\">DAB+, adaptateur MOST<\/div><\/div><\/div><\/div><\/div><\/div><\/div>\t\t\t<style type=\"text\/css\" id=\"pt-cv-inline-style-75fab91fa1\">#pt-cv-view-5e9ea380cw .pt-cv-content-item { padding-top: 10px !important; padding-left: 10px !important; padding-bottom: 20px !important; padding-right: 10px !important; }\n#pt-cv-view-5e9ea380cw  { margin-left: -10px !important; margin-right: -10px !important; }\n#pt-cv-view-5e9ea380cw .pt-cv-pinmas { padding-top: 0px !important; padding-left: 0px !important; padding-bottom: 0px !important; padding-right: 0px !important; }\n#pt-cv-view-5e9ea380cw .pt-cv-title a, #pt-cv-view-5e9ea380cw  .panel-title { font-weight: 600 !important; }\n#pt-cv-view-5e9ea380cw .pt-cv-custom-fields * { font-weight: 600 !important; }\n#pt-cv-view-5e9ea380cw .pt-cv-readmore  { color: #ffffff !important; background-color: #0099cc !important; }\n#pt-cv-view-5e9ea380cw .pt-cv-readmore:hover  { color: #ffffff !important; background-color: #0099cc !important; }\n#pt-cv-view-5e9ea380cw  + .pt-cv-pagination-wrapper .pt-cv-more , #pt-cv-view-5e9ea380cw  + .pt-cv-pagination-wrapper .pagination .active a { color: #ffffff !important; background-color: #00aeef !important; }\n#pt-cv-view-5e9ea380cw { text-align: center; }<\/style>\r\n\t\t\t\n<\/div><\/section>\n<\/div><\/div><\/main><!-- close content main element --><\/div><\/div><div id='av_section_2'  class='avia-section av-27jb6z-a87d9c5aba65a8d8b6f1b537b35b84a6 main_color avia-section-default avia-no-border-styling  avia-builder-el-4  el_after_av_section  avia-builder-el-last  avia-bg-style-scroll container_wrap fullsize'  ><div class='container av-section-cont-open' ><div class='template-page content  av-content-full alpha units'><div class='post-entry post-entry-type-page post-entry-90731'><div class='entry-content-wrapper clearfix'>\n<section  class='av_textblock_section av-lp7s1krn-a05dc938c86526ded5af89ba173d2956'  itemscope=\"itemscope\" itemtype=\"https:\/\/schema.org\/CreativeWork\" ><div class='avia_textblock'  itemprop=\"text\" ><h2>Produits pour Caravaning &#038; v\u00e9hicules utilitaires<\/h2>\n<\/div><\/section>\n<section  class='av_textblock_section av-lp7s1yy4-21cc5cf640675d0d608de8611988d918'  itemscope=\"itemscope\" itemtype=\"https:\/\/schema.org\/CreativeWork\" ><div class='avia_textblock'  itemprop=\"text\" ><p>Syst\u00e8mes de navigation multim\u00e9dia, syst\u00e8mes de cam\u00e9ra d&#8217;angle mort, cam\u00e9ras de recul et accessoires pour v\u00e9hicules de caravaning.<\/p>\n<\/div><\/section>\n<section  class='av_textblock_section av-lp7s2aiq-46d8af23686882f980f8aecd000e1b46'  itemscope=\"itemscope\" itemtype=\"https:\/\/schema.org\/CreativeWork\" ><div class='avia_textblock'  itemprop=\"text\" ><div class=\"pt-cv-wrapper\"><div class=\"pt-cv-view pt-cv-pinterest pt-cv-colsys pt-cv-border pt-cv-no-bb pt-cv-center\" id=\"pt-cv-view-64c632dy0p\"><div data-id=\"pt-cv-page-1\" class=\"pt-cv-page\" data-cvc=\"4\"><div class=\"col-md-3 col-sm-6 col-xs-12 pt-cv-content-item pt-cv-1-col\"  data-pid=\"46488\"><div class='pt-cv-pinmas'><a href=\"https:\/\/www.dynavin.de\/fr\/produit\/camping-cars-et-vehicule-utilitaires\/accessoires-pour-camping-cars-et-vehicules-utilitaires\/\" class=\"_self pt-cv-href-thumbnail pt-cv-thumb-default cvplbd\" target=\"_self\" ><img width=\"300\" height=\"300\" src=\"https:\/\/www.dynavin.de\/wp-content\/uploads\/1648196478-DVN-UFT02-300X300.png\" class=\"pt-cv-thumbnail img-none noLightbox  no-lazyload skip-lazy wvs-attachment-image\" alt=\"Accessoires pour camping-cars et v\u00e9hicules utilitaires\" \/><\/a><div class=\"product_desc\">\n<div class=\"pt-cv-ctf-list\" data-cvc=\"1\"><div class=\"col-md-12 pt-cv-ctf-column\"><div class=\"pt-cv-custom-fields pt-cv-ctf-produkt-ref\"><div class=\"pt-cv-ctf-value\">Zubeh\u00f6r<\/div><\/div><\/div><\/div>\n<div class=\"pt-cv-content\">DAB+, adaptateurs ...<\/div><\/div><\/div><\/div>\n<div class=\"col-md-3 col-sm-6 col-xs-12 pt-cv-content-item pt-cv-1-col\"  data-pid=\"46172\"><div class='pt-cv-pinmas'><a href=\"https:\/\/www.dynavin.de\/fr\/produit\/camping-cars-et-vehicule-utilitaires\/systemes-de-navigation-pour-camping-cars-et-vehicules-utilitaires\/\" class=\"_self pt-cv-href-thumbnail pt-cv-thumb-default cvplbd\" target=\"_self\" ><img width=\"300\" height=\"300\" src=\"https:\/\/www.dynavin.de\/wp-content\/uploads\/1712646791-D9-DCX2022SP-300X300.jpg\" class=\"pt-cv-thumbnail img-none noLightbox  no-lazyload skip-lazy wvs-attachment-image\" alt=\"Syst\u00e8mes de navigation pour camping-cars et v\u00e9hicules utilitaires\" \/><\/a><div class=\"product_desc\">\n<div class=\"pt-cv-ctf-list\" data-cvc=\"1\"><div class=\"col-md-12 pt-cv-ctf-column\"><div class=\"pt-cv-custom-fields pt-cv-ctf-produkt-ref\"><div class=\"pt-cv-ctf-value\">Syst\u00e8mes de navigation<\/div><\/div><\/div><\/div>\n<div class=\"pt-cv-content\">Pour camping-cars et v\u00e9hicules utilitaires ...<\/div><\/div><\/div><\/div>\n<div class=\"col-md-3 col-sm-6 col-xs-12 pt-cv-content-item pt-cv-1-col\"  data-pid=\"46541\"><div class='pt-cv-pinmas'><a href=\"https:\/\/www.dynavin.de\/fr\/produit\/camping-cars-et-vehicule-utilitaires\/cameras-de-recul-pour-camping-cars-et-vehicules-utilitaires\/\" class=\"_self pt-cv-href-thumbnail pt-cv-thumb-default cvplbd\" target=\"_self\" ><img width=\"300\" height=\"300\" src=\"https:\/\/www.dynavin.de\/wp-content\/uploads\/1648196480-DVN-CW-910920-300X300.png\" class=\"pt-cv-thumbnail img-none noLightbox  no-lazyload skip-lazy wvs-attachment-image\" alt=\"Cam\u00e9ras de recul pour camping-cars et v\u00e9hicules utilitaires\" \/><\/a><div class=\"product_desc\">\n<div class=\"pt-cv-ctf-list\" data-cvc=\"1\"><div class=\"col-md-12 pt-cv-ctf-column\"><div class=\"pt-cv-custom-fields pt-cv-ctf-produkt-ref\"><div class=\"pt-cv-ctf-value\">R\u00fcckfahrkameras<\/div><\/div><\/div><\/div>\n<div class=\"pt-cv-content\">Cam\u00e9ras de recul et accessoires ...<\/div><\/div><\/div><\/div>\n<div class=\"col-md-3 col-sm-6 col-xs-12 pt-cv-content-item pt-cv-1-col\"  data-pid=\"57386\"><div class='pt-cv-pinmas'><a href=\"https:\/\/www.dynavin.de\/fr\/produit\/camping-cars-et-vehicule-utilitaires\/systeme-camera-ecran-pour-fiat-ducato\/\" class=\"_self pt-cv-href-thumbnail pt-cv-thumb-default cvplbd\" target=\"_self\" ><img width=\"300\" height=\"300\" src=\"https:\/\/www.dynavin.de\/wp-content\/uploads\/1648196476-DVN-6901-Pro-MO-300X300.png\" class=\"pt-cv-thumbnail img-none noLightbox  no-lazyload skip-lazy wvs-attachment-image\" alt=\"Syst\u00e8me cam\u00e9ra + \u00e9cran pour Fiat Ducato\" \/><\/a><div class=\"product_desc\">\n<div class=\"pt-cv-ctf-list\" data-cvc=\"1\"><div class=\"col-md-12 pt-cv-ctf-column\"><div class=\"pt-cv-custom-fields pt-cv-ctf-produkt-ref\"><div class=\"pt-cv-ctf-value\">Kamera + Monitor-System<\/div><\/div><\/div><\/div>\n<div class=\"pt-cv-content\">pour Fiat Ducato ...<\/div><\/div><\/div><\/div><\/div><\/div><\/div>\t\t\t<style type=\"text\/css\" id=\"pt-cv-inline-style-d21df80kwa\">#pt-cv-view-64c632dy0p .pt-cv-content-item { padding-top: 10px !important; padding-left: 10px !important; padding-bottom: 20px !important; padding-right: 10px !important; }\n#pt-cv-view-64c632dy0p  { margin-left: -10px !important; margin-right: -10px !important; }\n#pt-cv-view-64c632dy0p .pt-cv-pinmas { padding-top: 0px !important; padding-left: 0px !important; padding-bottom: 0px !important; padding-right: 0px !important; }\n#pt-cv-view-64c632dy0p .pt-cv-title a, #pt-cv-view-64c632dy0p  .panel-title { font-weight: 600 !important; }\n#pt-cv-view-64c632dy0p .pt-cv-custom-fields * { font-weight: 600 !important; }\n#pt-cv-view-64c632dy0p .pt-cv-readmore  { color: #ffffff !important; background-color: #0099cc !important; }\n#pt-cv-view-64c632dy0p .pt-cv-readmore:hover  { color: #ffffff !important; background-color: #0099cc !important; }\n#pt-cv-view-64c632dy0p  + .pt-cv-pagination-wrapper .pt-cv-more , #pt-cv-view-64c632dy0p  + .pt-cv-pagination-wrapper .pagination .active a { color: #ffffff !important; background-color: #00aeef !important; }\n#pt-cv-view-64c632dy0p { text-align: center; }<\/style>\r\n\t\t\t\n<\/div><\/section>\n\n","protected":false},"excerpt":{"rendered":"","protected":false},"author":5,"featured_media":0,"parent":0,"menu_order":444,"comment_status":"closed","ping_status":"closed","template":"","meta":[],"categories":[],"tags":[],"fahrzeughersteller":[],"firmware_updates":[],"acf":[],"yoast_head":"<!-- This site is optimized with the Yoast SEO Premium plugin v16.9 (Yoast SEO v17.8) - https:\/\/yoast.com\/wordpress\/plugins\/seo\/ -->\n<title>Produits &ndash; Dynavin<\/title>\n<meta name=\"description\" content=\"Syst\u00e8mes de navigation multim\u00e9dia de 6,2&quot; \u00e0 10&quot; pour plus de 100 types de v\u00e9hicules ainsi que des accessoires, des cam\u00e9ras, des tuners DAB+ et DVBT, etc.\" \/>\n<meta name=\"robots\" content=\"index, follow, max-snippet:-1, max-image-preview:large, max-video-preview:-1\" \/>\n<link rel=\"canonical\" href=\"https:\/\/www.dynavin.de\/fr\/produit\/\" \/>\n<meta property=\"og:locale\" content=\"fr_FR\" \/>\n<meta property=\"og:type\" content=\"article\" \/>\n<meta property=\"og:title\" content=\"Produits\" \/>\n<meta property=\"og:url\" content=\"https:\/\/www.dynavin.de\/fr\/produit\/\" \/>\n<meta property=\"og:site_name\" content=\"Dynavin\" \/>\n<meta property=\"article:publisher\" content=\"https:\/\/www.facebook.com\/dynavin.official\" \/>\n<meta property=\"article:modified_time\" content=\"2023-11-24T01:06:19+00:00\" \/>\n<meta name=\"twitter:card\" content=\"summary_large_image\" \/>\n<script type=\"application\/ld+json\" class=\"yoast-schema-graph\">{\"@context\":\"https:\/\/schema.org\",\"@graph\":[{\"@type\":\"Organization\",\"@id\":\"https:\/\/www.dynavin.de\/#organization\",\"name\":\"Dynavin GmbH\",\"url\":\"https:\/\/www.dynavin.de\/\",\"sameAs\":[\"https:\/\/www.facebook.com\/dynavin.official\",\"https:\/\/www.instagram.com\/dynavin.official\/?hl=en\",\"https:\/\/www.youtube.com\/user\/dynavin1\"],\"logo\":{\"@type\":\"ImageObject\",\"@id\":\"https:\/\/www.dynavin.de\/#logo\",\"inLanguage\":\"fr-FR\",\"url\":\"https:\/\/www.dynavin.de\/wp-content\/uploads\/2018\/12\/dynavin-logo.png\",\"contentUrl\":\"https:\/\/www.dynavin.de\/wp-content\/uploads\/2018\/12\/dynavin-logo.png\",\"width\":340,\"height\":156,\"caption\":\"Dynavin GmbH\"},\"image\":{\"@id\":\"https:\/\/www.dynavin.de\/#logo\"}},{\"@type\":\"WebSite\",\"@id\":\"https:\/\/www.dynavin.de\/#website\",\"url\":\"https:\/\/www.dynavin.de\/\",\"name\":\"Dynavin\",\"description\":\"Navigation and Multimedia Solutions\",\"publisher\":{\"@id\":\"https:\/\/www.dynavin.de\/#organization\"},\"potentialAction\":[{\"@type\":\"SearchAction\",\"target\":{\"@type\":\"EntryPoint\",\"urlTemplate\":\"https:\/\/www.dynavin.de\/?s={search_term_string}\"},\"query-input\":\"required name=search_term_string\"}],\"inLanguage\":\"fr-FR\"},{\"@type\":\"WebPage\",\"@id\":\"https:\/\/www.dynavin.de\/fr\/produit\/#webpage\",\"url\":\"https:\/\/www.dynavin.de\/fr\/produit\/\",\"name\":\"Produits &ndash; Dynavin\",\"isPartOf\":{\"@id\":\"https:\/\/www.dynavin.de\/#website\"},\"datePublished\":\"2023-11-21T05:34:36+00:00\",\"dateModified\":\"2023-11-24T01:06:19+00:00\",\"description\":\"Syst\\u00e8mes de navigation multim\\u00e9dia de 6,2\\\" \\u00e0 10\\\" pour plus de 100 types de v\\u00e9hicules ainsi que des accessoires, des cam\\u00e9ras, des tuners DAB+ et DVBT, etc.\",\"breadcrumb\":{\"@id\":\"https:\/\/www.dynavin.de\/fr\/produit\/#breadcrumb\"},\"inLanguage\":\"fr-FR\",\"potentialAction\":[{\"@type\":\"ReadAction\",\"target\":[\"https:\/\/www.dynavin.de\/fr\/produit\/\"]}]},{\"@type\":\"BreadcrumbList\",\"@id\":\"https:\/\/www.dynavin.de\/fr\/produit\/#breadcrumb\",\"itemListElement\":[{\"@type\":\"ListItem\",\"position\":1,\"name\":\"Startseite\",\"item\":\"https:\/\/www.dynavin.de\/fr\/\"},{\"@type\":\"ListItem\",\"position\":2,\"name\":\"Produits\"}]}]}<\/script>\n<!-- \/ Yoast SEO Premium plugin. -->","yoast_head_json":{"title":"Produits &ndash; Dynavin","description":"Syst\u00e8mes de navigation multim\u00e9dia de 6,2\" \u00e0 10\" pour plus de 100 types de v\u00e9hicules ainsi que des accessoires, des cam\u00e9ras, des tuners DAB+ et DVBT, etc.","robots":{"index":"index","follow":"follow","max-snippet":"max-snippet:-1","max-image-preview":"max-image-preview:large","max-video-preview":"max-video-preview:-1"},"canonical":"https:\/\/www.dynavin.de\/fr\/produit\/","og_locale":"fr_FR","og_type":"article","og_title":"Produits","og_url":"https:\/\/www.dynavin.de\/fr\/produit\/","og_site_name":"Dynavin","article_publisher":"https:\/\/www.facebook.com\/dynavin.official","article_modified_time":"2023-11-24T01:06:19+00:00","twitter_card":"summary_large_image","schema":{"@context":"https:\/\/schema.org","@graph":[{"@type":"Organization","@id":"https:\/\/www.dynavin.de\/#organization","name":"Dynavin GmbH","url":"https:\/\/www.dynavin.de\/","sameAs":["https:\/\/www.facebook.com\/dynavin.official","https:\/\/www.instagram.com\/dynavin.official\/?hl=en","https:\/\/www.youtube.com\/user\/dynavin1"],"logo":{"@type":"ImageObject","@id":"https:\/\/www.dynavin.de\/#logo","inLanguage":"fr-FR","url":"https:\/\/www.dynavin.de\/wp-content\/uploads\/2018\/12\/dynavin-logo.png","contentUrl":"https:\/\/www.dynavin.de\/wp-content\/uploads\/2018\/12\/dynavin-logo.png","width":340,"height":156,"caption":"Dynavin GmbH"},"image":{"@id":"https:\/\/www.dynavin.de\/#logo"}},{"@type":"WebSite","@id":"https:\/\/www.dynavin.de\/#website","url":"https:\/\/www.dynavin.de\/","name":"Dynavin","description":"Navigation and Multimedia Solutions","publisher":{"@id":"https:\/\/www.dynavin.de\/#organization"},"potentialAction":[{"@type":"SearchAction","target":{"@type":"EntryPoint","urlTemplate":"https:\/\/www.dynavin.de\/?s={search_term_string}"},"query-input":"required name=search_term_string"}],"inLanguage":"fr-FR"},{"@type":"WebPage","@id":"https:\/\/www.dynavin.de\/fr\/produit\/#webpage","url":"https:\/\/www.dynavin.de\/fr\/produit\/","name":"Produits &ndash; Dynavin","isPartOf":{"@id":"https:\/\/www.dynavin.de\/#website"},"datePublished":"2023-11-21T05:34:36+00:00","dateModified":"2023-11-24T01:06:19+00:00","description":"Syst\u00e8mes de navigation multim\u00e9dia de 6,2\" \u00e0 10\" pour plus de 100 types de v\u00e9hicules ainsi que des accessoires, des cam\u00e9ras, des tuners DAB+ et DVBT, etc.","breadcrumb":{"@id":"https:\/\/www.dynavin.de\/fr\/produit\/#breadcrumb"},"inLanguage":"fr-FR","potentialAction":[{"@type":"ReadAction","target":["https:\/\/www.dynavin.de\/fr\/produit\/"]}]},{"@type":"BreadcrumbList","@id":"https:\/\/www.dynavin.de\/fr\/produit\/#breadcrumb","itemListElement":[{"@type":"ListItem","position":1,"name":"Startseite","item":"https:\/\/www.dynavin.de\/fr\/"},{"@type":"ListItem","position":2,"name":"Produits"}]}]}},"_links":{"self":[{"href":"https:\/\/www.dynavin.de\/fr\/wp-json\/wp\/v2\/pages\/90731"}],"collection":[{"href":"https:\/\/www.dynavin.de\/fr\/wp-json\/wp\/v2\/pages"}],"about":[{"href":"https:\/\/www.dynavin.de\/fr\/wp-json\/wp\/v2\/types\/page"}],"author":[{"embeddable":true,"href":"https:\/\/www.dynavin.de\/fr\/wp-json\/wp\/v2\/users\/5"}],"replies":[{"embeddable":true,"href":"https:\/\/www.dynavin.de\/fr\/wp-json\/wp\/v2\/comments?post=90731"}],"version-history":[{"count":10,"href":"https:\/\/www.dynavin.de\/fr\/wp-json\/wp\/v2\/pages\/90731\/revisions"}],"predecessor-version":[{"id":91051,"href":"https:\/\/www.dynavin.de\/fr\/wp-json\/wp\/v2\/pages\/90731\/revisions\/91051"}],"wp:attachment":[{"href":"https:\/\/www.dynavin.de\/fr\/wp-json\/wp\/v2\/media?parent=90731"}],"wp:term":[{"taxonomy":"category","embeddable":true,"href":"https:\/\/www.dynavin.de\/fr\/wp-json\/wp\/v2\/categories?post=90731"},{"taxonomy":"post_tag","embeddable":true,"href":"https:\/\/www.dynavin.de\/fr\/wp-json\/wp\/v2\/tags?post=90731"},{"taxonomy":"fahrzeughersteller","embeddable":true,"href":"https:\/\/www.dynavin.de\/fr\/wp-json\/wp\/v2\/fahrzeughersteller?post=90731"},{"taxonomy":"firmware_updates","embeddable":true,"href":"https:\/\/www.dynavin.de\/fr\/wp-json\/wp\/v2\/firmware_updates?post=90731"}],"curies":[{"name":"wp","href":"https:\/\/api.w.org\/{rel}","templated":true}]}}