{"id":87997,"date":"2023-09-25T10:42:27","date_gmt":"2023-09-25T08:42:27","guid":{"rendered":"https:\/\/www.dynavin.de\/werden-sie-von-dynavin-gesponsert-2\/"},"modified":"2023-09-26T05:55:38","modified_gmt":"2023-09-26T03:55:38","slug":"se-faire-sponsoriser-par-dynavin","status":"publish","type":"page","link":"https:\/\/www.dynavin.de\/fr\/se-faire-sponsoriser-par-dynavin\/","title":{"rendered":"Se faire sponsoriser par Dynavin"},"content":{"rendered":"<\/p>\n<\/p>\n<section  id=\"get-sponsored-by-dynavin\"  class='av_textblock_section av-lmymt0x2-fffa64147618a82ec8dfc424c68a63b6'  itemscope=\"itemscope\" itemtype=\"https:\/\/schema.org\/CreativeWork\" ><div class='avia_textblock'  itemprop=\"text\" ><h1>Appel \u00e0 tous les influenceurs ! Rejoignez notre collaboration avec la marque !<\/h1>\n<p>Vous \u00eates un influenceur des m\u00e9dias sociaux et vous avez une passion pour les voitures ? Nous sommes \u00e0 la recherche d&#8217;un partenaire pour nous aider \u00e0 d\u00e9velopper la marque Dynavin au niveau mondial !<\/p>\n<h3>Voici comment cela fonctionne :<\/h3>\n<p>1. Pr\u00e9senter notre radio : Cr\u00e9ez et partagez des vid\u00e9os d&#8217;installation ou d&#8217;\u00e9valuation de notre autoradio Dynavin sur vos plateformes de m\u00e9dias sociaux.<\/p>\n<p>2. Soyez r\u00e9compens\u00e9 : Pour vous remercier de votre soutien, nous vous enverrons un autoradio Dynavin GRATUIT pour am\u00e9liorer votre exp\u00e9rience de conduite. De plus, si vous avez une forte influence, nous vous offrirons \u00e9galement une g\u00e9n\u00e9reuse compensation !<\/p>\n<h3>Pourquoi nous rejoindre ?<\/h3>\n<p>\u2022 Acc\u00e8s aux derni\u00e8res technologies : D\u00e9couvrez les fonctions avanc\u00e9es de notre autoradio Dynavin.<\/p>\n<p>\u2022 D\u00e9veloppez votre influence : Touchez un plus grand nombre de passionn\u00e9s d&#8217;automobile et d&#8217;amateurs de technologie.<\/p>\n<p>\u2022 Faites-vous parrainer : Lib\u00e9rez le potentiel de revenus suppl\u00e9mentaires gr\u00e2ce \u00e0 nos programmes de r\u00e9mun\u00e9ration attrayants.<\/p>\n<h3>Int\u00e9ress\u00e9(e) par ? Connectez-vous !<\/h3>\n<p>Envoyez-nous un e-mail \u00e0 <a href=\"mailto:info@dynavin.de\" target=\"_blank\" rel=\"noopener noreferrer\">info@dynavin.de<\/a> et d\u00e9crivez-nous la voiture que vous pr\u00e9voyez d&#8217;utiliser pour pr\u00e9senter la radio Dynavin. Fournissez-nous \u00e9galement les liens vers vos comptes TikTok, Instagram, Facebook et YouTube, afin que nous puissions vous retrouver.<\/p>\n<\/div><\/section>\n","protected":false},"excerpt":{"rendered":"","protected":false},"author":1470,"featured_media":0,"parent":0,"menu_order":420,"comment_status":"closed","ping_status":"closed","template":"","meta":[],"categories":[],"tags":[],"fahrzeughersteller":[],"firmware_updates":[],"acf":[],"yoast_head":"<!-- This site is optimized with the Yoast SEO Premium plugin v16.9 (Yoast SEO v17.8) - https:\/\/yoast.com\/wordpress\/plugins\/seo\/ -->\n<title>Se faire sponsoriser par Dynavin &ndash; Dynavin<\/title>\n<meta name=\"robots\" content=\"index, follow, max-snippet:-1, max-image-preview:large, max-video-preview:-1\" \/>\n<link rel=\"canonical\" href=\"https:\/\/www.dynavin.de\/fr\/se-faire-sponsoriser-par-dynavin\/\" \/>\n<meta property=\"og:locale\" content=\"fr_FR\" \/>\n<meta property=\"og:type\" content=\"article\" \/>\n<meta property=\"og:title\" content=\"Se faire sponsoriser par Dynavin\" \/>\n<meta property=\"og:url\" content=\"https:\/\/www.dynavin.de\/fr\/se-faire-sponsoriser-par-dynavin\/\" \/>\n<meta property=\"og:site_name\" content=\"Dynavin\" \/>\n<meta property=\"article:publisher\" content=\"https:\/\/www.facebook.com\/dynavin.official\" \/>\n<meta property=\"article:modified_time\" content=\"2023-09-26T03:55:38+00:00\" \/>\n<meta name=\"twitter:card\" content=\"summary_large_image\" \/>\n<script type=\"application\/ld+json\" class=\"yoast-schema-graph\">{\"@context\":\"https:\/\/schema.org\",\"@graph\":[{\"@type\":\"Organization\",\"@id\":\"https:\/\/www.dynavin.de\/#organization\",\"name\":\"Dynavin GmbH\",\"url\":\"https:\/\/www.dynavin.de\/\",\"sameAs\":[\"https:\/\/www.facebook.com\/dynavin.official\",\"https:\/\/www.instagram.com\/dynavin.official\/?hl=en\",\"https:\/\/www.youtube.com\/user\/dynavin1\"],\"logo\":{\"@type\":\"ImageObject\",\"@id\":\"https:\/\/www.dynavin.de\/#logo\",\"inLanguage\":\"fr-FR\",\"url\":\"https:\/\/www.dynavin.de\/wp-content\/uploads\/2018\/12\/dynavin-logo.png\",\"contentUrl\":\"https:\/\/www.dynavin.de\/wp-content\/uploads\/2018\/12\/dynavin-logo.png\",\"width\":340,\"height\":156,\"caption\":\"Dynavin GmbH\"},\"image\":{\"@id\":\"https:\/\/www.dynavin.de\/#logo\"}},{\"@type\":\"WebSite\",\"@id\":\"https:\/\/www.dynavin.de\/#website\",\"url\":\"https:\/\/www.dynavin.de\/\",\"name\":\"Dynavin\",\"description\":\"Navigation and Multimedia Solutions\",\"publisher\":{\"@id\":\"https:\/\/www.dynavin.de\/#organization\"},\"potentialAction\":[{\"@type\":\"SearchAction\",\"target\":{\"@type\":\"EntryPoint\",\"urlTemplate\":\"https:\/\/www.dynavin.de\/?s={search_term_string}\"},\"query-input\":\"required name=search_term_string\"}],\"inLanguage\":\"fr-FR\"},{\"@type\":\"WebPage\",\"@id\":\"https:\/\/www.dynavin.de\/fr\/se-faire-sponsoriser-par-dynavin\/#webpage\",\"url\":\"https:\/\/www.dynavin.de\/fr\/se-faire-sponsoriser-par-dynavin\/\",\"name\":\"Se faire sponsoriser par Dynavin &ndash; Dynavin\",\"isPartOf\":{\"@id\":\"https:\/\/www.dynavin.de\/#website\"},\"datePublished\":\"2023-09-25T08:42:27+00:00\",\"dateModified\":\"2023-09-26T03:55:38+00:00\",\"breadcrumb\":{\"@id\":\"https:\/\/www.dynavin.de\/fr\/se-faire-sponsoriser-par-dynavin\/#breadcrumb\"},\"inLanguage\":\"fr-FR\",\"potentialAction\":[{\"@type\":\"ReadAction\",\"target\":[\"https:\/\/www.dynavin.de\/fr\/se-faire-sponsoriser-par-dynavin\/\"]}]},{\"@type\":\"BreadcrumbList\",\"@id\":\"https:\/\/www.dynavin.de\/fr\/se-faire-sponsoriser-par-dynavin\/#breadcrumb\",\"itemListElement\":[{\"@type\":\"ListItem\",\"position\":1,\"name\":\"Startseite\",\"item\":\"https:\/\/www.dynavin.de\/fr\/\"},{\"@type\":\"ListItem\",\"position\":2,\"name\":\"Se faire sponsoriser par Dynavin\"}]}]}<\/script>\n<!-- \/ Yoast SEO Premium plugin. -->","yoast_head_json":{"title":"Se faire sponsoriser par Dynavin &ndash; Dynavin","robots":{"index":"index","follow":"follow","max-snippet":"max-snippet:-1","max-image-preview":"max-image-preview:large","max-video-preview":"max-video-preview:-1"},"canonical":"https:\/\/www.dynavin.de\/fr\/se-faire-sponsoriser-par-dynavin\/","og_locale":"fr_FR","og_type":"article","og_title":"Se faire sponsoriser par Dynavin","og_url":"https:\/\/www.dynavin.de\/fr\/se-faire-sponsoriser-par-dynavin\/","og_site_name":"Dynavin","article_publisher":"https:\/\/www.facebook.com\/dynavin.official","article_modified_time":"2023-09-26T03:55:38+00:00","twitter_card":"summary_large_image","schema":{"@context":"https:\/\/schema.org","@graph":[{"@type":"Organization","@id":"https:\/\/www.dynavin.de\/#organization","name":"Dynavin GmbH","url":"https:\/\/www.dynavin.de\/","sameAs":["https:\/\/www.facebook.com\/dynavin.official","https:\/\/www.instagram.com\/dynavin.official\/?hl=en","https:\/\/www.youtube.com\/user\/dynavin1"],"logo":{"@type":"ImageObject","@id":"https:\/\/www.dynavin.de\/#logo","inLanguage":"fr-FR","url":"https:\/\/www.dynavin.de\/wp-content\/uploads\/2018\/12\/dynavin-logo.png","contentUrl":"https:\/\/www.dynavin.de\/wp-content\/uploads\/2018\/12\/dynavin-logo.png","width":340,"height":156,"caption":"Dynavin GmbH"},"image":{"@id":"https:\/\/www.dynavin.de\/#logo"}},{"@type":"WebSite","@id":"https:\/\/www.dynavin.de\/#website","url":"https:\/\/www.dynavin.de\/","name":"Dynavin","description":"Navigation and Multimedia Solutions","publisher":{"@id":"https:\/\/www.dynavin.de\/#organization"},"potentialAction":[{"@type":"SearchAction","target":{"@type":"EntryPoint","urlTemplate":"https:\/\/www.dynavin.de\/?s={search_term_string}"},"query-input":"required name=search_term_string"}],"inLanguage":"fr-FR"},{"@type":"WebPage","@id":"https:\/\/www.dynavin.de\/fr\/se-faire-sponsoriser-par-dynavin\/#webpage","url":"https:\/\/www.dynavin.de\/fr\/se-faire-sponsoriser-par-dynavin\/","name":"Se faire sponsoriser par Dynavin &ndash; Dynavin","isPartOf":{"@id":"https:\/\/www.dynavin.de\/#website"},"datePublished":"2023-09-25T08:42:27+00:00","dateModified":"2023-09-26T03:55:38+00:00","breadcrumb":{"@id":"https:\/\/www.dynavin.de\/fr\/se-faire-sponsoriser-par-dynavin\/#breadcrumb"},"inLanguage":"fr-FR","potentialAction":[{"@type":"ReadAction","target":["https:\/\/www.dynavin.de\/fr\/se-faire-sponsoriser-par-dynavin\/"]}]},{"@type":"BreadcrumbList","@id":"https:\/\/www.dynavin.de\/fr\/se-faire-sponsoriser-par-dynavin\/#breadcrumb","itemListElement":[{"@type":"ListItem","position":1,"name":"Startseite","item":"https:\/\/www.dynavin.de\/fr\/"},{"@type":"ListItem","position":2,"name":"Se faire sponsoriser par Dynavin"}]}]}},"_links":{"self":[{"href":"https:\/\/www.dynavin.de\/fr\/wp-json\/wp\/v2\/pages\/87997"}],"collection":[{"href":"https:\/\/www.dynavin.de\/fr\/wp-json\/wp\/v2\/pages"}],"about":[{"href":"https:\/\/www.dynavin.de\/fr\/wp-json\/wp\/v2\/types\/page"}],"author":[{"embeddable":true,"href":"https:\/\/www.dynavin.de\/fr\/wp-json\/wp\/v2\/users\/1470"}],"replies":[{"embeddable":true,"href":"https:\/\/www.dynavin.de\/fr\/wp-json\/wp\/v2\/comments?post=87997"}],"version-history":[{"count":10,"href":"https:\/\/www.dynavin.de\/fr\/wp-json\/wp\/v2\/pages\/87997\/revisions"}],"predecessor-version":[{"id":88129,"href":"https:\/\/www.dynavin.de\/fr\/wp-json\/wp\/v2\/pages\/87997\/revisions\/88129"}],"wp:attachment":[{"href":"https:\/\/www.dynavin.de\/fr\/wp-json\/wp\/v2\/media?parent=87997"}],"wp:term":[{"taxonomy":"category","embeddable":true,"href":"https:\/\/www.dynavin.de\/fr\/wp-json\/wp\/v2\/categories?post=87997"},{"taxonomy":"post_tag","embeddable":true,"href":"https:\/\/www.dynavin.de\/fr\/wp-json\/wp\/v2\/tags?post=87997"},{"taxonomy":"fahrzeughersteller","embeddable":true,"href":"https:\/\/www.dynavin.de\/fr\/wp-json\/wp\/v2\/fahrzeughersteller?post=87997"},{"taxonomy":"firmware_updates","embeddable":true,"href":"https:\/\/www.dynavin.de\/fr\/wp-json\/wp\/v2\/firmware_updates?post=87997"}],"curies":[{"name":"wp","href":"https:\/\/api.w.org\/{rel}","templated":true}]}}