{"id":78104,"date":"2022-12-20T10:56:13","date_gmt":"2022-12-20T09:56:13","guid":{"rendered":"https:\/\/www.dynavin.de\/utilisez-le-dynavin-support-center-pour-les-demandes-de-garantie\/"},"modified":"2024-05-19T16:16:50","modified_gmt":"2024-05-19T14:16:50","slug":"utilisez-le-dynavin-support-center-pour-les-demandes-de-garantie","status":"publish","type":"page","link":"https:\/\/www.dynavin.de\/fr\/utilisez-le-dynavin-support-center-pour-les-demandes-de-garantie\/","title":{"rendered":"Utilisez le Dynavin Support Center pour les demandes de garantie"},"content":{"rendered":"<div class='flex_column av-u2z0h4-a8263c0a5337f55ee82d9861f0bd6781 av_one_full  avia-builder-el-0  avia-builder-el-no-sibling  first flex_column_div '   ><p><section  class='av_textblock_section av-lbw1l9mm-17e93652705eb5611b7b14631f334d65'  itemscope=\"itemscope\" itemtype=\"https:\/\/schema.org\/CreativeWork\" ><div class='avia_textblock'  itemprop=\"text\" ><p>Afin de garantir que votre demande soit trait\u00e9e le plus rapidement possible, veuillez ne pas renvoyer de produit \u00e0 Dynavin GmbH sans num\u00e9ro de retour de marchandise. Pour demander un num\u00e9ro RMA, contactez l&#8217;\u00e9quipe de support de Dynavin via :<\/p>\n<\/div><\/section><br \/>\n\n<style type=\"text\/css\" data-created_by=\"avia_inline_auto\" id=\"style-css-av-lbw1od0t-5f6fe350c5914d90642b1ee156f5f4d8\">\n#top .hr.hr-invisible.av-lbw1od0t-5f6fe350c5914d90642b1ee156f5f4d8{\nheight:30px;\n}\n<\/style>\n<div  class='hr av-lbw1od0t-5f6fe350c5914d90642b1ee156f5f4d8 hr-invisible  avia-builder-el-2  el_after_av_textblock  el_before_av_button '><span class='hr-inner '><span class=\"hr-inner-style\"><\/span><\/span><\/div><br \/>\n<div  class='avia-button-wrap avia-button-center  avia-builder-el-3  el_after_av_hr  avia-builder-el-last  help-center-btn' ><a href='https:\/\/support.dynavin.com\/' class='avia-button av-lbw1lzlr-93e85727ee6cfb23ec1c4f18177c68df avia-icon_select-no avia-size-large avia-position-center avia-color-theme-color' target=\"_blank\" rel=\"noopener noreferrer\"><span class='avia_iconbox_title' >Dynavin Support Center<\/span><\/a><\/div><\/p><\/div>\n","protected":false},"excerpt":{"rendered":"<p>Afin de garantir que votre demande soit trait\u00e9e le plus rapidement possible, veuillez ne pas renvoyer de produit \u00e0 Dynavin GmbH sans num\u00e9ro de retour de marchandise. <\/p>\n","protected":false},"author":19,"featured_media":0,"parent":0,"menu_order":230,"comment_status":"closed","ping_status":"closed","template":"","meta":[],"categories":[],"tags":[],"fahrzeughersteller":[],"firmware_updates":[],"acf":[],"yoast_head":"<!-- This site is optimized with the Yoast SEO Premium plugin v16.9 (Yoast SEO v17.8) - https:\/\/yoast.com\/wordpress\/plugins\/seo\/ -->\n<title>Utilisez le Dynavin Support Center pour les demandes de garantie &ndash; Dynavin<\/title>\n<meta name=\"description\" content=\"Afin de garantir que votre demande soit trait\u00e9e le plus rapidement possible, veuillez ne pas renvoyer de produit \u00e0 Dynavin GmbH sans num\u00e9ro de retour de marchandise.\" \/>\n<meta name=\"robots\" content=\"index, follow, max-snippet:-1, max-image-preview:large, max-video-preview:-1\" \/>\n<link rel=\"canonical\" href=\"https:\/\/www.dynavin.de\/fr\/utilisez-le-dynavin-support-center-pour-les-demandes-de-garantie\/\" \/>\n<meta property=\"og:locale\" content=\"fr_FR\" \/>\n<meta property=\"og:type\" content=\"article\" \/>\n<meta property=\"og:title\" content=\"Utilisez le Dynavin Support Center pour les demandes de garantie\" \/>\n<meta property=\"og:description\" content=\"Afin de garantir que votre demande soit trait\u00e9e le plus rapidement possible, veuillez ne pas renvoyer de produit \u00e0 Dynavin GmbH sans num\u00e9ro de retour de marchandise.\" \/>\n<meta property=\"og:url\" content=\"https:\/\/www.dynavin.de\/fr\/utilisez-le-dynavin-support-center-pour-les-demandes-de-garantie\/\" \/>\n<meta property=\"og:site_name\" content=\"Dynavin\" \/>\n<meta property=\"article:publisher\" content=\"https:\/\/www.facebook.com\/dynavin.official\" \/>\n<meta property=\"article:modified_time\" content=\"2024-05-19T14:16:50+00:00\" \/>\n<meta name=\"twitter:card\" content=\"summary_large_image\" \/>\n<script type=\"application\/ld+json\" class=\"yoast-schema-graph\">{\"@context\":\"https:\/\/schema.org\",\"@graph\":[{\"@type\":\"Organization\",\"@id\":\"https:\/\/www.dynavin.de\/#organization\",\"name\":\"Dynavin GmbH\",\"url\":\"https:\/\/www.dynavin.de\/\",\"sameAs\":[\"https:\/\/www.facebook.com\/dynavin.official\",\"https:\/\/www.instagram.com\/dynavin.official\/?hl=en\",\"https:\/\/www.youtube.com\/user\/dynavin1\"],\"logo\":{\"@type\":\"ImageObject\",\"@id\":\"https:\/\/www.dynavin.de\/#logo\",\"inLanguage\":\"fr-FR\",\"url\":\"https:\/\/www.dynavin.de\/wp-content\/uploads\/2018\/12\/dynavin-logo.png\",\"contentUrl\":\"https:\/\/www.dynavin.de\/wp-content\/uploads\/2018\/12\/dynavin-logo.png\",\"width\":340,\"height\":156,\"caption\":\"Dynavin GmbH\"},\"image\":{\"@id\":\"https:\/\/www.dynavin.de\/#logo\"}},{\"@type\":\"WebSite\",\"@id\":\"https:\/\/www.dynavin.de\/#website\",\"url\":\"https:\/\/www.dynavin.de\/\",\"name\":\"Dynavin\",\"description\":\"Navigation and Multimedia Solutions\",\"publisher\":{\"@id\":\"https:\/\/www.dynavin.de\/#organization\"},\"potentialAction\":[{\"@type\":\"SearchAction\",\"target\":{\"@type\":\"EntryPoint\",\"urlTemplate\":\"https:\/\/www.dynavin.de\/?s={search_term_string}\"},\"query-input\":\"required name=search_term_string\"}],\"inLanguage\":\"fr-FR\"},{\"@type\":\"WebPage\",\"@id\":\"https:\/\/www.dynavin.de\/fr\/utilisez-le-dynavin-support-center-pour-les-demandes-de-garantie\/#webpage\",\"url\":\"https:\/\/www.dynavin.de\/fr\/utilisez-le-dynavin-support-center-pour-les-demandes-de-garantie\/\",\"name\":\"Utilisez le Dynavin Support Center pour les demandes de garantie &ndash; Dynavin\",\"isPartOf\":{\"@id\":\"https:\/\/www.dynavin.de\/#website\"},\"datePublished\":\"2022-12-20T09:56:13+00:00\",\"dateModified\":\"2024-05-19T14:16:50+00:00\",\"description\":\"Afin de garantir que votre demande soit trait\\u00e9e le plus rapidement possible, veuillez ne pas renvoyer de produit \\u00e0 Dynavin GmbH sans num\\u00e9ro de retour de marchandise.\",\"breadcrumb\":{\"@id\":\"https:\/\/www.dynavin.de\/fr\/utilisez-le-dynavin-support-center-pour-les-demandes-de-garantie\/#breadcrumb\"},\"inLanguage\":\"fr-FR\",\"potentialAction\":[{\"@type\":\"ReadAction\",\"target\":[\"https:\/\/www.dynavin.de\/fr\/utilisez-le-dynavin-support-center-pour-les-demandes-de-garantie\/\"]}]},{\"@type\":\"BreadcrumbList\",\"@id\":\"https:\/\/www.dynavin.de\/fr\/utilisez-le-dynavin-support-center-pour-les-demandes-de-garantie\/#breadcrumb\",\"itemListElement\":[{\"@type\":\"ListItem\",\"position\":1,\"name\":\"Startseite\",\"item\":\"https:\/\/www.dynavin.de\/fr\/\"},{\"@type\":\"ListItem\",\"position\":2,\"name\":\"Utilisez le Dynavin Support Center pour les demandes de garantie\"}]}]}<\/script>\n<!-- \/ Yoast SEO Premium plugin. -->","yoast_head_json":{"title":"Utilisez le Dynavin Support Center pour les demandes de garantie &ndash; Dynavin","description":"Afin de garantir que votre demande soit trait\u00e9e le plus rapidement possible, veuillez ne pas renvoyer de produit \u00e0 Dynavin GmbH sans num\u00e9ro de retour de marchandise.","robots":{"index":"index","follow":"follow","max-snippet":"max-snippet:-1","max-image-preview":"max-image-preview:large","max-video-preview":"max-video-preview:-1"},"canonical":"https:\/\/www.dynavin.de\/fr\/utilisez-le-dynavin-support-center-pour-les-demandes-de-garantie\/","og_locale":"fr_FR","og_type":"article","og_title":"Utilisez le Dynavin Support Center pour les demandes de garantie","og_description":"Afin de garantir que votre demande soit trait\u00e9e le plus rapidement possible, veuillez ne pas renvoyer de produit \u00e0 Dynavin GmbH sans num\u00e9ro de retour de marchandise.","og_url":"https:\/\/www.dynavin.de\/fr\/utilisez-le-dynavin-support-center-pour-les-demandes-de-garantie\/","og_site_name":"Dynavin","article_publisher":"https:\/\/www.facebook.com\/dynavin.official","article_modified_time":"2024-05-19T14:16:50+00:00","twitter_card":"summary_large_image","schema":{"@context":"https:\/\/schema.org","@graph":[{"@type":"Organization","@id":"https:\/\/www.dynavin.de\/#organization","name":"Dynavin GmbH","url":"https:\/\/www.dynavin.de\/","sameAs":["https:\/\/www.facebook.com\/dynavin.official","https:\/\/www.instagram.com\/dynavin.official\/?hl=en","https:\/\/www.youtube.com\/user\/dynavin1"],"logo":{"@type":"ImageObject","@id":"https:\/\/www.dynavin.de\/#logo","inLanguage":"fr-FR","url":"https:\/\/www.dynavin.de\/wp-content\/uploads\/2018\/12\/dynavin-logo.png","contentUrl":"https:\/\/www.dynavin.de\/wp-content\/uploads\/2018\/12\/dynavin-logo.png","width":340,"height":156,"caption":"Dynavin GmbH"},"image":{"@id":"https:\/\/www.dynavin.de\/#logo"}},{"@type":"WebSite","@id":"https:\/\/www.dynavin.de\/#website","url":"https:\/\/www.dynavin.de\/","name":"Dynavin","description":"Navigation and Multimedia Solutions","publisher":{"@id":"https:\/\/www.dynavin.de\/#organization"},"potentialAction":[{"@type":"SearchAction","target":{"@type":"EntryPoint","urlTemplate":"https:\/\/www.dynavin.de\/?s={search_term_string}"},"query-input":"required name=search_term_string"}],"inLanguage":"fr-FR"},{"@type":"WebPage","@id":"https:\/\/www.dynavin.de\/fr\/utilisez-le-dynavin-support-center-pour-les-demandes-de-garantie\/#webpage","url":"https:\/\/www.dynavin.de\/fr\/utilisez-le-dynavin-support-center-pour-les-demandes-de-garantie\/","name":"Utilisez le Dynavin Support Center pour les demandes de garantie &ndash; Dynavin","isPartOf":{"@id":"https:\/\/www.dynavin.de\/#website"},"datePublished":"2022-12-20T09:56:13+00:00","dateModified":"2024-05-19T14:16:50+00:00","description":"Afin de garantir que votre demande soit trait\u00e9e le plus rapidement possible, veuillez ne pas renvoyer de produit \u00e0 Dynavin GmbH sans num\u00e9ro de retour de marchandise.","breadcrumb":{"@id":"https:\/\/www.dynavin.de\/fr\/utilisez-le-dynavin-support-center-pour-les-demandes-de-garantie\/#breadcrumb"},"inLanguage":"fr-FR","potentialAction":[{"@type":"ReadAction","target":["https:\/\/www.dynavin.de\/fr\/utilisez-le-dynavin-support-center-pour-les-demandes-de-garantie\/"]}]},{"@type":"BreadcrumbList","@id":"https:\/\/www.dynavin.de\/fr\/utilisez-le-dynavin-support-center-pour-les-demandes-de-garantie\/#breadcrumb","itemListElement":[{"@type":"ListItem","position":1,"name":"Startseite","item":"https:\/\/www.dynavin.de\/fr\/"},{"@type":"ListItem","position":2,"name":"Utilisez le Dynavin Support Center pour les demandes de garantie"}]}]}},"_links":{"self":[{"href":"https:\/\/www.dynavin.de\/fr\/wp-json\/wp\/v2\/pages\/78104"}],"collection":[{"href":"https:\/\/www.dynavin.de\/fr\/wp-json\/wp\/v2\/pages"}],"about":[{"href":"https:\/\/www.dynavin.de\/fr\/wp-json\/wp\/v2\/types\/page"}],"author":[{"embeddable":true,"href":"https:\/\/www.dynavin.de\/fr\/wp-json\/wp\/v2\/users\/19"}],"replies":[{"embeddable":true,"href":"https:\/\/www.dynavin.de\/fr\/wp-json\/wp\/v2\/comments?post=78104"}],"version-history":[{"count":4,"href":"https:\/\/www.dynavin.de\/fr\/wp-json\/wp\/v2\/pages\/78104\/revisions"}],"predecessor-version":[{"id":108341,"href":"https:\/\/www.dynavin.de\/fr\/wp-json\/wp\/v2\/pages\/78104\/revisions\/108341"}],"wp:attachment":[{"href":"https:\/\/www.dynavin.de\/fr\/wp-json\/wp\/v2\/media?parent=78104"}],"wp:term":[{"taxonomy":"category","embeddable":true,"href":"https:\/\/www.dynavin.de\/fr\/wp-json\/wp\/v2\/categories?post=78104"},{"taxonomy":"post_tag","embeddable":true,"href":"https:\/\/www.dynavin.de\/fr\/wp-json\/wp\/v2\/tags?post=78104"},{"taxonomy":"fahrzeughersteller","embeddable":true,"href":"https:\/\/www.dynavin.de\/fr\/wp-json\/wp\/v2\/fahrzeughersteller?post=78104"},{"taxonomy":"firmware_updates","embeddable":true,"href":"https:\/\/www.dynavin.de\/fr\/wp-json\/wp\/v2\/firmware_updates?post=78104"}],"curies":[{"name":"wp","href":"https:\/\/api.w.org\/{rel}","templated":true}]}}