{"id":76322,"date":"2022-12-05T07:40:12","date_gmt":"2022-12-05T06:40:12","guid":{"rendered":"https:\/\/www.dynavin.de\/produits\/quest-ce-que-le-dynavin-8-premium\/"},"modified":"2022-12-05T11:17:23","modified_gmt":"2022-12-05T10:17:23","slug":"quest-ce-que-le-dynavin-8-premium","status":"publish","type":"page","link":"https:\/\/www.dynavin.de\/fr\/quest-ce-que-le-dynavin-8-premium\/","title":{"rendered":"Qu&#8217;est-ce que le Dynavin 8 Premium ?"},"content":{"rendered":"<div class='flex_column av-15awpe-58abca714e4a52e782dc89efcda22989 av_two_third  avia-builder-el-0  el_before_av_one_third  avia-builder-el-first  first flex_column_div '   ><section  class='av_textblock_section av-law8rxfw-055d6a853518649ba25519831bcea4db'  itemscope=\"itemscope\" itemtype=\"https:\/\/schema.org\/CreativeWork\" ><div class='avia_textblock'  itemprop=\"text\" ><h1 style=\"text-transform: inherit;\"><span style=\"color: #16a0c9;\">Qu&#8217;est-ce que le Dynavin 8 Premium ?<\/span><\/h1>\n<p><br class=\"avia-permanent-lb\" \/>Le nouveau Dynavin 8 Premium est dot\u00e9 d&#8217;un processeur de son de haute qualit\u00e9. Le Premium Sound System est un syst\u00e8me de traitement du son d\u00e9velopp\u00e9 et test\u00e9 par Dynavin GmbH pendant trois ans et finalement int\u00e9gr\u00e9 \u00e0 la plateforme du Dynavin 8 Premium.  Ce circuit de syst\u00e8me sonore se compose de deux amplificateurs de classe D de 2 x 100W et d&#8217;un processeur DSP professionnel pour la voiture.<\/p>\n<\/div><\/section><\/div>\n<div class='flex_column av-2nc98mq-41565709bca05fbd594b3b0a904f86a4 av_one_third  avia-builder-el-2  el_after_av_two_third  el_before_av_one_full  flex_column_div '   ><style type=\"text\/css\" data-created_by=\"avia_inline_auto\" id=\"style-css-av-law8uaot-dfeab563b04c09771d9852d9794361c7\">\n.avia-image-container.av-law8uaot-dfeab563b04c09771d9852d9794361c7 .av-image-caption-overlay-center{\ncolor:#ffffff;\n}\n<\/style>\n<div  class='avia-image-container av-law8uaot-dfeab563b04c09771d9852d9794361c7 av-styling- avia-align-center  avia-builder-el-3  avia-builder-el-no-sibling '  itemprop=\"image\" itemscope=\"itemscope\" itemtype=\"https:\/\/schema.org\/ImageObject\" ><div class=\"avia-image-container-inner\"><div class=\"avia-image-overlay-wrap\"><img loading=\"lazy\" class='wp-image-75492 avia-img-lazy-loading-75492 avia_image' src=\"https:\/\/www.dynavin.de\/wp-content\/uploads\/1669950096-D8-Amplifier-440X260.png\" alt='' title='1669950096-D8 Amplifier-440X260'  height=\"260\" width=\"440\"  itemprop=\"thumbnailUrl\"  \/><\/div><\/div><\/div><\/div>\n<div class='flex_column av-j1us7m-c79adcfc1312643bacc1ac45a990ae39 av_one_full  avia-builder-el-4  el_after_av_one_third  el_before_av_one_full  first flex_column_div column-top-margin'   ><style type=\"text\/css\" data-created_by=\"avia_inline_auto\" id=\"style-css-av-165rrsi-6d803ab4ffd584d1549496b1121368f7\">\n.avia-image-container.av-165rrsi-6d803ab4ffd584d1549496b1121368f7 .av-image-caption-overlay-center{\ncolor:#ffffff;\n}\n<\/style>\n<div  class='avia-image-container av-165rrsi-6d803ab4ffd584d1549496b1121368f7 av-styling- avia-align-center  avia-builder-el-5  avia-builder-el-no-sibling '  itemprop=\"image\" itemscope=\"itemscope\" itemtype=\"https:\/\/schema.org\/ImageObject\" ><div class=\"avia-image-container-inner\"><div class=\"avia-image-overlay-wrap\"><img loading=\"lazy\" class='wp-image-75498 avia-img-lazy-loading-75498 avia_image' src=\"https:\/\/www.dynavin.de\/wp-content\/uploads\/1669950103-D8-premium-instruction-1000x400-1.png\" alt='' title='1669950103-D8-premium-instruction-1000x400'  height=\"400\" width=\"1000\"  itemprop=\"thumbnailUrl\"  \/><\/div><\/div><\/div><\/div>\n<div class='flex_column av-3wscf02-4600429be7b0e3cf051a490770116772 av_one_full  avia-builder-el-6  el_after_av_one_full  el_before_av_one_full  first flex_column_div column-top-margin'   ><section  class='av_textblock_section av-law9i0zo-49468c3077bffdaf94efdb63b60bd0de'  itemscope=\"itemscope\" itemtype=\"https:\/\/schema.org\/CreativeWork\" ><div class='avia_textblock'  itemprop=\"text\" ><h1 style=\"text-transform: inherit;\"><span style=\"color: #16a0c9;\">Qu&#8217;apporte le Premium Sound System \u00e0 l&#8217;utilisateur ?<\/span><\/h1>\n<p><br class=\"avia-permanent-lb\" \/><\/p>\n<\/div><\/section><br \/>\n\n<style type=\"text\/css\" data-created_by=\"avia_inline_auto\" id=\"style-css-av-lawaelhk-aa2d0801b61b78c4c83df964a85fa21c\">\n.avia-image-container.av-lawaelhk-aa2d0801b61b78c4c83df964a85fa21c .av-image-caption-overlay-center{\ncolor:#ffffff;\n}\n<\/style>\n<div  class='avia-image-container av-lawaelhk-aa2d0801b61b78c4c83df964a85fa21c av-styling- avia-align-center  avia-builder-el-8  el_after_av_textblock  el_before_av_image  av-medium-hide av-small-hide av-mini-hide'  itemprop=\"image\" itemscope=\"itemscope\" itemtype=\"https:\/\/schema.org\/ImageObject\" ><div class=\"avia-image-container-inner\"><div class=\"avia-image-overlay-wrap\"><img loading=\"lazy\" class='wp-image-75501 avia-img-lazy-loading-75501 avia_image' src=\"https:\/\/www.dynavin.de\/wp-content\/uploads\/1669950105-FadeEQ.png\" alt='' title='1669950105-Fade&amp;EQ'  height=\"260\" width=\"1000\"  itemprop=\"thumbnailUrl\"  \/><\/div><\/div><\/div><br \/>\n\n<style type=\"text\/css\" data-created_by=\"avia_inline_auto\" id=\"style-css-av-rizfqq-9542668d23aeb02e24471c62a9c55a9d\">\n.avia-image-container.av-rizfqq-9542668d23aeb02e24471c62a9c55a9d .av-image-caption-overlay-center{\ncolor:#ffffff;\n}\n<\/style>\n<div  class='avia-image-container av-rizfqq-9542668d23aeb02e24471c62a9c55a9d av-styling- avia-align-center  avia-builder-el-9  el_after_av_image  el_before_av_image  av-desktop-hide'  itemprop=\"image\" itemscope=\"itemscope\" itemtype=\"https:\/\/schema.org\/ImageObject\" ><div class=\"avia-image-container-inner\"><div class=\"avia-image-overlay-wrap\"><img loading=\"lazy\" class='wp-image-73242 avia-img-lazy-loading-73242 avia_image' src=\"https:\/\/www.dynavin.de\/wp-content\/uploads\/1669365875-Fade-Balance-Delay-440X313.png\" alt='' title='1669365875-Fade-Balance-Delay-440X313'  height=\"313\" width=\"440\"  itemprop=\"thumbnailUrl\"  \/><\/div><\/div><\/div><br \/>\n\n<style type=\"text\/css\" data-created_by=\"avia_inline_auto\" id=\"style-css-av-lawaeyhj-8ccf9af9857d2ab3826cfced5fcc09a6\">\n.avia-image-container.av-lawaeyhj-8ccf9af9857d2ab3826cfced5fcc09a6 .av-image-caption-overlay-center{\ncolor:#ffffff;\n}\n<\/style>\n<div  class='avia-image-container av-lawaeyhj-8ccf9af9857d2ab3826cfced5fcc09a6 av-styling- avia-align-center  avia-builder-el-10  el_after_av_image  avia-builder-el-last  av-desktop-hide'  itemprop=\"image\" itemscope=\"itemscope\" itemtype=\"https:\/\/schema.org\/ImageObject\" ><div class=\"avia-image-container-inner\"><div class=\"avia-image-overlay-wrap\"><img loading=\"lazy\" class='wp-image-73239 avia-img-lazy-loading-73239 avia_image' src=\"https:\/\/www.dynavin.de\/wp-content\/uploads\/1669365873-Equalizer-440X313.png\" alt='' title='1669365873-Equalizer -440X313'  height=\"313\" width=\"440\"  itemprop=\"thumbnailUrl\"  \/><\/div><\/div><\/div><\/p><\/div>\n<div class='flex_column av-2lf6ygi-c4e331f3a941054fb53635974fc563ff av_one_full  avia-builder-el-11  el_after_av_one_full  el_before_av_one_full  first flex_column_div column-top-margin'   ><p><section  class='av_textblock_section av-lawai7pk-5ece26b7d3cf58eccb6ab911918a3255'  itemscope=\"itemscope\" itemtype=\"https:\/\/schema.org\/CreativeWork\" ><div class='avia_textblock'  itemprop=\"text\" ><p>Le traitement num\u00e9rique du son (DSP) avanc\u00e9 permet de tirer le meilleur parti des syst\u00e8mes audio de s\u00e9rie et du march\u00e9 secondaire. Le Premium Sound System comprend le DSP et un \u00e9galiseur param\u00e9trique \u00e0 16 bandes pour une correction pr\u00e9cise des fr\u00e9quences et des filtres int\u00e9gr\u00e9s r\u00e9glables pour envoyer les bonnes fr\u00e9quences aux bons haut-parleurs. Pour de nombreux mod\u00e8les, nous avons d\u00e9j\u00e0 effectu\u00e9 une analyse sonore approfondie sp\u00e9cifique au v\u00e9hicule et pouvons fournir un r\u00e9glage optimis\u00e9.<\/p>\n<\/div><\/section><br \/>\n\n<style type=\"text\/css\" data-created_by=\"avia_inline_auto\" id=\"style-css-av-25xqsr6-1814966e7cd24bce49bd59987c308a75\">\n.avia-image-container.av-25xqsr6-1814966e7cd24bce49bd59987c308a75 .av-image-caption-overlay-center{\ncolor:#ffffff;\n}\n<\/style>\n<div  class='avia-image-container av-25xqsr6-1814966e7cd24bce49bd59987c308a75 av-styling- avia-align-center  avia-builder-el-13  el_after_av_textblock  avia-builder-el-last '  itemprop=\"image\" itemscope=\"itemscope\" itemtype=\"https:\/\/schema.org\/ImageObject\" ><div class=\"avia-image-container-inner\"><div class=\"avia-image-overlay-wrap\"><img loading=\"lazy\" class='wp-image-75495 avia-img-lazy-loading-75495 avia_image' src=\"https:\/\/www.dynavin.de\/wp-content\/uploads\/1669950100-D8-premium-amplifier-adjust-1000x400-1.png\" alt='' title='1669950100-D8 premium amplifier adjust-1000x400'  height=\"400\" width=\"1000\"  itemprop=\"thumbnailUrl\"  \/><\/div><\/div><\/div><\/p><\/div>\n<div class='flex_column av-1mnw8cy-21237e62a0067e8664c46ac491582763 av_one_full  avia-builder-el-14  el_after_av_one_full  el_before_av_one_full  first flex_column_div column-top-margin'   ><section  class='av_textblock_section av-lawallz2-6d9c3ac3d7045b33382c6f9f186e8bdf'  itemscope=\"itemscope\" itemtype=\"https:\/\/schema.org\/CreativeWork\" ><div class='avia_textblock'  itemprop=\"text\" ><h1 style=\"text-transform: inherit;\"><span style=\"color: #16a0c9;\">Qu&#8217;est-ce que le Dynavin 8 Premium Flex ?<\/span><\/h1>\n<p><br class=\"avia-permanent-lb\" \/>Le Dynavin 8 Premium Flex est \u00e9galement bas\u00e9 sur la plateforme Dynavin 8 Premium. Le Dynavin 8 Premium Flex, tout comme le Dynavin 8 Premium, int\u00e8gre le syst\u00e8me sonore Premium. Sur le plan sonore, les deux plates-formes sont identiques. Le prix du Dynavin 8 Premium Flex est flexible. En tant que client, vous pouvez d\u00e9cider quelles fonctions vous souhaitez acheter et activer apr\u00e8s la p\u00e9riode d&#8217;essai, comme par exemple Z-Link (pour CarPlay, wireless CarPlay, AndroidAuto, wireless AndroidAuto et Smartphone Mirroring), Google PlayStore (avec lequel vous pouvez installer des applications de tiers) et avec le logiciel de navigation hors ligne. Veuillez visiter <a href=\"https:\/\/flex.dynavin.com\" target=\"_blank\" rel=\"noopener\">flex.dynavin.com<\/a> pour les prix d&#8217;activation et les instructions. Contrairement au Dynavin 8 Premium, le Dynavin 8 Premium Flex utilise un double tuner radio au lieu d&#8217;un triple tuner radio. Le Dynavin 8 Premium a une meilleure r\u00e9ception du signal dans la bande FM et est l\u00e9g\u00e8rement en avance sur le Dynavin 8 Premium Flex. La m\u00e9moire interne du Dynavin 8 Premium est de 64 Go et celle du Dynavin 8 Premium Flex est de 32 Go. Cependant, il est possible d&#8217;\u00e9tendre la m\u00e9moire de 128 Go pour augmenter la capacit\u00e9 de stockage interne.<\/p>\n<\/div><\/section><br \/>\n\n<style type=\"text\/css\" data-created_by=\"avia_inline_auto\" id=\"style-css-av-lawamd2j-509cfea58e880112af6584d01f736e60\">\n.avia-image-container.av-lawamd2j-509cfea58e880112af6584d01f736e60 .av-image-caption-overlay-center{\ncolor:#ffffff;\n}\n<\/style>\n<div  class='avia-image-container av-lawamd2j-509cfea58e880112af6584d01f736e60 av-styling- avia-align-center  avia-builder-el-16  el_after_av_textblock  el_before_av_image  av-medium-hide av-small-hide av-mini-hide'  itemprop=\"image\" itemscope=\"itemscope\" itemtype=\"https:\/\/schema.org\/ImageObject\" ><div class=\"avia-image-container-inner\"><div class=\"avia-image-overlay-wrap\"><img loading=\"lazy\" class='wp-image-76283 avia-img-lazy-loading-76283 avia_image' src=\"https:\/\/www.dynavin.de\/wp-content\/uploads\/1670220403-Dynavin-8-Premium-Flex-Radio-FR.png\" alt='' title='1670220403-Dynavin 8 Premium Flex-Radio-FR'  height=\"690\" width=\"1200\"  itemprop=\"thumbnailUrl\"  \/><\/div><\/div><\/div><br \/>\n\n<style type=\"text\/css\" data-created_by=\"avia_inline_auto\" id=\"style-css-av-lbaehstq-f0bac4f0d255e0ae30c0cd41980dcf24\">\n.avia-image-container.av-lbaehstq-f0bac4f0d255e0ae30c0cd41980dcf24 .av-image-caption-overlay-center{\ncolor:#ffffff;\n}\n<\/style>\n<div  class='avia-image-container av-lbaehstq-f0bac4f0d255e0ae30c0cd41980dcf24 av-styling- avia-align-center  avia-builder-el-17  el_after_av_image  avia-builder-el-last  av-desktop-hide'  itemprop=\"image\" itemscope=\"itemscope\" itemtype=\"https:\/\/schema.org\/ImageObject\" ><div class=\"avia-image-container-inner\"><div class=\"avia-image-overlay-wrap\"><img loading=\"lazy\" class='wp-image-76301 avia-img-lazy-loading-76301 avia_image' src=\"https:\/\/www.dynavin.de\/wp-content\/uploads\/1670220423-mobile-Dynavin-8-Premium-Flex-Radio-FR.png\" alt='' title='1670220423-mobile-Dynavin 8 Premium Flex-Radio-FR'  height=\"1367\" width=\"670\"  itemprop=\"thumbnailUrl\"  \/><\/div><\/div><\/div><\/p><\/div>\n<div class='flex_column av-18ssjxu-50238e6f95a250500ce4c0ed2ab8d7cf av_one_full  avia-builder-el-18  el_after_av_one_full  el_before_av_one_full  first flex_column_div column-top-margin'   ><section  class='av_textblock_section av-lawaoz3p-ca172f604adb7fee6fc1dc5803fffb65'  itemscope=\"itemscope\" itemtype=\"https:\/\/schema.org\/CreativeWork\" ><div class='avia_textblock'  itemprop=\"text\" ><h1 style=\"text-transform: inherit;\"><span style=\"color: #16a0c9;\">Qu&#8217;est-ce que le Dynavin 8 Plus ?<\/span><\/h1>\n<p><br class=\"avia-permanent-lb\" \/>Dans les voitures \u00e9quip\u00e9es d&#8217;un syst\u00e8me audio standard ou dans les voitures o\u00f9 les haut-parleurs d&#8217;origine ne supportent pas les amplificateurs de haute puissance, l&#8217;ajout d&#8217;un amplificateur num\u00e9rique de haute puissance entra\u00eene une distorsion du son. Avec la plateforme Dynavin Plus, nous avons donc remplac\u00e9 l&#8217;amplificateur num\u00e9rique haute performance de la plateforme Dynavin 8 Premium par un amplificateur 4x45W qui est coupl\u00e9 au syst\u00e8me DSP du son Premium. Cela fait du Dynavin 8 Plus une excellente plateforme pour une qualit\u00e9 sonore exceptionnelle avec un r\u00e9glage fin.<\/p>\n<\/div><\/section><\/div>\n<div class='flex_column av-ir74he-5943d12d7a89a9060fcace7a0afa3e67 av_one_full  avia-builder-el-20  el_after_av_one_full  avia-builder-el-last  first flex_column_div column-top-margin'   ><section  class='av_textblock_section av-lawapfn7-91b78df3042dc2fce3bed689a503fec1'  itemscope=\"itemscope\" itemtype=\"https:\/\/schema.org\/CreativeWork\" ><div class='av-medium-hide av-small-hide av-mini-hide avia_textblock'  itemprop=\"text\" ><h1 style=\"text-transform: inherit;\"><span style=\"color: #16a0c9;\">Quelle est la diff\u00e9rence entre Dynavin 8 Premium | Dynavin 8 Premium Flex | Dynavin 8 Plus | Dynavin 8 Pro ?<\/span><\/h1>\n<p><br class=\"avia-permanent-lb\" \/><\/p>\n<\/div><\/section><br \/>\n<section  class='av_textblock_section av-lbaegwtf-54715ff941b9193d9af6ed2cd8e7a026'  itemscope=\"itemscope\" itemtype=\"https:\/\/schema.org\/CreativeWork\" ><div class='av-desktop-hide avia_textblock'  itemprop=\"text\" ><h2 style=\"text-transform: inherit;\"><span style=\"color: #16a0c9;\">Quelle est la diff\u00e9rence entre Dynavin 8 Premium | Dynavin 8 Premium Flex | Dynavin 8 Plus | Dynavin 8 Pro ?<\/span><\/h2>\n<p><br class=\"avia-permanent-lb\" \/><\/p>\n<\/div><\/section><br \/>\n\n<style type=\"text\/css\" data-created_by=\"avia_inline_auto\" id=\"style-css-av-lawarml2-f38c1234b1682da69694f98f894b2067\">\n.avia-image-container.av-lawarml2-f38c1234b1682da69694f98f894b2067 .av-image-caption-overlay-center{\ncolor:#ffffff;\n}\n<\/style>\n<div  class='avia-image-container av-lawarml2-f38c1234b1682da69694f98f894b2067 av-styling- avia-align-center  avia-builder-el-23  el_after_av_textblock  avia-builder-el-last '  itemprop=\"image\" itemscope=\"itemscope\" itemtype=\"https:\/\/schema.org\/ImageObject\" ><div class=\"avia-image-container-inner\"><div class=\"avia-image-overlay-wrap\"><img loading=\"lazy\" class='wp-image-76431 avia-img-lazy-loading-76431 avia_image' src=\"https:\/\/www.dynavin.de\/wp-content\/uploads\/1670235161-Dynavin-8-Premium-List-FR.png\" alt='' title='1670235161-Dynavin 8 Premium List-FR'  height=\"735\" width=\"1202\"  itemprop=\"thumbnailUrl\"  \/><\/div><\/div><\/div><\/p><\/div>\n","protected":false},"excerpt":{"rendered":"<p>Le nouveau Dynavin 8 Premium est dot\u00e9 d&#8217;un processeur de son de haute qualit\u00e9. Le Premium Sound System est un syst\u00e8me de traitement du son d\u00e9velopp\u00e9 et test\u00e9 par Dynavin GmbH pendant trois ans et finalement int\u00e9gr\u00e9 \u00e0 la plateforme du Dynavin 8 Premium.  Ce circuit de syst\u00e8me sonore se compose de deux amplificateurs de classe D de 2 x 100W et d&#8217;un processeur DSP professionnel pour la voiture.<\/p>\n","protected":false},"author":19,"featured_media":0,"parent":0,"menu_order":600,"comment_status":"closed","ping_status":"closed","template":"","meta":[],"categories":[],"tags":[],"fahrzeughersteller":[],"firmware_updates":[],"acf":[],"yoast_head":"<!-- This site is optimized with the Yoast SEO Premium plugin v16.9 (Yoast SEO v17.8) - https:\/\/yoast.com\/wordpress\/plugins\/seo\/ -->\n<title>Qu&#039;est-ce que le Dynavin 8 Premium ? &ndash; Dynavin<\/title>\n<meta name=\"description\" content=\"Le nouveau Dynavin 8 Premium est dot\u00e9 d&#039;un processeur de son de haute qualit\u00e9. Le Premium Sound System est un syst\u00e8me de traitement du son d\u00e9velopp\u00e9 et test\u00e9 par Dynavin GmbH pendant trois ans et finalement int\u00e9gr\u00e9 \u00e0 la plateforme du Dynavin 8 Premium. Ce circuit de syst\u00e8me sonore se compose de deux amplificateurs de classe D de 2 x 100W et d&#039;un processeur DSP professionnel pour la voiture.\" \/>\n<meta name=\"robots\" content=\"index, follow, max-snippet:-1, max-image-preview:large, max-video-preview:-1\" \/>\n<link rel=\"canonical\" href=\"https:\/\/www.dynavin.de\/fr\/quest-ce-que-le-dynavin-8-premium\/\" \/>\n<meta property=\"og:locale\" content=\"fr_FR\" \/>\n<meta property=\"og:type\" content=\"article\" \/>\n<meta property=\"og:title\" content=\"Qu&#039;est-ce que le Dynavin 8 Premium ?\" \/>\n<meta property=\"og:description\" content=\"Le nouveau Dynavin 8 Premium est dot\u00e9 d&#039;un processeur de son de haute qualit\u00e9. Le Premium Sound System est un syst\u00e8me de traitement du son d\u00e9velopp\u00e9 et test\u00e9 par Dynavin GmbH pendant trois ans et finalement int\u00e9gr\u00e9 \u00e0 la plateforme du Dynavin 8 Premium. Ce circuit de syst\u00e8me sonore se compose de deux amplificateurs de classe D de 2 x 100W et d&#039;un processeur DSP professionnel pour la voiture.\" \/>\n<meta property=\"og:url\" content=\"https:\/\/www.dynavin.de\/fr\/quest-ce-que-le-dynavin-8-premium\/\" \/>\n<meta property=\"og:site_name\" content=\"Dynavin\" \/>\n<meta property=\"article:publisher\" content=\"https:\/\/www.facebook.com\/dynavin.official\" \/>\n<meta property=\"article:modified_time\" content=\"2022-12-05T10:17:23+00:00\" \/>\n<meta name=\"twitter:card\" content=\"summary_large_image\" \/>\n<script type=\"application\/ld+json\" class=\"yoast-schema-graph\">{\"@context\":\"https:\/\/schema.org\",\"@graph\":[{\"@type\":\"Organization\",\"@id\":\"https:\/\/www.dynavin.de\/#organization\",\"name\":\"Dynavin GmbH\",\"url\":\"https:\/\/www.dynavin.de\/\",\"sameAs\":[\"https:\/\/www.facebook.com\/dynavin.official\",\"https:\/\/www.instagram.com\/dynavin.official\/?hl=en\",\"https:\/\/www.youtube.com\/user\/dynavin1\"],\"logo\":{\"@type\":\"ImageObject\",\"@id\":\"https:\/\/www.dynavin.de\/#logo\",\"inLanguage\":\"fr-FR\",\"url\":\"https:\/\/www.dynavin.de\/wp-content\/uploads\/2018\/12\/dynavin-logo.png\",\"contentUrl\":\"https:\/\/www.dynavin.de\/wp-content\/uploads\/2018\/12\/dynavin-logo.png\",\"width\":340,\"height\":156,\"caption\":\"Dynavin GmbH\"},\"image\":{\"@id\":\"https:\/\/www.dynavin.de\/#logo\"}},{\"@type\":\"WebSite\",\"@id\":\"https:\/\/www.dynavin.de\/#website\",\"url\":\"https:\/\/www.dynavin.de\/\",\"name\":\"Dynavin\",\"description\":\"Navigation and Multimedia Solutions\",\"publisher\":{\"@id\":\"https:\/\/www.dynavin.de\/#organization\"},\"potentialAction\":[{\"@type\":\"SearchAction\",\"target\":{\"@type\":\"EntryPoint\",\"urlTemplate\":\"https:\/\/www.dynavin.de\/?s={search_term_string}\"},\"query-input\":\"required name=search_term_string\"}],\"inLanguage\":\"fr-FR\"},{\"@type\":\"WebPage\",\"@id\":\"https:\/\/www.dynavin.de\/fr\/quest-ce-que-le-dynavin-8-premium\/#webpage\",\"url\":\"https:\/\/www.dynavin.de\/fr\/quest-ce-que-le-dynavin-8-premium\/\",\"name\":\"Qu'est-ce que le Dynavin 8 Premium ? &ndash; Dynavin\",\"isPartOf\":{\"@id\":\"https:\/\/www.dynavin.de\/#website\"},\"datePublished\":\"2022-12-05T06:40:12+00:00\",\"dateModified\":\"2022-12-05T10:17:23+00:00\",\"description\":\"Le nouveau Dynavin 8 Premium est dot\\u00e9 d'un processeur de son de haute qualit\\u00e9. Le Premium Sound System est un syst\\u00e8me de traitement du son d\\u00e9velopp\\u00e9 et test\\u00e9 par Dynavin GmbH pendant trois ans et finalement int\\u00e9gr\\u00e9 \\u00e0 la plateforme du Dynavin 8 Premium. Ce circuit de syst\\u00e8me sonore se compose de deux amplificateurs de classe D de 2 x 100W et d'un processeur DSP professionnel pour la voiture.\",\"breadcrumb\":{\"@id\":\"https:\/\/www.dynavin.de\/fr\/quest-ce-que-le-dynavin-8-premium\/#breadcrumb\"},\"inLanguage\":\"fr-FR\",\"potentialAction\":[{\"@type\":\"ReadAction\",\"target\":[\"https:\/\/www.dynavin.de\/fr\/quest-ce-que-le-dynavin-8-premium\/\"]}]},{\"@type\":\"BreadcrumbList\",\"@id\":\"https:\/\/www.dynavin.de\/fr\/quest-ce-que-le-dynavin-8-premium\/#breadcrumb\",\"itemListElement\":[{\"@type\":\"ListItem\",\"position\":1,\"name\":\"Startseite\",\"item\":\"https:\/\/www.dynavin.de\/fr\/\"},{\"@type\":\"ListItem\",\"position\":2,\"name\":\"Qu&#8217;est-ce que le Dynavin 8 Premium ?\"}]}]}<\/script>\n<!-- \/ Yoast SEO Premium plugin. -->","yoast_head_json":{"title":"Qu'est-ce que le Dynavin 8 Premium ? &ndash; Dynavin","description":"Le nouveau Dynavin 8 Premium est dot\u00e9 d'un processeur de son de haute qualit\u00e9. Le Premium Sound System est un syst\u00e8me de traitement du son d\u00e9velopp\u00e9 et test\u00e9 par Dynavin GmbH pendant trois ans et finalement int\u00e9gr\u00e9 \u00e0 la plateforme du Dynavin 8 Premium. Ce circuit de syst\u00e8me sonore se compose de deux amplificateurs de classe D de 2 x 100W et d'un processeur DSP professionnel pour la voiture.","robots":{"index":"index","follow":"follow","max-snippet":"max-snippet:-1","max-image-preview":"max-image-preview:large","max-video-preview":"max-video-preview:-1"},"canonical":"https:\/\/www.dynavin.de\/fr\/quest-ce-que-le-dynavin-8-premium\/","og_locale":"fr_FR","og_type":"article","og_title":"Qu'est-ce que le Dynavin 8 Premium ?","og_description":"Le nouveau Dynavin 8 Premium est dot\u00e9 d'un processeur de son de haute qualit\u00e9. Le Premium Sound System est un syst\u00e8me de traitement du son d\u00e9velopp\u00e9 et test\u00e9 par Dynavin GmbH pendant trois ans et finalement int\u00e9gr\u00e9 \u00e0 la plateforme du Dynavin 8 Premium. Ce circuit de syst\u00e8me sonore se compose de deux amplificateurs de classe D de 2 x 100W et d'un processeur DSP professionnel pour la voiture.","og_url":"https:\/\/www.dynavin.de\/fr\/quest-ce-que-le-dynavin-8-premium\/","og_site_name":"Dynavin","article_publisher":"https:\/\/www.facebook.com\/dynavin.official","article_modified_time":"2022-12-05T10:17:23+00:00","twitter_card":"summary_large_image","schema":{"@context":"https:\/\/schema.org","@graph":[{"@type":"Organization","@id":"https:\/\/www.dynavin.de\/#organization","name":"Dynavin GmbH","url":"https:\/\/www.dynavin.de\/","sameAs":["https:\/\/www.facebook.com\/dynavin.official","https:\/\/www.instagram.com\/dynavin.official\/?hl=en","https:\/\/www.youtube.com\/user\/dynavin1"],"logo":{"@type":"ImageObject","@id":"https:\/\/www.dynavin.de\/#logo","inLanguage":"fr-FR","url":"https:\/\/www.dynavin.de\/wp-content\/uploads\/2018\/12\/dynavin-logo.png","contentUrl":"https:\/\/www.dynavin.de\/wp-content\/uploads\/2018\/12\/dynavin-logo.png","width":340,"height":156,"caption":"Dynavin GmbH"},"image":{"@id":"https:\/\/www.dynavin.de\/#logo"}},{"@type":"WebSite","@id":"https:\/\/www.dynavin.de\/#website","url":"https:\/\/www.dynavin.de\/","name":"Dynavin","description":"Navigation and Multimedia Solutions","publisher":{"@id":"https:\/\/www.dynavin.de\/#organization"},"potentialAction":[{"@type":"SearchAction","target":{"@type":"EntryPoint","urlTemplate":"https:\/\/www.dynavin.de\/?s={search_term_string}"},"query-input":"required name=search_term_string"}],"inLanguage":"fr-FR"},{"@type":"WebPage","@id":"https:\/\/www.dynavin.de\/fr\/quest-ce-que-le-dynavin-8-premium\/#webpage","url":"https:\/\/www.dynavin.de\/fr\/quest-ce-que-le-dynavin-8-premium\/","name":"Qu'est-ce que le Dynavin 8 Premium ? &ndash; Dynavin","isPartOf":{"@id":"https:\/\/www.dynavin.de\/#website"},"datePublished":"2022-12-05T06:40:12+00:00","dateModified":"2022-12-05T10:17:23+00:00","description":"Le nouveau Dynavin 8 Premium est dot\u00e9 d'un processeur de son de haute qualit\u00e9. Le Premium Sound System est un syst\u00e8me de traitement du son d\u00e9velopp\u00e9 et test\u00e9 par Dynavin GmbH pendant trois ans et finalement int\u00e9gr\u00e9 \u00e0 la plateforme du Dynavin 8 Premium. Ce circuit de syst\u00e8me sonore se compose de deux amplificateurs de classe D de 2 x 100W et d'un processeur DSP professionnel pour la voiture.","breadcrumb":{"@id":"https:\/\/www.dynavin.de\/fr\/quest-ce-que-le-dynavin-8-premium\/#breadcrumb"},"inLanguage":"fr-FR","potentialAction":[{"@type":"ReadAction","target":["https:\/\/www.dynavin.de\/fr\/quest-ce-que-le-dynavin-8-premium\/"]}]},{"@type":"BreadcrumbList","@id":"https:\/\/www.dynavin.de\/fr\/quest-ce-que-le-dynavin-8-premium\/#breadcrumb","itemListElement":[{"@type":"ListItem","position":1,"name":"Startseite","item":"https:\/\/www.dynavin.de\/fr\/"},{"@type":"ListItem","position":2,"name":"Qu&#8217;est-ce que le Dynavin 8 Premium ?"}]}]}},"_links":{"self":[{"href":"https:\/\/www.dynavin.de\/fr\/wp-json\/wp\/v2\/pages\/76322"}],"collection":[{"href":"https:\/\/www.dynavin.de\/fr\/wp-json\/wp\/v2\/pages"}],"about":[{"href":"https:\/\/www.dynavin.de\/fr\/wp-json\/wp\/v2\/types\/page"}],"author":[{"embeddable":true,"href":"https:\/\/www.dynavin.de\/fr\/wp-json\/wp\/v2\/users\/19"}],"replies":[{"embeddable":true,"href":"https:\/\/www.dynavin.de\/fr\/wp-json\/wp\/v2\/comments?post=76322"}],"version-history":[{"count":8,"href":"https:\/\/www.dynavin.de\/fr\/wp-json\/wp\/v2\/pages\/76322\/revisions"}],"predecessor-version":[{"id":76440,"href":"https:\/\/www.dynavin.de\/fr\/wp-json\/wp\/v2\/pages\/76322\/revisions\/76440"}],"wp:attachment":[{"href":"https:\/\/www.dynavin.de\/fr\/wp-json\/wp\/v2\/media?parent=76322"}],"wp:term":[{"taxonomy":"category","embeddable":true,"href":"https:\/\/www.dynavin.de\/fr\/wp-json\/wp\/v2\/categories?post=76322"},{"taxonomy":"post_tag","embeddable":true,"href":"https:\/\/www.dynavin.de\/fr\/wp-json\/wp\/v2\/tags?post=76322"},{"taxonomy":"fahrzeughersteller","embeddable":true,"href":"https:\/\/www.dynavin.de\/fr\/wp-json\/wp\/v2\/fahrzeughersteller?post=76322"},{"taxonomy":"firmware_updates","embeddable":true,"href":"https:\/\/www.dynavin.de\/fr\/wp-json\/wp\/v2\/firmware_updates?post=76322"}],"curies":[{"name":"wp","href":"https:\/\/api.w.org\/{rel}","templated":true}]}}