{"id":67834,"date":"2022-07-06T11:21:48","date_gmt":"2022-07-06T09:21:48","guid":{"rendered":"https:\/\/www.dynavin.de\/garantie-du-consommateur-dynavin\/"},"modified":"2022-07-06T11:40:50","modified_gmt":"2022-07-06T09:40:50","slug":"garantie-du-consommateur-dynavin","status":"publish","type":"page","link":"https:\/\/www.dynavin.de\/fr\/garantie-du-consommateur-dynavin\/","title":{"rendered":"GARANTIE DU CONSOMMATEUR DYNAVIN"},"content":{"rendered":"<div class='flex_column av-av_one_full-a93934ecd89fbb8a9566d39e89cd3725 av_one_full  avia-builder-el-0  avia-builder-el-no-sibling  first flex_column_div '   ><section  class='av_textblock_section av-l59dsn36-e3ff0854a6ad4d24e0bb968d3de03c64'  itemscope=\"itemscope\" itemtype=\"https:\/\/schema.org\/CreativeWork\" ><div class='avia_textblock'  itemprop=\"text\" ><h1>GARANTIE DU CONSOMMATEUR DYNAVIN<\/h1>\n<hr \/>\n\n<style type=\"text\/css\" data-created_by=\"avia_inline_auto\" id=\"style-css-av-av_hr-af89a52d51412774536fa272e468f7cd\">\n#top .hr.hr-invisible.av-av_hr-af89a52d51412774536fa272e468f7cd{\nheight:30px;\n}\n<\/style>\n<div  class='hr av-av_hr-af89a52d51412774536fa272e468f7cd hr-invisible  avia-builder-el-2  avia-builder-el-no-sibling '><span class='hr-inner '><span class=\"hr-inner-style\"><\/span><\/span><\/div>\n<p>Le distributeur agr\u00e9\u00e9 par Dynavin (le distributeur) garantit que cet appareil est exempt de d\u00e9fauts de mat\u00e9riaux et de fabrication, tout en \u00e9tant soumis aux conditions suivantes.<\/p>\n<h4>DISPOSITIONS :<\/h4>\n<p>1) La garantie consommateur de Dynavin est valable dans tous les pays mentionn\u00e9s dans le pr\u00e9sent certificat pour une p\u00e9riode d&#8217;un (1) an \u00e0 compter de la date de premi\u00e8re livraison.<\/p>\n<p>2) Si le produit ne fonctionne pas correctement pendant la p\u00e9riode de garantie, le revendeur agr\u00e9\u00e9 Dynavin ou un centre de service agr\u00e9\u00e9 Dynavin remettra l&#8217;appareil en \u00e9tat de fonctionnement sans facturer de frais de main-d&#8217;\u0153uvre ou de mat\u00e9riel.<\/p>\n<p>3) Cette garantie n&#8217;est accord\u00e9e que si la preuve d&#8217;achat originale et\/ou le certificat de garantie (d\u00fbment rempli) sont pr\u00e9sent\u00e9s au revendeur agr\u00e9\u00e9 Dynavin ou au centre de service Dynavin. Dynavin se r\u00e9serve le droit de refuser des services de garantie gratuits si les informations figurant sur ces documents sont incompl\u00e8tes ou illisibles.<\/p>\n<p>4) Les obligations du distributeur se limitent \u00e0 la r\u00e9paration ou au remplacement du produit d\u00e9fectueux, \u00e0 sa discr\u00e9tion.<\/p>\n<p>5) Tous les travaux de r\u00e9paration sous cette garantie doivent \u00eatre effectu\u00e9s par un d\u00e9taillant ou un centre de service Dynavin agr\u00e9\u00e9. Les frais de r\u00e9paration effectu\u00e9s par des r\u00e9parateurs non agr\u00e9\u00e9s ne seront pas rembours\u00e9s et si de tels travaux endommagent le produit, de tels dommages ne seront pas couverts par cette garantie.<\/p>\n<p>6) Cette garantie ne s&#8217;applique pas aux appareils utilis\u00e9s dans un commerce ou une entreprise, ni aux appareils utilis\u00e9s \u00e0 des fins industrielles ou commerciales.<\/p>\n<p>7) Cette garantie ne s&#8217;applique qu&#8217;aux mat\u00e9riaux ou \u00e0 la fabrication d\u00e9fectueux et ne couvre pas en particulier :<\/p>\n<p style=\"padding-left: 40px;\">&#8211; les contr\u00f4les r\u00e9guliers, les travaux d&#8217;entretien et de nettoyage ou les transformations, ainsi que le remplacement des pi\u00e8ces d&#8217;usure ;<\/p>\n<p style=\"padding-left: 40px;\">&#8211; les dommages caus\u00e9s par des accidents, des n\u00e9gligences, des modifications, l&#8217;utilisation de composants tiers, une utilisation non conforme, des connexions ou un emballage incorrects ;<\/p>\n<p style=\"padding-left: 40px;\">&#8211; Les dommages caus\u00e9s par des surtensions, l&#8217;eau, le feu, des \u00e9v\u00e9nements de guerre, des troubles publics, une mauvaise tension de r\u00e9seau, une mauvaise ventilation ou d&#8217;autres raisons \u00e9chappant au contr\u00f4le du distributeur ;<\/p>\n<p style=\"padding-left: 40px;\">&#8211; Les haut-parleurs qui ont \u00e9t\u00e9 utilis\u00e9s avec une surcharge par rapport \u00e0 celle pour laquelle ils ont \u00e9t\u00e9 con\u00e7us ;<\/p>\n<p style=\"padding-left: 40px;\">&#8211; Produits dont les num\u00e9ros de s\u00e9rie ont \u00e9t\u00e9 modifi\u00e9s, effac\u00e9s, manquants ou illisibles ;<\/p>\n<p style=\"padding-left: 40px;\">&#8211; le non-respect des instructions figurant dans le manuel d&#8217;utilisation et le non-respect des avertissements figurant dans le(s) manuel(s) concern\u00e9(s) ou dans tout autre document pertinent.<\/p>\n<p>8) Le distributeur n&#8217;est pas responsable des dommages caus\u00e9s aux supports de donn\u00e9es de tout type ou \u00e0 d&#8217;autres logiciels et appareils utilis\u00e9s en relation avec le produit.<\/p>\n<p>9) Cette garantie s&#8217;applique \u00e0 toute personne ayant l\u00e9galement acquis l&#8217;appareil pendant la p\u00e9riode de garantie.<\/p>\n<p>10) Cette garantie constitue le seul recours de l&#8217;acheteur. Dynavin n&#8217;est pas responsable responsable des frais de r\u00e9paration et de renouvellement, des dommages ou des pertes li\u00e9s directement ou indirectement au mauvais fonctionnement de l&#8217;appareil.<\/p>\n<p>11) Cette garantie ne s&#8217;applique qu&#8217;aux appareils achet\u00e9s en France.<\/p>\n<p>12) cette garantie est accord\u00e9e en plus des droits l\u00e9gaux ou autres de l&#8217;acheteur. Elle n&#8217;a aucune influence sur les dispositions et conditions de garantie qui pourraient \u00eatre accord\u00e9es \u00e0 l&#8217;acheteur dans le pays d&#8217;achat en plus de la pr\u00e9sente garantie.<\/p>\n<\/div><\/section><\/div>\n","protected":false},"excerpt":{"rendered":"","protected":false},"author":5,"featured_media":0,"parent":0,"menu_order":427,"comment_status":"closed","ping_status":"closed","template":"","meta":[],"categories":[],"tags":[],"fahrzeughersteller":[],"firmware_updates":[],"acf":[],"yoast_head":"<!-- This site is optimized with the Yoast SEO Premium plugin v16.9 (Yoast SEO v17.8) - https:\/\/yoast.com\/wordpress\/plugins\/seo\/ -->\n<title>GARANTIE DU CONSOMMATEUR DYNAVIN &ndash; Dynavin<\/title>\n<meta name=\"robots\" content=\"index, follow, max-snippet:-1, max-image-preview:large, max-video-preview:-1\" \/>\n<link rel=\"canonical\" href=\"https:\/\/www.dynavin.de\/fr\/garantie-du-consommateur-dynavin\/\" \/>\n<meta property=\"og:locale\" content=\"fr_FR\" \/>\n<meta property=\"og:type\" content=\"article\" \/>\n<meta property=\"og:title\" content=\"GARANTIE DU CONSOMMATEUR DYNAVIN\" \/>\n<meta property=\"og:url\" content=\"https:\/\/www.dynavin.de\/fr\/garantie-du-consommateur-dynavin\/\" \/>\n<meta property=\"og:site_name\" content=\"Dynavin\" \/>\n<meta property=\"article:publisher\" content=\"https:\/\/www.facebook.com\/dynavin.official\" \/>\n<meta property=\"article:modified_time\" content=\"2022-07-06T09:40:50+00:00\" \/>\n<meta name=\"twitter:card\" content=\"summary_large_image\" \/>\n<script type=\"application\/ld+json\" class=\"yoast-schema-graph\">{\"@context\":\"https:\/\/schema.org\",\"@graph\":[{\"@type\":\"Organization\",\"@id\":\"https:\/\/www.dynavin.de\/#organization\",\"name\":\"Dynavin GmbH\",\"url\":\"https:\/\/www.dynavin.de\/\",\"sameAs\":[\"https:\/\/www.facebook.com\/dynavin.official\",\"https:\/\/www.instagram.com\/dynavin.official\/?hl=en\",\"https:\/\/www.youtube.com\/user\/dynavin1\"],\"logo\":{\"@type\":\"ImageObject\",\"@id\":\"https:\/\/www.dynavin.de\/#logo\",\"inLanguage\":\"fr-FR\",\"url\":\"https:\/\/www.dynavin.de\/wp-content\/uploads\/2018\/12\/dynavin-logo.png\",\"contentUrl\":\"https:\/\/www.dynavin.de\/wp-content\/uploads\/2018\/12\/dynavin-logo.png\",\"width\":340,\"height\":156,\"caption\":\"Dynavin GmbH\"},\"image\":{\"@id\":\"https:\/\/www.dynavin.de\/#logo\"}},{\"@type\":\"WebSite\",\"@id\":\"https:\/\/www.dynavin.de\/#website\",\"url\":\"https:\/\/www.dynavin.de\/\",\"name\":\"Dynavin\",\"description\":\"Navigation and Multimedia Solutions\",\"publisher\":{\"@id\":\"https:\/\/www.dynavin.de\/#organization\"},\"potentialAction\":[{\"@type\":\"SearchAction\",\"target\":{\"@type\":\"EntryPoint\",\"urlTemplate\":\"https:\/\/www.dynavin.de\/?s={search_term_string}\"},\"query-input\":\"required name=search_term_string\"}],\"inLanguage\":\"fr-FR\"},{\"@type\":\"WebPage\",\"@id\":\"https:\/\/www.dynavin.de\/fr\/garantie-du-consommateur-dynavin\/#webpage\",\"url\":\"https:\/\/www.dynavin.de\/fr\/garantie-du-consommateur-dynavin\/\",\"name\":\"GARANTIE DU CONSOMMATEUR DYNAVIN &ndash; Dynavin\",\"isPartOf\":{\"@id\":\"https:\/\/www.dynavin.de\/#website\"},\"datePublished\":\"2022-07-06T09:21:48+00:00\",\"dateModified\":\"2022-07-06T09:40:50+00:00\",\"breadcrumb\":{\"@id\":\"https:\/\/www.dynavin.de\/fr\/garantie-du-consommateur-dynavin\/#breadcrumb\"},\"inLanguage\":\"fr-FR\",\"potentialAction\":[{\"@type\":\"ReadAction\",\"target\":[\"https:\/\/www.dynavin.de\/fr\/garantie-du-consommateur-dynavin\/\"]}]},{\"@type\":\"BreadcrumbList\",\"@id\":\"https:\/\/www.dynavin.de\/fr\/garantie-du-consommateur-dynavin\/#breadcrumb\",\"itemListElement\":[{\"@type\":\"ListItem\",\"position\":1,\"name\":\"Startseite\",\"item\":\"https:\/\/www.dynavin.de\/fr\/\"},{\"@type\":\"ListItem\",\"position\":2,\"name\":\"GARANTIE DU CONSOMMATEUR DYNAVIN\"}]}]}<\/script>\n<!-- \/ Yoast SEO Premium plugin. -->","yoast_head_json":{"title":"GARANTIE DU CONSOMMATEUR DYNAVIN &ndash; Dynavin","robots":{"index":"index","follow":"follow","max-snippet":"max-snippet:-1","max-image-preview":"max-image-preview:large","max-video-preview":"max-video-preview:-1"},"canonical":"https:\/\/www.dynavin.de\/fr\/garantie-du-consommateur-dynavin\/","og_locale":"fr_FR","og_type":"article","og_title":"GARANTIE DU CONSOMMATEUR DYNAVIN","og_url":"https:\/\/www.dynavin.de\/fr\/garantie-du-consommateur-dynavin\/","og_site_name":"Dynavin","article_publisher":"https:\/\/www.facebook.com\/dynavin.official","article_modified_time":"2022-07-06T09:40:50+00:00","twitter_card":"summary_large_image","schema":{"@context":"https:\/\/schema.org","@graph":[{"@type":"Organization","@id":"https:\/\/www.dynavin.de\/#organization","name":"Dynavin GmbH","url":"https:\/\/www.dynavin.de\/","sameAs":["https:\/\/www.facebook.com\/dynavin.official","https:\/\/www.instagram.com\/dynavin.official\/?hl=en","https:\/\/www.youtube.com\/user\/dynavin1"],"logo":{"@type":"ImageObject","@id":"https:\/\/www.dynavin.de\/#logo","inLanguage":"fr-FR","url":"https:\/\/www.dynavin.de\/wp-content\/uploads\/2018\/12\/dynavin-logo.png","contentUrl":"https:\/\/www.dynavin.de\/wp-content\/uploads\/2018\/12\/dynavin-logo.png","width":340,"height":156,"caption":"Dynavin GmbH"},"image":{"@id":"https:\/\/www.dynavin.de\/#logo"}},{"@type":"WebSite","@id":"https:\/\/www.dynavin.de\/#website","url":"https:\/\/www.dynavin.de\/","name":"Dynavin","description":"Navigation and Multimedia Solutions","publisher":{"@id":"https:\/\/www.dynavin.de\/#organization"},"potentialAction":[{"@type":"SearchAction","target":{"@type":"EntryPoint","urlTemplate":"https:\/\/www.dynavin.de\/?s={search_term_string}"},"query-input":"required name=search_term_string"}],"inLanguage":"fr-FR"},{"@type":"WebPage","@id":"https:\/\/www.dynavin.de\/fr\/garantie-du-consommateur-dynavin\/#webpage","url":"https:\/\/www.dynavin.de\/fr\/garantie-du-consommateur-dynavin\/","name":"GARANTIE DU CONSOMMATEUR DYNAVIN &ndash; Dynavin","isPartOf":{"@id":"https:\/\/www.dynavin.de\/#website"},"datePublished":"2022-07-06T09:21:48+00:00","dateModified":"2022-07-06T09:40:50+00:00","breadcrumb":{"@id":"https:\/\/www.dynavin.de\/fr\/garantie-du-consommateur-dynavin\/#breadcrumb"},"inLanguage":"fr-FR","potentialAction":[{"@type":"ReadAction","target":["https:\/\/www.dynavin.de\/fr\/garantie-du-consommateur-dynavin\/"]}]},{"@type":"BreadcrumbList","@id":"https:\/\/www.dynavin.de\/fr\/garantie-du-consommateur-dynavin\/#breadcrumb","itemListElement":[{"@type":"ListItem","position":1,"name":"Startseite","item":"https:\/\/www.dynavin.de\/fr\/"},{"@type":"ListItem","position":2,"name":"GARANTIE DU CONSOMMATEUR DYNAVIN"}]}]}},"_links":{"self":[{"href":"https:\/\/www.dynavin.de\/fr\/wp-json\/wp\/v2\/pages\/67834"}],"collection":[{"href":"https:\/\/www.dynavin.de\/fr\/wp-json\/wp\/v2\/pages"}],"about":[{"href":"https:\/\/www.dynavin.de\/fr\/wp-json\/wp\/v2\/types\/page"}],"author":[{"embeddable":true,"href":"https:\/\/www.dynavin.de\/fr\/wp-json\/wp\/v2\/users\/5"}],"replies":[{"embeddable":true,"href":"https:\/\/www.dynavin.de\/fr\/wp-json\/wp\/v2\/comments?post=67834"}],"version-history":[{"count":3,"href":"https:\/\/www.dynavin.de\/fr\/wp-json\/wp\/v2\/pages\/67834\/revisions"}],"predecessor-version":[{"id":67846,"href":"https:\/\/www.dynavin.de\/fr\/wp-json\/wp\/v2\/pages\/67834\/revisions\/67846"}],"wp:attachment":[{"href":"https:\/\/www.dynavin.de\/fr\/wp-json\/wp\/v2\/media?parent=67834"}],"wp:term":[{"taxonomy":"category","embeddable":true,"href":"https:\/\/www.dynavin.de\/fr\/wp-json\/wp\/v2\/categories?post=67834"},{"taxonomy":"post_tag","embeddable":true,"href":"https:\/\/www.dynavin.de\/fr\/wp-json\/wp\/v2\/tags?post=67834"},{"taxonomy":"fahrzeughersteller","embeddable":true,"href":"https:\/\/www.dynavin.de\/fr\/wp-json\/wp\/v2\/fahrzeughersteller?post=67834"},{"taxonomy":"firmware_updates","embeddable":true,"href":"https:\/\/www.dynavin.de\/fr\/wp-json\/wp\/v2\/firmware_updates?post=67834"}],"curies":[{"name":"wp","href":"https:\/\/api.w.org\/{rel}","templated":true}]}}