{"id":46645,"date":"2022-03-26T08:50:58","date_gmt":"2022-03-26T07:50:58","guid":{"rendered":"https:\/\/www.dynavin.de\/downloads\/mises-a-jour-du-firmware\/firmware-n7\/"},"modified":"2022-03-26T08:51:06","modified_gmt":"2022-03-26T07:51:06","slug":"firmware-n7","status":"publish","type":"page","link":"https:\/\/www.dynavin.de\/fr\/downloads\/mises-a-jour-du-firmware\/firmware-n7\/","title":{"rendered":"Firmware N7"},"content":{"rendered":"<div  class='avia-button-wrap avia-button-center  avia-builder-el-0  el_before_av_textblock  avia-builder-el-first ' ><a href='https:\/\/www.dynavin.de\/wp-content\/download\/N7-X-Firmware\/n7_firmware.zip'  class='avia-button av-jvexzfo3-8e3f578772b623e9fb8204a29f671fa7 avia-icon_select-yes-left-icon avia-size-x-large avia-position-center avia-color-theme-color' ><span class='avia_button_icon avia_button_icon_left' aria-hidden='true' data-av_icon='\ue82d' data-av_iconfont='entypo-fontello'><\/span><span class='avia_iconbox_title' >Download firmware N7<\/span><\/a><\/div>\n<section  class='av_textblock_section av-jvey5tj8-5978fe9155bd77764ef0f98c299bfd7c'  itemscope=\"itemscope\" itemtype=\"https:\/\/schema.org\/CreativeWork\" ><div class='avia_textblock'  itemprop=\"text\" ><p style=\"text-align: center;\">Version : 05.05.2020<\/p>\n<p style=\"text-align: center;\">OS : 1.0.6.0  MCU : 1.0.5.7<\/p>\n<\/div><\/section>\n<\/div><\/div><\/div><!-- close content main div --><\/div><\/div>\n<style type=\"text\/css\" data-created_by=\"avia_inline_auto\" id=\"style-css-av-k9e26dyu-95a4a88dec4d9fdec25ec313491a945e\">\n.avia-section.av-k9e26dyu-95a4a88dec4d9fdec25ec313491a945e{\nbackground-color:#f2f2f2;\nbackground-image:unset;\n}\n<\/style>\n<div id='av_section_1'  class='avia-section av-k9e26dyu-95a4a88dec4d9fdec25ec313491a945e main_color avia-section-small avia-no-border-styling  avia-builder-el-2  el_after_av_textblock  el_before_av_hr  avia-bg-style-scroll container_wrap fullsize'  ><div class='container av-section-cont-open' ><div class='template-page content  av-content-full alpha units'><div class='post-entry post-entry-type-page post-entry-46645'><div class='entry-content-wrapper clearfix'>\n<article  class='iconbox iconbox_left_content av-k9e21pvx-1986d2708b6c3ed8debd54a62b190c61  avia-builder-el-3  avia-builder-el-no-sibling '  itemscope=\"itemscope\" itemtype=\"https:\/\/schema.org\/CreativeWork\" ><div class=\"iconbox_icon heading-color\" aria-hidden='true' data-av_icon='\ue81c' data-av_iconfont='entypo-fontello'><\/div><div class=\"iconbox_content\"><header class=\"entry-content-header\"><h3 class='iconbox_content_title '  itemprop=\"headline\" >Comment effectuer une mise \u00e0 jour du firmware ?<\/h3><\/header><div class='iconbox_content_container '  itemprop=\"text\" ><p>Lire les instructions <a href=\"https:\/\/www.dynavin.de\/wp-content\/uploads\/howtoupdate.pdf\" target=\"_blank\" rel=\"noopener\">sur la mise \u00e0 jour du firmware (PDF)<\/a><\/p>\n<\/div><\/div><footer class=\"entry-footer\"><\/footer><\/article>\n<\/div><\/div><\/div><!-- close content main div --><\/div><\/div><div id='after_section_1'  class='main_color av_default_container_wrap container_wrap fullsize'  ><div class='container av-section-cont-open' ><div class='template-page content  av-content-full alpha units'><div class='post-entry post-entry-type-page post-entry-46645'><div class='entry-content-wrapper clearfix'>\n\n<style type=\"text\/css\" data-created_by=\"avia_inline_auto\" id=\"style-css-av-jveylgkn-63ea852fff87cabf847aff9806b4d772\">\n#top .hr.av-jveylgkn-63ea852fff87cabf847aff9806b4d772{\nmargin-top:30px;\nmargin-bottom:30px;\n}\n.hr.av-jveylgkn-63ea852fff87cabf847aff9806b4d772 .hr-inner{\nwidth:50%;\nmax-width:45%;\n}\n<\/style>\n<div  class='hr av-jveylgkn-63ea852fff87cabf847aff9806b4d772 hr-custom  avia-builder-el-4  el_after_av_section  el_before_av_one_full  avia-builder-el-first  hr-center hr-icon-yes'><span class='hr-inner inner-border-av-border-fat'><span class=\"hr-inner-style\"><\/span><\/span><span class='av-seperator-icon' aria-hidden='true' data-av_icon='\ue81f' data-av_iconfont='entypo-fontello'><\/span><span class='hr-inner inner-border-av-border-fat'><span class=\"hr-inner-style\"><\/span><\/span><\/div>\n\n<style type=\"text\/css\" data-created_by=\"avia_inline_auto\" id=\"style-css-av-2lddny-3f75630e4ca3422f149979b87c87a9a4\">\n.flex_column.av-2lddny-3f75630e4ca3422f149979b87c87a9a4{\nborder-radius:0px 0px 0px 0px;\n-webkit-border-radius:0px 0px 0px 0px;\n-moz-border-radius:0px 0px 0px 0px;\n}\n<\/style>\n<div class='flex_column av-2lddny-3f75630e4ca3422f149979b87c87a9a4 av_one_full  avia-builder-el-5  el_after_av_hr  el_before_av_hr  first flex_column_div av-zero-column-padding '   ><section  class='av_textblock_section av-jvey5tj8-5978fe9155bd77764ef0f98c299bfd7c'  itemscope=\"itemscope\" itemtype=\"https:\/\/schema.org\/CreativeWork\" ><div class='avia_textblock'  itemprop=\"text\" ><h3>Le firmware N7 convient pour les autoradios Dynavin suivants :<\/h3>\n<\/div><\/section><\/div>\n\n<style type=\"text\/css\" data-created_by=\"avia_inline_auto\" id=\"style-css-av-jveygk6i-936fd8440ebcab7ca2f3979e39e0431a\">\n#top .hr.hr-invisible.av-jveygk6i-936fd8440ebcab7ca2f3979e39e0431a{\nheight:10px;\n}\n<\/style>\n<div  class='hr av-jveygk6i-936fd8440ebcab7ca2f3979e39e0431a hr-invisible  avia-builder-el-7  el_after_av_one_full  el_before_av_one_fourth '><span class='hr-inner '><span class=\"hr-inner-style\"><\/span><\/span><\/div>\n\n<style type=\"text\/css\" data-created_by=\"avia_inline_auto\" id=\"style-css-av-729cgu-a9305bb84950e877a6ec70657190f5ee\">\n.flex_column.av-729cgu-a9305bb84950e877a6ec70657190f5ee{\nborder-radius:0px 0px 0px 0px;\n-webkit-border-radius:0px 0px 0px 0px;\n-moz-border-radius:0px 0px 0px 0px;\n}\n<\/style>\n<div class='flex_column av-729cgu-a9305bb84950e877a6ec70657190f5ee av_one_fourth  avia-builder-el-8  el_after_av_hr  el_before_av_one_fourth  first flex_column_div av-zero-column-padding '   ><section  class='av_textblock_section av-jvey5tj8-5978fe9155bd77764ef0f98c299bfd7c'  itemscope=\"itemscope\" itemtype=\"https:\/\/schema.org\/CreativeWork\" ><div class='avia_textblock'  itemprop=\"text\" ><ul>\n<li>N7-6205<\/li>\n<li>N7-A3<\/li>\n<li>N7-A4<\/li>\n<li>N7-CLK<\/li>\n<li>N7-E39<\/li>\n<li>N7-E46<\/li>\n<li>N7-E53<\/li>\n<\/ul>\n<\/div><\/section><\/div>\n\n<style type=\"text\/css\" data-created_by=\"avia_inline_auto\" id=\"style-css-av-5v3uji-f714ec0e2c7828ea836406cacf1199c6\">\n.flex_column.av-5v3uji-f714ec0e2c7828ea836406cacf1199c6{\nborder-radius:0px 0px 0px 0px;\n-webkit-border-radius:0px 0px 0px 0px;\n-moz-border-radius:0px 0px 0px 0px;\n}\n<\/style>\n<div class='flex_column av-5v3uji-f714ec0e2c7828ea836406cacf1199c6 av_one_fourth  avia-builder-el-10  el_after_av_one_fourth  el_before_av_one_fourth  flex_column_div av-zero-column-padding '   ><section  class='av_textblock_section av-jvey5tj8-5978fe9155bd77764ef0f98c299bfd7c'  itemscope=\"itemscope\" itemtype=\"https:\/\/schema.org\/CreativeWork\" ><div class='avia_textblock'  itemprop=\"text\" ><ul>\n<li>N7-E8X<\/li>\n<li>N7-E90<\/li>\n<li>N7-E90M<\/li>\n<li>N7-FOb<\/li>\n<li>N7-FOs<\/li>\n<li>N7-MBA<\/li>\n<li>N7-MBC<\/li>\n<\/ul>\n<\/div><\/section><\/div>\n\n<style type=\"text\/css\" data-created_by=\"avia_inline_auto\" id=\"style-css-av-4e4hf2-7129d4503779cf97805f0508df7908ec\">\n.flex_column.av-4e4hf2-7129d4503779cf97805f0508df7908ec{\nborder-radius:0px 0px 0px 0px;\n-webkit-border-radius:0px 0px 0px 0px;\n-moz-border-radius:0px 0px 0px 0px;\n}\n<\/style>\n<div class='flex_column av-4e4hf2-7129d4503779cf97805f0508df7908ec av_one_fourth  avia-builder-el-12  el_after_av_one_fourth  el_before_av_one_fourth  flex_column_div av-zero-column-padding '   ><section  class='av_textblock_section av-jvey5tj8-5978fe9155bd77764ef0f98c299bfd7c'  itemscope=\"itemscope\" itemtype=\"https:\/\/schema.org\/CreativeWork\" ><div class='avia_textblock'  itemprop=\"text\" ><ul>\n<li>N7-MBE<\/li>\n<li>N7-MBML<\/li>\n<li>N7-MBR<\/li>\n<li>N7-MC2000<\/li>\n<li>N7-OPb<\/li>\n<li>N7-OPs<\/li>\n<\/ul>\n<\/div><\/section><\/div>\n\n<style type=\"text\/css\" data-created_by=\"avia_inline_auto\" id=\"style-css-av-39gd32-45967e73a8898842dd814a52b9d28bf1\">\n.flex_column.av-39gd32-45967e73a8898842dd814a52b9d28bf1{\nborder-radius:0px 0px 0px 0px;\n-webkit-border-radius:0px 0px 0px 0px;\n-moz-border-radius:0px 0px 0px 0px;\n}\n<\/style>\n<div class='flex_column av-39gd32-45967e73a8898842dd814a52b9d28bf1 av_one_fourth  avia-builder-el-14  el_after_av_one_fourth  el_before_av_section  avia-builder-el-last  flex_column_div av-zero-column-padding '   ><section  class='av_textblock_section av-jvey5tj8-5978fe9155bd77764ef0f98c299bfd7c'  itemscope=\"itemscope\" itemtype=\"https:\/\/schema.org\/CreativeWork\" ><div class='avia_textblock'  itemprop=\"text\" ><ul>\n<li>N7-PC<\/li>\n<li>N7-PSb<\/li>\n<li>N7-PSs<\/li>\n<li>N7-SLK<\/li>\n<li>N7-TT<\/li>\n<li>N7-V7<\/li>\n<li>N7-VT7<\/li>\n<\/ul>\n<\/div><\/section><\/div>\n<\/div><\/div><\/div><!-- close content main div --><\/div><\/div>\n<style type=\"text\/css\" data-created_by=\"avia_inline_auto\" id=\"style-css-av-jvez7unp-5cf369d000302b1fa24bfbd98c4b4e6b\">\n.avia-section.av-jvez7unp-5cf369d000302b1fa24bfbd98c4b4e6b{\nbackground-color:#f2f2f2;\nbackground-image:unset;\n}\n.avia-section.av-jvez7unp-5cf369d000302b1fa24bfbd98c4b4e6b .av-extra-border-element .av-extra-border-inner{\nbackground-color:#333333;\n}\n<\/style>\n<div id='av_section_2'  class='avia-section av-jvez7unp-5cf369d000302b1fa24bfbd98c4b4e6b main_color avia-section-default avia-no-border-styling  avia-builder-el-16  el_after_av_one_fourth  avia-builder-el-last  avia-bg-style-scroll container_wrap fullsize'  ><div class='container av-section-cont-open' ><div class='template-page content  av-content-full alpha units'><div class='post-entry post-entry-type-page post-entry-46645'><div class='entry-content-wrapper clearfix'>\n<article  class='iconbox iconbox_left_content av-jvez3v8m-6571999ad6959da4bbfbe4931dd91cb9 av-icon-style-no-border  avia-builder-el-17  avia-builder-el-no-sibling '  itemscope=\"itemscope\" itemtype=\"https:\/\/schema.org\/CreativeWork\" ><div class=\"iconbox_icon heading-color\" aria-hidden='true' data-av_icon='\ue83f' data-av_iconfont='entypo-fontello'><\/div><div class=\"iconbox_content\"><header class=\"entry-content-header\"><h3 class='iconbox_content_title '  itemprop=\"headline\" >Remarque<\/h3><\/header><div class='iconbox_content_container '  itemprop=\"text\" ><p><strong>Le firmware N7 ne doit pas \u00eatre install\u00e9 sur la plateforme N6!<\/strong><\/p>\n<p>Ce firmware N7 n&#8217;est pas compatible avec le mat\u00e9riel N6 et provoquera une panne totale.<\/p>\n<p>Toute personne qui effectue une intervention manuelle dans le firmware malgr\u00e9 cet avertissement doit payer elle-m\u00eame la r\u00e9paration.<\/p>\n<p>Dans ce cas, la garantie ne s&#8217;applique pas !<\/p>\n<p>Le firmware N7 ne peut pas \u00eatre install\u00e9 sur la plateforme N6 sans intervention manuelle.<\/p>\n<\/div><\/div><footer class=\"entry-footer\"><\/footer><\/article>\n\n","protected":false},"excerpt":{"rendered":"<p>Pour la plupart des autoradios N7<\/p>\n","protected":false},"author":5,"featured_media":21052,"parent":46571,"menu_order":177,"comment_status":"closed","ping_status":"closed","template":"","meta":[],"categories":[970,973],"tags":[1191,1194,1246,1247,1248,1249,1250,1251,1252,1253,1254,1269,1255,1256,1257,1258,1259,1260,1261,1270,1271,1262,1263,1264,1265,1266,1267,1268],"fahrzeughersteller":[],"firmware_updates":[1245],"acf":[],"yoast_head":"<!-- This site is optimized with the Yoast SEO Premium plugin v16.9 (Yoast SEO v17.8) - https:\/\/yoast.com\/wordpress\/plugins\/seo\/ -->\n<title>Firmware N7 &ndash; Dynavin<\/title>\n<meta name=\"description\" content=\"Download firmware N7\" \/>\n<meta name=\"robots\" content=\"index, follow, max-snippet:-1, max-image-preview:large, max-video-preview:-1\" \/>\n<link rel=\"canonical\" href=\"https:\/\/www.dynavin.de\/fr\/downloads\/mises-a-jour-du-firmware\/firmware-n7\/\" \/>\n<meta property=\"og:locale\" content=\"fr_FR\" \/>\n<meta property=\"og:type\" content=\"article\" \/>\n<meta property=\"og:title\" content=\"Firmware N7\" \/>\n<meta property=\"og:description\" content=\"Pour la plupart des autoradios N7\" \/>\n<meta property=\"og:url\" content=\"https:\/\/www.dynavin.de\/fr\/downloads\/mises-a-jour-du-firmware\/firmware-n7\/\" \/>\n<meta property=\"og:site_name\" content=\"Dynavin\" \/>\n<meta property=\"article:publisher\" content=\"https:\/\/www.facebook.com\/dynavin.official\" \/>\n<meta property=\"article:modified_time\" content=\"2022-03-26T07:51:06+00:00\" \/>\n<meta property=\"og:image\" content=\"https:\/\/www.dynavin.de\/wp-content\/uploads\/Firmware-N7_tn.jpg\" \/>\n\t<meta property=\"og:image:width\" content=\"400\" \/>\n\t<meta property=\"og:image:height\" content=\"400\" \/>\n<meta name=\"twitter:card\" content=\"summary_large_image\" \/>\n<script type=\"application\/ld+json\" class=\"yoast-schema-graph\">{\"@context\":\"https:\/\/schema.org\",\"@graph\":[{\"@type\":\"Organization\",\"@id\":\"https:\/\/www.dynavin.de\/#organization\",\"name\":\"Dynavin GmbH\",\"url\":\"https:\/\/www.dynavin.de\/\",\"sameAs\":[\"https:\/\/www.facebook.com\/dynavin.official\",\"https:\/\/www.instagram.com\/dynavin.official\/?hl=en\",\"https:\/\/www.youtube.com\/user\/dynavin1\"],\"logo\":{\"@type\":\"ImageObject\",\"@id\":\"https:\/\/www.dynavin.de\/#logo\",\"inLanguage\":\"fr-FR\",\"url\":\"https:\/\/www.dynavin.de\/wp-content\/uploads\/2018\/12\/dynavin-logo.png\",\"contentUrl\":\"https:\/\/www.dynavin.de\/wp-content\/uploads\/2018\/12\/dynavin-logo.png\",\"width\":340,\"height\":156,\"caption\":\"Dynavin GmbH\"},\"image\":{\"@id\":\"https:\/\/www.dynavin.de\/#logo\"}},{\"@type\":\"WebSite\",\"@id\":\"https:\/\/www.dynavin.de\/#website\",\"url\":\"https:\/\/www.dynavin.de\/\",\"name\":\"Dynavin\",\"description\":\"Navigation and Multimedia Solutions\",\"publisher\":{\"@id\":\"https:\/\/www.dynavin.de\/#organization\"},\"potentialAction\":[{\"@type\":\"SearchAction\",\"target\":{\"@type\":\"EntryPoint\",\"urlTemplate\":\"https:\/\/www.dynavin.de\/?s={search_term_string}\"},\"query-input\":\"required name=search_term_string\"}],\"inLanguage\":\"fr-FR\"},{\"@type\":\"ImageObject\",\"@id\":\"https:\/\/www.dynavin.de\/fr\/downloads\/mises-a-jour-du-firmware\/firmware-n7\/#primaryimage\",\"inLanguage\":\"fr-FR\",\"url\":\"https:\/\/www.dynavin.de\/wp-content\/uploads\/Firmware-N7_tn.jpg\",\"contentUrl\":\"https:\/\/www.dynavin.de\/wp-content\/uploads\/Firmware-N7_tn.jpg\",\"width\":400,\"height\":400,\"caption\":\"Firmware-N7\"},{\"@type\":\"WebPage\",\"@id\":\"https:\/\/www.dynavin.de\/fr\/downloads\/mises-a-jour-du-firmware\/firmware-n7\/#webpage\",\"url\":\"https:\/\/www.dynavin.de\/fr\/downloads\/mises-a-jour-du-firmware\/firmware-n7\/\",\"name\":\"Firmware N7 &ndash; Dynavin\",\"isPartOf\":{\"@id\":\"https:\/\/www.dynavin.de\/#website\"},\"primaryImageOfPage\":{\"@id\":\"https:\/\/www.dynavin.de\/fr\/downloads\/mises-a-jour-du-firmware\/firmware-n7\/#primaryimage\"},\"datePublished\":\"2022-03-26T07:50:58+00:00\",\"dateModified\":\"2022-03-26T07:51:06+00:00\",\"description\":\"Download firmware N7\",\"breadcrumb\":{\"@id\":\"https:\/\/www.dynavin.de\/fr\/downloads\/mises-a-jour-du-firmware\/firmware-n7\/#breadcrumb\"},\"inLanguage\":\"fr-FR\",\"potentialAction\":[{\"@type\":\"ReadAction\",\"target\":[\"https:\/\/www.dynavin.de\/fr\/downloads\/mises-a-jour-du-firmware\/firmware-n7\/\"]}]},{\"@type\":\"BreadcrumbList\",\"@id\":\"https:\/\/www.dynavin.de\/fr\/downloads\/mises-a-jour-du-firmware\/firmware-n7\/#breadcrumb\",\"itemListElement\":[{\"@type\":\"ListItem\",\"position\":1,\"name\":\"Startseite\",\"item\":\"https:\/\/www.dynavin.de\/fr\/\"},{\"@type\":\"ListItem\",\"position\":2,\"name\":\"Downloads\",\"item\":\"https:\/\/www.dynavin.de\/fr\/downloads\/\"},{\"@type\":\"ListItem\",\"position\":3,\"name\":\"Mises \\u00e0 jour du firmware\",\"item\":\"https:\/\/www.dynavin.de\/fr\/downloads\/mises-a-jour-du-firmware\/\"},{\"@type\":\"ListItem\",\"position\":4,\"name\":\"Firmware N7\"}]}]}<\/script>\n<!-- \/ Yoast SEO Premium plugin. -->","yoast_head_json":{"title":"Firmware N7 &ndash; Dynavin","description":"Download firmware N7","robots":{"index":"index","follow":"follow","max-snippet":"max-snippet:-1","max-image-preview":"max-image-preview:large","max-video-preview":"max-video-preview:-1"},"canonical":"https:\/\/www.dynavin.de\/fr\/downloads\/mises-a-jour-du-firmware\/firmware-n7\/","og_locale":"fr_FR","og_type":"article","og_title":"Firmware N7","og_description":"Pour la plupart des autoradios N7","og_url":"https:\/\/www.dynavin.de\/fr\/downloads\/mises-a-jour-du-firmware\/firmware-n7\/","og_site_name":"Dynavin","article_publisher":"https:\/\/www.facebook.com\/dynavin.official","article_modified_time":"2022-03-26T07:51:06+00:00","og_image":[{"width":400,"height":400,"url":"https:\/\/www.dynavin.de\/wp-content\/uploads\/Firmware-N7_tn.jpg","type":"image\/jpeg"}],"twitter_card":"summary_large_image","schema":{"@context":"https:\/\/schema.org","@graph":[{"@type":"Organization","@id":"https:\/\/www.dynavin.de\/#organization","name":"Dynavin GmbH","url":"https:\/\/www.dynavin.de\/","sameAs":["https:\/\/www.facebook.com\/dynavin.official","https:\/\/www.instagram.com\/dynavin.official\/?hl=en","https:\/\/www.youtube.com\/user\/dynavin1"],"logo":{"@type":"ImageObject","@id":"https:\/\/www.dynavin.de\/#logo","inLanguage":"fr-FR","url":"https:\/\/www.dynavin.de\/wp-content\/uploads\/2018\/12\/dynavin-logo.png","contentUrl":"https:\/\/www.dynavin.de\/wp-content\/uploads\/2018\/12\/dynavin-logo.png","width":340,"height":156,"caption":"Dynavin GmbH"},"image":{"@id":"https:\/\/www.dynavin.de\/#logo"}},{"@type":"WebSite","@id":"https:\/\/www.dynavin.de\/#website","url":"https:\/\/www.dynavin.de\/","name":"Dynavin","description":"Navigation and Multimedia Solutions","publisher":{"@id":"https:\/\/www.dynavin.de\/#organization"},"potentialAction":[{"@type":"SearchAction","target":{"@type":"EntryPoint","urlTemplate":"https:\/\/www.dynavin.de\/?s={search_term_string}"},"query-input":"required name=search_term_string"}],"inLanguage":"fr-FR"},{"@type":"ImageObject","@id":"https:\/\/www.dynavin.de\/fr\/downloads\/mises-a-jour-du-firmware\/firmware-n7\/#primaryimage","inLanguage":"fr-FR","url":"https:\/\/www.dynavin.de\/wp-content\/uploads\/Firmware-N7_tn.jpg","contentUrl":"https:\/\/www.dynavin.de\/wp-content\/uploads\/Firmware-N7_tn.jpg","width":400,"height":400,"caption":"Firmware-N7"},{"@type":"WebPage","@id":"https:\/\/www.dynavin.de\/fr\/downloads\/mises-a-jour-du-firmware\/firmware-n7\/#webpage","url":"https:\/\/www.dynavin.de\/fr\/downloads\/mises-a-jour-du-firmware\/firmware-n7\/","name":"Firmware N7 &ndash; Dynavin","isPartOf":{"@id":"https:\/\/www.dynavin.de\/#website"},"primaryImageOfPage":{"@id":"https:\/\/www.dynavin.de\/fr\/downloads\/mises-a-jour-du-firmware\/firmware-n7\/#primaryimage"},"datePublished":"2022-03-26T07:50:58+00:00","dateModified":"2022-03-26T07:51:06+00:00","description":"Download firmware N7","breadcrumb":{"@id":"https:\/\/www.dynavin.de\/fr\/downloads\/mises-a-jour-du-firmware\/firmware-n7\/#breadcrumb"},"inLanguage":"fr-FR","potentialAction":[{"@type":"ReadAction","target":["https:\/\/www.dynavin.de\/fr\/downloads\/mises-a-jour-du-firmware\/firmware-n7\/"]}]},{"@type":"BreadcrumbList","@id":"https:\/\/www.dynavin.de\/fr\/downloads\/mises-a-jour-du-firmware\/firmware-n7\/#breadcrumb","itemListElement":[{"@type":"ListItem","position":1,"name":"Startseite","item":"https:\/\/www.dynavin.de\/fr\/"},{"@type":"ListItem","position":2,"name":"Downloads","item":"https:\/\/www.dynavin.de\/fr\/downloads\/"},{"@type":"ListItem","position":3,"name":"Mises \u00e0 jour du firmware","item":"https:\/\/www.dynavin.de\/fr\/downloads\/mises-a-jour-du-firmware\/"},{"@type":"ListItem","position":4,"name":"Firmware N7"}]}]}},"_links":{"self":[{"href":"https:\/\/www.dynavin.de\/fr\/wp-json\/wp\/v2\/pages\/46645"}],"collection":[{"href":"https:\/\/www.dynavin.de\/fr\/wp-json\/wp\/v2\/pages"}],"about":[{"href":"https:\/\/www.dynavin.de\/fr\/wp-json\/wp\/v2\/types\/page"}],"author":[{"embeddable":true,"href":"https:\/\/www.dynavin.de\/fr\/wp-json\/wp\/v2\/users\/5"}],"replies":[{"embeddable":true,"href":"https:\/\/www.dynavin.de\/fr\/wp-json\/wp\/v2\/comments?post=46645"}],"version-history":[{"count":0,"href":"https:\/\/www.dynavin.de\/fr\/wp-json\/wp\/v2\/pages\/46645\/revisions"}],"up":[{"embeddable":true,"href":"https:\/\/www.dynavin.de\/fr\/wp-json\/wp\/v2\/pages\/46571"}],"wp:featuredmedia":[{"embeddable":true,"href":"https:\/\/www.dynavin.de\/fr\/wp-json\/wp\/v2\/media\/21052"}],"wp:attachment":[{"href":"https:\/\/www.dynavin.de\/fr\/wp-json\/wp\/v2\/media?parent=46645"}],"wp:term":[{"taxonomy":"category","embeddable":true,"href":"https:\/\/www.dynavin.de\/fr\/wp-json\/wp\/v2\/categories?post=46645"},{"taxonomy":"post_tag","embeddable":true,"href":"https:\/\/www.dynavin.de\/fr\/wp-json\/wp\/v2\/tags?post=46645"},{"taxonomy":"fahrzeughersteller","embeddable":true,"href":"https:\/\/www.dynavin.de\/fr\/wp-json\/wp\/v2\/fahrzeughersteller?post=46645"},{"taxonomy":"firmware_updates","embeddable":true,"href":"https:\/\/www.dynavin.de\/fr\/wp-json\/wp\/v2\/firmware_updates?post=46645"}],"curies":[{"name":"wp","href":"https:\/\/api.w.org\/{rel}","templated":true}]}}