{"id":46577,"date":"2022-03-26T09:01:50","date_gmt":"2022-03-26T08:01:50","guid":{"rendered":"https:\/\/www.dynavin.de\/downloads\/mises-a-jour-du-firmware\/n6-firmware\/"},"modified":"2022-03-26T09:01:59","modified_gmt":"2022-03-26T08:01:59","slug":"n6-firmware","status":"publish","type":"page","link":"https:\/\/www.dynavin.de\/fr\/downloads\/mises-a-jour-du-firmware\/n6-firmware\/","title":{"rendered":"Firmware N6"},"content":{"rendered":"<div  class='avia-button-wrap avia-button-center  avia-builder-el-0  el_before_av_hr  avia-builder-el-first ' ><a href='https:\/\/www.dynavin.de\/wp-content\/download\/N6-Firmware\/dynos123.rar'  class='avia-button av-jvexzfo3-6f64bdfdca3d92ae946d72aba8b49f65 avia-icon_select-yes-left-icon avia-size-x-large avia-position-center avia-color-theme-color' ><span class='avia_button_icon avia_button_icon_left' aria-hidden='true' data-av_icon='\ue82d' data-av_iconfont='entypo-fontello'><\/span><span class='avia_iconbox_title' >N6 download du firmware<\/span><\/a><\/div>\n\n<style type=\"text\/css\" data-created_by=\"avia_inline_auto\" id=\"style-css-av-jveyi1rd-7bc83045eb502216c722abf33f3bc33c\">\n#top .hr.hr-invisible.av-jveyi1rd-7bc83045eb502216c722abf33f3bc33c{\nheight:50px;\n}\n<\/style>\n<div  class='hr av-jveyi1rd-7bc83045eb502216c722abf33f3bc33c hr-invisible  avia-builder-el-1  el_after_av_button  el_before_av_hr '><span class='hr-inner '><span class=\"hr-inner-style\"><\/span><\/span><\/div>\n\n<style type=\"text\/css\" data-created_by=\"avia_inline_auto\" id=\"style-css-av-jveylgkn-63ea852fff87cabf847aff9806b4d772\">\n#top .hr.av-jveylgkn-63ea852fff87cabf847aff9806b4d772{\nmargin-top:30px;\nmargin-bottom:30px;\n}\n.hr.av-jveylgkn-63ea852fff87cabf847aff9806b4d772 .hr-inner{\nwidth:50%;\nmax-width:45%;\n}\n<\/style>\n<div  class='hr av-jveylgkn-63ea852fff87cabf847aff9806b4d772 hr-custom  avia-builder-el-2  el_after_av_hr  el_before_av_one_full  hr-center hr-icon-yes'><span class='hr-inner inner-border-av-border-fat'><span class=\"hr-inner-style\"><\/span><\/span><span class='av-seperator-icon' aria-hidden='true' data-av_icon='\ue81f' data-av_iconfont='entypo-fontello'><\/span><span class='hr-inner inner-border-av-border-fat'><span class=\"hr-inner-style\"><\/span><\/span><\/div>\n\n<style type=\"text\/css\" data-created_by=\"avia_inline_auto\" id=\"style-css-av-2lddny-3f75630e4ca3422f149979b87c87a9a4\">\n.flex_column.av-2lddny-3f75630e4ca3422f149979b87c87a9a4{\nborder-radius:0px 0px 0px 0px;\n-webkit-border-radius:0px 0px 0px 0px;\n-moz-border-radius:0px 0px 0px 0px;\n}\n<\/style>\n<div class='flex_column av-2lddny-3f75630e4ca3422f149979b87c87a9a4 av_one_full  avia-builder-el-3  el_after_av_hr  el_before_av_hr  first flex_column_div av-zero-column-padding '   ><section  class='av_textblock_section av-jvey5tj8-5978fe9155bd77764ef0f98c299bfd7c'  itemscope=\"itemscope\" itemtype=\"https:\/\/schema.org\/CreativeWork\" ><div class='avia_textblock'  itemprop=\"text\" ><h3>Le firmware N6 convient pour les autoradios Dynavin suivants :<\/h3>\n<\/div><\/section><\/div>\n\n<style type=\"text\/css\" data-created_by=\"avia_inline_auto\" id=\"style-css-av-jveygk6i-936fd8440ebcab7ca2f3979e39e0431a\">\n#top .hr.hr-invisible.av-jveygk6i-936fd8440ebcab7ca2f3979e39e0431a{\nheight:10px;\n}\n<\/style>\n<div  class='hr av-jveygk6i-936fd8440ebcab7ca2f3979e39e0431a hr-invisible  avia-builder-el-5  el_after_av_one_full  el_before_av_one_fourth '><span class='hr-inner '><span class=\"hr-inner-style\"><\/span><\/span><\/div>\n\n<style type=\"text\/css\" data-created_by=\"avia_inline_auto\" id=\"style-css-av-729cgu-a9305bb84950e877a6ec70657190f5ee\">\n.flex_column.av-729cgu-a9305bb84950e877a6ec70657190f5ee{\nborder-radius:0px 0px 0px 0px;\n-webkit-border-radius:0px 0px 0px 0px;\n-moz-border-radius:0px 0px 0px 0px;\n}\n<\/style>\n<div class='flex_column av-729cgu-a9305bb84950e877a6ec70657190f5ee av_one_fourth  avia-builder-el-6  el_after_av_hr  el_before_av_one_fourth  first flex_column_div av-zero-column-padding '   ><section  class='av_textblock_section av-jvey5tj8-5978fe9155bd77764ef0f98c299bfd7c'  itemscope=\"itemscope\" itemtype=\"https:\/\/schema.org\/CreativeWork\" ><div class='avia_textblock'  itemprop=\"text\" ><ul>\n<li>DVN A3<\/li>\n<li>DVN A4<\/li>\n<li>DVN TT<\/li>\n<li>DVN V7<\/li>\n<li>DVN VT7<\/li>\n<\/ul>\n<\/div><\/section><\/div>\n\n<style type=\"text\/css\" data-created_by=\"avia_inline_auto\" id=\"style-css-av-5v3uji-f714ec0e2c7828ea836406cacf1199c6\">\n.flex_column.av-5v3uji-f714ec0e2c7828ea836406cacf1199c6{\nborder-radius:0px 0px 0px 0px;\n-webkit-border-radius:0px 0px 0px 0px;\n-moz-border-radius:0px 0px 0px 0px;\n}\n<\/style>\n<div class='flex_column av-5v3uji-f714ec0e2c7828ea836406cacf1199c6 av_one_fourth  avia-builder-el-8  el_after_av_one_fourth  el_before_av_one_fourth  flex_column_div av-zero-column-padding '   ><section  class='av_textblock_section av-jvey5tj8-5978fe9155bd77764ef0f98c299bfd7c'  itemscope=\"itemscope\" itemtype=\"https:\/\/schema.org\/CreativeWork\" ><div class='avia_textblock'  itemprop=\"text\" ><ul>\n<li>DVN MBE<\/li>\n<li>DVN MC2000<\/li>\n<li>DVN MBML<\/li>\n<li>DVN MBA<\/li>\n<li>DVN MBR<\/li>\n<li>DVN CLK<\/li>\n<li>DVN SLK<\/li>\n<\/ul>\n<\/div><\/section><\/div>\n\n<style type=\"text\/css\" data-created_by=\"avia_inline_auto\" id=\"style-css-av-4e4hf2-7129d4503779cf97805f0508df7908ec\">\n.flex_column.av-4e4hf2-7129d4503779cf97805f0508df7908ec{\nborder-radius:0px 0px 0px 0px;\n-webkit-border-radius:0px 0px 0px 0px;\n-moz-border-radius:0px 0px 0px 0px;\n}\n<\/style>\n<div class='flex_column av-4e4hf2-7129d4503779cf97805f0508df7908ec av_one_fourth  avia-builder-el-10  el_after_av_one_fourth  el_before_av_one_fourth  flex_column_div av-zero-column-padding '   ><section  class='av_textblock_section av-jvey5tj8-5978fe9155bd77764ef0f98c299bfd7c'  itemscope=\"itemscope\" itemtype=\"https:\/\/schema.org\/CreativeWork\" ><div class='avia_textblock'  itemprop=\"text\" ><ul>\n<li>DVN E39<\/li>\n<li>DVN E46<\/li>\n<li>DVN E90<\/li>\n<li>DVN E90M<\/li>\n<li>DVN E53<\/li>\n<li>DVN PC<\/li>\n<li>DVN PSs<\/li>\n<li>DVN PSb<\/li>\n<\/ul>\n<\/div><\/section><\/div>\n\n<style type=\"text\/css\" data-created_by=\"avia_inline_auto\" id=\"style-css-av-39gd32-45967e73a8898842dd814a52b9d28bf1\">\n.flex_column.av-39gd32-45967e73a8898842dd814a52b9d28bf1{\nborder-radius:0px 0px 0px 0px;\n-webkit-border-radius:0px 0px 0px 0px;\n-moz-border-radius:0px 0px 0px 0px;\n}\n<\/style>\n<div class='flex_column av-39gd32-45967e73a8898842dd814a52b9d28bf1 av_one_fourth  avia-builder-el-12  el_after_av_one_fourth  el_before_av_section  avia-builder-el-last  flex_column_div av-zero-column-padding '   ><section  class='av_textblock_section av-jvey5tj8-5978fe9155bd77764ef0f98c299bfd7c'  itemscope=\"itemscope\" itemtype=\"https:\/\/schema.org\/CreativeWork\" ><div class='avia_textblock'  itemprop=\"text\" ><ul>\n<li>DVN FOs<\/li>\n<li>DVN FOb<\/li>\n<li>DVN IX35<\/li>\n<li>DVN OPs<\/li>\n<li>DVN OPb<\/li>\n<li>DVN 6201<\/li>\n<li>DVN 6205<\/li>\n<\/ul>\n<\/div><\/section><\/div>\n<\/div><\/div><\/div><!-- close content main div --><\/div><\/div>\n<style type=\"text\/css\" data-created_by=\"avia_inline_auto\" id=\"style-css-av-jvez7unp-8fe5dfe76af889a995b64f9ee1397e84\">\n.avia-section.av-jvez7unp-8fe5dfe76af889a995b64f9ee1397e84{\nbackground-color:#f2f2f2;\nbackground-image:unset;\n}\n<\/style>\n<div id='av_section_1'  class='avia-section av-jvez7unp-8fe5dfe76af889a995b64f9ee1397e84 main_color avia-section-default avia-no-border-styling  avia-builder-el-14  el_after_av_one_fourth  el_before_av_hr  avia-bg-style-scroll container_wrap fullsize'  ><div class='container av-section-cont-open' ><div class='template-page content  av-content-full alpha units'><div class='post-entry post-entry-type-page post-entry-46577'><div class='entry-content-wrapper clearfix'>\n<article  class='iconbox iconbox_left_content av-jvez3v8m-6571999ad6959da4bbfbe4931dd91cb9 av-icon-style-no-border  avia-builder-el-15  avia-builder-el-no-sibling '  itemscope=\"itemscope\" itemtype=\"https:\/\/schema.org\/CreativeWork\" ><div class=\"iconbox_icon heading-color\" aria-hidden='true' data-av_icon='\ue83f' data-av_iconfont='entypo-fontello'><\/div><div class=\"iconbox_content\"><header class=\"entry-content-header\"><h3 class='iconbox_content_title '  itemprop=\"headline\" >Remarque<\/h3><\/header><div class='iconbox_content_container '  itemprop=\"text\" ><p><strong>Le firmware N7 ne doit pas \u00eatre install\u00e9 sur la plateforme N6!<\/strong><\/p>\n<p>Ce firmware N7 n&#8217;est pas compatible avec le mat\u00e9riel N6 et provoquera une panne totale.<\/p>\n<p>Toute personne qui effectue une intervention manuelle dans le firmware malgr\u00e9 cet avertissement doit payer elle-m\u00eame la r\u00e9paration.<\/p>\n<p>Dans ce cas, la garantie ne s&#8217;applique pas !<\/p>\n<p>Le firmware N7 ne peut pas \u00eatre install\u00e9 sur la plateforme N6 sans intervention manuelle.<\/p>\n<\/div><\/div><footer class=\"entry-footer\"><\/footer><\/article>\n<\/div><\/div><\/div><!-- close content main div --><\/div><\/div><div id='after_section_1'  class='main_color av_default_container_wrap container_wrap fullsize'  ><div class='container av-section-cont-open' ><div class='template-page content  av-content-full alpha units'><div class='post-entry post-entry-type-page post-entry-46577'><div class='entry-content-wrapper clearfix'>\n\n<style type=\"text\/css\" data-created_by=\"avia_inline_auto\" id=\"style-css-av-jveygk6i-936fd8440ebcab7ca2f3979e39e0431a\">\n#top .hr.hr-invisible.av-jveygk6i-936fd8440ebcab7ca2f3979e39e0431a{\nheight:10px;\n}\n<\/style>\n<div  class='hr av-jveygk6i-936fd8440ebcab7ca2f3979e39e0431a hr-invisible  avia-builder-el-16  el_after_av_section  el_before_av_one_full  avia-builder-el-first '><span class='hr-inner '><span class=\"hr-inner-style\"><\/span><\/span><\/div>\n\n<style type=\"text\/css\" data-created_by=\"avia_inline_auto\" id=\"style-css-av-2pamkf-f7218b7fa6e8e9d89baf8e4335c14f14\">\n.flex_column.av-2pamkf-f7218b7fa6e8e9d89baf8e4335c14f14{\nborder-radius:0px 0px 0px 0px;\n-webkit-border-radius:0px 0px 0px 0px;\n-moz-border-radius:0px 0px 0px 0px;\n}\n<\/style>\n<div class='flex_column av-2pamkf-f7218b7fa6e8e9d89baf8e4335c14f14 av_one_full  avia-builder-el-17  el_after_av_hr  avia-builder-el-last  first flex_column_div av-zero-column-padding '   ><p><article  class='iconbox iconbox_left_content av-k9e21pvx-e3bddaca6e579d9dd3caee4765289f97  avia-builder-el-18  el_before_av_hr  avia-builder-el-first '  itemscope=\"itemscope\" itemtype=\"https:\/\/schema.org\/CreativeWork\" ><div class=\"iconbox_icon heading-color\" aria-hidden='true' data-av_icon='\ue81c' data-av_iconfont='entypo-fontello'><\/div><div class=\"iconbox_content\"><header class=\"entry-content-header\"><h3 class='iconbox_content_title '  itemprop=\"headline\" >Comment effectuer une mise \u00e0 jour du firmware ?<\/h3><\/header><div class='iconbox_content_container '  itemprop=\"text\" ><\/div><\/div><footer class=\"entry-footer\"><\/footer><\/article><br \/>\n\n<style type=\"text\/css\" data-created_by=\"avia_inline_auto\" id=\"style-css-av-jveyi1rd-7bc83045eb502216c722abf33f3bc33c\">\n#top .hr.hr-invisible.av-jveyi1rd-7bc83045eb502216c722abf33f3bc33c{\nheight:50px;\n}\n<\/style>\n<div  class='hr av-jveyi1rd-7bc83045eb502216c722abf33f3bc33c hr-invisible  avia-builder-el-19  el_after_av_icon_box  el_before_av_video '><span class='hr-inner '><span class=\"hr-inner-style\"><\/span><\/span><\/div><br \/>\n<div class=\"avia-video avia-video-16-9\" style=\"\" itemprop=\"video\" itemtype=\"https:\/\/schema.org\/VideoObject\" data-original_url=\"https:\/\/www.youtube.com\/watch?v=RQPkDDuodHM\"><div class=\"BorlabsCookie\"><div class=\"_brlbs-content-blocker\"> <div class=\"_brlbs-embed _brlbs-video-youtube\"> <img class=\"_brlbs-thumbnail\" src=\"https:\/\/www.dynavin.de\/wp-content\/plugins\/borlabs-cookie\/assets\/images\/cb-no-thumbnail.png\" alt=\"YouTube\"> <div class=\"_brlbs-caption\"> <p>By loading the video, you agree to YouTube's privacy policy.<br><a href=\"https:\/\/policies.google.com\/privacy?hl=en&amp;gl=en\" target=\"_blank\" rel=\"nofollow noopener noreferrer\">Learn more<\/a><\/p> <p><a class=\"_brlbs-btn _brlbs-icon-play-white\" href=\"#\" data-borlabs-cookie-unblock role=\"button\">Load video<\/a><\/p> <p><label><input type=\"checkbox\" name=\"unblockAll\" value=\"1\" checked> <small>Always unblock YouTube<\/small><\/label><\/p> <\/div> <\/div> <\/div><div class=\"borlabs-hide\" data-borlabs-cookie-type=\"content-blocker\" data-borlabs-cookie-id=\"youtube\"><script type=\"text\/template\">PGRpdiBjbGFzcz0nYXZpYS1pZnJhbWUtd3JhcCc+PGlmcmFtZSB0aXRsZT0iRHluYXZpbiBONiAtIFN5c3RlbXVwZGF0ZSIgd2lkdGg9IjE1MDAiIGhlaWdodD0iODQ0IiBzcmM9Imh0dHBzOi8vd3d3LnlvdXR1YmUtbm9jb29raWUuY29tL2VtYmVkL1JRUGtERHVvZEhNP2ZlYXR1cmU9b2VtYmVkIiBmcmFtZWJvcmRlcj0iMCIgYWxsb3c9ImFjY2VsZXJvbWV0ZXI7IGF1dG9wbGF5OyBjbGlwYm9hcmQtd3JpdGU7IGVuY3J5cHRlZC1tZWRpYTsgZ3lyb3Njb3BlOyBwaWN0dXJlLWluLXBpY3R1cmUiIGFsbG93ZnVsbHNjcmVlbj48L2lmcmFtZT48L2Rpdj4=<\/script><\/div><\/div><\/div><\/p><\/div>\n","protected":false},"excerpt":{"rendered":"<p>Pour presque tous les autoradios N6<\/p>\n","protected":false},"author":5,"featured_media":21067,"parent":46571,"menu_order":174,"comment_status":"closed","ping_status":"closed","template":"","meta":[],"categories":[970,971],"tags":[1137,1138,1139,1140,1141,1144,1145,1146,1148,1149,1150,1151,1152,1153,1154,1155,1157,1158,1159,1160,1161,1162,1163,1164,1165,1166,1167],"fahrzeughersteller":[],"firmware_updates":[1244],"acf":[],"yoast_head":"<!-- This site is optimized with the Yoast SEO Premium plugin v16.9 (Yoast SEO v17.8) - https:\/\/yoast.com\/wordpress\/plugins\/seo\/ -->\n<title>Firmware N6 &ndash; Dynavin<\/title>\n<meta name=\"description\" content=\"Pour presque tous les autoradios N6\" \/>\n<meta name=\"robots\" content=\"index, follow, max-snippet:-1, max-image-preview:large, max-video-preview:-1\" \/>\n<link rel=\"canonical\" href=\"https:\/\/www.dynavin.de\/fr\/downloads\/mises-a-jour-du-firmware\/n6-firmware\/\" \/>\n<meta property=\"og:locale\" content=\"fr_FR\" \/>\n<meta property=\"og:type\" content=\"article\" \/>\n<meta property=\"og:title\" content=\"Firmware N6\" \/>\n<meta property=\"og:description\" content=\"Pour presque tous les autoradios N6\" \/>\n<meta property=\"og:url\" content=\"https:\/\/www.dynavin.de\/fr\/downloads\/mises-a-jour-du-firmware\/n6-firmware\/\" \/>\n<meta property=\"og:site_name\" content=\"Dynavin\" \/>\n<meta property=\"article:publisher\" content=\"https:\/\/www.facebook.com\/dynavin.official\" \/>\n<meta property=\"article:modified_time\" content=\"2022-03-26T08:01:59+00:00\" \/>\n<meta property=\"og:image\" content=\"https:\/\/www.dynavin.de\/wp-content\/uploads\/Firmware-N6_tn.jpg\" \/>\n\t<meta property=\"og:image:width\" content=\"400\" \/>\n\t<meta property=\"og:image:height\" content=\"400\" \/>\n<meta name=\"twitter:card\" content=\"summary_large_image\" \/>\n<script type=\"application\/ld+json\" class=\"yoast-schema-graph\">{\"@context\":\"https:\/\/schema.org\",\"@graph\":[{\"@type\":\"Organization\",\"@id\":\"https:\/\/www.dynavin.de\/#organization\",\"name\":\"Dynavin GmbH\",\"url\":\"https:\/\/www.dynavin.de\/\",\"sameAs\":[\"https:\/\/www.facebook.com\/dynavin.official\",\"https:\/\/www.instagram.com\/dynavin.official\/?hl=en\",\"https:\/\/www.youtube.com\/user\/dynavin1\"],\"logo\":{\"@type\":\"ImageObject\",\"@id\":\"https:\/\/www.dynavin.de\/#logo\",\"inLanguage\":\"fr-FR\",\"url\":\"https:\/\/www.dynavin.de\/wp-content\/uploads\/2018\/12\/dynavin-logo.png\",\"contentUrl\":\"https:\/\/www.dynavin.de\/wp-content\/uploads\/2018\/12\/dynavin-logo.png\",\"width\":340,\"height\":156,\"caption\":\"Dynavin GmbH\"},\"image\":{\"@id\":\"https:\/\/www.dynavin.de\/#logo\"}},{\"@type\":\"WebSite\",\"@id\":\"https:\/\/www.dynavin.de\/#website\",\"url\":\"https:\/\/www.dynavin.de\/\",\"name\":\"Dynavin\",\"description\":\"Navigation and Multimedia Solutions\",\"publisher\":{\"@id\":\"https:\/\/www.dynavin.de\/#organization\"},\"potentialAction\":[{\"@type\":\"SearchAction\",\"target\":{\"@type\":\"EntryPoint\",\"urlTemplate\":\"https:\/\/www.dynavin.de\/?s={search_term_string}\"},\"query-input\":\"required name=search_term_string\"}],\"inLanguage\":\"fr-FR\"},{\"@type\":\"ImageObject\",\"@id\":\"https:\/\/www.dynavin.de\/fr\/downloads\/mises-a-jour-du-firmware\/n6-firmware\/#primaryimage\",\"inLanguage\":\"fr-FR\",\"url\":\"https:\/\/www.dynavin.de\/wp-content\/uploads\/Firmware-N6_tn.jpg\",\"contentUrl\":\"https:\/\/www.dynavin.de\/wp-content\/uploads\/Firmware-N6_tn.jpg\",\"width\":400,\"height\":400,\"caption\":\"Firmware-N6\"},{\"@type\":\"WebPage\",\"@id\":\"https:\/\/www.dynavin.de\/fr\/downloads\/mises-a-jour-du-firmware\/n6-firmware\/#webpage\",\"url\":\"https:\/\/www.dynavin.de\/fr\/downloads\/mises-a-jour-du-firmware\/n6-firmware\/\",\"name\":\"Firmware N6 &ndash; Dynavin\",\"isPartOf\":{\"@id\":\"https:\/\/www.dynavin.de\/#website\"},\"primaryImageOfPage\":{\"@id\":\"https:\/\/www.dynavin.de\/fr\/downloads\/mises-a-jour-du-firmware\/n6-firmware\/#primaryimage\"},\"datePublished\":\"2022-03-26T08:01:50+00:00\",\"dateModified\":\"2022-03-26T08:01:59+00:00\",\"description\":\"Pour presque tous les autoradios N6\",\"breadcrumb\":{\"@id\":\"https:\/\/www.dynavin.de\/fr\/downloads\/mises-a-jour-du-firmware\/n6-firmware\/#breadcrumb\"},\"inLanguage\":\"fr-FR\",\"potentialAction\":[{\"@type\":\"ReadAction\",\"target\":[\"https:\/\/www.dynavin.de\/fr\/downloads\/mises-a-jour-du-firmware\/n6-firmware\/\"]}]},{\"@type\":\"BreadcrumbList\",\"@id\":\"https:\/\/www.dynavin.de\/fr\/downloads\/mises-a-jour-du-firmware\/n6-firmware\/#breadcrumb\",\"itemListElement\":[{\"@type\":\"ListItem\",\"position\":1,\"name\":\"Startseite\",\"item\":\"https:\/\/www.dynavin.de\/fr\/\"},{\"@type\":\"ListItem\",\"position\":2,\"name\":\"Downloads\",\"item\":\"https:\/\/www.dynavin.de\/fr\/downloads\/\"},{\"@type\":\"ListItem\",\"position\":3,\"name\":\"Mises \\u00e0 jour du firmware\",\"item\":\"https:\/\/www.dynavin.de\/fr\/downloads\/mises-a-jour-du-firmware\/\"},{\"@type\":\"ListItem\",\"position\":4,\"name\":\"Firmware N6\"}]}]}<\/script>\n<!-- \/ Yoast SEO Premium plugin. -->","yoast_head_json":{"title":"Firmware N6 &ndash; Dynavin","description":"Pour presque tous les autoradios N6","robots":{"index":"index","follow":"follow","max-snippet":"max-snippet:-1","max-image-preview":"max-image-preview:large","max-video-preview":"max-video-preview:-1"},"canonical":"https:\/\/www.dynavin.de\/fr\/downloads\/mises-a-jour-du-firmware\/n6-firmware\/","og_locale":"fr_FR","og_type":"article","og_title":"Firmware N6","og_description":"Pour presque tous les autoradios N6","og_url":"https:\/\/www.dynavin.de\/fr\/downloads\/mises-a-jour-du-firmware\/n6-firmware\/","og_site_name":"Dynavin","article_publisher":"https:\/\/www.facebook.com\/dynavin.official","article_modified_time":"2022-03-26T08:01:59+00:00","og_image":[{"width":400,"height":400,"url":"https:\/\/www.dynavin.de\/wp-content\/uploads\/Firmware-N6_tn.jpg","type":"image\/jpeg"}],"twitter_card":"summary_large_image","schema":{"@context":"https:\/\/schema.org","@graph":[{"@type":"Organization","@id":"https:\/\/www.dynavin.de\/#organization","name":"Dynavin GmbH","url":"https:\/\/www.dynavin.de\/","sameAs":["https:\/\/www.facebook.com\/dynavin.official","https:\/\/www.instagram.com\/dynavin.official\/?hl=en","https:\/\/www.youtube.com\/user\/dynavin1"],"logo":{"@type":"ImageObject","@id":"https:\/\/www.dynavin.de\/#logo","inLanguage":"fr-FR","url":"https:\/\/www.dynavin.de\/wp-content\/uploads\/2018\/12\/dynavin-logo.png","contentUrl":"https:\/\/www.dynavin.de\/wp-content\/uploads\/2018\/12\/dynavin-logo.png","width":340,"height":156,"caption":"Dynavin GmbH"},"image":{"@id":"https:\/\/www.dynavin.de\/#logo"}},{"@type":"WebSite","@id":"https:\/\/www.dynavin.de\/#website","url":"https:\/\/www.dynavin.de\/","name":"Dynavin","description":"Navigation and Multimedia Solutions","publisher":{"@id":"https:\/\/www.dynavin.de\/#organization"},"potentialAction":[{"@type":"SearchAction","target":{"@type":"EntryPoint","urlTemplate":"https:\/\/www.dynavin.de\/?s={search_term_string}"},"query-input":"required name=search_term_string"}],"inLanguage":"fr-FR"},{"@type":"ImageObject","@id":"https:\/\/www.dynavin.de\/fr\/downloads\/mises-a-jour-du-firmware\/n6-firmware\/#primaryimage","inLanguage":"fr-FR","url":"https:\/\/www.dynavin.de\/wp-content\/uploads\/Firmware-N6_tn.jpg","contentUrl":"https:\/\/www.dynavin.de\/wp-content\/uploads\/Firmware-N6_tn.jpg","width":400,"height":400,"caption":"Firmware-N6"},{"@type":"WebPage","@id":"https:\/\/www.dynavin.de\/fr\/downloads\/mises-a-jour-du-firmware\/n6-firmware\/#webpage","url":"https:\/\/www.dynavin.de\/fr\/downloads\/mises-a-jour-du-firmware\/n6-firmware\/","name":"Firmware N6 &ndash; Dynavin","isPartOf":{"@id":"https:\/\/www.dynavin.de\/#website"},"primaryImageOfPage":{"@id":"https:\/\/www.dynavin.de\/fr\/downloads\/mises-a-jour-du-firmware\/n6-firmware\/#primaryimage"},"datePublished":"2022-03-26T08:01:50+00:00","dateModified":"2022-03-26T08:01:59+00:00","description":"Pour presque tous les autoradios N6","breadcrumb":{"@id":"https:\/\/www.dynavin.de\/fr\/downloads\/mises-a-jour-du-firmware\/n6-firmware\/#breadcrumb"},"inLanguage":"fr-FR","potentialAction":[{"@type":"ReadAction","target":["https:\/\/www.dynavin.de\/fr\/downloads\/mises-a-jour-du-firmware\/n6-firmware\/"]}]},{"@type":"BreadcrumbList","@id":"https:\/\/www.dynavin.de\/fr\/downloads\/mises-a-jour-du-firmware\/n6-firmware\/#breadcrumb","itemListElement":[{"@type":"ListItem","position":1,"name":"Startseite","item":"https:\/\/www.dynavin.de\/fr\/"},{"@type":"ListItem","position":2,"name":"Downloads","item":"https:\/\/www.dynavin.de\/fr\/downloads\/"},{"@type":"ListItem","position":3,"name":"Mises \u00e0 jour du firmware","item":"https:\/\/www.dynavin.de\/fr\/downloads\/mises-a-jour-du-firmware\/"},{"@type":"ListItem","position":4,"name":"Firmware N6"}]}]}},"_links":{"self":[{"href":"https:\/\/www.dynavin.de\/fr\/wp-json\/wp\/v2\/pages\/46577"}],"collection":[{"href":"https:\/\/www.dynavin.de\/fr\/wp-json\/wp\/v2\/pages"}],"about":[{"href":"https:\/\/www.dynavin.de\/fr\/wp-json\/wp\/v2\/types\/page"}],"author":[{"embeddable":true,"href":"https:\/\/www.dynavin.de\/fr\/wp-json\/wp\/v2\/users\/5"}],"replies":[{"embeddable":true,"href":"https:\/\/www.dynavin.de\/fr\/wp-json\/wp\/v2\/comments?post=46577"}],"version-history":[{"count":0,"href":"https:\/\/www.dynavin.de\/fr\/wp-json\/wp\/v2\/pages\/46577\/revisions"}],"up":[{"embeddable":true,"href":"https:\/\/www.dynavin.de\/fr\/wp-json\/wp\/v2\/pages\/46571"}],"wp:featuredmedia":[{"embeddable":true,"href":"https:\/\/www.dynavin.de\/fr\/wp-json\/wp\/v2\/media\/21067"}],"wp:attachment":[{"href":"https:\/\/www.dynavin.de\/fr\/wp-json\/wp\/v2\/media?parent=46577"}],"wp:term":[{"taxonomy":"category","embeddable":true,"href":"https:\/\/www.dynavin.de\/fr\/wp-json\/wp\/v2\/categories?post=46577"},{"taxonomy":"post_tag","embeddable":true,"href":"https:\/\/www.dynavin.de\/fr\/wp-json\/wp\/v2\/tags?post=46577"},{"taxonomy":"fahrzeughersteller","embeddable":true,"href":"https:\/\/www.dynavin.de\/fr\/wp-json\/wp\/v2\/fahrzeughersteller?post=46577"},{"taxonomy":"firmware_updates","embeddable":true,"href":"https:\/\/www.dynavin.de\/fr\/wp-json\/wp\/v2\/firmware_updates?post=46577"}],"curies":[{"name":"wp","href":"https:\/\/api.w.org\/{rel}","templated":true}]}}