{"id":46488,"date":"2022-03-25T10:05:28","date_gmt":"2022-03-25T09:05:28","guid":{"rendered":"https:\/\/www.dynavin.de\/produits\/camping-cars-et-vehicule-utilitaires\/accessoires-pour-camping-cars-et-vehicules-utilitaires\/"},"modified":"2022-03-25T10:05:31","modified_gmt":"2022-03-25T09:05:31","slug":"accessoires-pour-camping-cars-et-vehicules-utilitaires","status":"publish","type":"page","link":"https:\/\/www.dynavin.de\/fr\/produit\/camping-cars-et-vehicule-utilitaires\/accessoires-pour-camping-cars-et-vehicules-utilitaires\/","title":{"rendered":"Accessoires pour camping-cars et v\u00e9hicules utilitaires"},"content":{"rendered":"<\/p>\n\n<style type=\"text\/css\" data-created_by=\"avia_inline_auto\" id=\"style-css-av-88abq-8cee4c6a9ce8e456d4c338bfc9b658a0\">\n.flex_column.av-88abq-8cee4c6a9ce8e456d4c338bfc9b658a0{\nborder-radius:0px 0px 0px 0px;\n-webkit-border-radius:0px 0px 0px 0px;\n-moz-border-radius:0px 0px 0px 0px;\n}\n<\/style>\n<div class='flex_column av-88abq-8cee4c6a9ce8e456d4c338bfc9b658a0 av_one_full  avia-builder-el-0  avia-builder-el-no-sibling  first flex_column_div av-zero-column-padding '   ><section  class='av_textblock_section av-k4chcau8-61ff88b0d18e2775d3b2ec8e9d1b104e'  itemscope=\"itemscope\" itemtype=\"https:\/\/schema.org\/CreativeWork\" ><div class='avia_textblock'  itemprop=\"text\" ><h4>Accessoires pour camping-cars et v\u00e9hicules utilitaires<\/h4>\n<div class=\"pt-cv-wrapper\"><div class=\"pt-cv-view pt-cv-pinterest pt-cv-colsys pt-cv-border pt-cv-no-bb pt-cv-left\" id=\"pt-cv-view-15c63bchme\"><div data-id=\"pt-cv-page-1\" class=\"pt-cv-page\" data-cvc=\"5\"><div class=\"col-md-2 col-sm-6 col-xs-12 pt-cv-content-item pt-cv-1-col\"  data-pid=\"67853\"><div class='pt-cv-pinmas'><a href=\"https:\/\/www.dynavin.de\/fr\/produits\/produits\/camping-cars-et-vehicule-utilitaires\/accessoires-pour-camping-cars-et-vehicules-utilitaires\/unterstuetzung-der-telefontaste-der-lenkradsteuerung-am-ducato-8-durch-dvn-dclin01\/\" class=\"_self pt-cv-href-thumbnail pt-cv-thumb-default cvplbd cvp-lazy-container\" target=\"_self\" ><img width=\"300\" height=\"300\" src=\"https:\/\/www.dynavin.de\/wp-content\/plugins\/pt-content-views-pro\/public\/assets\/images\/lazy_image.png\" class=\"pt-cv-thumbnail img-none noLightbox  no-lazyload skip-lazy wvs-attachment-image cvplazy\" alt=\"Prise en charge du bouton de t\u00e9l\u00e9phone des commandes au volant sur le Ducato 8 par DVN-DCLIN01\" data-cvpsrc=\"https:\/\/www.dynavin.de\/wp-content\/uploads\/1657100362-DVNDCLIN01-300X300.png\" data-xooWscFly=\"fly\" \/><\/a><div class=\"product_desc\">\n<div class=\"pt-cv-ctf-list\" data-cvc=\"1\"><div class=\"col-md-12 pt-cv-ctf-column\"><div class=\"pt-cv-custom-fields pt-cv-ctf-produkt-ref\"><div class=\"pt-cv-ctf-value\">DVN-DCLIN01<\/div><\/div><\/div><\/div>\n<div class=\"pt-cv-content\">Prise<br \/><div class=\"product-price-custom\"><span class=\"price-label\">\u00e0 partir de<\/span>&nbsp<span class=\"price-integer\">79<\/span><span class=\"price-decimal\">,00<\/span>&nbsp<span class=\"price-currency\">\u20ac<\/span><\/div><\/div><\/div><\/div><\/div>\n<div class=\"col-md-2 col-sm-6 col-xs-12 pt-cv-content-item pt-cv-1-col\"  data-pid=\"51476\"><div class='pt-cv-pinmas'><a href=\"https:\/\/www.dynavin.de\/fr\/produits\/produits\/carhifi\/accessoires-pour-carhifi\/digitalradio-tuner-n7-dab\/\" class=\"_self pt-cv-href-thumbnail pt-cv-thumb-default cvplbd cvp-lazy-container\" target=\"_self\" ><img width=\"300\" height=\"300\" src=\"https:\/\/www.dynavin.de\/wp-content\/plugins\/pt-content-views-pro\/public\/assets\/images\/lazy_image.png\" class=\"pt-cv-thumbnail img-none noLightbox  no-lazyload skip-lazy wvs-attachment-image cvplazy\" alt=\"Tuner radio num\u00e9rique N7-DAB+\" data-cvpsrc=\"https:\/\/www.dynavin.de\/wp-content\/uploads\/dab-plus_tn.png\" data-xooWscFly=\"fly\" \/><\/a><div class=\"product_desc\">\n<div class=\"pt-cv-ctf-list\" data-cvc=\"1\"><div class=\"col-md-12 pt-cv-ctf-column\"><div class=\"pt-cv-custom-fields pt-cv-ctf-produkt-ref\"><div class=\"pt-cv-ctf-value\">N7-DAB+<\/div><\/div><\/div><\/div>\n<div class=\"pt-cv-content\">Tuner<br \/><div class=\"product-price-custom\"><span class=\"price-label\">\u00e0 partir de<\/span>&nbsp<span class=\"price-integer\">99<\/span><span class=\"price-decimal\">,00<\/span>&nbsp<span class=\"price-currency\">\u20ac<\/span><\/div><\/div><\/div><\/div><\/div>\n<div class=\"col-md-2 col-sm-6 col-xs-12 pt-cv-content-item pt-cv-1-col\"  data-pid=\"85689\"><div class='pt-cv-pinmas'><a href=\"https:\/\/www.dynavin.de\/fr\/produits\/produits\/camping-cars-et-vehicule-utilitaires\/accessoires-pour-camping-cars-et-vehicules-utilitaires\/cache-radio-dynavin-avec-adaptateur-dantenne-dvn-aptdc8-pour-fiat-ducato-a-partir-de-2021\/\" class=\"_self pt-cv-href-thumbnail pt-cv-thumb-default cvplbd cvp-lazy-container\" target=\"_self\" ><img width=\"300\" height=\"300\" src=\"https:\/\/www.dynavin.de\/wp-content\/plugins\/pt-content-views-pro\/public\/assets\/images\/lazy_image.png\" class=\"pt-cv-thumbnail img-none noLightbox  no-lazyload skip-lazy wvs-attachment-image cvplazy\" alt=\"Cadre radio Dynavin avec C\u00e2ble d&#039;adaptateur DVN-APTDC8 pour Fiat Ducato 8 \u00e0 partir de 2021 et Ducato 9 \u00e0 partir de 2024\" data-cvpsrc=\"https:\/\/www.dynavin.de\/wp-content\/uploads\/1745052389-DVN-APTDC8-300X300.jpg\" data-xooWscFly=\"fly\" \/><\/a><div class=\"product_desc\">\n<div class=\"pt-cv-ctf-list\" data-cvc=\"1\"><div class=\"col-md-12 pt-cv-ctf-column\"><div class=\"pt-cv-custom-fields pt-cv-ctf-produkt-ref\"><div class=\"pt-cv-ctf-value\">DVN-APTDC8<\/div><\/div><\/div><\/div>\n<div class=\"pt-cv-content\">Cadre<br \/><div class=\"product-price-custom\"><span class=\"price-label\">\u00e0 partir de<\/span>&nbsp<span class=\"price-integer\">19<\/span><span class=\"price-decimal\">,00<\/span>&nbsp<span class=\"price-currency\">\u20ac<\/span><\/div><\/div><\/div><\/div><\/div>\n<div class=\"col-md-2 col-sm-6 col-xs-12 pt-cv-content-item pt-cv-1-col\"  data-pid=\"51748\"><div class='pt-cv-pinmas'><a href=\"https:\/\/www.dynavin.de\/fr\/produits\/produits\/camping-cars-et-vehicule-utilitaires\/accessoires-pour-camping-cars-et-vehicules-utilitaires\/can-bus-adapter-dvn-uft02-fuer-fiat-ducato-ab-2014\/\" class=\"_self pt-cv-href-thumbnail pt-cv-thumb-default cvplbd cvp-lazy-container\" target=\"_self\" ><img width=\"300\" height=\"300\" src=\"https:\/\/www.dynavin.de\/wp-content\/plugins\/pt-content-views-pro\/public\/assets\/images\/lazy_image.png\" class=\"pt-cv-thumbnail img-none noLightbox  no-lazyload skip-lazy wvs-attachment-image cvplazy\" alt=\"Adaptateur de bus CAN D8-UFT02 pour Fiat Ducato, Citroen Jumper et Peugeot Boxer\" data-cvpsrc=\"https:\/\/www.dynavin.de\/wp-content\/uploads\/1716427663-D8-UFT02-300X300.jpg\" data-xooWscFly=\"fly\" \/><\/a><div class=\"product_desc\">\n<div class=\"pt-cv-ctf-list\" data-cvc=\"1\"><div class=\"col-md-12 pt-cv-ctf-column\"><div class=\"pt-cv-custom-fields pt-cv-ctf-produkt-ref\"><div class=\"pt-cv-ctf-value\">D8-UFT02<\/div><\/div><\/div><\/div>\n<div class=\"pt-cv-content\">Adaptateur<br \/><div class=\"product-price-custom\"><span class=\"price-label\">\u00e0 partir de<\/span>&nbsp<span class=\"price-integer\">109<\/span><span class=\"price-decimal\">,00<\/span>&nbsp<span class=\"price-currency\">\u20ac<\/span><\/div><\/div><\/div><\/div><\/div>\n<div class=\"col-md-4 col-sm-6 col-xs-12 pt-cv-content-item pt-cv-1-col\"  data-pid=\"51759\"><div class='pt-cv-pinmas'><a href=\"https:\/\/www.dynavin.de\/fr\/produits\/produits\/camping-cars-et-vehicule-utilitaires\/accessoires-pour-camping-cars-et-vehicules-utilitaires\/obd-adapter\/\" class=\"_self pt-cv-href-thumbnail pt-cv-thumb-default cvplbd cvp-lazy-container\" target=\"_self\" ><img width=\"300\" height=\"300\" src=\"https:\/\/www.dynavin.de\/wp-content\/plugins\/pt-content-views-pro\/public\/assets\/images\/lazy_image.png\" class=\"pt-cv-thumbnail img-none noLightbox  no-lazyload skip-lazy wvs-attachment-image cvplazy\" alt=\"Adaptateur OBD\" data-cvpsrc=\"https:\/\/www.dynavin.de\/wp-content\/uploads\/1647946117-DVN-OBD.png\" data-xooWscFly=\"fly\" \/><\/a><div class=\"product_desc\">\n<div class=\"pt-cv-ctf-list\" data-cvc=\"1\"><div class=\"col-md-12 pt-cv-ctf-column\"><div class=\"pt-cv-custom-fields pt-cv-ctf-produkt-ref\"><div class=\"pt-cv-ctf-value\">DVN OBD<\/div><\/div><\/div><\/div>\n<div class=\"pt-cv-content\">Adaptateur<br \/><div class=\"product-price-custom\"><span class=\"price-label\">\u00e0 partir de<\/span>&nbsp<span class=\"price-integer\">99<\/span><span class=\"price-decimal\">,00<\/span>&nbsp<span class=\"price-currency\">\u20ac<\/span><\/div><\/div><\/div><\/div><\/div>\n<div class=\"col-md-2 col-sm-6 col-xs-12 pt-cv-content-item pt-cv-1-col\"  data-pid=\"45910\"><div class='pt-cv-pinmas'><a href=\"https:\/\/www.dynavin.de\/fr\/produits\/produits\/logiciel-de-navigation-igo-primo\/\" class=\"_self pt-cv-href-thumbnail pt-cv-thumb-default cvplbd cvp-lazy-container\" target=\"_self\" ><img width=\"300\" height=\"300\" src=\"https:\/\/www.dynavin.de\/wp-content\/plugins\/pt-content-views-pro\/public\/assets\/images\/lazy_image.png\" class=\"pt-cv-thumbnail img-none noLightbox  no-lazyload skip-lazy wvs-attachment-image cvplazy\" alt=\"Logiciel de navigation iGO Primo\" data-cvpsrc=\"https:\/\/www.dynavin.de\/wp-content\/uploads\/igo-primo_tn.png\" data-xooWscFly=\"fly\" \/><\/a><div class=\"product_desc\">\n<div class=\"pt-cv-ctf-list\" data-cvc=\"1\"><div class=\"col-md-12 pt-cv-ctf-column\"><div class=\"pt-cv-custom-fields pt-cv-ctf-produkt-ref\"><div class=\"pt-cv-ctf-value\">iGo Primo Europe For Dynavin N6 & N7<\/div><\/div><\/div><\/div>\n<div class=\"pt-cv-content\">Logiciel<br \/><div class=\"product-price-custom\"><span class=\"price-label\">\u00e0 partir de<\/span>&nbsp<span class=\"price-integer\">109<\/span><span class=\"price-decimal\">,00<\/span>&nbsp<span class=\"price-currency\">\u20ac<\/span><\/div><\/div><\/div><\/div><\/div>\n<div class=\"col-md-2 col-sm-6 col-xs-12 pt-cv-content-item pt-cv-1-col\"  data-pid=\"51774\"><div class='pt-cv-pinmas'><a href=\"https:\/\/www.dynavin.de\/fr\/produits\/produits\/camping-cars-et-vehicule-utilitaires\/accessoires-pour-camping-cars-et-vehicules-utilitaires\/usb-adapter\/\" class=\"_self pt-cv-href-thumbnail pt-cv-thumb-default cvplbd cvp-lazy-container\" target=\"_self\" ><img width=\"300\" height=\"300\" src=\"https:\/\/www.dynavin.de\/wp-content\/plugins\/pt-content-views-pro\/public\/assets\/images\/lazy_image.png\" class=\"pt-cv-thumbnail img-none noLightbox  no-lazyload skip-lazy wvs-attachment-image cvplazy\" alt=\"USB-Adapter\" data-cvpsrc=\"https:\/\/www.dynavin.de\/wp-content\/uploads\/usb-adapter_tn.png\" data-xooWscFly=\"fly\" \/><\/a><div class=\"product_desc\">\n<div class=\"pt-cv-ctf-list\" data-cvc=\"1\"><div class=\"col-md-12 pt-cv-ctf-column\"><div class=\"pt-cv-custom-fields pt-cv-ctf-produkt-ref\"><div class=\"pt-cv-ctf-value\">USB-Adapter<\/div><\/div><\/div><\/div>\n<div class=\"pt-cv-content\">Adaptateur<br \/><div class=\"product-price-custom\"><span class=\"price-label\">\u00e0 partir de<\/span>&nbsp<span class=\"price-integer\">0<\/span><span class=\"price-decimal\">,00<\/span>&nbsp<span class=\"price-currency\">\u20ac<\/span><\/div><\/div><\/div><\/div><\/div><\/div><\/div><\/div>\t\t\t<style type=\"text\/css\" id=\"pt-cv-inline-style-9109821se5\">#pt-cv-view-15c63bchme .pt-cv-content-item { padding-top: 10px !important; padding-left: 10px !important; padding-bottom: 20px !important; padding-right: 10px !important; }\n#pt-cv-view-15c63bchme  { margin-left: -10px !important; margin-right: -10px !important; }\n#pt-cv-view-15c63bchme .pt-cv-pinmas { padding-top: 0px !important; padding-left: 0px !important; padding-bottom: 0px !important; padding-right: 0px !important; }\n#pt-cv-view-15c63bchme .pt-cv-title a, #pt-cv-view-15c63bchme  .panel-title { font-weight: 600 !important; }\n#pt-cv-view-15c63bchme .pt-cv-custom-fields * { font-weight: 600 !important; }\n#pt-cv-view-15c63bchme .pt-cv-readmore  { color: #ffffff !important; background-color: #0099cc !important; }\n#pt-cv-view-15c63bchme .pt-cv-readmore:hover  { color: #ffffff !important; background-color: #0099cc !important; }\n#pt-cv-view-15c63bchme  + .pt-cv-pagination-wrapper .pt-cv-more , #pt-cv-view-15c63bchme  + .pt-cv-pagination-wrapper .pagination .active a { color: #ffffff !important; background-color: #00aeef !important; }\n#pt-cv-view-15c63bchme { text-align: left; }<\/style>\r\n\t\t\t\n<\/div><\/section><\/div>\n","protected":false},"excerpt":{"rendered":"<p>DAB+,  adaptateurs<\/p>\n","protected":false},"author":5,"featured_media":64063,"parent":46361,"menu_order":51,"comment_status":"closed","ping_status":"closed","template":"","meta":[],"categories":[],"tags":[],"fahrzeughersteller":[],"firmware_updates":[],"acf":[],"yoast_head":"<!-- This site is optimized with the Yoast SEO Premium plugin v16.9 (Yoast SEO v17.8) - https:\/\/yoast.com\/wordpress\/plugins\/seo\/ -->\n<title>Accessoires pour camping-cars et v\u00e9hicules utilitaires &ndash; Dynavin<\/title>\n<meta name=\"description\" content=\"Accessoires pour camping-cars et v\u00e9hicules utilitaires, adaptateur CAN Ducato, tuner DVB-T2, bo\u00eetier OBD, adaptateurs USB\" \/>\n<meta name=\"robots\" content=\"index, follow, max-snippet:-1, max-image-preview:large, max-video-preview:-1\" \/>\n<link rel=\"canonical\" href=\"https:\/\/www.dynavin.de\/fr\/produit\/camping-cars-et-vehicule-utilitaires\/accessoires-pour-camping-cars-et-vehicules-utilitaires\/\" \/>\n<meta property=\"og:locale\" content=\"fr_FR\" \/>\n<meta property=\"og:type\" content=\"article\" \/>\n<meta property=\"og:title\" content=\"Accessoires pour camping-cars et v\u00e9hicules utilitaires\" \/>\n<meta property=\"og:description\" content=\"DAB+, adaptateurs\" \/>\n<meta property=\"og:url\" content=\"https:\/\/www.dynavin.de\/fr\/produit\/camping-cars-et-vehicule-utilitaires\/accessoires-pour-camping-cars-et-vehicules-utilitaires\/\" \/>\n<meta property=\"og:site_name\" content=\"Dynavin\" \/>\n<meta property=\"article:publisher\" content=\"https:\/\/www.facebook.com\/dynavin.official\" \/>\n<meta property=\"article:modified_time\" content=\"2022-03-25T09:05:31+00:00\" \/>\n<meta property=\"og:image\" content=\"https:\/\/www.dynavin.de\/wp-content\/uploads\/1648196478-DVN-UFT02-300X300.png\" \/>\n\t<meta property=\"og:image:width\" content=\"300\" \/>\n\t<meta property=\"og:image:height\" content=\"300\" \/>\n<meta name=\"twitter:card\" content=\"summary_large_image\" \/>\n<script type=\"application\/ld+json\" class=\"yoast-schema-graph\">{\"@context\":\"https:\/\/schema.org\",\"@graph\":[{\"@type\":\"Organization\",\"@id\":\"https:\/\/www.dynavin.de\/#organization\",\"name\":\"Dynavin GmbH\",\"url\":\"https:\/\/www.dynavin.de\/\",\"sameAs\":[\"https:\/\/www.facebook.com\/dynavin.official\",\"https:\/\/www.instagram.com\/dynavin.official\/?hl=en\",\"https:\/\/www.youtube.com\/user\/dynavin1\"],\"logo\":{\"@type\":\"ImageObject\",\"@id\":\"https:\/\/www.dynavin.de\/#logo\",\"inLanguage\":\"fr-FR\",\"url\":\"https:\/\/www.dynavin.de\/wp-content\/uploads\/2018\/12\/dynavin-logo.png\",\"contentUrl\":\"https:\/\/www.dynavin.de\/wp-content\/uploads\/2018\/12\/dynavin-logo.png\",\"width\":340,\"height\":156,\"caption\":\"Dynavin GmbH\"},\"image\":{\"@id\":\"https:\/\/www.dynavin.de\/#logo\"}},{\"@type\":\"WebSite\",\"@id\":\"https:\/\/www.dynavin.de\/#website\",\"url\":\"https:\/\/www.dynavin.de\/\",\"name\":\"Dynavin\",\"description\":\"Navigation and Multimedia Solutions\",\"publisher\":{\"@id\":\"https:\/\/www.dynavin.de\/#organization\"},\"potentialAction\":[{\"@type\":\"SearchAction\",\"target\":{\"@type\":\"EntryPoint\",\"urlTemplate\":\"https:\/\/www.dynavin.de\/?s={search_term_string}\"},\"query-input\":\"required name=search_term_string\"}],\"inLanguage\":\"fr-FR\"},{\"@type\":\"ImageObject\",\"@id\":\"https:\/\/www.dynavin.de\/fr\/produit\/camping-cars-et-vehicule-utilitaires\/accessoires-pour-camping-cars-et-vehicules-utilitaires\/#primaryimage\",\"inLanguage\":\"fr-FR\",\"url\":\"https:\/\/www.dynavin.de\/wp-content\/uploads\/1648196478-DVN-UFT02-300X300.png\",\"contentUrl\":\"https:\/\/www.dynavin.de\/wp-content\/uploads\/1648196478-DVN-UFT02-300X300.png\",\"width\":300,\"height\":300},{\"@type\":\"WebPage\",\"@id\":\"https:\/\/www.dynavin.de\/fr\/produit\/camping-cars-et-vehicule-utilitaires\/accessoires-pour-camping-cars-et-vehicules-utilitaires\/#webpage\",\"url\":\"https:\/\/www.dynavin.de\/fr\/produit\/camping-cars-et-vehicule-utilitaires\/accessoires-pour-camping-cars-et-vehicules-utilitaires\/\",\"name\":\"Accessoires pour camping-cars et v\\u00e9hicules utilitaires &ndash; Dynavin\",\"isPartOf\":{\"@id\":\"https:\/\/www.dynavin.de\/#website\"},\"primaryImageOfPage\":{\"@id\":\"https:\/\/www.dynavin.de\/fr\/produit\/camping-cars-et-vehicule-utilitaires\/accessoires-pour-camping-cars-et-vehicules-utilitaires\/#primaryimage\"},\"datePublished\":\"2022-03-25T09:05:28+00:00\",\"dateModified\":\"2022-03-25T09:05:31+00:00\",\"description\":\"Accessoires pour camping-cars et v\\u00e9hicules utilitaires, adaptateur CAN Ducato, tuner DVB-T2, bo\\u00eetier OBD, adaptateurs USB\",\"breadcrumb\":{\"@id\":\"https:\/\/www.dynavin.de\/fr\/produit\/camping-cars-et-vehicule-utilitaires\/accessoires-pour-camping-cars-et-vehicules-utilitaires\/#breadcrumb\"},\"inLanguage\":\"fr-FR\",\"potentialAction\":[{\"@type\":\"ReadAction\",\"target\":[\"https:\/\/www.dynavin.de\/fr\/produit\/camping-cars-et-vehicule-utilitaires\/accessoires-pour-camping-cars-et-vehicules-utilitaires\/\"]}]},{\"@type\":\"BreadcrumbList\",\"@id\":\"https:\/\/www.dynavin.de\/fr\/produit\/camping-cars-et-vehicule-utilitaires\/accessoires-pour-camping-cars-et-vehicules-utilitaires\/#breadcrumb\",\"itemListElement\":[{\"@type\":\"ListItem\",\"position\":1,\"name\":\"Startseite\",\"item\":\"https:\/\/www.dynavin.de\/fr\/\"},{\"@type\":\"ListItem\",\"position\":2,\"name\":\"Produits\",\"item\":\"https:\/\/www.dynavin.de\/fr\/produit\/\"},{\"@type\":\"ListItem\",\"position\":3,\"name\":\"Camping-cars et v\\u00e9hicules utilitaires\",\"item\":\"https:\/\/www.dynavin.de\/fr\/produit\/camping-cars-et-vehicule-utilitaires\/\"},{\"@type\":\"ListItem\",\"position\":4,\"name\":\"Accessoires pour camping-cars et v\\u00e9hicules utilitaires\"}]}]}<\/script>\n<!-- \/ Yoast SEO Premium plugin. -->","yoast_head_json":{"title":"Accessoires pour camping-cars et v\u00e9hicules utilitaires &ndash; Dynavin","description":"Accessoires pour camping-cars et v\u00e9hicules utilitaires, adaptateur CAN Ducato, tuner DVB-T2, bo\u00eetier OBD, adaptateurs USB","robots":{"index":"index","follow":"follow","max-snippet":"max-snippet:-1","max-image-preview":"max-image-preview:large","max-video-preview":"max-video-preview:-1"},"canonical":"https:\/\/www.dynavin.de\/fr\/produit\/camping-cars-et-vehicule-utilitaires\/accessoires-pour-camping-cars-et-vehicules-utilitaires\/","og_locale":"fr_FR","og_type":"article","og_title":"Accessoires pour camping-cars et v\u00e9hicules utilitaires","og_description":"DAB+, adaptateurs","og_url":"https:\/\/www.dynavin.de\/fr\/produit\/camping-cars-et-vehicule-utilitaires\/accessoires-pour-camping-cars-et-vehicules-utilitaires\/","og_site_name":"Dynavin","article_publisher":"https:\/\/www.facebook.com\/dynavin.official","article_modified_time":"2022-03-25T09:05:31+00:00","og_image":[{"width":300,"height":300,"url":"https:\/\/www.dynavin.de\/wp-content\/uploads\/1648196478-DVN-UFT02-300X300.png","type":"image\/png"}],"twitter_card":"summary_large_image","schema":{"@context":"https:\/\/schema.org","@graph":[{"@type":"Organization","@id":"https:\/\/www.dynavin.de\/#organization","name":"Dynavin GmbH","url":"https:\/\/www.dynavin.de\/","sameAs":["https:\/\/www.facebook.com\/dynavin.official","https:\/\/www.instagram.com\/dynavin.official\/?hl=en","https:\/\/www.youtube.com\/user\/dynavin1"],"logo":{"@type":"ImageObject","@id":"https:\/\/www.dynavin.de\/#logo","inLanguage":"fr-FR","url":"https:\/\/www.dynavin.de\/wp-content\/uploads\/2018\/12\/dynavin-logo.png","contentUrl":"https:\/\/www.dynavin.de\/wp-content\/uploads\/2018\/12\/dynavin-logo.png","width":340,"height":156,"caption":"Dynavin GmbH"},"image":{"@id":"https:\/\/www.dynavin.de\/#logo"}},{"@type":"WebSite","@id":"https:\/\/www.dynavin.de\/#website","url":"https:\/\/www.dynavin.de\/","name":"Dynavin","description":"Navigation and Multimedia Solutions","publisher":{"@id":"https:\/\/www.dynavin.de\/#organization"},"potentialAction":[{"@type":"SearchAction","target":{"@type":"EntryPoint","urlTemplate":"https:\/\/www.dynavin.de\/?s={search_term_string}"},"query-input":"required name=search_term_string"}],"inLanguage":"fr-FR"},{"@type":"ImageObject","@id":"https:\/\/www.dynavin.de\/fr\/produit\/camping-cars-et-vehicule-utilitaires\/accessoires-pour-camping-cars-et-vehicules-utilitaires\/#primaryimage","inLanguage":"fr-FR","url":"https:\/\/www.dynavin.de\/wp-content\/uploads\/1648196478-DVN-UFT02-300X300.png","contentUrl":"https:\/\/www.dynavin.de\/wp-content\/uploads\/1648196478-DVN-UFT02-300X300.png","width":300,"height":300},{"@type":"WebPage","@id":"https:\/\/www.dynavin.de\/fr\/produit\/camping-cars-et-vehicule-utilitaires\/accessoires-pour-camping-cars-et-vehicules-utilitaires\/#webpage","url":"https:\/\/www.dynavin.de\/fr\/produit\/camping-cars-et-vehicule-utilitaires\/accessoires-pour-camping-cars-et-vehicules-utilitaires\/","name":"Accessoires pour camping-cars et v\u00e9hicules utilitaires &ndash; Dynavin","isPartOf":{"@id":"https:\/\/www.dynavin.de\/#website"},"primaryImageOfPage":{"@id":"https:\/\/www.dynavin.de\/fr\/produit\/camping-cars-et-vehicule-utilitaires\/accessoires-pour-camping-cars-et-vehicules-utilitaires\/#primaryimage"},"datePublished":"2022-03-25T09:05:28+00:00","dateModified":"2022-03-25T09:05:31+00:00","description":"Accessoires pour camping-cars et v\u00e9hicules utilitaires, adaptateur CAN Ducato, tuner DVB-T2, bo\u00eetier OBD, adaptateurs USB","breadcrumb":{"@id":"https:\/\/www.dynavin.de\/fr\/produit\/camping-cars-et-vehicule-utilitaires\/accessoires-pour-camping-cars-et-vehicules-utilitaires\/#breadcrumb"},"inLanguage":"fr-FR","potentialAction":[{"@type":"ReadAction","target":["https:\/\/www.dynavin.de\/fr\/produit\/camping-cars-et-vehicule-utilitaires\/accessoires-pour-camping-cars-et-vehicules-utilitaires\/"]}]},{"@type":"BreadcrumbList","@id":"https:\/\/www.dynavin.de\/fr\/produit\/camping-cars-et-vehicule-utilitaires\/accessoires-pour-camping-cars-et-vehicules-utilitaires\/#breadcrumb","itemListElement":[{"@type":"ListItem","position":1,"name":"Startseite","item":"https:\/\/www.dynavin.de\/fr\/"},{"@type":"ListItem","position":2,"name":"Produits","item":"https:\/\/www.dynavin.de\/fr\/produit\/"},{"@type":"ListItem","position":3,"name":"Camping-cars et v\u00e9hicules utilitaires","item":"https:\/\/www.dynavin.de\/fr\/produit\/camping-cars-et-vehicule-utilitaires\/"},{"@type":"ListItem","position":4,"name":"Accessoires pour camping-cars et v\u00e9hicules utilitaires"}]}]}},"_links":{"self":[{"href":"https:\/\/www.dynavin.de\/fr\/wp-json\/wp\/v2\/pages\/46488"}],"collection":[{"href":"https:\/\/www.dynavin.de\/fr\/wp-json\/wp\/v2\/pages"}],"about":[{"href":"https:\/\/www.dynavin.de\/fr\/wp-json\/wp\/v2\/types\/page"}],"author":[{"embeddable":true,"href":"https:\/\/www.dynavin.de\/fr\/wp-json\/wp\/v2\/users\/5"}],"replies":[{"embeddable":true,"href":"https:\/\/www.dynavin.de\/fr\/wp-json\/wp\/v2\/comments?post=46488"}],"version-history":[{"count":0,"href":"https:\/\/www.dynavin.de\/fr\/wp-json\/wp\/v2\/pages\/46488\/revisions"}],"up":[{"embeddable":true,"href":"https:\/\/www.dynavin.de\/fr\/wp-json\/wp\/v2\/pages\/46361"}],"wp:featuredmedia":[{"embeddable":true,"href":"https:\/\/www.dynavin.de\/fr\/wp-json\/wp\/v2\/media\/64063"}],"wp:attachment":[{"href":"https:\/\/www.dynavin.de\/fr\/wp-json\/wp\/v2\/media?parent=46488"}],"wp:term":[{"taxonomy":"category","embeddable":true,"href":"https:\/\/www.dynavin.de\/fr\/wp-json\/wp\/v2\/categories?post=46488"},{"taxonomy":"post_tag","embeddable":true,"href":"https:\/\/www.dynavin.de\/fr\/wp-json\/wp\/v2\/tags?post=46488"},{"taxonomy":"fahrzeughersteller","embeddable":true,"href":"https:\/\/www.dynavin.de\/fr\/wp-json\/wp\/v2\/fahrzeughersteller?post=46488"},{"taxonomy":"firmware_updates","embeddable":true,"href":"https:\/\/www.dynavin.de\/fr\/wp-json\/wp\/v2\/firmware_updates?post=46488"}],"curies":[{"name":"wp","href":"https:\/\/api.w.org\/{rel}","templated":true}]}}