{"id":46361,"date":"2021-07-20T10:55:14","date_gmt":"2021-07-20T08:55:14","guid":{"rendered":"https:\/\/www.dynavin.de\/produits\/camping-cars-et-vehicule-utilitaires\/"},"modified":"2023-11-23T07:29:51","modified_gmt":"2023-11-23T06:29:51","slug":"camping-cars-et-vehicule-utilitaires","status":"publish","type":"page","link":"https:\/\/www.dynavin.de\/fr\/produit\/camping-cars-et-vehicule-utilitaires\/","title":{"rendered":"Camping-cars et v\u00e9hicules utilitaires"},"content":{"rendered":"<\/p>\n\n<style type=\"text\/css\" data-created_by=\"avia_inline_auto\" id=\"style-css-av-2xyss1-d66545635d97d331fa325b39a7817a7a\">\n.flex_column.av-2xyss1-d66545635d97d331fa325b39a7817a7a{\nborder-radius:0px 0px 0px 0px;\n-webkit-border-radius:0px 0px 0px 0px;\n-moz-border-radius:0px 0px 0px 0px;\n}\n<\/style>\n<div class='flex_column av-2xyss1-d66545635d97d331fa325b39a7817a7a av_one_full  avia-builder-el-0  el_before_av_one_full  avia-builder-el-first  first flex_column_div av-zero-column-padding '   ><section  class='av_textblock_section av-juxskb3i-640018458f24d9d0c30106e8a313bb29'  itemscope=\"itemscope\" itemtype=\"https:\/\/schema.org\/CreativeWork\" ><div class='avia_textblock'  itemprop=\"text\" ><h2>Camping-cars et v\u00e9hicules utilitaires<\/h2>\n<p>Dynavin offre des solutions multim\u00e9dia de rechange pour les camping-cars et les v\u00e9hicules utilitaires.<\/p>\n<\/div><\/section><\/div>\n<style type=\"text\/css\" data-created_by=\"avia_inline_auto\" id=\"style-css-av-2xyss1-d66545635d97d331fa325b39a7817a7a\">\n.flex_column.av-2xyss1-d66545635d97d331fa325b39a7817a7a{\nborder-radius:0px 0px 0px 0px;\n-webkit-border-radius:0px 0px 0px 0px;\n-moz-border-radius:0px 0px 0px 0px;\n}\n<\/style>\n<div class='flex_column av-2xyss1-d66545635d97d331fa325b39a7817a7a av_one_full  avia-builder-el-2  el_after_av_one_full  avia-builder-el-last  first flex_column_div av-zero-column-padding column-top-margin'   ><section  class='av_textblock_section av-juxskb3i-640018458f24d9d0c30106e8a313bb29'  itemscope=\"itemscope\" itemtype=\"https:\/\/schema.org\/CreativeWork\" ><div class='avia_textblock'  itemprop=\"text\" ><div class=\"pt-cv-wrapper\"><div class=\"pt-cv-view pt-cv-pinterest pt-cv-colsys pt-cv-border pt-cv-no-bb pt-cv-center\" id=\"pt-cv-view-64c632dy0p\"><div data-id=\"pt-cv-page-1\" class=\"pt-cv-page\" data-cvc=\"4\"><div class=\"col-md-3 col-sm-6 col-xs-12 pt-cv-content-item pt-cv-1-col\"  data-pid=\"46488\"><div class='pt-cv-pinmas'><a href=\"https:\/\/www.dynavin.de\/fr\/produit\/camping-cars-et-vehicule-utilitaires\/accessoires-pour-camping-cars-et-vehicules-utilitaires\/\" class=\"_self pt-cv-href-thumbnail pt-cv-thumb-default cvplbd\" target=\"_self\" ><img width=\"300\" height=\"300\" src=\"https:\/\/www.dynavin.de\/wp-content\/uploads\/1648196478-DVN-UFT02-300X300.png\" class=\"pt-cv-thumbnail img-none noLightbox  no-lazyload skip-lazy wvs-attachment-image\" alt=\"Accessoires pour camping-cars et v\u00e9hicules utilitaires\" \/><\/a><div class=\"product_desc\">\n<div class=\"pt-cv-ctf-list\" data-cvc=\"1\"><div class=\"col-md-12 pt-cv-ctf-column\"><div class=\"pt-cv-custom-fields pt-cv-ctf-produkt-ref\"><div class=\"pt-cv-ctf-value\">Zubeh\u00f6r<\/div><\/div><\/div><\/div>\n<div class=\"pt-cv-content\">DAB+, adaptateurs ...<\/div><\/div><\/div><\/div>\n<div class=\"col-md-3 col-sm-6 col-xs-12 pt-cv-content-item pt-cv-1-col\"  data-pid=\"46172\"><div class='pt-cv-pinmas'><a href=\"https:\/\/www.dynavin.de\/fr\/produit\/camping-cars-et-vehicule-utilitaires\/systemes-de-navigation-pour-camping-cars-et-vehicules-utilitaires\/\" class=\"_self pt-cv-href-thumbnail pt-cv-thumb-default cvplbd\" target=\"_self\" ><img width=\"300\" height=\"300\" src=\"https:\/\/www.dynavin.de\/wp-content\/uploads\/1712646791-D9-DCX2022SP-300X300.jpg\" class=\"pt-cv-thumbnail img-none noLightbox  no-lazyload skip-lazy wvs-attachment-image\" alt=\"Syst\u00e8mes de navigation pour camping-cars et v\u00e9hicules utilitaires\" \/><\/a><div class=\"product_desc\">\n<div class=\"pt-cv-ctf-list\" data-cvc=\"1\"><div class=\"col-md-12 pt-cv-ctf-column\"><div class=\"pt-cv-custom-fields pt-cv-ctf-produkt-ref\"><div class=\"pt-cv-ctf-value\">Syst\u00e8mes de navigation<\/div><\/div><\/div><\/div>\n<div class=\"pt-cv-content\">Pour camping-cars et v\u00e9hicules utilitaires ...<\/div><\/div><\/div><\/div>\n<div class=\"col-md-3 col-sm-6 col-xs-12 pt-cv-content-item pt-cv-1-col\"  data-pid=\"46541\"><div class='pt-cv-pinmas'><a href=\"https:\/\/www.dynavin.de\/fr\/produit\/camping-cars-et-vehicule-utilitaires\/cameras-de-recul-pour-camping-cars-et-vehicules-utilitaires\/\" class=\"_self pt-cv-href-thumbnail pt-cv-thumb-default cvplbd\" target=\"_self\" ><img width=\"300\" height=\"300\" src=\"https:\/\/www.dynavin.de\/wp-content\/uploads\/1648196480-DVN-CW-910920-300X300.png\" class=\"pt-cv-thumbnail img-none noLightbox  no-lazyload skip-lazy wvs-attachment-image\" alt=\"Cam\u00e9ras de recul pour camping-cars et v\u00e9hicules utilitaires\" \/><\/a><div class=\"product_desc\">\n<div class=\"pt-cv-ctf-list\" data-cvc=\"1\"><div class=\"col-md-12 pt-cv-ctf-column\"><div class=\"pt-cv-custom-fields pt-cv-ctf-produkt-ref\"><div class=\"pt-cv-ctf-value\">R\u00fcckfahrkameras<\/div><\/div><\/div><\/div>\n<div class=\"pt-cv-content\">Cam\u00e9ras de recul et accessoires ...<\/div><\/div><\/div><\/div>\n<div class=\"col-md-3 col-sm-6 col-xs-12 pt-cv-content-item pt-cv-1-col\"  data-pid=\"57386\"><div class='pt-cv-pinmas'><a href=\"https:\/\/www.dynavin.de\/fr\/produit\/camping-cars-et-vehicule-utilitaires\/systeme-camera-ecran-pour-fiat-ducato\/\" class=\"_self pt-cv-href-thumbnail pt-cv-thumb-default cvplbd\" target=\"_self\" ><img width=\"300\" height=\"300\" src=\"https:\/\/www.dynavin.de\/wp-content\/uploads\/1648196476-DVN-6901-Pro-MO-300X300.png\" class=\"pt-cv-thumbnail img-none noLightbox  no-lazyload skip-lazy wvs-attachment-image\" alt=\"Syst\u00e8me cam\u00e9ra + \u00e9cran pour Fiat Ducato\" \/><\/a><div class=\"product_desc\">\n<div class=\"pt-cv-ctf-list\" data-cvc=\"1\"><div class=\"col-md-12 pt-cv-ctf-column\"><div class=\"pt-cv-custom-fields pt-cv-ctf-produkt-ref\"><div class=\"pt-cv-ctf-value\">Kamera + Monitor-System<\/div><\/div><\/div><\/div>\n<div class=\"pt-cv-content\">pour Fiat Ducato ...<\/div><\/div><\/div><\/div><\/div><\/div><\/div>\t\t\t<style type=\"text\/css\" id=\"pt-cv-inline-style-6e0cad1t8c\">#pt-cv-view-64c632dy0p .pt-cv-content-item { padding-top: 10px !important; padding-left: 10px !important; padding-bottom: 20px !important; padding-right: 10px !important; }\n#pt-cv-view-64c632dy0p  { margin-left: -10px !important; margin-right: -10px !important; }\n#pt-cv-view-64c632dy0p .pt-cv-pinmas { padding-top: 0px !important; padding-left: 0px !important; padding-bottom: 0px !important; padding-right: 0px !important; }\n#pt-cv-view-64c632dy0p .pt-cv-title a, #pt-cv-view-64c632dy0p  .panel-title { font-weight: 600 !important; }\n#pt-cv-view-64c632dy0p .pt-cv-custom-fields * { font-weight: 600 !important; }\n#pt-cv-view-64c632dy0p .pt-cv-readmore  { color: #ffffff !important; background-color: #0099cc !important; }\n#pt-cv-view-64c632dy0p .pt-cv-readmore:hover  { color: #ffffff !important; background-color: #0099cc !important; }\n#pt-cv-view-64c632dy0p  + .pt-cv-pagination-wrapper .pt-cv-more , #pt-cv-view-64c632dy0p  + .pt-cv-pagination-wrapper .pagination .active a { color: #ffffff !important; background-color: #00aeef !important; }\n#pt-cv-view-64c632dy0p { text-align: center; }<\/style>\r\n\t\t\t\n<\/div><\/section><\/div>\n","protected":false},"excerpt":{"rendered":"","protected":false},"author":6,"featured_media":0,"parent":90731,"menu_order":100,"comment_status":"closed","ping_status":"closed","template":"","meta":[],"categories":[],"tags":[],"fahrzeughersteller":[],"firmware_updates":[],"acf":[],"yoast_head":"<!-- This site is optimized with the Yoast SEO Premium plugin v16.9 (Yoast SEO v17.8) - https:\/\/yoast.com\/wordpress\/plugins\/seo\/ -->\n<title>Camping-cars et v\u00e9hicules utilitaires &ndash; Dynavin<\/title>\n<meta name=\"robots\" content=\"index, follow, max-snippet:-1, max-image-preview:large, max-video-preview:-1\" \/>\n<link rel=\"canonical\" href=\"https:\/\/www.dynavin.de\/fr\/produit\/camping-cars-et-vehicule-utilitaires\/\" \/>\n<meta property=\"og:locale\" content=\"fr_FR\" \/>\n<meta property=\"og:type\" content=\"article\" \/>\n<meta property=\"og:title\" content=\"Camping-cars et v\u00e9hicules utilitaires\" \/>\n<meta property=\"og:url\" content=\"https:\/\/www.dynavin.de\/fr\/produit\/camping-cars-et-vehicule-utilitaires\/\" \/>\n<meta property=\"og:site_name\" content=\"Dynavin\" \/>\n<meta property=\"article:publisher\" content=\"https:\/\/www.facebook.com\/dynavin.official\" \/>\n<meta property=\"article:modified_time\" content=\"2023-11-23T06:29:51+00:00\" \/>\n<meta name=\"twitter:card\" content=\"summary_large_image\" \/>\n<script type=\"application\/ld+json\" class=\"yoast-schema-graph\">{\"@context\":\"https:\/\/schema.org\",\"@graph\":[{\"@type\":\"Organization\",\"@id\":\"https:\/\/www.dynavin.de\/#organization\",\"name\":\"Dynavin GmbH\",\"url\":\"https:\/\/www.dynavin.de\/\",\"sameAs\":[\"https:\/\/www.facebook.com\/dynavin.official\",\"https:\/\/www.instagram.com\/dynavin.official\/?hl=en\",\"https:\/\/www.youtube.com\/user\/dynavin1\"],\"logo\":{\"@type\":\"ImageObject\",\"@id\":\"https:\/\/www.dynavin.de\/#logo\",\"inLanguage\":\"fr-FR\",\"url\":\"https:\/\/www.dynavin.de\/wp-content\/uploads\/2018\/12\/dynavin-logo.png\",\"contentUrl\":\"https:\/\/www.dynavin.de\/wp-content\/uploads\/2018\/12\/dynavin-logo.png\",\"width\":340,\"height\":156,\"caption\":\"Dynavin GmbH\"},\"image\":{\"@id\":\"https:\/\/www.dynavin.de\/#logo\"}},{\"@type\":\"WebSite\",\"@id\":\"https:\/\/www.dynavin.de\/#website\",\"url\":\"https:\/\/www.dynavin.de\/\",\"name\":\"Dynavin\",\"description\":\"Navigation and Multimedia Solutions\",\"publisher\":{\"@id\":\"https:\/\/www.dynavin.de\/#organization\"},\"potentialAction\":[{\"@type\":\"SearchAction\",\"target\":{\"@type\":\"EntryPoint\",\"urlTemplate\":\"https:\/\/www.dynavin.de\/?s={search_term_string}\"},\"query-input\":\"required name=search_term_string\"}],\"inLanguage\":\"fr-FR\"},{\"@type\":\"WebPage\",\"@id\":\"https:\/\/www.dynavin.de\/fr\/produit\/camping-cars-et-vehicule-utilitaires\/#webpage\",\"url\":\"https:\/\/www.dynavin.de\/fr\/produit\/camping-cars-et-vehicule-utilitaires\/\",\"name\":\"Camping-cars et v\\u00e9hicules utilitaires &ndash; Dynavin\",\"isPartOf\":{\"@id\":\"https:\/\/www.dynavin.de\/#website\"},\"datePublished\":\"2021-07-20T08:55:14+00:00\",\"dateModified\":\"2023-11-23T06:29:51+00:00\",\"breadcrumb\":{\"@id\":\"https:\/\/www.dynavin.de\/fr\/produit\/camping-cars-et-vehicule-utilitaires\/#breadcrumb\"},\"inLanguage\":\"fr-FR\",\"potentialAction\":[{\"@type\":\"ReadAction\",\"target\":[\"https:\/\/www.dynavin.de\/fr\/produit\/camping-cars-et-vehicule-utilitaires\/\"]}]},{\"@type\":\"BreadcrumbList\",\"@id\":\"https:\/\/www.dynavin.de\/fr\/produit\/camping-cars-et-vehicule-utilitaires\/#breadcrumb\",\"itemListElement\":[{\"@type\":\"ListItem\",\"position\":1,\"name\":\"Startseite\",\"item\":\"https:\/\/www.dynavin.de\/fr\/\"},{\"@type\":\"ListItem\",\"position\":2,\"name\":\"Produits\",\"item\":\"https:\/\/www.dynavin.de\/fr\/produit\/\"},{\"@type\":\"ListItem\",\"position\":3,\"name\":\"Camping-cars et v\\u00e9hicules utilitaires\"}]}]}<\/script>\n<!-- \/ Yoast SEO Premium plugin. -->","yoast_head_json":{"title":"Camping-cars et v\u00e9hicules utilitaires &ndash; Dynavin","robots":{"index":"index","follow":"follow","max-snippet":"max-snippet:-1","max-image-preview":"max-image-preview:large","max-video-preview":"max-video-preview:-1"},"canonical":"https:\/\/www.dynavin.de\/fr\/produit\/camping-cars-et-vehicule-utilitaires\/","og_locale":"fr_FR","og_type":"article","og_title":"Camping-cars et v\u00e9hicules utilitaires","og_url":"https:\/\/www.dynavin.de\/fr\/produit\/camping-cars-et-vehicule-utilitaires\/","og_site_name":"Dynavin","article_publisher":"https:\/\/www.facebook.com\/dynavin.official","article_modified_time":"2023-11-23T06:29:51+00:00","twitter_card":"summary_large_image","schema":{"@context":"https:\/\/schema.org","@graph":[{"@type":"Organization","@id":"https:\/\/www.dynavin.de\/#organization","name":"Dynavin GmbH","url":"https:\/\/www.dynavin.de\/","sameAs":["https:\/\/www.facebook.com\/dynavin.official","https:\/\/www.instagram.com\/dynavin.official\/?hl=en","https:\/\/www.youtube.com\/user\/dynavin1"],"logo":{"@type":"ImageObject","@id":"https:\/\/www.dynavin.de\/#logo","inLanguage":"fr-FR","url":"https:\/\/www.dynavin.de\/wp-content\/uploads\/2018\/12\/dynavin-logo.png","contentUrl":"https:\/\/www.dynavin.de\/wp-content\/uploads\/2018\/12\/dynavin-logo.png","width":340,"height":156,"caption":"Dynavin GmbH"},"image":{"@id":"https:\/\/www.dynavin.de\/#logo"}},{"@type":"WebSite","@id":"https:\/\/www.dynavin.de\/#website","url":"https:\/\/www.dynavin.de\/","name":"Dynavin","description":"Navigation and Multimedia Solutions","publisher":{"@id":"https:\/\/www.dynavin.de\/#organization"},"potentialAction":[{"@type":"SearchAction","target":{"@type":"EntryPoint","urlTemplate":"https:\/\/www.dynavin.de\/?s={search_term_string}"},"query-input":"required name=search_term_string"}],"inLanguage":"fr-FR"},{"@type":"WebPage","@id":"https:\/\/www.dynavin.de\/fr\/produit\/camping-cars-et-vehicule-utilitaires\/#webpage","url":"https:\/\/www.dynavin.de\/fr\/produit\/camping-cars-et-vehicule-utilitaires\/","name":"Camping-cars et v\u00e9hicules utilitaires &ndash; Dynavin","isPartOf":{"@id":"https:\/\/www.dynavin.de\/#website"},"datePublished":"2021-07-20T08:55:14+00:00","dateModified":"2023-11-23T06:29:51+00:00","breadcrumb":{"@id":"https:\/\/www.dynavin.de\/fr\/produit\/camping-cars-et-vehicule-utilitaires\/#breadcrumb"},"inLanguage":"fr-FR","potentialAction":[{"@type":"ReadAction","target":["https:\/\/www.dynavin.de\/fr\/produit\/camping-cars-et-vehicule-utilitaires\/"]}]},{"@type":"BreadcrumbList","@id":"https:\/\/www.dynavin.de\/fr\/produit\/camping-cars-et-vehicule-utilitaires\/#breadcrumb","itemListElement":[{"@type":"ListItem","position":1,"name":"Startseite","item":"https:\/\/www.dynavin.de\/fr\/"},{"@type":"ListItem","position":2,"name":"Produits","item":"https:\/\/www.dynavin.de\/fr\/produit\/"},{"@type":"ListItem","position":3,"name":"Camping-cars et v\u00e9hicules utilitaires"}]}]}},"_links":{"self":[{"href":"https:\/\/www.dynavin.de\/fr\/wp-json\/wp\/v2\/pages\/46361"}],"collection":[{"href":"https:\/\/www.dynavin.de\/fr\/wp-json\/wp\/v2\/pages"}],"about":[{"href":"https:\/\/www.dynavin.de\/fr\/wp-json\/wp\/v2\/types\/page"}],"author":[{"embeddable":true,"href":"https:\/\/www.dynavin.de\/fr\/wp-json\/wp\/v2\/users\/6"}],"replies":[{"embeddable":true,"href":"https:\/\/www.dynavin.de\/fr\/wp-json\/wp\/v2\/comments?post=46361"}],"version-history":[{"count":2,"href":"https:\/\/www.dynavin.de\/fr\/wp-json\/wp\/v2\/pages\/46361\/revisions"}],"predecessor-version":[{"id":90983,"href":"https:\/\/www.dynavin.de\/fr\/wp-json\/wp\/v2\/pages\/46361\/revisions\/90983"}],"up":[{"embeddable":true,"href":"https:\/\/www.dynavin.de\/fr\/wp-json\/wp\/v2\/pages\/90731"}],"wp:attachment":[{"href":"https:\/\/www.dynavin.de\/fr\/wp-json\/wp\/v2\/media?parent=46361"}],"wp:term":[{"taxonomy":"category","embeddable":true,"href":"https:\/\/www.dynavin.de\/fr\/wp-json\/wp\/v2\/categories?post=46361"},{"taxonomy":"post_tag","embeddable":true,"href":"https:\/\/www.dynavin.de\/fr\/wp-json\/wp\/v2\/tags?post=46361"},{"taxonomy":"fahrzeughersteller","embeddable":true,"href":"https:\/\/www.dynavin.de\/fr\/wp-json\/wp\/v2\/fahrzeughersteller?post=46361"},{"taxonomy":"firmware_updates","embeddable":true,"href":"https:\/\/www.dynavin.de\/fr\/wp-json\/wp\/v2\/firmware_updates?post=46361"}],"curies":[{"name":"wp","href":"https:\/\/api.w.org\/{rel}","templated":true}]}}