{"id":46063,"date":"2021-07-19T08:58:50","date_gmt":"2021-07-19T06:58:50","guid":{"rendered":"https:\/\/www.dynavin.de\/instructions-video\/"},"modified":"2024-04-09T08:43:29","modified_gmt":"2024-04-09T06:43:29","slug":"instructions-video","status":"publish","type":"page","link":"https:\/\/www.dynavin.de\/fr\/instructions-video\/","title":{"rendered":"Instructions vid\u00e9o"},"content":{"rendered":"\n<style type=\"text\/css\" data-created_by=\"avia_inline_auto\" id=\"style-css-av-wwbr8d-32b941c51ace4e7b73708377a192002a\">\n#top .av-special-heading.av-wwbr8d-32b941c51ace4e7b73708377a192002a{\npadding-bottom:0px;\n}\nbody .av-special-heading.av-wwbr8d-32b941c51ace4e7b73708377a192002a .av-special-heading-tag .heading-char{\nfont-size:25px;\n}\n.av-special-heading.av-wwbr8d-32b941c51ace4e7b73708377a192002a .av-subheading{\nfont-size:10px;\n}\n<\/style>\n<div  class='av-special-heading av-wwbr8d-32b941c51ace4e7b73708377a192002a av-special-heading-h1 meta-heading  avia-builder-el-0  el_before_av_hr  avia-builder-el-first  av-linked-heading'><h1 class='av-special-heading-tag'  itemprop=\"headline\"  >Instructions vid\u00e9o<\/h1><div class=\"special-heading-border\"><div class=\"special-heading-inner-border\"><\/div><\/div><\/div>\n\n<style type=\"text\/css\" data-created_by=\"avia_inline_auto\" id=\"style-css-av-kb1ykhqm-f1fed91474ca5d49d24f93c058b8f1fb\">\n#top .hr.hr-invisible.av-kb1ykhqm-f1fed91474ca5d49d24f93c058b8f1fb{\nheight:50px;\n}\n<\/style>\n<div  class='hr av-kb1ykhqm-f1fed91474ca5d49d24f93c058b8f1fb hr-invisible  avia-builder-el-1  el_after_av_heading  el_before_av_textblock '><span class='hr-inner '><span class=\"hr-inner-style\"><\/span><\/span><\/div>\n<section  class='av_textblock_section av-kazfk0p8-f3c26409b04eceaf24101b554dd92873'  itemscope=\"itemscope\" itemtype=\"https:\/\/schema.org\/CreativeWork\" ><div class='avia_textblock'  itemprop=\"text\" ><h2>Aper\u00e7u des fonctions Plateforme Dynavin 9<\/h2>\n<\/div><\/section>\n\n<style type=\"text\/css\" data-created_by=\"avia_inline_auto\" id=\"style-css-av-45o6mc-208f5f7cddb4e124c0b27db4e77bf06d\">\n.flex_column.av-45o6mc-208f5f7cddb4e124c0b27db4e77bf06d{\nborder-radius:0px 0px 0px 0px;\n-webkit-border-radius:0px 0px 0px 0px;\n-moz-border-radius:0px 0px 0px 0px;\n}\n<\/style>\n<div class='flex_column av-45o6mc-208f5f7cddb4e124c0b27db4e77bf06d av_one_half  avia-builder-el-3  el_after_av_textblock  el_before_av_one_half  first flex_column_div av-zero-column-padding column-top-margin'   ><div class=\"avia-video avia-video-16-9\" style=\"\" itemprop=\"video\" itemtype=\"https:\/\/schema.org\/VideoObject\" data-original_url=\"https:\/\/youtu.be\/dn5E67UCOJ4\"><div class=\"BorlabsCookie\"><div class=\"_brlbs-content-blocker\"> <div class=\"_brlbs-embed _brlbs-video-youtube\"> <img class=\"_brlbs-thumbnail\" src=\"https:\/\/www.dynavin.de\/wp-content\/plugins\/borlabs-cookie\/assets\/images\/cb-no-thumbnail.png\" alt=\"YouTube\"> <div class=\"_brlbs-caption\"> <p>By loading the video, you agree to YouTube's privacy policy.<br><a href=\"https:\/\/policies.google.com\/privacy?hl=en&amp;gl=en\" target=\"_blank\" rel=\"nofollow noopener noreferrer\">Learn more<\/a><\/p> <p><a class=\"_brlbs-btn _brlbs-icon-play-white\" href=\"#\" data-borlabs-cookie-unblock role=\"button\">Load video<\/a><\/p> <p><label><input type=\"checkbox\" name=\"unblockAll\" value=\"1\" checked> <small>Always unblock YouTube<\/small><\/label><\/p> <\/div> <\/div> <\/div><div class=\"borlabs-hide\" data-borlabs-cookie-type=\"content-blocker\" data-borlabs-cookie-id=\"youtube\"><script type=\"text\/template\">PGRpdiBjbGFzcz0nYXZpYS1pZnJhbWUtd3JhcCc+PGlmcmFtZSB0aXRsZT0iRHluYXZpbiA5IENhciBSYWRpbyBtaXQgSGlnaCBQb3dlciBBbXBsaWZpZXIsIElua2wuIEhlYWQtdXAgRGlzcGxheSwgV2lyZWxlc3MgQ2FyUGxheSAvIEFuZHJvaWQgQXV0byIgd2lkdGg9IjE1MDAiIGhlaWdodD0iODQ0IiBzcmM9Imh0dHBzOi8vd3d3LnlvdXR1YmUtbm9jb29raWUuY29tL2VtYmVkL2RuNUU2N1VDT0o0P2ZlYXR1cmU9b2VtYmVkIiBmcmFtZWJvcmRlcj0iMCIgYWxsb3c9ImFjY2VsZXJvbWV0ZXI7IGF1dG9wbGF5OyBjbGlwYm9hcmQtd3JpdGU7IGVuY3J5cHRlZC1tZWRpYTsgZ3lyb3Njb3BlOyBwaWN0dXJlLWluLXBpY3R1cmU7IHdlYi1zaGFyZSIgcmVmZXJyZXJwb2xpY3k9InN0cmljdC1vcmlnaW4td2hlbi1jcm9zcy1vcmlnaW4iIGFsbG93ZnVsbHNjcmVlbj48L2lmcmFtZT48L2Rpdj4=<\/script><\/div><\/div><\/div><\/div>\n<style type=\"text\/css\" data-created_by=\"avia_inline_auto\" id=\"style-css-av-45o6mc-89b38d91d0fb09b566b73a5718635de6\">\n.flex_column.av-45o6mc-89b38d91d0fb09b566b73a5718635de6{\nborder-radius:0px 0px 0px 0px;\n-webkit-border-radius:0px 0px 0px 0px;\n-moz-border-radius:0px 0px 0px 0px;\n}\n<\/style>\n<div class='flex_column av-45o6mc-89b38d91d0fb09b566b73a5718635de6 av_one_half  avia-builder-el-5  el_after_av_one_half  el_before_av_hr  flex_column_div av-zero-column-padding column-top-margin'   ><section  class='av_textblock_section av-jtpqbt9j-0d63b4455b2de33954c3e85cb2f8bdbf'  itemscope=\"itemscope\" itemtype=\"https:\/\/schema.org\/CreativeWork\" ><div class='avia_textblock'  itemprop=\"text\" ><h2>Passage en revue de la plateforme Dynavin 9<\/h2>\n<h3>Toutes les fonctions sont expliqu\u00e9es dans la vid\u00e9o.<\/h3>\n<p>Dynavin pr\u00e9sente la nouvelle plateforme Dynavin 9. Notre coll\u00e8gue Mario nous explique toutes les fonctions et les menus. Cette vid\u00e9o comporte des timecodes qui vous permettent de passer directement \u00e0 la fonction qui vous int\u00e9resse. Avec sous-titres en fran\u00e7ais.<\/p>\n<\/div><\/section><\/div>\n<style type=\"text\/css\" data-created_by=\"avia_inline_auto\" id=\"style-css-av-kb1ykhqm-f1fed91474ca5d49d24f93c058b8f1fb\">\n#top .hr.hr-invisible.av-kb1ykhqm-f1fed91474ca5d49d24f93c058b8f1fb{\nheight:50px;\n}\n<\/style>\n<div  class='hr av-kb1ykhqm-f1fed91474ca5d49d24f93c058b8f1fb hr-invisible  avia-builder-el-7  el_after_av_one_half  el_before_av_hr '><span class='hr-inner '><span class=\"hr-inner-style\"><\/span><\/span><\/div>\n<div  class='hr av-jm8ogt-37a939438e47c5e9242b70e1ff1fc0de hr-default  avia-builder-el-8  el_after_av_hr  el_before_av_textblock '><span class='hr-inner '><span class=\"hr-inner-style\"><\/span><\/span><\/div>\n<section  class='av_textblock_section av-kazfk0p8-951294746200a5dff836d3740191a958'  itemscope=\"itemscope\" itemtype=\"https:\/\/schema.org\/CreativeWork\" ><div class='avia_textblock'  itemprop=\"text\" ><h2>Instructions d&#8217;installation<\/h2>\n<\/div><\/section>\n<section  class='av_textblock_section av-khgbtwr6-2d26273527624755680b3650bd2e2223'  itemscope=\"itemscope\" itemtype=\"https:\/\/schema.org\/CreativeWork\" ><div class='avia_textblock'  itemprop=\"text\" ><p>Comment installer mon autoradio Dynavin ?<\/p>\n<p>Suivez notre cha\u00eene YouTube:<a href=\"https:\/\/www.youtube.com\/@dynavin1\" target=\"_blank\" rel=\"noopener\">Dynavin Europe<\/a> pour plus de vid\u00e9os d&#8217;installation !<\/p>\n<\/div><\/section>\n","protected":false},"excerpt":{"rendered":"","protected":false},"author":6,"featured_media":64029,"parent":0,"menu_order":544,"comment_status":"closed","ping_status":"closed","template":"","meta":[],"categories":[1321,872,1320],"tags":[],"fahrzeughersteller":[],"firmware_updates":[],"acf":[],"yoast_head":"<!-- This site is optimized with the Yoast SEO Premium plugin v16.9 (Yoast SEO v17.8) - https:\/\/yoast.com\/wordpress\/plugins\/seo\/ -->\n<title>Instructions vid\u00e9o &ndash; Dynavin<\/title>\n<meta name=\"description\" content=\"Comment installer mon autoradio Dynavin ? Ces instructions \u00e9tape par \u00e9tape vous montrent exactement ce qu&#039;il faut faire.\" \/>\n<meta name=\"robots\" content=\"index, follow, max-snippet:-1, max-image-preview:large, max-video-preview:-1\" \/>\n<link rel=\"canonical\" href=\"https:\/\/www.dynavin.de\/fr\/instructions-video\/\" \/>\n<meta property=\"og:locale\" content=\"fr_FR\" \/>\n<meta property=\"og:type\" content=\"article\" \/>\n<meta property=\"og:title\" content=\"Instructions vid\u00e9o\" \/>\n<meta property=\"og:url\" content=\"https:\/\/www.dynavin.de\/fr\/instructions-video\/\" \/>\n<meta property=\"og:site_name\" content=\"Dynavin\" \/>\n<meta property=\"article:publisher\" content=\"https:\/\/www.facebook.com\/dynavin.official\" \/>\n<meta property=\"article:modified_time\" content=\"2024-04-09T06:43:29+00:00\" \/>\n<meta property=\"og:image\" content=\"https:\/\/www.dynavin.de\/wp-content\/uploads\/1648178146-Youtube-video-cover-443x249-1.jpg\" \/>\n\t<meta property=\"og:image:width\" content=\"443\" \/>\n\t<meta property=\"og:image:height\" content=\"249\" \/>\n<meta name=\"twitter:card\" content=\"summary_large_image\" \/>\n<script type=\"application\/ld+json\" class=\"yoast-schema-graph\">{\"@context\":\"https:\/\/schema.org\",\"@graph\":[{\"@type\":\"Organization\",\"@id\":\"https:\/\/www.dynavin.de\/#organization\",\"name\":\"Dynavin GmbH\",\"url\":\"https:\/\/www.dynavin.de\/\",\"sameAs\":[\"https:\/\/www.facebook.com\/dynavin.official\",\"https:\/\/www.instagram.com\/dynavin.official\/?hl=en\",\"https:\/\/www.youtube.com\/user\/dynavin1\"],\"logo\":{\"@type\":\"ImageObject\",\"@id\":\"https:\/\/www.dynavin.de\/#logo\",\"inLanguage\":\"fr-FR\",\"url\":\"https:\/\/www.dynavin.de\/wp-content\/uploads\/2018\/12\/dynavin-logo.png\",\"contentUrl\":\"https:\/\/www.dynavin.de\/wp-content\/uploads\/2018\/12\/dynavin-logo.png\",\"width\":340,\"height\":156,\"caption\":\"Dynavin GmbH\"},\"image\":{\"@id\":\"https:\/\/www.dynavin.de\/#logo\"}},{\"@type\":\"WebSite\",\"@id\":\"https:\/\/www.dynavin.de\/#website\",\"url\":\"https:\/\/www.dynavin.de\/\",\"name\":\"Dynavin\",\"description\":\"Navigation and Multimedia Solutions\",\"publisher\":{\"@id\":\"https:\/\/www.dynavin.de\/#organization\"},\"potentialAction\":[{\"@type\":\"SearchAction\",\"target\":{\"@type\":\"EntryPoint\",\"urlTemplate\":\"https:\/\/www.dynavin.de\/?s={search_term_string}\"},\"query-input\":\"required name=search_term_string\"}],\"inLanguage\":\"fr-FR\"},{\"@type\":\"ImageObject\",\"@id\":\"https:\/\/www.dynavin.de\/fr\/instructions-video\/#primaryimage\",\"inLanguage\":\"fr-FR\",\"url\":\"https:\/\/www.dynavin.de\/wp-content\/uploads\/1648178146-Youtube-video-cover-443x249-1.jpg\",\"contentUrl\":\"https:\/\/www.dynavin.de\/wp-content\/uploads\/1648178146-Youtube-video-cover-443x249-1.jpg\",\"width\":443,\"height\":249},{\"@type\":\"WebPage\",\"@id\":\"https:\/\/www.dynavin.de\/fr\/instructions-video\/#webpage\",\"url\":\"https:\/\/www.dynavin.de\/fr\/instructions-video\/\",\"name\":\"Instructions vid\\u00e9o &ndash; Dynavin\",\"isPartOf\":{\"@id\":\"https:\/\/www.dynavin.de\/#website\"},\"primaryImageOfPage\":{\"@id\":\"https:\/\/www.dynavin.de\/fr\/instructions-video\/#primaryimage\"},\"datePublished\":\"2021-07-19T06:58:50+00:00\",\"dateModified\":\"2024-04-09T06:43:29+00:00\",\"description\":\"Comment installer mon autoradio Dynavin ? Ces instructions \\u00e9tape par \\u00e9tape vous montrent exactement ce qu'il faut faire.\",\"breadcrumb\":{\"@id\":\"https:\/\/www.dynavin.de\/fr\/instructions-video\/#breadcrumb\"},\"inLanguage\":\"fr-FR\",\"potentialAction\":[{\"@type\":\"ReadAction\",\"target\":[\"https:\/\/www.dynavin.de\/fr\/instructions-video\/\"]}]},{\"@type\":\"BreadcrumbList\",\"@id\":\"https:\/\/www.dynavin.de\/fr\/instructions-video\/#breadcrumb\",\"itemListElement\":[{\"@type\":\"ListItem\",\"position\":1,\"name\":\"Startseite\",\"item\":\"https:\/\/www.dynavin.de\/fr\/\"},{\"@type\":\"ListItem\",\"position\":2,\"name\":\"Instructions vid\\u00e9o\"}]}]}<\/script>\n<!-- \/ Yoast SEO Premium plugin. -->","yoast_head_json":{"title":"Instructions vid\u00e9o &ndash; Dynavin","description":"Comment installer mon autoradio Dynavin ? Ces instructions \u00e9tape par \u00e9tape vous montrent exactement ce qu'il faut faire.","robots":{"index":"index","follow":"follow","max-snippet":"max-snippet:-1","max-image-preview":"max-image-preview:large","max-video-preview":"max-video-preview:-1"},"canonical":"https:\/\/www.dynavin.de\/fr\/instructions-video\/","og_locale":"fr_FR","og_type":"article","og_title":"Instructions vid\u00e9o","og_url":"https:\/\/www.dynavin.de\/fr\/instructions-video\/","og_site_name":"Dynavin","article_publisher":"https:\/\/www.facebook.com\/dynavin.official","article_modified_time":"2024-04-09T06:43:29+00:00","og_image":[{"width":443,"height":249,"url":"https:\/\/www.dynavin.de\/wp-content\/uploads\/1648178146-Youtube-video-cover-443x249-1.jpg","type":"image\/jpeg"}],"twitter_card":"summary_large_image","schema":{"@context":"https:\/\/schema.org","@graph":[{"@type":"Organization","@id":"https:\/\/www.dynavin.de\/#organization","name":"Dynavin GmbH","url":"https:\/\/www.dynavin.de\/","sameAs":["https:\/\/www.facebook.com\/dynavin.official","https:\/\/www.instagram.com\/dynavin.official\/?hl=en","https:\/\/www.youtube.com\/user\/dynavin1"],"logo":{"@type":"ImageObject","@id":"https:\/\/www.dynavin.de\/#logo","inLanguage":"fr-FR","url":"https:\/\/www.dynavin.de\/wp-content\/uploads\/2018\/12\/dynavin-logo.png","contentUrl":"https:\/\/www.dynavin.de\/wp-content\/uploads\/2018\/12\/dynavin-logo.png","width":340,"height":156,"caption":"Dynavin GmbH"},"image":{"@id":"https:\/\/www.dynavin.de\/#logo"}},{"@type":"WebSite","@id":"https:\/\/www.dynavin.de\/#website","url":"https:\/\/www.dynavin.de\/","name":"Dynavin","description":"Navigation and Multimedia Solutions","publisher":{"@id":"https:\/\/www.dynavin.de\/#organization"},"potentialAction":[{"@type":"SearchAction","target":{"@type":"EntryPoint","urlTemplate":"https:\/\/www.dynavin.de\/?s={search_term_string}"},"query-input":"required name=search_term_string"}],"inLanguage":"fr-FR"},{"@type":"ImageObject","@id":"https:\/\/www.dynavin.de\/fr\/instructions-video\/#primaryimage","inLanguage":"fr-FR","url":"https:\/\/www.dynavin.de\/wp-content\/uploads\/1648178146-Youtube-video-cover-443x249-1.jpg","contentUrl":"https:\/\/www.dynavin.de\/wp-content\/uploads\/1648178146-Youtube-video-cover-443x249-1.jpg","width":443,"height":249},{"@type":"WebPage","@id":"https:\/\/www.dynavin.de\/fr\/instructions-video\/#webpage","url":"https:\/\/www.dynavin.de\/fr\/instructions-video\/","name":"Instructions vid\u00e9o &ndash; Dynavin","isPartOf":{"@id":"https:\/\/www.dynavin.de\/#website"},"primaryImageOfPage":{"@id":"https:\/\/www.dynavin.de\/fr\/instructions-video\/#primaryimage"},"datePublished":"2021-07-19T06:58:50+00:00","dateModified":"2024-04-09T06:43:29+00:00","description":"Comment installer mon autoradio Dynavin ? Ces instructions \u00e9tape par \u00e9tape vous montrent exactement ce qu'il faut faire.","breadcrumb":{"@id":"https:\/\/www.dynavin.de\/fr\/instructions-video\/#breadcrumb"},"inLanguage":"fr-FR","potentialAction":[{"@type":"ReadAction","target":["https:\/\/www.dynavin.de\/fr\/instructions-video\/"]}]},{"@type":"BreadcrumbList","@id":"https:\/\/www.dynavin.de\/fr\/instructions-video\/#breadcrumb","itemListElement":[{"@type":"ListItem","position":1,"name":"Startseite","item":"https:\/\/www.dynavin.de\/fr\/"},{"@type":"ListItem","position":2,"name":"Instructions vid\u00e9o"}]}]}},"_links":{"self":[{"href":"https:\/\/www.dynavin.de\/fr\/wp-json\/wp\/v2\/pages\/46063"}],"collection":[{"href":"https:\/\/www.dynavin.de\/fr\/wp-json\/wp\/v2\/pages"}],"about":[{"href":"https:\/\/www.dynavin.de\/fr\/wp-json\/wp\/v2\/types\/page"}],"author":[{"embeddable":true,"href":"https:\/\/www.dynavin.de\/fr\/wp-json\/wp\/v2\/users\/6"}],"replies":[{"embeddable":true,"href":"https:\/\/www.dynavin.de\/fr\/wp-json\/wp\/v2\/comments?post=46063"}],"version-history":[{"count":6,"href":"https:\/\/www.dynavin.de\/fr\/wp-json\/wp\/v2\/pages\/46063\/revisions"}],"predecessor-version":[{"id":104898,"href":"https:\/\/www.dynavin.de\/fr\/wp-json\/wp\/v2\/pages\/46063\/revisions\/104898"}],"wp:featuredmedia":[{"embeddable":true,"href":"https:\/\/www.dynavin.de\/fr\/wp-json\/wp\/v2\/media\/64029"}],"wp:attachment":[{"href":"https:\/\/www.dynavin.de\/fr\/wp-json\/wp\/v2\/media?parent=46063"}],"wp:term":[{"taxonomy":"category","embeddable":true,"href":"https:\/\/www.dynavin.de\/fr\/wp-json\/wp\/v2\/categories?post=46063"},{"taxonomy":"post_tag","embeddable":true,"href":"https:\/\/www.dynavin.de\/fr\/wp-json\/wp\/v2\/tags?post=46063"},{"taxonomy":"fahrzeughersteller","embeddable":true,"href":"https:\/\/www.dynavin.de\/fr\/wp-json\/wp\/v2\/fahrzeughersteller?post=46063"},{"taxonomy":"firmware_updates","embeddable":true,"href":"https:\/\/www.dynavin.de\/fr\/wp-json\/wp\/v2\/firmware_updates?post=46063"}],"curies":[{"name":"wp","href":"https:\/\/api.w.org\/{rel}","templated":true}]}}