{"id":45348,"date":"2021-07-12T14:59:09","date_gmt":"2021-07-12T12:59:09","guid":{"rendered":"https:\/\/www.dynavin.de\/retour-de-marchandises-rma\/"},"modified":"2022-12-20T11:01:46","modified_gmt":"2022-12-20T10:01:46","slug":"retour-de-marchandises-rma","status":"publish","type":"page","link":"https:\/\/www.dynavin.de\/fr\/retour-de-marchandises-rma\/","title":{"rendered":"Retour de marchandises &#8211; RMA"},"content":{"rendered":"<div class='flex_column av-av_one_full-eb752cae61ee218d8112e4832ea44b02 av_one_full  avia-builder-el-0  avia-builder-el-no-sibling  first flex_column_div '   id=\"rma-return-policy-btn-group\"  ><p><div  id=\"help-center-btn\"  class='avia-button-wrap avia-button-center  avia-builder-el-1  el_before_av_button  avia-builder-el-first  help-center-btn' ><a href='https:\/\/www.dynavin.de\/fr\/utilisez-le-dynavin-support-center-pour-les-demandes-de-garantie\/'  class='avia-button av-lbw2327h-8d1a1f298510e0481a74f59c3eeaa3ff avia-icon_select-no avia-size-large avia-position-center avia-color-theme-color' ><span class='avia_iconbox_title' >Utilisez le Dynavin Support Center pour les demandes de garantie<\/span><\/a><\/div><br \/>\n<div  id=\"return-policy-btn\"  class='avia-button-wrap avia-button-center  avia-builder-el-2  el_after_av_button  avia-builder-el-last ' ><a href='https:\/\/www.dynavin.de\/fr\/droit-de-retrait-droit-de-retour\/'  class='avia-button av-lbw23gv8-dd1b0ca642c09f631609f5f5a1dbbf33 avia-icon_select-no avia-size-large avia-position-center avia-color-theme-color' ><span class='avia_iconbox_title' >Droit de r\u00e9trait & Droit de retour <\/span><\/a><\/div><\/p><\/div>\n","protected":false},"excerpt":{"rendered":"","protected":false},"author":5,"featured_media":0,"parent":0,"menu_order":554,"comment_status":"closed","ping_status":"closed","template":"","meta":[],"categories":[],"tags":[],"fahrzeughersteller":[],"firmware_updates":[],"acf":[],"yoast_head":"<!-- This site is optimized with the Yoast SEO Premium plugin v16.9 (Yoast SEO v17.8) - https:\/\/yoast.com\/wordpress\/plugins\/seo\/ -->\n<title>Retour de marchandises - RMA &ndash; Dynavin<\/title>\n<meta name=\"description\" content=\"Certains probl\u00e8mes techniques ne peuvent \u00eatre r\u00e9solus \u00e0 distance. Informations sur le retour des marchandises \/ RMA ici\" \/>\n<meta name=\"robots\" content=\"index, follow, max-snippet:-1, max-image-preview:large, max-video-preview:-1\" \/>\n<link rel=\"canonical\" href=\"https:\/\/www.dynavin.de\/fr\/retour-de-marchandises-rma\/\" \/>\n<meta property=\"og:locale\" content=\"fr_FR\" \/>\n<meta property=\"og:type\" content=\"article\" \/>\n<meta property=\"og:title\" content=\"Retour de marchandises - RMA\" \/>\n<meta property=\"og:url\" content=\"https:\/\/www.dynavin.de\/fr\/retour-de-marchandises-rma\/\" \/>\n<meta property=\"og:site_name\" content=\"Dynavin\" \/>\n<meta property=\"article:publisher\" content=\"https:\/\/www.facebook.com\/dynavin.official\" \/>\n<meta property=\"article:modified_time\" content=\"2022-12-20T10:01:46+00:00\" \/>\n<meta name=\"twitter:card\" content=\"summary_large_image\" \/>\n<script type=\"application\/ld+json\" class=\"yoast-schema-graph\">{\"@context\":\"https:\/\/schema.org\",\"@graph\":[{\"@type\":\"Organization\",\"@id\":\"https:\/\/www.dynavin.de\/#organization\",\"name\":\"Dynavin GmbH\",\"url\":\"https:\/\/www.dynavin.de\/\",\"sameAs\":[\"https:\/\/www.facebook.com\/dynavin.official\",\"https:\/\/www.instagram.com\/dynavin.official\/?hl=en\",\"https:\/\/www.youtube.com\/user\/dynavin1\"],\"logo\":{\"@type\":\"ImageObject\",\"@id\":\"https:\/\/www.dynavin.de\/#logo\",\"inLanguage\":\"fr-FR\",\"url\":\"https:\/\/www.dynavin.de\/wp-content\/uploads\/2018\/12\/dynavin-logo.png\",\"contentUrl\":\"https:\/\/www.dynavin.de\/wp-content\/uploads\/2018\/12\/dynavin-logo.png\",\"width\":340,\"height\":156,\"caption\":\"Dynavin GmbH\"},\"image\":{\"@id\":\"https:\/\/www.dynavin.de\/#logo\"}},{\"@type\":\"WebSite\",\"@id\":\"https:\/\/www.dynavin.de\/#website\",\"url\":\"https:\/\/www.dynavin.de\/\",\"name\":\"Dynavin\",\"description\":\"Navigation and Multimedia Solutions\",\"publisher\":{\"@id\":\"https:\/\/www.dynavin.de\/#organization\"},\"potentialAction\":[{\"@type\":\"SearchAction\",\"target\":{\"@type\":\"EntryPoint\",\"urlTemplate\":\"https:\/\/www.dynavin.de\/?s={search_term_string}\"},\"query-input\":\"required name=search_term_string\"}],\"inLanguage\":\"fr-FR\"},{\"@type\":\"WebPage\",\"@id\":\"https:\/\/www.dynavin.de\/fr\/retour-de-marchandises-rma\/#webpage\",\"url\":\"https:\/\/www.dynavin.de\/fr\/retour-de-marchandises-rma\/\",\"name\":\"Retour de marchandises - RMA &ndash; Dynavin\",\"isPartOf\":{\"@id\":\"https:\/\/www.dynavin.de\/#website\"},\"datePublished\":\"2021-07-12T12:59:09+00:00\",\"dateModified\":\"2022-12-20T10:01:46+00:00\",\"description\":\"Certains probl\\u00e8mes techniques ne peuvent \\u00eatre r\\u00e9solus \\u00e0 distance. Informations sur le retour des marchandises \/ RMA ici\",\"breadcrumb\":{\"@id\":\"https:\/\/www.dynavin.de\/fr\/retour-de-marchandises-rma\/#breadcrumb\"},\"inLanguage\":\"fr-FR\",\"potentialAction\":[{\"@type\":\"ReadAction\",\"target\":[\"https:\/\/www.dynavin.de\/fr\/retour-de-marchandises-rma\/\"]}]},{\"@type\":\"BreadcrumbList\",\"@id\":\"https:\/\/www.dynavin.de\/fr\/retour-de-marchandises-rma\/#breadcrumb\",\"itemListElement\":[{\"@type\":\"ListItem\",\"position\":1,\"name\":\"Startseite\",\"item\":\"https:\/\/www.dynavin.de\/fr\/\"},{\"@type\":\"ListItem\",\"position\":2,\"name\":\"Retour de marchandises &#8211; RMA\"}]}]}<\/script>\n<!-- \/ Yoast SEO Premium plugin. -->","yoast_head_json":{"title":"Retour de marchandises - RMA &ndash; Dynavin","description":"Certains probl\u00e8mes techniques ne peuvent \u00eatre r\u00e9solus \u00e0 distance. Informations sur le retour des marchandises \/ RMA ici","robots":{"index":"index","follow":"follow","max-snippet":"max-snippet:-1","max-image-preview":"max-image-preview:large","max-video-preview":"max-video-preview:-1"},"canonical":"https:\/\/www.dynavin.de\/fr\/retour-de-marchandises-rma\/","og_locale":"fr_FR","og_type":"article","og_title":"Retour de marchandises - RMA","og_url":"https:\/\/www.dynavin.de\/fr\/retour-de-marchandises-rma\/","og_site_name":"Dynavin","article_publisher":"https:\/\/www.facebook.com\/dynavin.official","article_modified_time":"2022-12-20T10:01:46+00:00","twitter_card":"summary_large_image","schema":{"@context":"https:\/\/schema.org","@graph":[{"@type":"Organization","@id":"https:\/\/www.dynavin.de\/#organization","name":"Dynavin GmbH","url":"https:\/\/www.dynavin.de\/","sameAs":["https:\/\/www.facebook.com\/dynavin.official","https:\/\/www.instagram.com\/dynavin.official\/?hl=en","https:\/\/www.youtube.com\/user\/dynavin1"],"logo":{"@type":"ImageObject","@id":"https:\/\/www.dynavin.de\/#logo","inLanguage":"fr-FR","url":"https:\/\/www.dynavin.de\/wp-content\/uploads\/2018\/12\/dynavin-logo.png","contentUrl":"https:\/\/www.dynavin.de\/wp-content\/uploads\/2018\/12\/dynavin-logo.png","width":340,"height":156,"caption":"Dynavin GmbH"},"image":{"@id":"https:\/\/www.dynavin.de\/#logo"}},{"@type":"WebSite","@id":"https:\/\/www.dynavin.de\/#website","url":"https:\/\/www.dynavin.de\/","name":"Dynavin","description":"Navigation and Multimedia Solutions","publisher":{"@id":"https:\/\/www.dynavin.de\/#organization"},"potentialAction":[{"@type":"SearchAction","target":{"@type":"EntryPoint","urlTemplate":"https:\/\/www.dynavin.de\/?s={search_term_string}"},"query-input":"required name=search_term_string"}],"inLanguage":"fr-FR"},{"@type":"WebPage","@id":"https:\/\/www.dynavin.de\/fr\/retour-de-marchandises-rma\/#webpage","url":"https:\/\/www.dynavin.de\/fr\/retour-de-marchandises-rma\/","name":"Retour de marchandises - RMA &ndash; Dynavin","isPartOf":{"@id":"https:\/\/www.dynavin.de\/#website"},"datePublished":"2021-07-12T12:59:09+00:00","dateModified":"2022-12-20T10:01:46+00:00","description":"Certains probl\u00e8mes techniques ne peuvent \u00eatre r\u00e9solus \u00e0 distance. Informations sur le retour des marchandises \/ RMA ici","breadcrumb":{"@id":"https:\/\/www.dynavin.de\/fr\/retour-de-marchandises-rma\/#breadcrumb"},"inLanguage":"fr-FR","potentialAction":[{"@type":"ReadAction","target":["https:\/\/www.dynavin.de\/fr\/retour-de-marchandises-rma\/"]}]},{"@type":"BreadcrumbList","@id":"https:\/\/www.dynavin.de\/fr\/retour-de-marchandises-rma\/#breadcrumb","itemListElement":[{"@type":"ListItem","position":1,"name":"Startseite","item":"https:\/\/www.dynavin.de\/fr\/"},{"@type":"ListItem","position":2,"name":"Retour de marchandises &#8211; RMA"}]}]}},"_links":{"self":[{"href":"https:\/\/www.dynavin.de\/fr\/wp-json\/wp\/v2\/pages\/45348"}],"collection":[{"href":"https:\/\/www.dynavin.de\/fr\/wp-json\/wp\/v2\/pages"}],"about":[{"href":"https:\/\/www.dynavin.de\/fr\/wp-json\/wp\/v2\/types\/page"}],"author":[{"embeddable":true,"href":"https:\/\/www.dynavin.de\/fr\/wp-json\/wp\/v2\/users\/5"}],"replies":[{"embeddable":true,"href":"https:\/\/www.dynavin.de\/fr\/wp-json\/wp\/v2\/comments?post=45348"}],"version-history":[{"count":2,"href":"https:\/\/www.dynavin.de\/fr\/wp-json\/wp\/v2\/pages\/45348\/revisions"}],"predecessor-version":[{"id":78110,"href":"https:\/\/www.dynavin.de\/fr\/wp-json\/wp\/v2\/pages\/45348\/revisions\/78110"}],"wp:attachment":[{"href":"https:\/\/www.dynavin.de\/fr\/wp-json\/wp\/v2\/media?parent=45348"}],"wp:term":[{"taxonomy":"category","embeddable":true,"href":"https:\/\/www.dynavin.de\/fr\/wp-json\/wp\/v2\/categories?post=45348"},{"taxonomy":"post_tag","embeddable":true,"href":"https:\/\/www.dynavin.de\/fr\/wp-json\/wp\/v2\/tags?post=45348"},{"taxonomy":"fahrzeughersteller","embeddable":true,"href":"https:\/\/www.dynavin.de\/fr\/wp-json\/wp\/v2\/fahrzeughersteller?post=45348"},{"taxonomy":"firmware_updates","embeddable":true,"href":"https:\/\/www.dynavin.de\/fr\/wp-json\/wp\/v2\/firmware_updates?post=45348"}],"curies":[{"name":"wp","href":"https:\/\/api.w.org\/{rel}","templated":true}]}}