{"id":44844,"date":"2021-07-01T16:43:34","date_gmt":"2021-07-01T14:43:34","guid":{"rendered":"https:\/\/www.dynavin.de\/boutique-en-ligne\/"},"modified":"2021-07-01T16:43:37","modified_gmt":"2021-07-01T14:43:37","slug":"boutique-en-ligne","status":"publish","type":"page","link":"https:\/\/www.dynavin.de\/fr\/boutique-en-ligne\/","title":{"rendered":"Boutique en ligne"},"content":{"rendered":"<section  class='av_textblock_section av-kiac1upj-cb5b2bcba4f6c796c64cb6f24a3980f6'  itemscope=\"itemscope\" itemtype=\"https:\/\/schema.org\/CreativeWork\" ><div class='avia_textblock'  itemprop=\"text\" ><h1>Boutique en ligne<\/h1>\n<\/div><\/section>\n<section  class='av_textblock_section av-obmgxv-ac6c85de008ef3596219d656252ea232'  itemscope=\"itemscope\" itemtype=\"https:\/\/schema.org\/CreativeWork\" ><div class='avia_textblock'  itemprop=\"text\" ><p>Chers clients,&#13;<br \/>\n&#13;<br \/>\ndans notre boutique en ligne, vous pouvez acheter tous les syst\u00e8mes de navigation <a href=\"https:\/\/www.dynavin.de\/fr\/produits\/carhifi\/systemes-de-navigation-pour-car-hifi\/\">Dynavin N7 Pro et X-Series<\/a> ainsi que les  <a href=\"https:\/\/www.dynavin.de\/fr\/cameras-dynavision\/\">Cam\u00e9ras Dynavision<\/a>, accessoires et pi\u00e8ces d\u00e9tach\u00e9es directement aupr\u00e8s du fabricant.<\/p>\n<\/div><\/section>\n<div  class='avia-button-wrap avia-button-center  avia-builder-el-2  el_after_av_textblock  el_before_av_textblock ' ><a href='https:\/\/dynavinshop.eu'  class='avia-button av-k7lr4adm-1c695cc6f3439c32c2b49b75f084c62a avia-icon_select-yes-left-icon avia-size-large avia-position-center avia-color-theme-color' ><span class='avia_button_icon avia_button_icon_left' aria-hidden='true' data-av_icon='\ue859' data-av_iconfont='entypo-fontello'><\/span><span class='avia_iconbox_title' >Visitez la boutique en ligne !<\/span><\/a><\/div>\n<section  class='av_textblock_section av-obmgxv-ac6c85de008ef3596219d656252ea232'  itemscope=\"itemscope\" itemtype=\"https:\/\/schema.org\/CreativeWork\" ><div class='avia_textblock'  itemprop=\"text\" ><h2>\u00cates-vous un revendeur Dynavin ?<\/h2>\n<p>&#13;<br \/>\nLa boutique en ligne de Dynavin est destin\u00e9e \u00e0 la fois aux clients finaux et aux revendeurs.&#13;<br \/>\nCependant, toute personne qui s&#8217;inscrit dans la boutique est d&#8217;abord enregistr\u00e9e comme client final.&#13;<br \/>\nPar cons\u00e9quent, veuillez nous envoyer un message lorsque vous vous connectez \u00e0 la boutique et nous d\u00e9bloquerons vos prix de revendeur.&#13;<br \/>\n&#13;<br \/>\nNous avons d\u00e9j\u00e0 mis en place un compte boutique pour un grand nombre de nos revendeurs. Si vous souhaitez cr\u00e9er un compte dans la boutique et que votre adresse \u00e9lectronique est d\u00e9j\u00e0 prise, veuillez nous appeler !&#13;<\/p>\n<h2>Vous souhaitez devenir revendeur Dynavin et commander dans la boutique en ligne ?<\/h2>\n<p>&#13;<br \/>\nVeuillez tout d&#8217;abord vous enregistrer en tant que revendeur <a href=\"https:\/\/www.dynavin.de\/fr\/societe\/devenir-revendeur-dynavin\/\">en remplissant ce formulaire.<\/a>&#13;<br \/>\n&#13;<br \/>\n<strong>Vous souhaitez commander par email ?<\/strong>&#13;<br \/>\n&#13;<br \/>\nEnvoyez-nous votre commande \u00e0 <a href=\"mailto:bestellungen@dynavin.de\">bestellungen@dynavin.de<\/a>&#13;<br \/>\n&#13;<br \/>\nMerci \u00e0 vous !<\/p>\n<\/div><\/section>\n","protected":false},"excerpt":{"rendered":"","protected":false},"author":6,"featured_media":0,"parent":0,"menu_order":80,"comment_status":"closed","ping_status":"closed","template":"","meta":[],"categories":[],"tags":[],"fahrzeughersteller":[],"firmware_updates":[],"acf":[],"yoast_head":"<!-- This site is optimized with the Yoast SEO Premium plugin v16.9 (Yoast SEO v17.8) - https:\/\/yoast.com\/wordpress\/plugins\/seo\/ -->\n<title>Boutique en ligne &ndash; Dynavin<\/title>\n<meta name=\"description\" content=\"Dans la boutique en ligne Dynavin, vous pouvez acheter directement toutes les cam\u00e9ras Dynavin N7 Pro et X-Series Navis ainsi que les cam\u00e9ras Dynavision, les accessoires et les pi\u00e8ces de rechange.\" \/>\n<meta name=\"robots\" content=\"index, follow, max-snippet:-1, max-image-preview:large, max-video-preview:-1\" \/>\n<link rel=\"canonical\" href=\"https:\/\/www.dynavin.de\/fr\/boutique-en-ligne\/\" \/>\n<meta property=\"og:locale\" content=\"fr_FR\" \/>\n<meta property=\"og:type\" content=\"article\" \/>\n<meta property=\"og:title\" content=\"Boutique en ligne\" \/>\n<meta property=\"og:url\" content=\"https:\/\/www.dynavin.de\/fr\/boutique-en-ligne\/\" \/>\n<meta property=\"og:site_name\" content=\"Dynavin\" \/>\n<meta property=\"article:publisher\" content=\"https:\/\/www.facebook.com\/dynavin.official\" \/>\n<meta property=\"article:modified_time\" content=\"2021-07-01T14:43:37+00:00\" \/>\n<meta name=\"twitter:card\" content=\"summary_large_image\" \/>\n<script type=\"application\/ld+json\" class=\"yoast-schema-graph\">{\"@context\":\"https:\/\/schema.org\",\"@graph\":[{\"@type\":\"Organization\",\"@id\":\"https:\/\/www.dynavin.de\/#organization\",\"name\":\"Dynavin GmbH\",\"url\":\"https:\/\/www.dynavin.de\/\",\"sameAs\":[\"https:\/\/www.facebook.com\/dynavin.official\",\"https:\/\/www.instagram.com\/dynavin.official\/?hl=en\",\"https:\/\/www.youtube.com\/user\/dynavin1\"],\"logo\":{\"@type\":\"ImageObject\",\"@id\":\"https:\/\/www.dynavin.de\/#logo\",\"inLanguage\":\"fr-FR\",\"url\":\"https:\/\/www.dynavin.de\/wp-content\/uploads\/2018\/12\/dynavin-logo.png\",\"contentUrl\":\"https:\/\/www.dynavin.de\/wp-content\/uploads\/2018\/12\/dynavin-logo.png\",\"width\":340,\"height\":156,\"caption\":\"Dynavin GmbH\"},\"image\":{\"@id\":\"https:\/\/www.dynavin.de\/#logo\"}},{\"@type\":\"WebSite\",\"@id\":\"https:\/\/www.dynavin.de\/#website\",\"url\":\"https:\/\/www.dynavin.de\/\",\"name\":\"Dynavin\",\"description\":\"Navigation and Multimedia Solutions\",\"publisher\":{\"@id\":\"https:\/\/www.dynavin.de\/#organization\"},\"potentialAction\":[{\"@type\":\"SearchAction\",\"target\":{\"@type\":\"EntryPoint\",\"urlTemplate\":\"https:\/\/www.dynavin.de\/?s={search_term_string}\"},\"query-input\":\"required name=search_term_string\"}],\"inLanguage\":\"fr-FR\"},{\"@type\":\"WebPage\",\"@id\":\"https:\/\/www.dynavin.de\/fr\/boutique-en-ligne\/#webpage\",\"url\":\"https:\/\/www.dynavin.de\/fr\/boutique-en-ligne\/\",\"name\":\"Boutique en ligne &ndash; Dynavin\",\"isPartOf\":{\"@id\":\"https:\/\/www.dynavin.de\/#website\"},\"datePublished\":\"2021-07-01T14:43:34+00:00\",\"dateModified\":\"2021-07-01T14:43:37+00:00\",\"description\":\"Dans la boutique en ligne Dynavin, vous pouvez acheter directement toutes les cam\\u00e9ras Dynavin N7 Pro et X-Series Navis ainsi que les cam\\u00e9ras Dynavision, les accessoires et les pi\\u00e8ces de rechange.\",\"breadcrumb\":{\"@id\":\"https:\/\/www.dynavin.de\/fr\/boutique-en-ligne\/#breadcrumb\"},\"inLanguage\":\"fr-FR\",\"potentialAction\":[{\"@type\":\"ReadAction\",\"target\":[\"https:\/\/www.dynavin.de\/fr\/boutique-en-ligne\/\"]}]},{\"@type\":\"BreadcrumbList\",\"@id\":\"https:\/\/www.dynavin.de\/fr\/boutique-en-ligne\/#breadcrumb\",\"itemListElement\":[{\"@type\":\"ListItem\",\"position\":1,\"name\":\"Startseite\",\"item\":\"https:\/\/www.dynavin.de\/fr\/\"},{\"@type\":\"ListItem\",\"position\":2,\"name\":\"Boutique en ligne\"}]}]}<\/script>\n<!-- \/ Yoast SEO Premium plugin. -->","yoast_head_json":{"title":"Boutique en ligne &ndash; Dynavin","description":"Dans la boutique en ligne Dynavin, vous pouvez acheter directement toutes les cam\u00e9ras Dynavin N7 Pro et X-Series Navis ainsi que les cam\u00e9ras Dynavision, les accessoires et les pi\u00e8ces de rechange.","robots":{"index":"index","follow":"follow","max-snippet":"max-snippet:-1","max-image-preview":"max-image-preview:large","max-video-preview":"max-video-preview:-1"},"canonical":"https:\/\/www.dynavin.de\/fr\/boutique-en-ligne\/","og_locale":"fr_FR","og_type":"article","og_title":"Boutique en ligne","og_url":"https:\/\/www.dynavin.de\/fr\/boutique-en-ligne\/","og_site_name":"Dynavin","article_publisher":"https:\/\/www.facebook.com\/dynavin.official","article_modified_time":"2021-07-01T14:43:37+00:00","twitter_card":"summary_large_image","schema":{"@context":"https:\/\/schema.org","@graph":[{"@type":"Organization","@id":"https:\/\/www.dynavin.de\/#organization","name":"Dynavin GmbH","url":"https:\/\/www.dynavin.de\/","sameAs":["https:\/\/www.facebook.com\/dynavin.official","https:\/\/www.instagram.com\/dynavin.official\/?hl=en","https:\/\/www.youtube.com\/user\/dynavin1"],"logo":{"@type":"ImageObject","@id":"https:\/\/www.dynavin.de\/#logo","inLanguage":"fr-FR","url":"https:\/\/www.dynavin.de\/wp-content\/uploads\/2018\/12\/dynavin-logo.png","contentUrl":"https:\/\/www.dynavin.de\/wp-content\/uploads\/2018\/12\/dynavin-logo.png","width":340,"height":156,"caption":"Dynavin GmbH"},"image":{"@id":"https:\/\/www.dynavin.de\/#logo"}},{"@type":"WebSite","@id":"https:\/\/www.dynavin.de\/#website","url":"https:\/\/www.dynavin.de\/","name":"Dynavin","description":"Navigation and Multimedia Solutions","publisher":{"@id":"https:\/\/www.dynavin.de\/#organization"},"potentialAction":[{"@type":"SearchAction","target":{"@type":"EntryPoint","urlTemplate":"https:\/\/www.dynavin.de\/?s={search_term_string}"},"query-input":"required name=search_term_string"}],"inLanguage":"fr-FR"},{"@type":"WebPage","@id":"https:\/\/www.dynavin.de\/fr\/boutique-en-ligne\/#webpage","url":"https:\/\/www.dynavin.de\/fr\/boutique-en-ligne\/","name":"Boutique en ligne &ndash; Dynavin","isPartOf":{"@id":"https:\/\/www.dynavin.de\/#website"},"datePublished":"2021-07-01T14:43:34+00:00","dateModified":"2021-07-01T14:43:37+00:00","description":"Dans la boutique en ligne Dynavin, vous pouvez acheter directement toutes les cam\u00e9ras Dynavin N7 Pro et X-Series Navis ainsi que les cam\u00e9ras Dynavision, les accessoires et les pi\u00e8ces de rechange.","breadcrumb":{"@id":"https:\/\/www.dynavin.de\/fr\/boutique-en-ligne\/#breadcrumb"},"inLanguage":"fr-FR","potentialAction":[{"@type":"ReadAction","target":["https:\/\/www.dynavin.de\/fr\/boutique-en-ligne\/"]}]},{"@type":"BreadcrumbList","@id":"https:\/\/www.dynavin.de\/fr\/boutique-en-ligne\/#breadcrumb","itemListElement":[{"@type":"ListItem","position":1,"name":"Startseite","item":"https:\/\/www.dynavin.de\/fr\/"},{"@type":"ListItem","position":2,"name":"Boutique en ligne"}]}]}},"_links":{"self":[{"href":"https:\/\/www.dynavin.de\/fr\/wp-json\/wp\/v2\/pages\/44844"}],"collection":[{"href":"https:\/\/www.dynavin.de\/fr\/wp-json\/wp\/v2\/pages"}],"about":[{"href":"https:\/\/www.dynavin.de\/fr\/wp-json\/wp\/v2\/types\/page"}],"author":[{"embeddable":true,"href":"https:\/\/www.dynavin.de\/fr\/wp-json\/wp\/v2\/users\/6"}],"replies":[{"embeddable":true,"href":"https:\/\/www.dynavin.de\/fr\/wp-json\/wp\/v2\/comments?post=44844"}],"version-history":[{"count":0,"href":"https:\/\/www.dynavin.de\/fr\/wp-json\/wp\/v2\/pages\/44844\/revisions"}],"wp:attachment":[{"href":"https:\/\/www.dynavin.de\/fr\/wp-json\/wp\/v2\/media?parent=44844"}],"wp:term":[{"taxonomy":"category","embeddable":true,"href":"https:\/\/www.dynavin.de\/fr\/wp-json\/wp\/v2\/categories?post=44844"},{"taxonomy":"post_tag","embeddable":true,"href":"https:\/\/www.dynavin.de\/fr\/wp-json\/wp\/v2\/tags?post=44844"},{"taxonomy":"fahrzeughersteller","embeddable":true,"href":"https:\/\/www.dynavin.de\/fr\/wp-json\/wp\/v2\/fahrzeughersteller?post=44844"},{"taxonomy":"firmware_updates","embeddable":true,"href":"https:\/\/www.dynavin.de\/fr\/wp-json\/wp\/v2\/firmware_updates?post=44844"}],"curies":[{"name":"wp","href":"https:\/\/api.w.org\/{rel}","templated":true}]}}