{"id":105518,"date":"2024-04-17T11:57:05","date_gmt":"2024-04-17T09:57:05","guid":{"rendered":"https:\/\/www.dynavin.de\/produits-certifies-reconditionnes-dynavin\/"},"modified":"2024-05-21T09:37:14","modified_gmt":"2024-05-21T07:37:14","slug":"certifies-reconditionnes-produits-dynavin","status":"publish","type":"page","link":"https:\/\/www.dynavin.de\/fr\/certifies-reconditionnes-produits-dynavin\/","title":{"rendered":"Produits certifi\u00e9s reconditionn\u00e9s &#8211; Dynavin"},"content":{"rendered":"<div class='flex_column av-luqnj4hi-18317426f0b813075fb1ce78ee371255 av_one_full  avia-builder-el-0  el_before_av_one_full  avia-builder-el-first  first flex_column_div '   ><section  class='av_textblock_section av-lv257or8-e8088a25745775394f8a959175a55948'  itemscope=\"itemscope\" itemtype=\"https:\/\/schema.org\/CreativeWork\" ><div class='avia_textblock'  itemprop=\"text\" ><h1 style=\"font-size: 34px;\">D\u00e9couvrez la promesse Dynavin Certified Refurbished.<\/h1>\n<\/div><\/section><br \/>\n<section  class='av_textblock_section av-lu3tsco8-fee1e675adb796eb726265b041139a86'  itemscope=\"itemscope\" itemtype=\"https:\/\/schema.org\/CreativeWork\" ><div class='avia_textblock'  itemprop=\"text\" ><p>Chaque produit Dynavin Certified Refurbished est soumis \u00e0 un processus de remise \u00e0 neuf rigoureux qui comprend des tests fonctionnels complets, avec des \u00e9conomies sp\u00e9ciales pouvant aller jusqu&#8217;\u00e0 <strong><span style=\"color: #16a0c9; font-weight: bold; font-size: 24px;\">33%<\/span><\/strong>.<\/p>\n<\/div><\/section><\/p><\/div>\n<div class='flex_column av-luqnlysk-5e447e9aa69ab7ad67428e729e6d5e2e av_one_full  avia-builder-el-3  el_after_av_one_full  el_before_av_three_fifth  column-top-margin first flex_column_div column-top-margin'   ><div  class='avia-button-wrap avia-button-center  avia-builder-el-4  avia-builder-el-no-sibling ' ><a href='https:\/\/www.dynavin.de\/fr\/appareils-officiellement-reconditionnes\/'  class='avia-button av-lu3udazm-ca11cb6a059ab5f26b89b14b9c7c1f72 avia-icon_select-no avia-size-large avia-position-center av-icon-on-hover avia-color-theme-color' ><span class='avia_iconbox_title' >Acheter tous les produits remis \u00e0 neuf<\/span><\/a><\/div><\/div>\n<div class='flex_column av-luqn9rp0-1fe3c107c3d9fc9d83f0975f5dbebc19 av_three_fifth  avia-builder-el-5  el_after_av_one_full  el_before_av_two_fifth  column-top-margin first flex_column_div column-top-margin'   ><section  class='av_textblock_section av-lu3u24fo-f5aca8a13ee9c1969d2b618851771119'  itemscope=\"itemscope\" itemtype=\"https:\/\/schema.org\/CreativeWork\" ><div class='avia_textblock'  itemprop=\"text\" ><h3>Voici ce que vous obtenez.<\/h3>\n<p>Vous recevrez un appareil remis \u00e0 neuf avec des pi\u00e8ces de rechange Dynavin authentiques (si n\u00e9cessaire) qui a \u00e9t\u00e9 soigneusement nettoy\u00e9 et inspect\u00e9. Chaque appareil est livr\u00e9 avec tous les accessoires, c\u00e2bles et syst\u00e8mes d&#8217;exploitation. Tous les produits Dynavin remis \u00e0 neuf sont emball\u00e9s dans une bo\u00eete neuve.<br \/>\nQualit\u00e9 Dynavin garantie.<\/p>\n<\/div><\/section><\/div>\n<div class='flex_column av-luqn7fzs-e377bac949802920b89380678fbab5b6 av_two_fifth  avia-builder-el-7  el_after_av_three_fifth  el_before_av_two_fifth  column-top-margin flex_column_div column-top-margin'   ><style type=\"text\/css\" data-created_by=\"avia_inline_auto\" id=\"style-css-av-lu3tzj6e-bb70f3460ef114eb6fe80ab1fcc78059\">\n.avia-image-container.av-lu3tzj6e-bb70f3460ef114eb6fe80ab1fcc78059 .av-image-caption-overlay-center{\ncolor:#ffffff;\n}\n<\/style>\n<div  class='avia-image-container av-lu3tzj6e-bb70f3460ef114eb6fe80ab1fcc78059 av-styling- avia-align-center  avia-builder-el-8  avia-builder-el-no-sibling '  itemprop=\"image\" itemscope=\"itemscope\" itemtype=\"https:\/\/schema.org\/ImageObject\" ><div class=\"avia-image-container-inner\"><div class=\"avia-image-overlay-wrap\"><img class='wp-image-105469 avia-img-lazy-loading-not-105469 avia_image' src=\"https:\/\/www.dynavin.de\/wp-content\/uploads\/1713322254-pic1.png\" alt='' title='1713322254-pic1'  height=\"340\" width=\"544\"  itemprop=\"thumbnailUrl\"  \/><\/div><\/div><\/div><\/div>\n<div class='flex_column av-luqna03r-b3e31b3b77aa7722df58763c3631177c av_two_fifth  avia-builder-el-9  el_after_av_two_fifth  el_before_av_three_fifth  column-top-margin first flex_column_div '   ><style type=\"text\/css\" data-created_by=\"avia_inline_auto\" id=\"style-css-av-4u0wua-4cf1c79e0e0b2906e11cd89e34f17017\">\n.avia-image-container.av-4u0wua-4cf1c79e0e0b2906e11cd89e34f17017 .av-image-caption-overlay-center{\ncolor:#ffffff;\n}\n<\/style>\n<div  class='avia-image-container av-4u0wua-4cf1c79e0e0b2906e11cd89e34f17017 av-styling- avia-align-center  avia-builder-el-10  avia-builder-el-no-sibling '  itemprop=\"image\" itemscope=\"itemscope\" itemtype=\"https:\/\/schema.org\/ImageObject\" ><div class=\"avia-image-container-inner\"><div class=\"avia-image-overlay-wrap\"><img class='wp-image-107697 avia-img-lazy-loading-not-107697 avia_image' src=\"https:\/\/www.dynavin.de\/wp-content\/uploads\/1714457929-T5TP\u914d\u56fe-2.jpg\" alt='' title='1714457929-T5TP\u914d\u56fe-2'  height=\"340\" width=\"544\"  itemprop=\"thumbnailUrl\"  \/><\/div><\/div><\/div><\/div><div class='flex_column av-luqn7q4f-42e8a0f576c8a5bd254c2c1d07eb6144 av_three_fifth  avia-builder-el-11  el_after_av_two_fifth  el_before_av_three_fifth  column-top-margin flex_column_div '   ><section  class='av_textblock_section av-lu3u3hh9-75f55f57aeb9fee491aa82731a405e95'  itemscope=\"itemscope\" itemtype=\"https:\/\/schema.org\/CreativeWork\" ><div class='avia_textblock'  itemprop=\"text\" ><h3>Qualit\u00e9 Dynavin garantie.<\/h3>\n<p>Nous soutenons cet engagement de qualit\u00e9 en incluant notre garantie limit\u00e9e standard de deux ans avec chaque produit Dynavin Certified Refurbished.<\/p>\n<\/div><\/section><\/div>\n<div class='flex_column av-luqna8rp-0690349d3a4fc020ed00097138fdedf3 av_three_fifth  avia-builder-el-13  el_after_av_three_fifth  el_before_av_two_fifth  column-top-margin first flex_column_div '   ><section  class='av_textblock_section av-luqmzpzy-530c0c57c478ae8e2127e86e7f87812d'  itemscope=\"itemscope\" itemtype=\"https:\/\/schema.org\/CreativeWork\" ><div class='avia_textblock'  itemprop=\"text\" ><h3>Service et assistance avec Dynavin.<\/h3>\n<p>Pour toute question concernant les produits Dynavin certifi\u00e9s remis \u00e0 neuf, veuillez nous contacter par l&#8217;interm\u00e9diaire du syst\u00e8me de ticket de service Dynavin.<\/p>\n<\/div><\/section><\/div>\n<div class='flex_column av-luqn80rb-82f16569f54f8c8032806dadc3e7029c av_two_fifth  avia-builder-el-15  el_after_av_three_fifth  avia-builder-el-last  column-top-margin flex_column_div '   ><style type=\"text\/css\" data-created_by=\"avia_inline_auto\" id=\"style-css-av-le43pe-9b0ffac7d13f1e057bb19761fbeeb69c\">\n.avia-image-container.av-le43pe-9b0ffac7d13f1e057bb19761fbeeb69c .av-image-caption-overlay-center{\ncolor:#ffffff;\n}\n<\/style>\n<div  class='avia-image-container av-le43pe-9b0ffac7d13f1e057bb19761fbeeb69c av-styling- avia-align-center  avia-builder-el-16  avia-builder-el-no-sibling '  itemprop=\"image\" itemscope=\"itemscope\" itemtype=\"https:\/\/schema.org\/ImageObject\" ><div class=\"avia-image-container-inner\"><div class=\"avia-image-overlay-wrap\"><img class='wp-image-105477 avia-img-lazy-loading-not-105477 avia_image' src=\"https:\/\/www.dynavin.de\/wp-content\/uploads\/1713322642-pic3.png\" alt='' title='1713322642-pic3'  height=\"340\" width=\"544\"  itemprop=\"thumbnailUrl\"  \/><\/div><\/div><\/div><\/div>\n","protected":false},"excerpt":{"rendered":"","protected":false},"author":5,"featured_media":0,"parent":0,"menu_order":0,"comment_status":"closed","ping_status":"closed","template":"","meta":[],"categories":[],"tags":[],"fahrzeughersteller":[],"firmware_updates":[],"acf":[],"yoast_head":"<!-- This site is optimized with the Yoast SEO Premium plugin v16.9 (Yoast SEO v17.8) - https:\/\/yoast.com\/wordpress\/plugins\/seo\/ -->\n<title>Produits certifi\u00e9s reconditionn\u00e9s - Dynavin &ndash; Dynavin<\/title>\n<meta name=\"robots\" content=\"index, follow, max-snippet:-1, max-image-preview:large, max-video-preview:-1\" \/>\n<link rel=\"canonical\" href=\"https:\/\/www.dynavin.de\/fr\/certifies-reconditionnes-produits-dynavin\/\" \/>\n<meta property=\"og:locale\" content=\"fr_FR\" \/>\n<meta property=\"og:type\" content=\"article\" \/>\n<meta property=\"og:title\" content=\"Produits certifi\u00e9s reconditionn\u00e9s - Dynavin\" \/>\n<meta property=\"og:url\" content=\"https:\/\/www.dynavin.de\/fr\/certifies-reconditionnes-produits-dynavin\/\" \/>\n<meta property=\"og:site_name\" content=\"Dynavin\" \/>\n<meta property=\"article:publisher\" content=\"https:\/\/www.facebook.com\/dynavin.official\" \/>\n<meta property=\"article:modified_time\" content=\"2024-05-21T07:37:14+00:00\" \/>\n<meta name=\"twitter:card\" content=\"summary_large_image\" \/>\n<script type=\"application\/ld+json\" class=\"yoast-schema-graph\">{\"@context\":\"https:\/\/schema.org\",\"@graph\":[{\"@type\":\"Organization\",\"@id\":\"https:\/\/www.dynavin.de\/#organization\",\"name\":\"Dynavin GmbH\",\"url\":\"https:\/\/www.dynavin.de\/\",\"sameAs\":[\"https:\/\/www.facebook.com\/dynavin.official\",\"https:\/\/www.instagram.com\/dynavin.official\/?hl=en\",\"https:\/\/www.youtube.com\/user\/dynavin1\"],\"logo\":{\"@type\":\"ImageObject\",\"@id\":\"https:\/\/www.dynavin.de\/#logo\",\"inLanguage\":\"fr-FR\",\"url\":\"https:\/\/www.dynavin.de\/wp-content\/uploads\/2018\/12\/dynavin-logo.png\",\"contentUrl\":\"https:\/\/www.dynavin.de\/wp-content\/uploads\/2018\/12\/dynavin-logo.png\",\"width\":340,\"height\":156,\"caption\":\"Dynavin GmbH\"},\"image\":{\"@id\":\"https:\/\/www.dynavin.de\/#logo\"}},{\"@type\":\"WebSite\",\"@id\":\"https:\/\/www.dynavin.de\/#website\",\"url\":\"https:\/\/www.dynavin.de\/\",\"name\":\"Dynavin\",\"description\":\"Navigation and Multimedia Solutions\",\"publisher\":{\"@id\":\"https:\/\/www.dynavin.de\/#organization\"},\"potentialAction\":[{\"@type\":\"SearchAction\",\"target\":{\"@type\":\"EntryPoint\",\"urlTemplate\":\"https:\/\/www.dynavin.de\/?s={search_term_string}\"},\"query-input\":\"required name=search_term_string\"}],\"inLanguage\":\"fr-FR\"},{\"@type\":\"WebPage\",\"@id\":\"https:\/\/www.dynavin.de\/fr\/certifies-reconditionnes-produits-dynavin\/#webpage\",\"url\":\"https:\/\/www.dynavin.de\/fr\/certifies-reconditionnes-produits-dynavin\/\",\"name\":\"Produits certifi\\u00e9s reconditionn\\u00e9s - Dynavin &ndash; Dynavin\",\"isPartOf\":{\"@id\":\"https:\/\/www.dynavin.de\/#website\"},\"datePublished\":\"2024-04-17T09:57:05+00:00\",\"dateModified\":\"2024-05-21T07:37:14+00:00\",\"breadcrumb\":{\"@id\":\"https:\/\/www.dynavin.de\/fr\/certifies-reconditionnes-produits-dynavin\/#breadcrumb\"},\"inLanguage\":\"fr-FR\",\"potentialAction\":[{\"@type\":\"ReadAction\",\"target\":[\"https:\/\/www.dynavin.de\/fr\/certifies-reconditionnes-produits-dynavin\/\"]}]},{\"@type\":\"BreadcrumbList\",\"@id\":\"https:\/\/www.dynavin.de\/fr\/certifies-reconditionnes-produits-dynavin\/#breadcrumb\",\"itemListElement\":[{\"@type\":\"ListItem\",\"position\":1,\"name\":\"Startseite\",\"item\":\"https:\/\/www.dynavin.de\/fr\/\"},{\"@type\":\"ListItem\",\"position\":2,\"name\":\"Produits certifi\\u00e9s reconditionn\\u00e9s &#8211; Dynavin\"}]}]}<\/script>\n<!-- \/ Yoast SEO Premium plugin. -->","yoast_head_json":{"title":"Produits certifi\u00e9s reconditionn\u00e9s - Dynavin &ndash; Dynavin","robots":{"index":"index","follow":"follow","max-snippet":"max-snippet:-1","max-image-preview":"max-image-preview:large","max-video-preview":"max-video-preview:-1"},"canonical":"https:\/\/www.dynavin.de\/fr\/certifies-reconditionnes-produits-dynavin\/","og_locale":"fr_FR","og_type":"article","og_title":"Produits certifi\u00e9s reconditionn\u00e9s - Dynavin","og_url":"https:\/\/www.dynavin.de\/fr\/certifies-reconditionnes-produits-dynavin\/","og_site_name":"Dynavin","article_publisher":"https:\/\/www.facebook.com\/dynavin.official","article_modified_time":"2024-05-21T07:37:14+00:00","twitter_card":"summary_large_image","schema":{"@context":"https:\/\/schema.org","@graph":[{"@type":"Organization","@id":"https:\/\/www.dynavin.de\/#organization","name":"Dynavin GmbH","url":"https:\/\/www.dynavin.de\/","sameAs":["https:\/\/www.facebook.com\/dynavin.official","https:\/\/www.instagram.com\/dynavin.official\/?hl=en","https:\/\/www.youtube.com\/user\/dynavin1"],"logo":{"@type":"ImageObject","@id":"https:\/\/www.dynavin.de\/#logo","inLanguage":"fr-FR","url":"https:\/\/www.dynavin.de\/wp-content\/uploads\/2018\/12\/dynavin-logo.png","contentUrl":"https:\/\/www.dynavin.de\/wp-content\/uploads\/2018\/12\/dynavin-logo.png","width":340,"height":156,"caption":"Dynavin GmbH"},"image":{"@id":"https:\/\/www.dynavin.de\/#logo"}},{"@type":"WebSite","@id":"https:\/\/www.dynavin.de\/#website","url":"https:\/\/www.dynavin.de\/","name":"Dynavin","description":"Navigation and Multimedia Solutions","publisher":{"@id":"https:\/\/www.dynavin.de\/#organization"},"potentialAction":[{"@type":"SearchAction","target":{"@type":"EntryPoint","urlTemplate":"https:\/\/www.dynavin.de\/?s={search_term_string}"},"query-input":"required name=search_term_string"}],"inLanguage":"fr-FR"},{"@type":"WebPage","@id":"https:\/\/www.dynavin.de\/fr\/certifies-reconditionnes-produits-dynavin\/#webpage","url":"https:\/\/www.dynavin.de\/fr\/certifies-reconditionnes-produits-dynavin\/","name":"Produits certifi\u00e9s reconditionn\u00e9s - Dynavin &ndash; Dynavin","isPartOf":{"@id":"https:\/\/www.dynavin.de\/#website"},"datePublished":"2024-04-17T09:57:05+00:00","dateModified":"2024-05-21T07:37:14+00:00","breadcrumb":{"@id":"https:\/\/www.dynavin.de\/fr\/certifies-reconditionnes-produits-dynavin\/#breadcrumb"},"inLanguage":"fr-FR","potentialAction":[{"@type":"ReadAction","target":["https:\/\/www.dynavin.de\/fr\/certifies-reconditionnes-produits-dynavin\/"]}]},{"@type":"BreadcrumbList","@id":"https:\/\/www.dynavin.de\/fr\/certifies-reconditionnes-produits-dynavin\/#breadcrumb","itemListElement":[{"@type":"ListItem","position":1,"name":"Startseite","item":"https:\/\/www.dynavin.de\/fr\/"},{"@type":"ListItem","position":2,"name":"Produits certifi\u00e9s reconditionn\u00e9s &#8211; Dynavin"}]}]}},"_links":{"self":[{"href":"https:\/\/www.dynavin.de\/fr\/wp-json\/wp\/v2\/pages\/105518"}],"collection":[{"href":"https:\/\/www.dynavin.de\/fr\/wp-json\/wp\/v2\/pages"}],"about":[{"href":"https:\/\/www.dynavin.de\/fr\/wp-json\/wp\/v2\/types\/page"}],"author":[{"embeddable":true,"href":"https:\/\/www.dynavin.de\/fr\/wp-json\/wp\/v2\/users\/5"}],"replies":[{"embeddable":true,"href":"https:\/\/www.dynavin.de\/fr\/wp-json\/wp\/v2\/comments?post=105518"}],"version-history":[{"count":10,"href":"https:\/\/www.dynavin.de\/fr\/wp-json\/wp\/v2\/pages\/105518\/revisions"}],"predecessor-version":[{"id":108412,"href":"https:\/\/www.dynavin.de\/fr\/wp-json\/wp\/v2\/pages\/105518\/revisions\/108412"}],"wp:attachment":[{"href":"https:\/\/www.dynavin.de\/fr\/wp-json\/wp\/v2\/media?parent=105518"}],"wp:term":[{"taxonomy":"category","embeddable":true,"href":"https:\/\/www.dynavin.de\/fr\/wp-json\/wp\/v2\/categories?post=105518"},{"taxonomy":"post_tag","embeddable":true,"href":"https:\/\/www.dynavin.de\/fr\/wp-json\/wp\/v2\/tags?post=105518"},{"taxonomy":"fahrzeughersteller","embeddable":true,"href":"https:\/\/www.dynavin.de\/fr\/wp-json\/wp\/v2\/fahrzeughersteller?post=105518"},{"taxonomy":"firmware_updates","embeddable":true,"href":"https:\/\/www.dynavin.de\/fr\/wp-json\/wp\/v2\/firmware_updates?post=105518"}],"curies":[{"name":"wp","href":"https:\/\/api.w.org\/{rel}","templated":true}]}}