{"id":102553,"date":"2024-04-01T11:55:37","date_gmt":"2024-04-01T09:55:37","guid":{"rendered":"https:\/\/www.dynavin.de\/quest-ce-que-dynavin-9\/"},"modified":"2024-04-11T09:18:27","modified_gmt":"2024-04-11T07:18:27","slug":"quest-ce-que-le-dynavin-9-premium","status":"publish","type":"page","link":"https:\/\/www.dynavin.de\/fr\/quest-ce-que-le-dynavin-9-premium\/","title":{"rendered":"Qu&#8217;est-ce que Dynavin 9 ?"},"content":{"rendered":"<div class='flex_column av-10axi79h-81f8e261d53153fd473f197ba54208da av_one_full  avia-builder-el-0  el_before_av_one_full  avia-builder-el-first  first flex_column_div '   ><section  class='av_textblock_section av-lugo2q4j-c9b5e8f3bf053d70bf65f91e3f45586b'  itemscope=\"itemscope\" itemtype=\"https:\/\/schema.org\/CreativeWork\" ><div class='avia_textblock'  itemprop=\"text\" ><h1 style=\"text-transform: inherit;\"><span style=\"color: #16a2cb; font-size: 48px;\">Dynavin 9, A German Car Radio<\/span><\/h1>\n<p><br class=\"avia-permanent-lb\" \/><span style=\"font-size: 20px;\">Apr\u00e8s plus de deux ans de d\u00e9veloppement, Dynavin a lanc\u00e9 en mars 2024 une<br \/>\nnouvelle g\u00e9n\u00e9ration de syst\u00e8mes multim\u00e9dia et de navigation pour voitures, appel\u00e9e Dynavin 9. Il est consid\u00e9r\u00e9 comme l&#8217;un des produits multim\u00e9dias et de navigation automobile les plus innovants du march\u00e9. Jetons un coup d&#8217;\u0153il sur les points forts de Dynavin 9.<\/span><\/p>\n<\/div><\/section><\/div>\n<div class='flex_column av-uprywed-eb880278489776d5be3203b797fe589c av_one_full  avia-builder-el-2  el_after_av_one_full  el_before_av_three_fifth  first flex_column_div column-top-margin'   ><style type=\"text\/css\" data-created_by=\"avia_inline_auto\" id=\"style-css-av-lugo5tx4-0465507f5a047758805285d382de2c43\">\n.avia-image-container.av-lugo5tx4-0465507f5a047758805285d382de2c43 .av-image-caption-overlay-center{\ncolor:#ffffff;\n}\n<\/style>\n<div  class='avia-image-container av-lugo5tx4-0465507f5a047758805285d382de2c43 av-styling- avia-align-center  avia-builder-el-3  avia-builder-el-no-sibling '  itemprop=\"image\" itemscope=\"itemscope\" itemtype=\"https:\/\/schema.org\/ImageObject\" ><div class=\"avia-image-container-inner\"><div class=\"avia-image-overlay-wrap\"><img loading=\"lazy\" class='wp-image-102468 avia-img-lazy-loading-102468 avia_image' src=\"https:\/\/www.dynavin.de\/wp-content\/uploads\/1711958941-D9\u914d\u56fe1.png\" alt='' title='1711958941-D9\u914d\u56fe1'  height=\"524\" width=\"1200\"  itemprop=\"thumbnailUrl\"  \/><\/div><\/div><\/div><\/div>\n<div class='flex_column av-q5tfh1h-7a3c498a59bcea6fc31b3159de51ca51 av_three_fifth  avia-builder-el-4  el_after_av_one_full  el_before_av_two_fifth  first flex_column_div column-top-margin'   ><section  class='av_textblock_section av-lugobnwz-21f34c809626b8a0a6ff6a9fcc3fef05'  itemscope=\"itemscope\" itemtype=\"https:\/\/schema.org\/CreativeWork\" ><div class='avia_textblock'  itemprop=\"text\" ><h1 style=\"text-transform: inherit;\"><span style=\"color: #16a2cb; font-size: 36px;\">L&#8217; Head-up Display de Dynavin 9<\/span><\/h1>\n<p><br class=\"avia-permanent-lb\" \/><span style=\"font-size: 20px;\">Pour am\u00e9liorer la s\u00e9curit\u00e9 au volant, Dynavin 9 \u00e9quipe les utilisateurs d&#8217;un Head-up Display. Cet Head-up Display est un \u00e9cran LCD rond de 1,4 pouce d\u00e9velopp\u00e9 sp\u00e9cifiquement pour la radio Dynavin 9. Vous pouvez l&#8217;installer sur votre tableau de bord ou votre pare-brise et il affichera l&#8217;heure, la date, l&#8217;altitude, les informations de navigation ainsi que la vitesse du v\u00e9hicule et les informations sur les radars Blitzer.de. Un simple coup d&#8217;\u0153il sur l&#8217;affichage t\u00eate haute pendant que vous conduisez vous permet d&#8217;acc\u00e9der aux informations importantes dont vous avez besoin.<\/span><\/p>\n<\/div><\/section><\/div>\n<div class='flex_column av-m7nlczp-718b0db0484930cd8464f357b9c049dc av_two_fifth  avia-builder-el-6  el_after_av_three_fifth  el_before_av_two_fifth  flex_column_div column-top-margin'   ><style type=\"text\/css\" data-created_by=\"avia_inline_auto\" id=\"style-css-av-lugodfbw-deb3c864921b037cadc6783dcc2e855e\">\n.avia-image-container.av-lugodfbw-deb3c864921b037cadc6783dcc2e855e .av-image-caption-overlay-center{\ncolor:#ffffff;\n}\n<\/style>\n<div  class='avia-image-container av-lugodfbw-deb3c864921b037cadc6783dcc2e855e av-styling- avia-align-center  avia-builder-el-7  avia-builder-el-no-sibling '  itemprop=\"image\" itemscope=\"itemscope\" itemtype=\"https:\/\/schema.org\/ImageObject\" ><div class=\"avia-image-container-inner\"><div class=\"avia-image-overlay-wrap\"><img class='wp-image-102472 avia-img-lazy-loading-not-102472 avia_image' src=\"https:\/\/www.dynavin.de\/wp-content\/uploads\/1711959298-D9\u914d\u56fe2.png\" alt='' title='1711959298-D9\u914d\u56fe2'  height=\"288\" width=\"480\"  itemprop=\"thumbnailUrl\"  \/><\/div><\/div><\/div><\/div>\n<div class='flex_column av-i3e2apx-03f97a6ded99911e09e79e913f664fd2 av_two_fifth  avia-builder-el-8  el_after_av_two_fifth  el_before_av_three_fifth  column-top-margin first flex_column_div '   ><style type=\"text\/css\" data-created_by=\"avia_inline_auto\" id=\"style-css-av-avq3dl1-1a41a73449f4734e88ffa8a9be6e4d7f\">\n.avia-image-container.av-avq3dl1-1a41a73449f4734e88ffa8a9be6e4d7f .av-image-caption-overlay-center{\ncolor:#ffffff;\n}\n<\/style>\n<div  class='avia-image-container av-avq3dl1-1a41a73449f4734e88ffa8a9be6e4d7f av-styling- avia-align-center  avia-builder-el-9  avia-builder-el-no-sibling '  itemprop=\"image\" itemscope=\"itemscope\" itemtype=\"https:\/\/schema.org\/ImageObject\" ><div class=\"avia-image-container-inner\"><div class=\"avia-image-overlay-wrap\"><img class='wp-image-102509 avia-img-lazy-loading-not-102509 avia_image' src=\"https:\/\/www.dynavin.de\/wp-content\/uploads\/1711961763-D9\u914d\u56fe3.png\" alt='' title='1711961763-D9\u914d\u56fe3'  height=\"288\" width=\"480\"  itemprop=\"thumbnailUrl\"  \/><\/div><\/div><\/div><\/div>\n<div class='flex_column av-6f50dmt-2ef7b790961aebd7d89f4569a806cfac av_three_fifth  avia-builder-el-10  el_after_av_two_fifth  el_before_av_three_fifth  column-top-margin flex_column_div '   ><section  class='av_textblock_section av-lugohckj-34a25671ce05724a285058e21c56d616'  itemscope=\"itemscope\" itemtype=\"https:\/\/schema.org\/CreativeWork\" ><div class='avia_textblock'  itemprop=\"text\" ><h1 style=\"text-transform: inherit;\"><span style=\"color: #16a2cb; font-size: 36px;\">Mat\u00e9riel de haute sp\u00e9cification<\/span><\/h1>\n<p><br class=\"avia-permanent-lb\" \/><span style=\"font-size: 20px;\">Le Dynavin 9 Premium, \u00e9quip\u00e9 d&#8217;un processeur \u00e0 4 c\u0153urs, d&#8217;une m\u00e9moire vive<br \/>\nallant jusqu&#8217;\u00e0 4 Go et d&#8217;un espace de stockage embarqu\u00e9 de 64 Go, garantit non seulement un fonctionnement fluide et sans faille du syst\u00e8me d&#8217;exploitation Android 11, mais aussi des fonctionnalit\u00e9s telles que CarPlay, CarPlay sans fil, Android Auto et le logiciel de navigation.<\/span><\/p>\n<\/div><\/section><\/div>\n<div class='flex_column av-17hw805-62218941b536bab624a2b080410214a6 av_three_fifth  avia-builder-el-12  el_after_av_three_fifth  el_before_av_two_fifth  column-top-margin first flex_column_div '   ><section  class='av_textblock_section av-lugpvm5o-647fe9c2c41b3ed218d1043f03853c6c'  itemscope=\"itemscope\" itemtype=\"https:\/\/schema.org\/CreativeWork\" ><div class='avia_textblock'  itemprop=\"text\" ><h1 style=\"text-transform: inherit;\"><span style=\"color: #16a2cb; font-size: 36px;\">Premium sound system<\/span><\/h1>\n<p><br class=\"avia-permanent-lb\" \/><span style=\"font-size: 20px;\">Le traitement num\u00e9rique du son (DSP) avanc\u00e9 permet de tirer le meilleur parti<br \/>\ndes syst\u00e8mes audio de s\u00e9rie et du march\u00e9 secondaire. Le Premium Sound System comprend le DSP et un \u00e9galiseur param\u00e9trique \u00e0 16 bandes pour une correction pr\u00e9cise des fr\u00e9quences et des filtres int\u00e9gr\u00e9s r\u00e9glables pour envoyer les bonnes fr\u00e9quences aux bons haut-parleurs. Pour de nombreux mod\u00e8les, nous avons d\u00e9j\u00e0 effectu\u00e9 une analyse sonore approfondie sp\u00e9cifique au v\u00e9hicule et pouvons fournir un r\u00e9glage optimis\u00e9.<\/span><\/p>\n<\/div><\/section><\/div>\n<div class='flex_column av-6mj551h-c7b51f219d29c21ffd4109885d0dfd18 av_two_fifth  avia-builder-el-14  el_after_av_three_fifth  el_before_av_one_full  column-top-margin flex_column_div '   ><style type=\"text\/css\" data-created_by=\"avia_inline_auto\" id=\"style-css-av-lugpwpi2-69d3c81b61681f2438ca170e62792c35\">\n.avia-image-container.av-lugpwpi2-69d3c81b61681f2438ca170e62792c35 .av-image-caption-overlay-center{\ncolor:#ffffff;\n}\n<\/style>\n<div  class='avia-image-container av-lugpwpi2-69d3c81b61681f2438ca170e62792c35 av-styling- avia-align-center  avia-builder-el-15  avia-builder-el-no-sibling '  itemprop=\"image\" itemscope=\"itemscope\" itemtype=\"https:\/\/schema.org\/ImageObject\" ><div class=\"avia-image-container-inner\"><div class=\"avia-image-overlay-wrap\"><img class='wp-image-102512 avia-img-lazy-loading-not-102512 avia_image' src=\"https:\/\/www.dynavin.de\/wp-content\/uploads\/1711961871-D9\u914d\u56fe4.png\" alt='' title='1711961871-D9\u914d\u56fe4'  height=\"288\" width=\"480\"  itemprop=\"thumbnailUrl\"  \/><\/div><\/div><\/div><\/div>\n<div class='flex_column av-lugqqrbh-637e18944e7ee7fb9e6219e8f6fd763e av_one_full  avia-builder-el-16  el_after_av_two_fifth  el_before_av_one_full  column-top-margin first flex_column_div '   ><section  class='av_textblock_section av-lugpykpe-5fa352c73fed248c51bafbb3046c92aa'  itemscope=\"itemscope\" itemtype=\"https:\/\/schema.org\/CreativeWork\" ><div class='avia_textblock'  itemprop=\"text\" ><h1 style=\"text-transform: inherit;\"><span style=\"color: #16a2cb; font-size: 36px;\">Qu&#8217;est-ce que Dynavin 9 Premium Flex ?<\/span><\/h1>\n<p><br class=\"avia-permanent-lb\" \/><span style=\"font-size: 20px;\">Contrairement au Dynavin 9 Premium, le Dynavin 9 Premium Flex offre plus de flexibilit\u00e9 en termes de budget. Apr\u00e8s l&#8217;achat, Z-Link et Dynapp-Pack sont livr\u00e9s avec une p\u00e9riode d&#8217;essai de 31 jours. Apr\u00e8s la p\u00e9riode d&#8217;essai, une activation payante est n\u00e9cessaire pour continuer \u00e0 les utiliser. Pour les fonctions de Z-Link et Dynapp-Pack, veuillez consulter le tableau ci-dessous\uff1a<\/span><\/p>\n<\/div><\/section><br \/>\n\n<style type=\"text\/css\" data-created_by=\"avia_inline_auto\" id=\"style-css-av-lugq5vcw-dd9b06cbe68e17df2c2a1589a45dfe02\">\n.avia-image-container.av-lugq5vcw-dd9b06cbe68e17df2c2a1589a45dfe02 .av-image-caption-overlay-center{\ncolor:#ffffff;\n}\n<\/style>\n<div  class='avia-image-container av-lugq5vcw-dd9b06cbe68e17df2c2a1589a45dfe02 av-styling- avia-align-center  avia-builder-el-18  el_after_av_textblock  avia-builder-el-last '  itemprop=\"image\" itemscope=\"itemscope\" itemtype=\"https:\/\/schema.org\/ImageObject\" ><div class=\"avia-image-container-inner\"><div class=\"avia-image-overlay-wrap\"><img class='wp-image-104541 avia-img-lazy-loading-not-104541 avia_image' src=\"https:\/\/www.dynavin.de\/wp-content\/uploads\/1712542868-Z-Link-Dynapp-Pack-List-EN.png\" alt='' title='1712542868-Z-Link Dynapp-Pack List-EN'  height=\"320\" width=\"738\"  itemprop=\"thumbnailUrl\"  \/><\/div><\/div><\/div><\/p><\/div><div class='flex_column av-lugqr7r6-5e1e5d16e1502eb97fc08f212126c7d8 av_one_full  avia-builder-el-19  el_after_av_one_full  avia-builder-el-last  column-top-margin first flex_column_div column-top-margin'   ><section  class='av_textblock_section av-lugq9iku-aa44409eddd1550b228b7c273011ffcc'  itemscope=\"itemscope\" itemtype=\"https:\/\/schema.org\/CreativeWork\" ><div class='avia_textblock'  itemprop=\"text\" ><h1 style=\"text-transform: inherit;\"><span style=\"color: #16a2cb; font-size: 36px;\">Diff\u00e9rence entre Dynavin 9 Premium, Dynavin 9 Premium Flex et Dynavin 9 Plus<\/span><\/h1>\n<p>&nbsp;<\/p>\n<\/div><\/section><br \/>\n\n<style type=\"text\/css\" data-created_by=\"avia_inline_auto\" id=\"style-css-av-lugqbxqz-665f236c0c3f9ec2a197ed4e45c84c14\">\n.avia-image-container.av-lugqbxqz-665f236c0c3f9ec2a197ed4e45c84c14 .av-image-caption-overlay-center{\ncolor:#ffffff;\n}\n<\/style>\n<div  class='avia-image-container av-lugqbxqz-665f236c0c3f9ec2a197ed4e45c84c14 av-styling- avia-align-center  avia-builder-el-21  el_after_av_textblock  avia-builder-el-last '  itemprop=\"image\" itemscope=\"itemscope\" itemtype=\"https:\/\/schema.org\/ImageObject\" ><div class=\"avia-image-container-inner\"><div class=\"avia-image-overlay-wrap\"><img class='wp-image-102526 avia-img-lazy-loading-not-102526 avia_image' src=\"https:\/\/www.dynavin.de\/wp-content\/uploads\/1711962574-Dynavin-9-Premium-List-EN.png\" alt='' title='1711962574-Dynavin 9 Premium List-EN'  height=\"443\" width=\"1200\"  itemprop=\"thumbnailUrl\"  \/><\/div><\/div><\/div><\/p><\/div>\n","protected":false},"excerpt":{"rendered":"<p>Apr\u00e8s plus de deux ans de d\u00e9veloppement, Dynavin a lanc\u00e9 en mars 2024 une nouvelle g\u00e9n\u00e9ration de syst\u00e8mes multim\u00e9dia et de navigation pour voitures, appel\u00e9e Dynavin 9. Il est consid\u00e9r\u00e9 comme l&#8217;un des produits multim\u00e9dias et de navigation automobile les plus innovants du march\u00e9. Jetons un coup d&#8217;\u0153il sur les points forts de Dynavin 9.<\/p>\n","protected":false},"author":19,"featured_media":0,"parent":0,"menu_order":600,"comment_status":"closed","ping_status":"closed","template":"","meta":[],"categories":[],"tags":[],"fahrzeughersteller":[],"firmware_updates":[],"acf":[],"yoast_head":"<!-- This site is optimized with the Yoast SEO Premium plugin v16.9 (Yoast SEO v17.8) - https:\/\/yoast.com\/wordpress\/plugins\/seo\/ -->\n<title>Qu&#039;est-ce que Dynavin 9 ? &ndash; Dynavin<\/title>\n<meta name=\"description\" content=\"Apr\u00e8s plus de deux ans de d\u00e9veloppement, Dynavin a lanc\u00e9 en mars 2024 une nouvelle g\u00e9n\u00e9ration de syst\u00e8mes multim\u00e9dia et de navigation pour voitures, appel\u00e9e Dynavin 9. Il est consid\u00e9r\u00e9 comme l&#039;un des produits multim\u00e9dias et de navigation automobile les plus innovants du march\u00e9. Jetons un coup d&#039;\u0153il sur les points forts de Dynavin 9.\" \/>\n<meta name=\"robots\" content=\"index, follow, max-snippet:-1, max-image-preview:large, max-video-preview:-1\" \/>\n<link rel=\"canonical\" href=\"https:\/\/www.dynavin.de\/fr\/quest-ce-que-le-dynavin-9-premium\/\" \/>\n<meta property=\"og:locale\" content=\"fr_FR\" \/>\n<meta property=\"og:type\" content=\"article\" \/>\n<meta property=\"og:title\" content=\"Qu&#039;est-ce que Dynavin 9 ?\" \/>\n<meta property=\"og:description\" content=\"Apr\u00e8s plus de deux ans de d\u00e9veloppement, Dynavin a lanc\u00e9 en mars 2024 une nouvelle g\u00e9n\u00e9ration de syst\u00e8mes multim\u00e9dia et de navigation pour voitures, appel\u00e9e Dynavin 9. Il est consid\u00e9r\u00e9 comme l&#039;un des produits multim\u00e9dias et de navigation automobile les plus innovants du march\u00e9. Jetons un coup d&#039;\u0153il sur les points forts de Dynavin 9.\" \/>\n<meta property=\"og:url\" content=\"https:\/\/www.dynavin.de\/fr\/quest-ce-que-le-dynavin-9-premium\/\" \/>\n<meta property=\"og:site_name\" content=\"Dynavin\" \/>\n<meta property=\"article:publisher\" content=\"https:\/\/www.facebook.com\/dynavin.official\" \/>\n<meta property=\"article:modified_time\" content=\"2024-04-11T07:18:27+00:00\" \/>\n<meta name=\"twitter:card\" content=\"summary_large_image\" \/>\n<script type=\"application\/ld+json\" class=\"yoast-schema-graph\">{\"@context\":\"https:\/\/schema.org\",\"@graph\":[{\"@type\":\"Organization\",\"@id\":\"https:\/\/www.dynavin.de\/#organization\",\"name\":\"Dynavin GmbH\",\"url\":\"https:\/\/www.dynavin.de\/\",\"sameAs\":[\"https:\/\/www.facebook.com\/dynavin.official\",\"https:\/\/www.instagram.com\/dynavin.official\/?hl=en\",\"https:\/\/www.youtube.com\/user\/dynavin1\"],\"logo\":{\"@type\":\"ImageObject\",\"@id\":\"https:\/\/www.dynavin.de\/#logo\",\"inLanguage\":\"fr-FR\",\"url\":\"https:\/\/www.dynavin.de\/wp-content\/uploads\/2018\/12\/dynavin-logo.png\",\"contentUrl\":\"https:\/\/www.dynavin.de\/wp-content\/uploads\/2018\/12\/dynavin-logo.png\",\"width\":340,\"height\":156,\"caption\":\"Dynavin GmbH\"},\"image\":{\"@id\":\"https:\/\/www.dynavin.de\/#logo\"}},{\"@type\":\"WebSite\",\"@id\":\"https:\/\/www.dynavin.de\/#website\",\"url\":\"https:\/\/www.dynavin.de\/\",\"name\":\"Dynavin\",\"description\":\"Navigation and Multimedia Solutions\",\"publisher\":{\"@id\":\"https:\/\/www.dynavin.de\/#organization\"},\"potentialAction\":[{\"@type\":\"SearchAction\",\"target\":{\"@type\":\"EntryPoint\",\"urlTemplate\":\"https:\/\/www.dynavin.de\/?s={search_term_string}\"},\"query-input\":\"required name=search_term_string\"}],\"inLanguage\":\"fr-FR\"},{\"@type\":\"WebPage\",\"@id\":\"https:\/\/www.dynavin.de\/fr\/quest-ce-que-le-dynavin-9-premium\/#webpage\",\"url\":\"https:\/\/www.dynavin.de\/fr\/quest-ce-que-le-dynavin-9-premium\/\",\"name\":\"Qu'est-ce que Dynavin 9 ? &ndash; Dynavin\",\"isPartOf\":{\"@id\":\"https:\/\/www.dynavin.de\/#website\"},\"datePublished\":\"2024-04-01T09:55:37+00:00\",\"dateModified\":\"2024-04-11T07:18:27+00:00\",\"description\":\"Apr\\u00e8s plus de deux ans de d\\u00e9veloppement, Dynavin a lanc\\u00e9 en mars 2024 une nouvelle g\\u00e9n\\u00e9ration de syst\\u00e8mes multim\\u00e9dia et de navigation pour voitures, appel\\u00e9e Dynavin 9. Il est consid\\u00e9r\\u00e9 comme l'un des produits multim\\u00e9dias et de navigation automobile les plus innovants du march\\u00e9. Jetons un coup d'\\u0153il sur les points forts de Dynavin 9.\",\"breadcrumb\":{\"@id\":\"https:\/\/www.dynavin.de\/fr\/quest-ce-que-le-dynavin-9-premium\/#breadcrumb\"},\"inLanguage\":\"fr-FR\",\"potentialAction\":[{\"@type\":\"ReadAction\",\"target\":[\"https:\/\/www.dynavin.de\/fr\/quest-ce-que-le-dynavin-9-premium\/\"]}]},{\"@type\":\"BreadcrumbList\",\"@id\":\"https:\/\/www.dynavin.de\/fr\/quest-ce-que-le-dynavin-9-premium\/#breadcrumb\",\"itemListElement\":[{\"@type\":\"ListItem\",\"position\":1,\"name\":\"Startseite\",\"item\":\"https:\/\/www.dynavin.de\/fr\/\"},{\"@type\":\"ListItem\",\"position\":2,\"name\":\"Qu&#8217;est-ce que Dynavin 9 ?\"}]}]}<\/script>\n<!-- \/ Yoast SEO Premium plugin. -->","yoast_head_json":{"title":"Qu'est-ce que Dynavin 9 ? &ndash; Dynavin","description":"Apr\u00e8s plus de deux ans de d\u00e9veloppement, Dynavin a lanc\u00e9 en mars 2024 une nouvelle g\u00e9n\u00e9ration de syst\u00e8mes multim\u00e9dia et de navigation pour voitures, appel\u00e9e Dynavin 9. Il est consid\u00e9r\u00e9 comme l'un des produits multim\u00e9dias et de navigation automobile les plus innovants du march\u00e9. Jetons un coup d'\u0153il sur les points forts de Dynavin 9.","robots":{"index":"index","follow":"follow","max-snippet":"max-snippet:-1","max-image-preview":"max-image-preview:large","max-video-preview":"max-video-preview:-1"},"canonical":"https:\/\/www.dynavin.de\/fr\/quest-ce-que-le-dynavin-9-premium\/","og_locale":"fr_FR","og_type":"article","og_title":"Qu'est-ce que Dynavin 9 ?","og_description":"Apr\u00e8s plus de deux ans de d\u00e9veloppement, Dynavin a lanc\u00e9 en mars 2024 une nouvelle g\u00e9n\u00e9ration de syst\u00e8mes multim\u00e9dia et de navigation pour voitures, appel\u00e9e Dynavin 9. Il est consid\u00e9r\u00e9 comme l'un des produits multim\u00e9dias et de navigation automobile les plus innovants du march\u00e9. Jetons un coup d'\u0153il sur les points forts de Dynavin 9.","og_url":"https:\/\/www.dynavin.de\/fr\/quest-ce-que-le-dynavin-9-premium\/","og_site_name":"Dynavin","article_publisher":"https:\/\/www.facebook.com\/dynavin.official","article_modified_time":"2024-04-11T07:18:27+00:00","twitter_card":"summary_large_image","schema":{"@context":"https:\/\/schema.org","@graph":[{"@type":"Organization","@id":"https:\/\/www.dynavin.de\/#organization","name":"Dynavin GmbH","url":"https:\/\/www.dynavin.de\/","sameAs":["https:\/\/www.facebook.com\/dynavin.official","https:\/\/www.instagram.com\/dynavin.official\/?hl=en","https:\/\/www.youtube.com\/user\/dynavin1"],"logo":{"@type":"ImageObject","@id":"https:\/\/www.dynavin.de\/#logo","inLanguage":"fr-FR","url":"https:\/\/www.dynavin.de\/wp-content\/uploads\/2018\/12\/dynavin-logo.png","contentUrl":"https:\/\/www.dynavin.de\/wp-content\/uploads\/2018\/12\/dynavin-logo.png","width":340,"height":156,"caption":"Dynavin GmbH"},"image":{"@id":"https:\/\/www.dynavin.de\/#logo"}},{"@type":"WebSite","@id":"https:\/\/www.dynavin.de\/#website","url":"https:\/\/www.dynavin.de\/","name":"Dynavin","description":"Navigation and Multimedia Solutions","publisher":{"@id":"https:\/\/www.dynavin.de\/#organization"},"potentialAction":[{"@type":"SearchAction","target":{"@type":"EntryPoint","urlTemplate":"https:\/\/www.dynavin.de\/?s={search_term_string}"},"query-input":"required name=search_term_string"}],"inLanguage":"fr-FR"},{"@type":"WebPage","@id":"https:\/\/www.dynavin.de\/fr\/quest-ce-que-le-dynavin-9-premium\/#webpage","url":"https:\/\/www.dynavin.de\/fr\/quest-ce-que-le-dynavin-9-premium\/","name":"Qu'est-ce que Dynavin 9 ? &ndash; Dynavin","isPartOf":{"@id":"https:\/\/www.dynavin.de\/#website"},"datePublished":"2024-04-01T09:55:37+00:00","dateModified":"2024-04-11T07:18:27+00:00","description":"Apr\u00e8s plus de deux ans de d\u00e9veloppement, Dynavin a lanc\u00e9 en mars 2024 une nouvelle g\u00e9n\u00e9ration de syst\u00e8mes multim\u00e9dia et de navigation pour voitures, appel\u00e9e Dynavin 9. Il est consid\u00e9r\u00e9 comme l'un des produits multim\u00e9dias et de navigation automobile les plus innovants du march\u00e9. Jetons un coup d'\u0153il sur les points forts de Dynavin 9.","breadcrumb":{"@id":"https:\/\/www.dynavin.de\/fr\/quest-ce-que-le-dynavin-9-premium\/#breadcrumb"},"inLanguage":"fr-FR","potentialAction":[{"@type":"ReadAction","target":["https:\/\/www.dynavin.de\/fr\/quest-ce-que-le-dynavin-9-premium\/"]}]},{"@type":"BreadcrumbList","@id":"https:\/\/www.dynavin.de\/fr\/quest-ce-que-le-dynavin-9-premium\/#breadcrumb","itemListElement":[{"@type":"ListItem","position":1,"name":"Startseite","item":"https:\/\/www.dynavin.de\/fr\/"},{"@type":"ListItem","position":2,"name":"Qu&#8217;est-ce que Dynavin 9 ?"}]}]}},"_links":{"self":[{"href":"https:\/\/www.dynavin.de\/fr\/wp-json\/wp\/v2\/pages\/102553"}],"collection":[{"href":"https:\/\/www.dynavin.de\/fr\/wp-json\/wp\/v2\/pages"}],"about":[{"href":"https:\/\/www.dynavin.de\/fr\/wp-json\/wp\/v2\/types\/page"}],"author":[{"embeddable":true,"href":"https:\/\/www.dynavin.de\/fr\/wp-json\/wp\/v2\/users\/19"}],"replies":[{"embeddable":true,"href":"https:\/\/www.dynavin.de\/fr\/wp-json\/wp\/v2\/comments?post=102553"}],"version-history":[{"count":10,"href":"https:\/\/www.dynavin.de\/fr\/wp-json\/wp\/v2\/pages\/102553\/revisions"}],"predecessor-version":[{"id":105223,"href":"https:\/\/www.dynavin.de\/fr\/wp-json\/wp\/v2\/pages\/102553\/revisions\/105223"}],"wp:attachment":[{"href":"https:\/\/www.dynavin.de\/fr\/wp-json\/wp\/v2\/media?parent=102553"}],"wp:term":[{"taxonomy":"category","embeddable":true,"href":"https:\/\/www.dynavin.de\/fr\/wp-json\/wp\/v2\/categories?post=102553"},{"taxonomy":"post_tag","embeddable":true,"href":"https:\/\/www.dynavin.de\/fr\/wp-json\/wp\/v2\/tags?post=102553"},{"taxonomy":"fahrzeughersteller","embeddable":true,"href":"https:\/\/www.dynavin.de\/fr\/wp-json\/wp\/v2\/fahrzeughersteller?post=102553"},{"taxonomy":"firmware_updates","embeddable":true,"href":"https:\/\/www.dynavin.de\/fr\/wp-json\/wp\/v2\/firmware_updates?post=102553"}],"curies":[{"name":"wp","href":"https:\/\/api.w.org\/{rel}","templated":true}]}}